{"id":330,"date":"2016-06-02T10:58:19","date_gmt":"2016-06-02T08:58:19","guid":{"rendered":"http:\/\/zl31wzsmw.preview.infomaniak.website\/_new2016\/fr\/?page_id=330"},"modified":"2022-06-02T13:43:32","modified_gmt":"2022-06-02T11:43:32","slug":"primes-communales","status":"publish","type":"page","link":"http:\/\/socialenergie.alysdev.be\/fr\/aides-aux-investissements\/primes\/primes-communales\/","title":{"rendered":"Primes communales"},"content":{"rendered":"<p>En plus des primes\u00a0r\u00e9gionales, certaines communes bruxelloises octroient \u00e9galement des\u00a0<strong>primes communales<\/strong> \u00e0 leurs r\u00e9sidents et celles-ci varient d\u2019une commune \u00e0 l\u2019autre.<\/p>\n<p>Il existe notamment :<\/p>\n<ul>\n<li>La prime pour chauffe-eau<\/li>\n<li>La prime pour panneaux photovolta\u00efques<\/li>\n<li>La prime pour citerne<\/li>\n<li>La prime pour toiture verte<\/li>\n<li>La prime pour f\u00fbt \u00e0 compost<\/li>\n<li>Les primes pour l\u2019installation de sanitaires suppl\u00e9mentaires<\/li>\n<li>Etc.<\/li>\n<\/ul>\n<p>Les primes communales sont cumulables avec les autres aides disponibles.<\/p>\n<p>La R\u00e9gion bruxelloise r\u00e9pertorie les primes communales sur le site <a href=\"https:\/\/renolution.brussels\/\" target=\"_blank\" rel=\"noopener noreferrer\" target=\"_blank\" rel=\"noopener\">RENOLUTION<\/a>.<\/p>\n<p>Vous pouvez \u00e9galement contacter :<\/p>\n<ol>\n<li>Le service urbanisme de votre commune<\/li>\n<li><a href=\"https:\/\/homegrade.brussels\/\" target=\"_blank\" rel=\"noopener noreferrer\" target=\"_blank\" rel=\"noopener\">Homegrade<\/a> \u2013 Guichet d\u2019information : par t\u00e9l\u00e9phone au 02\/219 40 60 (du mardi au vendredi de 10h \u00e0 12h et de 14h \u00e0 16h)<\/li>\n<\/ol>\n<p style=\"margin-left: 30px; padding-left: 30px;\">Les locaux sont situ\u00e9s \u00e0 l\u2019adresse suivante :<br \/>\nGuichet d\u2019information<br \/>\nPlace Quetelet 7<br \/>\n1210 Bruxelles<\/p>\n<p><!-- Add code here that should appear in the content block of all new pages --><\/p>\n","protected":false},"excerpt":{"rendered":"<p>En plus des primes\u00a0r\u00e9gionales, certaines communes bruxelloises octroient \u00e9galement des\u00a0primes communales \u00e0 leurs r\u00e9sidents et celles-ci varient d\u2019une commune \u00e0 l\u2019autre. Il existe notamment : La prime pour chauffe-eau La prime pour panneaux photovolta\u00efques La prime pour citerne La prime pour toiture verte La prime pour f\u00fbt \u00e0 compost Les primes pour l\u2019installation de sanitaires [&hellip;]<\/p>\n","protected":false},"author":1,"featured_media":0,"parent":324,"menu_order":398,"comment_status":"closed","ping_status":"closed","template":"","meta":{"_acf_changed":false,"footnotes":""},"class_list":["post-330","page","type-page","status-publish","hentry"],"acf":[],"_links":{"self":[{"href":"http:\/\/socialenergie.alysdev.be\/fr\/wp-json\/wp\/v2\/pages\/330","targetHints":{"allow":["GET"]}}],"collection":[{"href":"http:\/\/socialenergie.alysdev.be\/fr\/wp-json\/wp\/v2\/pages"}],"about":[{"href":"http:\/\/socialenergie.alysdev.be\/fr\/wp-json\/wp\/v2\/types\/page"}],"author":[{"embeddable":true,"href":"http:\/\/socialenergie.alysdev.be\/fr\/wp-json\/wp\/v2\/users\/1"}],"replies":[{"embeddable":true,"href":"http:\/\/socialenergie.alysdev.be\/fr\/wp-json\/wp\/v2\/comments?post=330"}],"version-history":[{"count":4,"href":"http:\/\/socialenergie.alysdev.be\/fr\/wp-json\/wp\/v2\/pages\/330\/revisions"}],"predecessor-version":[{"id":7742,"href":"http:\/\/socialenergie.alysdev.be\/fr\/wp-json\/wp\/v2\/pages\/330\/revisions\/7742"}],"up":[{"embeddable":true,"href":"http:\/\/socialenergie.alysdev.be\/fr\/wp-json\/wp\/v2\/pages\/324"}],"wp:attachment":[{"href":"http:\/\/socialenergie.alysdev.be\/fr\/wp-json\/wp\/v2\/media?parent=330"}],"curies":[{"name":"wp","href":"https:\/\/api.w.org\/{rel}","templated":true}]}}