{"id":1445,"date":"2016-05-19T16:23:44","date_gmt":"2016-05-19T14:23:44","guid":{"rendered":"http:\/\/zl31wzsmw.preview.infomaniak.website\/_new2016\/nl\/?page_id=1445"},"modified":"2025-12-23T11:56:07","modified_gmt":"2025-12-23T10:56:07","slug":"tussentijds","status":"publish","type":"page","link":"http:\/\/socialenergie.alysdev.be\/nl\/facturen\/soorten\/tussentijds\/","title":{"rendered":"De tussentijdse factuur (voorschotfactuur)"},"content":{"rendered":"<div class=\"title_code\">Wat is een tussentijdse factuur?<\/div>\n\n        <div class=\"content_code\">\n<p><span data-contrast=\"auto\">Tussentijdse facturen (ook bekend als voorschotfacturen) maken het mogelijk om het jaarlijkse verbruik gespreid te betalen.<\/span><span data-ccp-props=\"{&quot;134233117&quot;:true,&quot;134233118&quot;:true,&quot;201341983&quot;:0,&quot;335559739&quot;:160,&quot;335559740&quot;:240}\">\u00a0<\/span><\/p>\n<p><span data-contrast=\"auto\">Het bedrag van de tussentijdse facturen (het voorschot) wordt elk jaar opnieuw berekend. Het nieuwe voorschot wordt aangekondigd op de afrekeningsfactuur van het voorbije jaar.<\/span><span data-ccp-props=\"{&quot;134233117&quot;:true,&quot;134233118&quot;:true,&quot;201341983&quot;:0,&quot;335559739&quot;:160,&quot;335559740&quot;:240}\">\u00a0<\/span><\/p>\n<p><span data-contrast=\"auto\">Deze facturen zijn meestal maandelijks, maar kunnen ook tweemaandelijks of driemaandelijks zijn.\u00a0<\/span><span data-ccp-props=\"{&quot;134233117&quot;:true,&quot;134233118&quot;:true,&quot;201341983&quot;:0,&quot;335559739&quot;:160,&quot;335559740&quot;:240}\">\u00a0<\/span><\/p>\n<p><span data-contrast=\"auto\">De berekeningsmethode staat gewoonlijk gedetailleerd beschreven in de algemene voorwaarden van het energiecontract.<\/span><span data-ccp-props=\"{&quot;134233117&quot;:true,&quot;134233118&quot;:true,&quot;201341983&quot;:0,&quot;335559739&quot;:160,&quot;335559740&quot;:240}\">\u00a0<\/span><\/p>\n<p><\/div><div class=\"title_code\">Wat is een voorschot?<\/div>\n\n        <div class=\"content_code\"><\/p>\n<p>Het voorschot is het bedrag dat (doorgaans) maandelijks door de leverancier in rekening wordt gebracht voor het energieverbruik. Dit bedrag wordt berekend op basis van het geschatte jaarlijkse verbruik op het leveringspunt of op basis van het verbruik het jaar voordien.<\/p>\n<p>Voor klanten in Brussel moeten het beschermingssysteem en de contactgegevens van Infor GasElek op elke factuur staan<a href=\"#_ftn1\" name=\"_ftnref1\">[1]<\/a>.<\/p>\n<p>De betaalde bedragen worden afgetrokken van het bedrag dat de klant verschuldigd is voor het jaarverbruik op de <a href=\"https:\/\/socialenergie.alysdev.be\/nl\/facturen\/soorten\/eindafrekening\/\" target=\"_blank\" rel=\"noopener noreferrer\" target=\"_blank\" rel=\"noopener\">afrekeningsfactuur<\/a>. Deze afrekening moet minstens \u00e9\u00e9n keer per jaar gebeuren.<\/p>\n<p class=\"small-font\"><a href=\"#_ftnref1\" name=\"_ftn1\">[1]<\/a> Art. 25<em>quattuordecies<\/em> van de Ordonnantie van 19 juli 2001 betreffende de <a href=\"https:\/\/www.ejustice.just.fgov.be\/cgi_loi\/article.pl?language=nl&amp;lg_txt=n&amp;type=&amp;sort=&amp;numac_search=&amp;cn_search=2001071901&amp;caller=SUM&amp;&amp;view_numac=2001071901f\" target=\"_blank\" rel=\"noopener noreferrer\" target=\"_blank\" rel=\"noopener\">organisatie van de elektriciteitsmarkt<\/a> in het Brussels Hoofdstedelijk Gewest. <a href=\"https:\/\/www.ejustice.just.fgov.be\/cgi_loi\/article.pl?language=nl&amp;lg_txt=n&amp;type=&amp;sort=&amp;numac_search=&amp;cn_search=2001071901&amp;caller=SUM&amp;&amp;view_numac=2001071901f#Art.25duodecies\" target=\"_blank\" rel=\"noopener noreferrer\" target=\"_blank\" rel=\"noopener\">https:\/\/www.ejustice.just.fgov.be\/cgi_loi\/article.pl?language=nl&amp;lg_txt=n&amp;type=&amp;sort=&amp;numac_search=&amp;cn_search=2001071901#Art.25duodecies<\/a><\/p>\n<p><\/div><div class=\"title_code\">Berekening van het voorschotbedrag<\/div>\n\n        <div class=\"content_code\"><\/p>\n<p>Elk jaar stuurt Sibelga een schatting van het verbruik voor het komende jaar naar de leveranciers. Als Sibelga over werkelijke meterstanden beschikt, wordt die informatie gebruikt voor de schatting.<\/p>\n<p>Bij gebrek aan werkelijke meterstanden gebruikt Sibelga <a href=\"https:\/\/socialenergie.alysdev.be\/nl\/facturen\/soorten\/eindafrekening\/\" target=\"_blank\" rel=\"noopener noreferrer\" target=\"_blank\" rel=\"noopener\">geschatte meterstanden<\/a>.<\/p>\n<p>De leveranciers gebruiken deze informatie om het voorschotbedrag te berekenen.<\/p>\n<p>Daarvoor wordt de volgende formule gehanteerd:<\/p>\n<ul>\n<li>het geschatte verbruik voor het komende jaar uitgedrukt in kWh<\/li>\n<li>vermenigvuldigd met de energieprijs, afhankelijk van het gekozen contract en de ramingen<\/li>\n<li>gedeeld door 12 om tot een maandelijks bedrag te komen<\/li>\n<\/ul>\n<p>Het maandelijkse bedrag komt dus overeen met een twaalfde van het geschatte jaarverbruik. De voorschotten komen uiteraard niet precies overeen met het werkelijke verbruik. De klant betaalt elke maand hetzelfde bedrag, ook al ligt het verbruik in de winter allicht hoger dan in de zomer.<\/p>\n<p>Het voorschotbedrag wordt elk jaar herzien aan de hand van deze formule.<\/p>\n<p><\/div><div class=\"title_code\">Hoe wordt het jaarlijkse verbruik geraamd voor de berekening van de voorschotten?<\/div>\n\n        <div class=\"content_code\"><\/p>\n<p>De referentie voor de berekening van de voorschotten, is het (werkelijke of geraamde) jaarlijkse verbruik van het leveringspunt.<\/p>\n<p>Er zijn verschillende situaties mogelijk:<\/p>\n<ul>\n<li><strong>De klant gebruikt het leveringspunt tijdens het volledige jaar dat verloopt tussen twee eindafrekeningen.<\/strong>In dat geval komt het jaarlijkse verbruik voor het leveringspunt overeen met het effectieve verbruik van de klant. Dit is ten minste het geval als Sibelga aan de leverancier een prognose van het verbruik voor het komende jaar overmaakt, berekend op basis van re\u00eble meterstanden<em>. <\/em>Als de meterstanden echter niet konden worden opgenomen en de klant zijn standen niet heeft doorgegeven, zal de prognose worden gemaakt op basis van zogenaamde geraamde meterstanden. Aangezien deze raming minder precies is, bestaat het risico dat de voorschotten hoger of lager worden ingeschat dan het re\u00eble verbruik van de klant. Als iemand een nieuw contract afsluit maar in dezelfde woning blijft, zal de nieuwe leverancier het geraamde jaarlijkse verbruik bepalen op basis van de verbruikshistoriek van deze woning. Dit zal dan de facto overeenstemmen met het verbruik van de betrokkene. Deze informatie wordt ook door <a class=\"lexique\" title=\"Sibelga is de distributienetbeheerder voor elektriciteit en aardgas in het Brussels Hoofdstedelijk Gewest. Sibelga is verantwoordelijk voor: &lt;ul&gt;&lt;li&gt;het garanderen van de energielevering&lt;\/li&gt;&lt;li&gt;het opnemen van de meterstanden via haar filiaal Metrix, het valideren en beheren van de verbruiksgegevens.&lt;\/li&gt;&lt;\/ul&gt;\" href=\"index.php?page=leveranciers\" target=\"_blank\" rel=\"noopener\">Sibelga<\/a> overgemaakt aan de leverancier.<\/li>\n<li><strong>De klant gebruikt het leveringspunt slechts enkele maanden tijdens het jaar dat verloopt tussen twee eindafrekeningen (in geval van een verhuis).<\/strong>In dit geval moet men bijzonder waakzaam zijn voor het risico op voorschotten die te hoog of te laag worden geraamd in vergelijking met het effectieve verbruik van de klant. In feite zal de nieuwe gebruiker van het leveringspunt tot aan de volgende eindafrekening gevraagd worden om een voorschotbedrag te betalen dat is gebaseerd op het verbruik van de vorige bewoners. De leverancier bepaalt het geraamde jaarlijkse verbruik op basis van de verbruikshistoriek van de nieuwe woning (leveringspunt). Deze informatie wordt door Sibelga overgemaakt aan de leverancier. We willen erop wijzen dat bepaalde leveranciers de voorschotten op hun eigen manier bepalen. Ook in dit geval moet men goed nagaan of het gevraagde bedrag en het veronderstelde verbruik van de nieuwe bewoner op elkaar zijn afgestemd.<\/li>\n<li><strong>Sibelga beschikt niet over een historiek voor het leveringspunt.<\/strong>Wanneer er geen historiek is voor het leveringspunt (bijv. installatie van nieuwe meters) of de informatie niet bruikbaar is (bijv. geen twee opeenvolgende meterstanden met een tussenperiode van 200 dagen), raamt Sibelga het verbruik op basis van de gemiddelde verbruikscijfers voor Brussel.<\/li>\n<\/ul>\n<p><\/div><div class=\"title_code\">Gevolgen van een aanpassing van het voorschotbedrag<\/div>\n\n        <div class=\"content_code\"><\/p>\n<ul>\n<li><strong>Als het geraamde voorschot te laag is voor het re\u00eble verbruik<\/strong><br \/>\ndan zal de klant bij de eindafrekening een aanzienlijk bedrag moeten bijbetalen.<\/li>\n<li><strong>Als het geraamde voorschot te hoog is<\/strong><br \/>\nzal dit onnodig wegen op het maandelijkse budget van het gezin, aangezien de klant elke maand een bedrag betaalt dat te hoog is voor zijn re\u00eble verbruik. Hij zal dan moeten wachten tot de jaarlijkse eindafrekening alvorens het te veel betaalde bedrag zal worden teruggestort.<\/li>\n<\/ul>\n<p><\/div><div class=\"title_code\">Vraag tot aanpassing van het voorschotbedrag?<\/div>\n\n        <div class=\"content_code\"><\/p>\n<p>De klant kan aan zijn leverancier vragen om het bedrag van de tussentijdse facturen te verhogen of te verlagen.<\/p>\n<ol>\n<li>\n<ul>\n<li>het verbruik in zijn voormalige woning<\/li>\n<li>zijn eigen raming<\/li>\n<li>een aan de leverancier gevraagde raming in functie van zijn gezinssamenstelling en zijn installaties<strong>Voor iemand die verhuist naar een nieuwe woning<\/strong>Een klant die verhuist naar een nieuwe woning en van oordeel is dat de voorschotten die hij moet betalen te hoog of te laag zijn voor zijn re\u00eble verbruik, kan contact opnemen met zijn leverancier om een nieuwe berekening van de voorschotten te verkrijgen, op basis van;<\/li>\n<\/ul>\n<\/li>\n<\/ol>\n<p class=\"cadre\">Het staat de leverancier vrij om dit verzoek te accepteren, te weigeren of aan te passen.<br \/>\nIn geval van weigering is de leverancier een verantwoording van de berekeningswijze verschuldigd aan de klant. Deze verantwoording kan alleen betrekking hebben op het veronderstelde verbruik van een huishoudelijke afnemer.<br \/>\nDe leverancier kan ook een verhoging van het voorschotbedrag opleggen. Klanten die het hier niet mee eens zijn, hebben 15 dagen de tijd om bezwaar aan te tekenen<a href=\"#_ftn1\" name=\"_ftnref1\">[1]<\/a>.<\/p>\n<p class=\"small-font\"><a href=\"#_ftnref1\" name=\"_ftn1\">[1]<\/a> Wet van 28 februari 2022 houdende diverse bepalingen inzake energie <a href=\"https:\/\/www.ejustice.just.fgov.be\/cgi\/article_body.pl?language=nl&amp;caller=summary&amp;pub_date=22-03-08&amp;numac=2022040472\" target=\"_blank\" rel=\"noopener noreferrer\" target=\"_blank\" rel=\"noopener\">https:\/\/www.ejustice.just.fgov.be\/cgi\/article_body.pl?language=nl&amp;caller=summary&amp;pub_date=22-03-08&amp;numac=2022040472<\/a><\/p>\n<ol>\n<li><strong>Wanneer het geen verhuis betreft<br \/>\n<\/strong>Ook wanneer het geen verhuis betreft, kan het interessant en gerechtvaardigd zijn om een aanpassing van het voorschotbedrag te vragen:<\/p>\n<ul>\n<li>ofwel wanneer er het verbruik aanzienlijk wijzigt\n<ul>\n<li>door een verandering in de gezinssamenstelling.<\/li>\n<li>ofwel bij een ingrijpende aanpassing van de installaties (bijv. de vervanging van een elektrisch verwarmingssysteem door een gasketel).<\/li>\n<\/ul>\n<\/li>\n<li>ofwel wanneer de voorschotten &#8220;slecht&#8221; werden berekend: op basis van <a href=\"https:\/\/socialenergie.alysdev.be\/nl\/facturen\/soorten\/eindafrekening\/\" target=\"_blank\" rel=\"noopener noreferrer\">geraamde meterstanden<\/a> of voor een facturatieperiode korter dan \u00e9\u00e9n jaar of langer dan \u00e9\u00e9n jaar.<\/li>\n<\/ul>\n<\/li>\n<li><strong>In andere gevallen<\/strong> is een dergelijke aanpassing niet gerechtvaardigd en niet aan te raden. De aanpassing van het voorschotbedrag mag niet worden beschouwd als een middel om de lasten van consument te verlichten: al het verbruik moet worden betaald en het verschil zal worden geregeld via de eindafrekening. Het is dus aan te raden om voorzichtig te zijn bij het vragen van een aanpassing.<\/li>\n<\/ol>\n<p class=\"opgelet attention\"><strong><strong>Opgelet bij aanpassing van het voorschotbedrag<\/strong><br \/>\n<\/strong>Een herziening van de voorschotten kan nadelig zijn wanneer later een afbetalingsplan wordt gevraagd<strong>. <\/strong>Als het bedrag van de tussentijdse facturen (te sterk) werd verlaagd op vraag van de klant, zal de leverancier niet gemakkelijk een afbetalingsplan toekennen op het moment van de eindafrekening.<\/p>\n<p><\/div><\/p>\n","protected":false},"excerpt":{"rendered":"","protected":false},"author":1,"featured_media":0,"parent":1443,"menu_order":252,"comment_status":"closed","ping_status":"closed","template":"","meta":{"_acf_changed":false,"footnotes":""},"class_list":["post-1445","page","type-page","status-publish","hentry"],"acf":[],"_links":{"self":[{"href":"http:\/\/socialenergie.alysdev.be\/nl\/wp-json\/wp\/v2\/pages\/1445","targetHints":{"allow":["GET"]}}],"collection":[{"href":"http:\/\/socialenergie.alysdev.be\/nl\/wp-json\/wp\/v2\/pages"}],"about":[{"href":"http:\/\/socialenergie.alysdev.be\/nl\/wp-json\/wp\/v2\/types\/page"}],"author":[{"embeddable":true,"href":"http:\/\/socialenergie.alysdev.be\/nl\/wp-json\/wp\/v2\/users\/1"}],"replies":[{"embeddable":true,"href":"http:\/\/socialenergie.alysdev.be\/nl\/wp-json\/wp\/v2\/comments?post=1445"}],"version-history":[{"count":10,"href":"http:\/\/socialenergie.alysdev.be\/nl\/wp-json\/wp\/v2\/pages\/1445\/revisions"}],"predecessor-version":[{"id":12915,"href":"http:\/\/socialenergie.alysdev.be\/nl\/wp-json\/wp\/v2\/pages\/1445\/revisions\/12915"}],"up":[{"embeddable":true,"href":"http:\/\/socialenergie.alysdev.be\/nl\/wp-json\/wp\/v2\/pages\/1443"}],"wp:attachment":[{"href":"http:\/\/socialenergie.alysdev.be\/nl\/wp-json\/wp\/v2\/media?parent=1445"}],"curies":[{"name":"wp","href":"https:\/\/api.w.org\/{rel}","templated":true}]}}