{"id":1463,"date":"2016-06-02T12:27:10","date_gmt":"2016-06-02T10:27:10","guid":{"rendered":"http:\/\/zl31wzsmw.preview.infomaniak.website\/_new2016\/nl\/?page_id=1463"},"modified":"2025-12-23T12:03:35","modified_gmt":"2025-12-23T11:03:35","slug":"wanbetaling","status":"publish","type":"page","link":"http:\/\/socialenergie.alysdev.be\/nl\/facturen\/wanbetaling\/","title":{"rendered":"Procedure in geval van wanbetaling"},"content":{"rendered":"<p>In het Brusselse gewest mag een aardgas- of elektriciteitsleverancier een contract met een klant enkel be\u00ebindigen nadat hij een reeks bij wet vastgelegde stappen heeft gevolgd. De laatste stap, <a class=\"lexique\" title=\"Bij de ontbinding van een contract is het alsof dit contract nooit heeft bestaan. Dit betekent dat er schadeloosstellingen en interesten kunnen worden ge\u00ebist. Hierbij moeten de niet uitgevoerde prestaties niet worden uitgevoerd en moeten de reeds uitgevoerde prestaties worden betaald zodra dit mogelijk is. &lt;br\/&gt; Opgelet, de ontbinding van een contract mag niet worden verward met de be\u00ebindiging van een contract. Bij be\u00ebindiging wordt er een einde gemaakt aan het contract (be\u00ebindiging van een huurovereenkomst). De ontbinding heeft tot gevolgd dat het contract als onbestaand en als nooit bestaand wordt beschouwd.&lt;br\/&gt; Een contract be\u00ebindigen houdt gewoon een beslissing in om het niet langer voort te zetten. Het kan bijvoorbeeld gaan om een abonnement op een tijdschrift, een huurovereenkomst, een contract voor een mandaat, een dienstencontract, enz. De effecten van het contract zijn in dit geval niet langer van kracht en de partijen worden ontslagen van hun verplichtingen en hun juridische band. \">de effectieve ontbinding van het contract<\/a> mag enkel worden uitgesproken door een vrederechter. Deze procedure wil gezinnen beschermen tegen een willekeurige of te snelle ontbinding van hun contract.<\/p>\n<ol>\n<li>De procedure wordt <strong>onderbroken<\/strong>:\n<ul>\n<li>als het gezin een met de leverancier afgesproken afbetalingsplan naleeft<\/li>\n<li>als het gezin, in de loop van de procedure, erkend wordt als <a href=\"https:\/\/socialenergie.alysdev.be\/nl\/sociale-maatregelen\/gas-elek\/beschermde-klant\/\" target=\"_blank\" rel=\"noopener noreferrer\" target=\"_blank\" rel=\"noopener\">beschermde klant<\/a><\/li>\n<\/ul>\n<p>De procedure kan echter worden hernomen wanneer de betrokkene zijn afbetalingsplan niet langer naleeft of zijn statuut van beschermde klant verliest.<\/li>\n<li>De procedure wordt <strong>be\u00ebindigd<\/strong> wanneer het gezin al zijn schulden heeft terugbetaald.<\/li>\n<\/ol>\n","protected":false},"excerpt":{"rendered":"<p>In het Brusselse gewest mag een aardgas- of elektriciteitsleverancier een contract met een klant enkel be\u00ebindigen nadat hij een reeks bij wet vastgelegde stappen heeft gevolgd. De laatste stap, de effectieve ontbinding van het contract mag enkel worden uitgesproken door een vrederechter. Deze procedure wil gezinnen beschermen tegen een willekeurige of te snelle ontbinding van [&hellip;]<\/p>\n","protected":false},"author":1,"featured_media":0,"parent":236,"menu_order":409,"comment_status":"closed","ping_status":"closed","template":"","meta":{"_acf_changed":false,"footnotes":""},"class_list":["post-1463","page","type-page","status-publish","hentry"],"acf":[],"_links":{"self":[{"href":"http:\/\/socialenergie.alysdev.be\/nl\/wp-json\/wp\/v2\/pages\/1463","targetHints":{"allow":["GET"]}}],"collection":[{"href":"http:\/\/socialenergie.alysdev.be\/nl\/wp-json\/wp\/v2\/pages"}],"about":[{"href":"http:\/\/socialenergie.alysdev.be\/nl\/wp-json\/wp\/v2\/types\/page"}],"author":[{"embeddable":true,"href":"http:\/\/socialenergie.alysdev.be\/nl\/wp-json\/wp\/v2\/users\/1"}],"replies":[{"embeddable":true,"href":"http:\/\/socialenergie.alysdev.be\/nl\/wp-json\/wp\/v2\/comments?post=1463"}],"version-history":[{"count":10,"href":"http:\/\/socialenergie.alysdev.be\/nl\/wp-json\/wp\/v2\/pages\/1463\/revisions"}],"predecessor-version":[{"id":12969,"href":"http:\/\/socialenergie.alysdev.be\/nl\/wp-json\/wp\/v2\/pages\/1463\/revisions\/12969"}],"up":[{"embeddable":true,"href":"http:\/\/socialenergie.alysdev.be\/nl\/wp-json\/wp\/v2\/pages\/236"}],"wp:attachment":[{"href":"http:\/\/socialenergie.alysdev.be\/nl\/wp-json\/wp\/v2\/media?parent=1463"}],"curies":[{"name":"wp","href":"https:\/\/api.w.org\/{rel}","templated":true}]}}