{"id":1491,"date":"2016-06-02T12:30:01","date_gmt":"2016-06-02T10:30:01","guid":{"rendered":"http:\/\/zl31wzsmw.preview.infomaniak.website\/_new2016\/nl\/?page_id=1491"},"modified":"2024-11-14T15:22:56","modified_gmt":"2024-11-14T14:22:56","slug":"hoe-wordt-de-kostenafrekening-berekend","status":"publish","type":"page","link":"http:\/\/socialenergie.alysdev.be\/nl\/facturen\/kostenafrekening\/hoe-wordt-de-kostenafrekening-berekend\/","title":{"rendered":"Hoe wordt de kostenafrekening berekend?"},"content":{"rendered":"<div class=\"title_code\">Verdeelsleutel of meetinstrumenten<\/div>\n\n        <div class=\"content_code\">\n<p>De kostenafrekening vermeldt voor elke bewoner het persoonlijke aandeel in de totale kosten voor de collectieve installaties van het gebouw. Het aandeel van elke bewoner kan op twee manieren worden berekend:<\/p>\n<ul>\n<li>Als de woning uitgerust is met <a href=\"https:\/\/socialenergie.alysdev.be\/nl\/facturen\/kostenafrekening\/de-meetinstrumenten\/\" target=\"_blank\" rel=\"noopener noreferrer\" target=\"_blank\" rel=\"noopener\">meetinstrumenten<\/a> voor het gebruik van de verwarming en\/of het water (warm en\/of koud), dan kan het persoonlijke aandeel van elke bewoner in het verbruik worden berekend op basis van de meetgegevens.<\/li>\n<li>Is de woning niet uitgerust met meetinstrumenten, dan worden de kosten onder de bewoners verdeeld op basis van een <a href=\"https:\/\/socialenergie.alysdev.be\/nl\/facturen\/kostenafrekening\/de-verdeelsleutel\/\" target=\"_blank\" rel=\"noopener noreferrer\" target=\"_blank\" rel=\"noopener\">verdeelsleutel<\/a> die voor elk gebouw anders is.<\/li>\n<\/ul>\n<p class=\"info\"><strong>De eigenaar vragen om meettoestellen te installeren<br \/>\n<\/strong>Als er geen meetinstrumenten zijn, dan is het raadzaam om contact op te nemen met de eigenaar en deze persoon te vragen om meetinstrumenten te laten installeren. Met dergelijke instrumenten kunnen de kosten namelijk op een rechtvaardigere manier worden verdeeld onder de verschillende bewoners, omdat ze uitgaan van hun persoonlijk verbruik.<\/p>\n<p>De eigenaar is echter niet verplicht om dat verzoek in te willigen.<\/p>\n<p><\/div><div class=\"title_code\">Vaste kosten en variabele kosten<\/div>\n\n        <div class=\"content_code\"><\/p>\n<p>Zelfs wanneer de woningen zijn uitgerust met meetinstrumenten is het aandeel van de bewoners zelden volledig in verhouding met hun individuele verbruik. Kostenafrekeningen die gebaseerd zijn op opnames van de meterstanden omvatten namelijk vaak een deel <strong style=\"font-size: 14px;\">vaste kosten<\/strong> (niet in verhouding met het persoonlijke verbruik) en een deel <strong style=\"font-size: 14px;\">variabele kosten<\/strong> (in verhouding met het persoonlijke verbruik).<\/p>\n<p>De <strong style=\"font-size: 14px;\">vaste kosten<\/strong> dekken het aandeel van het verbruik in het gebouw dat niet rechtstreeks verband houdt met het persoonlijke verbruik van elke bewoner (energieverspilling, lekken, verschil in hoeveelheid zonlicht die elke wooneenheid krijgt, enz.) Ze vertegenwoordigen een percentage van de totale kosten en worden verdeeld onder de bewoners door ze gewoon te delen door het aantal wooneenheden of, wat nauwkeuriger is, via een verdeelsleutel die voor de verschillende wooneenheden van het gebouw werd opgesteld.<\/p>\n<p>De <strong style=\"font-size: 14px;\">variabele kosten<\/strong> worden verdeeld naar evenredigheid met het persoonlijke verbruik van de bewoners.<\/p>\n<p>De verhouding tussen de vaste en variabele kosten hangt af van het type woning:<\/p>\n<ul>\n<li>voor <strong style=\"font-size: 14px;\">sociale woningen<\/strong> is deze verhouding bij wet vastgelegd: 20% vaste kosten en 80% variabele kosten<\/li>\n<li>voor <strong style=\"font-size: 14px;\">mede-eigendommen<\/strong> wordt de verdeling tussen de vaste en de variabele kosten vrij beslist door de algemene vergadering van mede-eigenaars en opgenomen in de statuten (basisakte of reglement van mede-eigendom).<\/li>\n<li>voor <strong style=\"font-size: 14px;\">unieke eigendommen<\/strong> wordt de bepaling van deze verdeling overgelaten aan de eigenaar, zodanig dat er soms geen vaste kosten zullen zijn, soms een verhouding van 10% vaste kosten en 90% variabele kosten, soms 40% vaste kosten en 60% variabele kosten, enz.<\/li>\n<\/ul>\n<p><\/div><div class=\"title_code\">Verdeling tussen kosten voor verwarming en warm water<\/div>\n\n        <div class=\"content_code\"><\/p>\n<p>Voor de productie van warm water is er enerzijds koud water nodig en anderzijds een energiebron om dat koude water op te warmen.<\/p>\n<p>Als het sanitair warm water wordt geproduceerd door een collectieve installatie voor het hele gebouw, dan wordt deze post opgenomen in de kostenafrekening, los van de posten koud water en verwarming.<\/p>\n<p>Sommige gebouwen beschikken over twee aparte verwarmingsketels: \u00e9\u00e9n voor verwarming en \u00e9\u00e9n voor de productie van warm water. Maar dat is zeker niet altijd het geval en vaak wordt dezelfde ketel gebruikt om de woningen te verwarmen en warm water te produceren.<\/p>\n<p><strong>Om te bepalen welk aandeel van de verbruikte energie voor verwarming en welk aandeel voor de productie van warm water diende<\/strong>, kijkt men naar de hoeveelheid warm water in hectoliter die het hele gebouw in de loop van het jaar heeft verbruikt. Men gaat ervan uit dat er 2 m\u00b3 aardgas of 1,77 l stookolie nodig is voor de verwarming van \u00e9\u00e9n hectoliter water<a href=\"#_ftn1\" name=\"_ftnref1\">[1]<\/a>. Het aantal hectoliter verbruikt warm water wordt vermenigvuldigd met 2 m\u00b3 of 1,77\u00a0l om te berekenen hoeveel aardgas of stookolie er werd verbruikt voor de verwarming van het water. Zo kan een onderscheid worden gemaakt tussen het aandeel van de energiefactuur voor verwarming en het aandeel voor de productie van warm water.<\/p>\n<p class=\"greybg\" style=\"text-align: center;\">n hl warm water x 1,77 = n liter stookolie verbruikt voor de verwarming van het water<\/p>\n<p class=\"greybg\" style=\"text-align: center;\">n l stookolie x prijs van 1 l stookolie = <strong>kostprijs voor de verwarming van het water<\/strong><\/p>\n<p class=\"greybg\" style=\"text-align: center;\">n hl warm water x 2 = m\u00b3 aardgas verbruikt voor de verwarming van het watern m\u00b3 aardgas x prijs van 1 m\u00b3 aardgas = <strong>kostprijs voor de verwarming van het water<\/strong><\/p>\n<p class=\"greybg\" style=\"text-align: center;\">Totaalbedrag van de brandstoffactuur \u2013 kostprijs voor de verwarming van het water = <strong>kostprijs voor verwarming<\/strong><\/p>\n<p>De kostenafrekening preciseert voor elke bewoner de volgende gegevens op basis van de opgenomen meterstanden van de doorstroommeter voor warm water:<\/p>\n<ul>\n<li>De hoeveelheid (verwarmd) koud water die de bewoner heeft verbruikt, de prijs per hectoliter of m\u00b3 water en de totale kostprijs voor (warm) water dat de bewoner in de loop van het jaar heeft verbruikt. De prijs per schijf wordt vermeld en in aanmerking genomen bij de berekening als die gegevens door de beheerder van het gebouw aan het meteropnamebedrijf werden overgemaakt.<\/li>\n<li>Het aandeel van de bewoner in de brandstofkosten voor de productie van warm water.<\/li>\n<\/ul>\n<p class=\"info\">H<strong style=\"font-size: 14px;\">et warm water is koud water dat wordt verwarmd<\/strong><br \/>\nWanneer men een kostenafrekening analyseert, is het belangrijk om in het achterhoofd te houden dat warm water in feite koud water is dat werd verwarmd. Afhankelijk van <a href=\"https:\/\/socialenergie.alysdev.be\/nl\/facturen\/kostenafrekening\/de-kostenafrekening-definitie\/\" target=\"_blank\" rel=\"noopener noreferrer\">het type installatie<\/a> dat in het gebouw is ge\u00efnstalleerd, kunnen de kosten voor koud water dat werd verwarmd, worden opgenomen in de kostenafrekening.<\/p>\n<p class=\"small-font\"><a href=\"#_ftnref1\" name=\"_ftn1\">[1]<\/a> Deze waarden kunnen voor elke installatie anders zijn, afhankelijk van de prestaties van de verwarmingsketel.<\/p>\n<p><\/div><div class=\"title_code\">Specifieke kenmerken eigen aan het type gebouw<\/div>\n\n        <div class=\"content_code\"><\/p>\n<p>Elk type gebouw heeft zijn eigen specifieke kenmerken, waaronder:<\/p>\n<ul>\n<li>de beheerder van het gebouw<\/li>\n<li>De betalingsmodaliteiten voor de kosten<\/li>\n<li>De basis voor de bepaling van de verdeelsleutels die op de kosten worden toegepast<\/li>\n<li>De verhouding tussen de vaste en variabele kosten<\/li>\n<\/ul>\n<p>Deze verschillende aspecten kunnen een belangrijke rol spelen bij het opmaken van de kostenafrekening. Het is dus belangrijk dat de betrokkenen goed weten wat de specifieke kenmerken ter zake zijn.<\/p>\n<p><a href=\"http:\/\/socialenergie.alysdev.be\/wp-content\/uploads\/Fact_Tableau_synthetique_specificites_type_logement_NL.pdf\" target=\"_blank\" rel=\"noopener noreferrer\"><img loading=\"lazy\" decoding=\"async\" class=\"aligncenter size-full wp-image-2299\" src=\"http:\/\/socialenergie.alysdev.be\/wp-content\/uploads\/Fact_Tableau_synthetique_specificites_type_logement_NL.jpg\" alt=\"Fact_Tableau_synthetique_specificites_type_logement_NL\" width=\"527\" height=\"526\" srcset=\"http:\/\/socialenergie.alysdev.be\/wp-content\/uploads\/Fact_Tableau_synthetique_specificites_type_logement_NL.jpg 527w, http:\/\/socialenergie.alysdev.be\/wp-content\/uploads\/Fact_Tableau_synthetique_specificites_type_logement_NL-150x150.jpg 150w, http:\/\/socialenergie.alysdev.be\/wp-content\/uploads\/Fact_Tableau_synthetique_specificites_type_logement_NL-300x300.jpg 300w\" sizes=\"auto, (max-width: 527px) 100vw, 527px\" \/><\/a><\/p>\n<p><\/div><div class=\"title_code\">Concreet voorbeeld<\/div>\n\n        <div class=\"content_code\"><\/p>\n<h3>Samenvatting van de procedure<\/h3>\n<p><a href=\"http:\/\/socialenergie.alysdev.be\/wp-content\/uploads\/Fact_Procedure_elaboration_decompte_charges_NL.pdf\" target=\"_blank\" rel=\"noopener noreferrer\"><img loading=\"lazy\" decoding=\"async\" class=\"aligncenter size-full wp-image-2301\" src=\"http:\/\/socialenergie.alysdev.be\/wp-content\/uploads\/Fact_Procedure_elaboration_decompte_charges_NL.jpg\" alt=\"Fact_Procedure_elaboration_decompte_charges_NL\" width=\"527\" height=\"650\" srcset=\"http:\/\/socialenergie.alysdev.be\/wp-content\/uploads\/Fact_Procedure_elaboration_decompte_charges_NL.jpg 527w, http:\/\/socialenergie.alysdev.be\/wp-content\/uploads\/Fact_Procedure_elaboration_decompte_charges_NL-122x150.jpg 122w, http:\/\/socialenergie.alysdev.be\/wp-content\/uploads\/Fact_Procedure_elaboration_decompte_charges_NL-243x300.jpg 243w\" sizes=\"auto, (max-width: 527px) 100vw, 527px\" \/><\/a><\/p>\n<h3>Nemen we het voorbeeld van een sociale woning met 71 wooneenheden<\/h3>\n<p>De <strong>aardgasfactuur<\/strong> voor het volledige gebouw bedraagt \u20ac 57.804,25 voor \u00e9\u00e9n jaar<\/p>\n<p><strong>1. Splitsen van de kosten voor productie van warm water en de kosten voor verwarming<\/strong><\/p>\n<p>Het totale verbruik van warm water voor het hele gebouw bedraagt 7559 Hl.<\/p>\n<p>Men gaat ervan uit dat er 2 m\u00b3 aardgas nodig is om een hectoliter water te verwarmen.<\/p>\n<p style=\"padding-left: 30px;\"><em>7559 Hl X 2 m\u00b3 = 15.118, 03 m\u00b3 aardgas nodig voor de productie van warm water<\/em><\/p>\n<p>We nemen als referentieprijs \u20ac 0,45\/m\u00b3.<\/p>\n<p style=\"padding-left: 30px;\"><em>15.118, 03 m\u00b3 X \u20ac 0,45 = <\/em><em>\u20ac <\/em><em>6.803,11<br \/>\n<\/em><\/p>\n<p class=\"greybg\" style=\"text-align: center;\">De kosten voor de productie van warm water bedragen dus <strong style=\"font-size: 14px;\">\u20ac 6.803,11<br \/>\n<\/strong>De kosten voor de verwarming bedragen dan: \u20ac 57.804,25 &#8211; \u20ac 6.803,11 = <strong style=\"font-size: 14px;\">\u20ac 51.001,14<br \/>\n<\/strong><\/p>\n<p><strong>2. Verwarmingskosten<\/strong><\/p>\n<p>De aardgasfactuur voor de verwarming bedraagt dus \u20ac 51.001,14 voor \u00e9\u00e9n jaar.<\/p>\n<p>De jaarlijkse opname van de meterstanden wijst uit dat er in datzelfde jaar 507.268 eenheden werden verbruikt in het volledige gebouw.<\/p>\n<p>Voor sociale woningen is de verdeling tussen de vaste kosten en de variabele kosten vastgelegd op 20% vaste kosten en 80% variabele kosten (link). In dit voorbeeld:<\/p>\n<p style=\"padding-left: 30px;\"><em>51.001,14 X 20% = <strong>\u20ac 10.200,228 vaste kosten<\/strong>,<\/em><\/p>\n<p style=\"padding-left: 30px;\"><em><em>51.001,14<\/em> X 80% = <strong>\u20ac 40.800,912 variabele kosten.<\/strong><\/em><\/p>\n<p>In deze sociale woning worden de vaste kosten verdeeld door ze gewoon te delen door het aantal wooneenheden:<\/p>\n<p style=\"padding-left: 30px;\"><em>\u20ac 10.200,228 \/ 71 wooneenheden = <strong>\u20ac 143,66 vaste kosten per wooneenheid<\/strong>.<\/em><\/p>\n<p>Om het bedrag te kennen van de variabele kosten die door de bewoner moeten worden betaald, moeten we de prijs van een verwarmingseenheid berekenen. De prijs per eenheid voor verwarming wordt berekend door het bedrag van de variabele kosten te delen door het totale aantal eenheden dat in het gebouw werd verbruikt<\/p>\n<p style=\"padding-left: 30px;\">\u20ac 40.800,912 variabele kosten \/ 507.268 eenheden = <strong>\u20ac 0,08043 \/eenheid<\/strong>.<\/p>\n<p>Als de opname van de meterstanden uitwijst dat de bewoner van een wooneenheid 14.653 eenheden heeft verbruikt in de loop van het betrokken jaar, zal zijn aandeel in de variabele kosten als volgt worden berekend:<\/p>\n<p style=\"padding-left: 30px;\">14.653 eenheden X \u20ac 0,08043 \/eenheid = \u20ac 1.178,54<\/p>\n<p class=\"greybg\" style=\"text-align: center;\"><strong>In totaal zal hij volgens de kostenafrekening voor de verwarming voor het betrokken jaar dus het volgende bedrag moeten betalen:<\/strong><br \/>\n143,66 \u20ac vaste kosten + \u20ac 1.178,54 variabele kosten = <strong style=\"font-size: 14px;\">\u20ac 1322,20<\/strong><\/p>\n<p>Dit bedrag zal vergeleken worden met het bedrag dat hij reeds aan voorschotten heeft betaald. Ofwel is dit laatste bedrag hoger en zal hij het verschil terugbetaald krijgen, of anders is het bedrag onvoldoende en zal hij het saldo moeten bijbetalen.<\/p>\n<p><strong>3. Kosten voor warm water<\/strong><\/p>\n<p>Om de eenheidsprijs per Hl warm water te kennen, moet het totaalbedrag van de kosten voor warm water gedeeld worden door het aantal Hl dat in het gebouw werd verbruikt.<\/p>\n<p style=\"padding-left: 30px;\"><em>\u20ac 6.803,11 \/ 7559 Hl = \u20ac 0,90.<\/em><\/p>\n<p>In dit voorbeeld bedraagt de eenheidsprijs per Hl water dus \u20ac 0,90.<\/p>\n<p>De jaarlijkse opname van de meterstanden wijst uit dat de bewoner 294 Hl warm water heeft verbruikt.<\/p>\n<p class=\"greybg\" style=\"text-align: center;\"><strong>De kostenafrekening voor het warme water geeft aan dat hij het volgende bedrag zal moeten betalen:<\/strong><\/p>\n<p>294 Hl X \u20ac 0,90 = <strong style=\"font-size: 14px;\">\u20ac<\/strong> <strong style=\"font-size: 14px;\">264,6<\/strong><br \/>\n<\/div><\/p>\n","protected":false},"excerpt":{"rendered":"","protected":false},"author":1,"featured_media":0,"parent":1471,"menu_order":89,"comment_status":"closed","ping_status":"closed","template":"","meta":{"_acf_changed":false,"footnotes":""},"class_list":["post-1491","page","type-page","status-publish","hentry"],"acf":[],"_links":{"self":[{"href":"http:\/\/socialenergie.alysdev.be\/nl\/wp-json\/wp\/v2\/pages\/1491","targetHints":{"allow":["GET"]}}],"collection":[{"href":"http:\/\/socialenergie.alysdev.be\/nl\/wp-json\/wp\/v2\/pages"}],"about":[{"href":"http:\/\/socialenergie.alysdev.be\/nl\/wp-json\/wp\/v2\/types\/page"}],"author":[{"embeddable":true,"href":"http:\/\/socialenergie.alysdev.be\/nl\/wp-json\/wp\/v2\/users\/1"}],"replies":[{"embeddable":true,"href":"http:\/\/socialenergie.alysdev.be\/nl\/wp-json\/wp\/v2\/comments?post=1491"}],"version-history":[{"count":7,"href":"http:\/\/socialenergie.alysdev.be\/nl\/wp-json\/wp\/v2\/pages\/1491\/revisions"}],"predecessor-version":[{"id":10276,"href":"http:\/\/socialenergie.alysdev.be\/nl\/wp-json\/wp\/v2\/pages\/1491\/revisions\/10276"}],"up":[{"embeddable":true,"href":"http:\/\/socialenergie.alysdev.be\/nl\/wp-json\/wp\/v2\/pages\/1471"}],"wp:attachment":[{"href":"http:\/\/socialenergie.alysdev.be\/nl\/wp-json\/wp\/v2\/media?parent=1491"}],"curies":[{"name":"wp","href":"https:\/\/api.w.org\/{rel}","templated":true}]}}