{"id":1507,"date":"2016-06-07T16:17:42","date_gmt":"2016-06-07T14:17:42","guid":{"rendered":"http:\/\/zl31wzsmw.preview.infomaniak.website\/_new2016\/nl\/?page_id=1507"},"modified":"2025-12-22T12:03:03","modified_gmt":"2025-12-22T11:03:03","slug":"duur","status":"publish","type":"page","link":"http:\/\/socialenergie.alysdev.be\/nl\/contracten\/duur-en-einde\/duur\/","title":{"rendered":"Duur van het contract"},"content":{"rendered":"<p>In het Brusselse Gewest wordt elk leveringscontract voor een residenti\u00eble klant (priv\u00e9contract), conform de regionale wetgeving1 afgesloten voor een minimumduur van 3 jaar. De duur en de einddatum van het contract worden vermeld op de\u00a0(jaarlijkse)\u00a0<a href=\"https:\/\/socialenergie.alysdev.be\/nl\/facturen\/soorten\/eindafrekening\/\" target=\"_blank\" rel=\"noopener noreferrer\">eindafrekening<\/a> en op de <a href=\"https:\/\/socialenergie.alysdev.be\/nl\/facturen\/soorten\/tussentijds\/\" target=\"_blank\" rel=\"noopener noreferrer\">tussentijdse facturen<\/a>.<\/p>\n<p class=\"opgelet attention\"><strong>Uitzondering<br \/>\n<\/strong>Het standaardcontract (&#8220;Electrabel Standaard&#8221;) is niet van bepaalde duur: het blijft van kracht zolang de klant niet beslist om zijn contract te wijzigen.<\/p>\n<p>Algemeen genomen voorzien de algemene voorwaarden van alle leveranciers standaard dat het contract onder dezelfde voorwaarden stilzwijgend wordt verlengd voor opeenvolgende periodes van 12 maanden.<\/p>\n<p>Op het einde van het contract:<\/p>\n<ul>\n<li>heeft <strong>de leverancier<\/strong> de mogelijkheid om zich te verzetten tegen de stilzwijgende verlenging van het contract. Ongeacht zijn keuze moet hij de klant hiervan schriftelijk in kennis stellen, en dit minstens \u00e9\u00e9n maand voor be\u00ebindiging van het contract.Als de leverancier ervoor kiest om het contract te verlengen, dan heeft hij niet het recht om een hoger tarief aan te rekenen zonder dat hij hiervoor de uitdrukkelijke goedkeuring van de consument heeft gekregen.<\/li>\n<li>staat het <strong>de klant<\/strong> vrij om de stilzwijgende verlenging te weigeren. Hij kan dan:\n<ul>\n<li>schriftelijk de vernieuwing van zijn contract vragen voor een nieuwe periode van 3 jaar of meer, en niet van 12 maanden. De leverancier kan deze vraag accepteren of weigeren. Het is aanbevolen om de algemene voorwaarden van de leveranciers te lezen. Die kunnen namelijk specifieke modaliteiten voorzien.<\/li>\n<li>een nieuw contract afsluiten bij de huidige leverancier<\/li>\n<li>veranderen van leverancier<\/li>\n<\/ul>\n<\/li>\n<\/ul>\n<p>Als de leverancier ervoor kiest om het contract niet te verlengen, moet de betrokken persoon bij zijn huidige leverancier een nieuw contract ondertekenen of moet hij een nieuwe leverancier zoeken. Doet de betrokkene dit niet, dan loopt hij het risico dat zijn aardgas- en\/of elektriciteitsmeter wordt afgesloten omdat hij zich in een situatie &#8220;buiten contract&#8221; bevindt. Deze vraag tot afsluiting door de leverancier verloopt via een vrederechter.<\/p>\n<p class=\"cadre greybg small-font\">[1] Art.25 quater lid.4, Ord. van 19 juli 2001\u00a0betreffende de organisatie van de elektriciteitsmarkt in het Brussels Hoofdstedelijk Gewest ; Art.20 ter lid.5, Ord. van 01 april 2004 betreffende de organisatie van de gasmarkt in het Brussels Hoofdstedelijk Gewest.<\/p>\n","protected":false},"excerpt":{"rendered":"<p>In het Brusselse Gewest wordt elk leveringscontract voor een residenti\u00eble klant (priv\u00e9contract), conform de regionale wetgeving1 afgesloten voor een minimumduur van 3 jaar. De duur en de einddatum van het contract worden vermeld op de\u00a0(jaarlijkse)\u00a0eindafrekening en op de tussentijdse facturen. Uitzondering Het standaardcontract (&#8220;Electrabel Standaard&#8221;) is niet van bepaalde duur: het blijft van kracht zolang [&hellip;]<\/p>\n","protected":false},"author":1,"featured_media":0,"parent":1505,"menu_order":185,"comment_status":"closed","ping_status":"closed","template":"","meta":{"_acf_changed":false,"footnotes":""},"class_list":["post-1507","page","type-page","status-publish","hentry"],"acf":[],"_links":{"self":[{"href":"http:\/\/socialenergie.alysdev.be\/nl\/wp-json\/wp\/v2\/pages\/1507","targetHints":{"allow":["GET"]}}],"collection":[{"href":"http:\/\/socialenergie.alysdev.be\/nl\/wp-json\/wp\/v2\/pages"}],"about":[{"href":"http:\/\/socialenergie.alysdev.be\/nl\/wp-json\/wp\/v2\/types\/page"}],"author":[{"embeddable":true,"href":"http:\/\/socialenergie.alysdev.be\/nl\/wp-json\/wp\/v2\/users\/1"}],"replies":[{"embeddable":true,"href":"http:\/\/socialenergie.alysdev.be\/nl\/wp-json\/wp\/v2\/comments?post=1507"}],"version-history":[{"count":9,"href":"http:\/\/socialenergie.alysdev.be\/nl\/wp-json\/wp\/v2\/pages\/1507\/revisions"}],"predecessor-version":[{"id":12751,"href":"http:\/\/socialenergie.alysdev.be\/nl\/wp-json\/wp\/v2\/pages\/1507\/revisions\/12751"}],"up":[{"embeddable":true,"href":"http:\/\/socialenergie.alysdev.be\/nl\/wp-json\/wp\/v2\/pages\/1505"}],"wp:attachment":[{"href":"http:\/\/socialenergie.alysdev.be\/nl\/wp-json\/wp\/v2\/media?parent=1507"}],"curies":[{"name":"wp","href":"https:\/\/api.w.org\/{rel}","templated":true}]}}