{"id":1598,"date":"2016-05-31T16:11:36","date_gmt":"2016-05-31T14:11:36","guid":{"rendered":"http:\/\/zl31wzsmw.preview.infomaniak.website\/_new2016\/nl\/?page_id=1598"},"modified":"2026-01-07T16:57:39","modified_gmt":"2026-01-07T15:57:39","slug":"meters","status":"publish","type":"page","link":"http:\/\/socialenergie.alysdev.be\/nl\/verbruik\/het-verbruik-kennen\/meters\/","title":{"rendered":"Meters en meeteenheden"},"content":{"rendered":"<p>Er zijn meerdere soorten meters. Meestal worden ze in de kelder ge\u00efnstalleerd. Er bestaan verschillende modellen. De onderstaande foto\u2019s kunnen je helpen om de meters te identificeren die je in het echt zal tegenkomen.<\/p>\n<p>In het Brussels Hoofdstedelijk Gewest moet elke woning uitgerust zijn met een individuele elektriciteitsmeter. Gas en water kunnen via \u00e9\u00e9n meter voor het hele gebouw geleverd worden.<\/p>\n<p>Om een meter te identificeren, ga je na of het nummer overeenkomt. Over het algemeen zijn de laatste vier cijfers voldoende. Het gaat hier niet om het EAN-nummer, dat een administratieve identificatie is van het leveringspunt.<\/p>\n<h2><strong>Gasmeter<\/strong><\/h2>\n<p><img loading=\"lazy\" decoding=\"async\" class=\"alignnone wp-image-12617 size-medium\" src=\"http:\/\/socialenergie.alysdev.be\/wp-content\/uploads\/Compteur-gaz-anon-188x300.jpg\" alt=\"\" width=\"188\" height=\"300\" srcset=\"http:\/\/socialenergie.alysdev.be\/wp-content\/uploads\/Compteur-gaz-anon-188x300.jpg 188w, http:\/\/socialenergie.alysdev.be\/wp-content\/uploads\/Compteur-gaz-anon-640x1024.jpg 640w, http:\/\/socialenergie.alysdev.be\/wp-content\/uploads\/Compteur-gaz-anon-94x150.jpg 94w, http:\/\/socialenergie.alysdev.be\/wp-content\/uploads\/Compteur-gaz-anon-960x1536.jpg 960w, http:\/\/socialenergie.alysdev.be\/wp-content\/uploads\/Compteur-gaz-anon-1280x2048.jpg 1280w, http:\/\/socialenergie.alysdev.be\/wp-content\/uploads\/Compteur-gaz-anon-scaled.jpg 1601w\" sizes=\"auto, (max-width: 188px) 100vw, 188px\" \/><\/p>\n<p>De gasmeter geeft het verbruik aan in m\u00b3. Een gasmeter is te herkennen aan de gele leidingen errond.<\/p>\n<p><strong>\u00a0<\/strong><\/p>\n<h2><strong>Elektriciteitsmeters <\/strong><\/h2>\n<p>De elektriciteitsmeters geven het verbruik in kWh weer (meer uitleg onder het punt \u2018Meeteenheden\u2019).<\/p>\n<p>De meterstand van een elektriciteitsmeter bestaat doorgaans uit zes cijfers v\u00f3\u00f3r en \u00e9\u00e9n cijfer na de komma. Het cijfer na de komma hoeft niet opgenomen te worden.<\/p>\n<h3><strong>Enkelvoudige meter <\/strong><\/h3>\n<h3><strong><img loading=\"lazy\" decoding=\"async\" class=\"alignnone wp-image-12618 size-medium\" src=\"http:\/\/socialenergie.alysdev.be\/wp-content\/uploads\/Compteur-monohoraire-anon-228x300.jpg\" alt=\"\" width=\"228\" height=\"300\" srcset=\"http:\/\/socialenergie.alysdev.be\/wp-content\/uploads\/Compteur-monohoraire-anon-228x300.jpg 228w, http:\/\/socialenergie.alysdev.be\/wp-content\/uploads\/Compteur-monohoraire-anon-114x150.jpg 114w, http:\/\/socialenergie.alysdev.be\/wp-content\/uploads\/Compteur-monohoraire-anon.jpg 434w\" sizes=\"auto, (max-width: 228px) 100vw, 228px\" \/><\/strong><\/h3>\n<p>Een enkelvoudige meter beschikt over \u00e9\u00e9n teller.<\/p>\n<p>Met deze meter geldt \u00e9\u00e9n tarief: alle energie wordt tegen dezelfde prijs gefactureerd, ongeacht het tijdstip waarop die energie verbruikt wordt.<\/p>\n<h3><strong>Tweevoudige meter<\/strong><\/h3>\n<h3><strong><img loading=\"lazy\" decoding=\"async\" class=\"alignnone wp-image-12619 size-medium\" src=\"http:\/\/socialenergie.alysdev.be\/wp-content\/uploads\/Compteur-bi-horaire-anon-169x300.jpg\" alt=\"\" width=\"169\" height=\"300\" srcset=\"http:\/\/socialenergie.alysdev.be\/wp-content\/uploads\/Compteur-bi-horaire-anon-169x300.jpg 169w, http:\/\/socialenergie.alysdev.be\/wp-content\/uploads\/Compteur-bi-horaire-anon-576x1024.jpg 576w, http:\/\/socialenergie.alysdev.be\/wp-content\/uploads\/Compteur-bi-horaire-anon-84x150.jpg 84w, http:\/\/socialenergie.alysdev.be\/wp-content\/uploads\/Compteur-bi-horaire-anon-864x1536.jpg 864w, http:\/\/socialenergie.alysdev.be\/wp-content\/uploads\/Compteur-bi-horaire-anon.jpg 1134w\" sizes=\"auto, (max-width: 169px) 100vw, 169px\" \/><\/strong><\/h3>\n<p>Een tweevoudige meter beschikt over twee tellers: \u2018dag\u2019 aangegeven door een zonnetje en \u2018nacht\u2019 aangegeven door een maantje.<\/p>\n<p>Met deze meter geldt een tweevoudig tarief: de prijs van de elektriciteit hangt af van het moment waarop je ze verbruikt. Er zijn twee tarieven: een tarief voor de piekuren (duurder) en een tarief voor de daluren (goedkoper).<\/p>\n<p>In Brussel gelden de daluren van het tweevoudige tarief \u2019s nachts, van 22 uur tot 7 uur, en ook in het weekend en op wettelijke feestdagen.<\/p>\n<p class=\"attention\">Voor de toepassing van dit tarief is het niet voldoende om een tweevoudige meter te hebben. Om van het tweevoudige tarief te genieten, moet de consument een specifiek contract afsluiten met de energieleverancier. Omgekeerd geldt ook dat als er vooral overdag energie verbruikt wordt, de consument een contract met een enkelvoudig tarief kan afsluiten, ook al is er een tweevoudige meter aanwezig.<\/p>\n<p class=\"info\">Wanneer kiezen voor een normaal tarief of een tweevoudig tarief?<br \/>\nOpdat het tweevoudige tarief voordelig zou zijn, moet het verbruik &#8217;s nachts en in het weekend meer dan 50% van het totale verbruik vertegenwoordigen.<\/p>\n<h3><strong>\u2018Slimme\u2019 meter (wij spreken liever van een \u2018digitale\u2019 meter)<\/strong><\/h3>\n<h3><strong><a href=\"http:\/\/socialenergie.alysdev.be\/wp-content\/uploads\/Compteur-digital.jpg\" target=\"_blank\" rel=\"noopener noreferrer\"><img loading=\"lazy\" decoding=\"async\" class=\"alignnone wp-image-12516 size-medium\" src=\"http:\/\/socialenergie.alysdev.be\/wp-content\/uploads\/Compteur-digital-300x167.jpg\" alt=\"\" width=\"300\" height=\"167\" srcset=\"http:\/\/socialenergie.alysdev.be\/wp-content\/uploads\/Compteur-digital-300x167.jpg 300w, http:\/\/socialenergie.alysdev.be\/wp-content\/uploads\/Compteur-digital-150x83.jpg 150w, http:\/\/socialenergie.alysdev.be\/wp-content\/uploads\/Compteur-digital.jpg 960w\" sizes=\"auto, (max-width: 300px) 100vw, 300px\" \/><\/a><\/strong><\/h3>\n<p>In Brussel bestaan er verschillende modellen van digitale meters<a href=\"#_ftn1\">[1]<\/a>. Allemaal hebben ze een scherm en een knop om de informatie op het scherm te wijzigen.<\/p>\n<p>Op het LCD-scherm van de meter kan er heel wat informatie meteen afgelezen worden.<\/p>\n<p>Meer informatie over digitale meters is te vinden in <a href=\"https:\/\/socialenergie.alysdev.be\/nl\/publications\/alles-wat-je-moet-weten-over-de-slimme-meter-sibelga\/\" target=\"_blank\" rel=\"noopener noreferrer\">deze brochure<\/a> en op de website van Sibelga:<\/p>\n<ul>\n<li><a href=\"https:\/\/www.sibelga.be\/nl\/aansluitingen-meters\/slimme-meters\/wat-is-een-slimme-meter?_country=BE\" target=\"_blank\" rel=\"noopener noreferrer\">Wat is een slimme meter?<\/a><\/li>\n<li><a href=\"https:\/\/www.sibelga.be\/nl\/aansluitingen-meters\/slimme-meters\/wat-kan-ik-doen-met-een-slimme-meter?_country=BE\" target=\"_blank\" rel=\"noopener noreferrer\">Wat kan ik doen met een slimme meter?<\/a><\/li>\n<li><a href=\"https:\/\/www.sibelga.be\/nl\/aansluitingen-meters\/slimme-meters\/de-slimme-meter-in-detail?_country=BE\" target=\"_blank\" rel=\"noopener noreferrer\">Alle details van de slimme meter<\/a><\/li>\n<\/ul>\n<p class=\"cadre\"><strong>Uitrol van digitale meters<br \/>\n<\/strong>Sibelga rolt geleidelijk aan \u2018slimme\u2019 meters uit. Dit gebeurt binnen een duidelijk afgebakend kader.<br \/>\nDe installatie van een digitale meter is verplicht<a href=\"#_ftn2\">[2]<\/a>:<br \/>\n&#8211; bij de aansluiting van een nieuw of een ingrijpend gerenoveerd gebouw;<br \/>\n&#8211; bij de vervanging van een meter wegens ouderdom of technisch defect;<br \/>\n&#8211; bij de productie van energie (bijvoorbeeld via zonnepanelen);<br \/>\n&#8211; bij de installatie van een laadpunt voor een elektrisch voertuig;<br \/>\n&#8211; bij de installatie van een batterij;<br \/>\n&#8211; bij het delen van energie;<br \/>\n&#8211; bij een jaarlijks verbruik van meer dan 6.000 kWh;<br \/>\n&#8211; bij de installatie van een warmtepomp.<br \/>\nLos van de gevallen die in de ordonnantie opgenomen zijn, kunnen consumenten zich verzetten tegen de vervanging van hun meter door een digitale meter. Zij moeten hun weigering wel duidelijk meedelen aan Sibelga. Het uitblijven van een reactie wordt beschouwd als een stilzwijgende instemming.<\/p>\n<p class=\"cadre\"><strong>Communicatiefunctie<\/strong><a href=\"#_ftn3\"><strong>[3]<\/strong><\/a><strong>?<br \/>\n<\/strong>Bij de installatie van een meter is het automatisch uitlezen op afstand (de zogenaamde \u2018communicatiefunctie\u2019) standaard uitgeschakeld, behalve bij het produceren en\/of delen van energie. Om het lezen op afstand te activeren, heeft Sibelga de toestemming van de gebruiker nodig.<br \/>\nMeer informatie op <a href=\"https:\/\/www.sibelga.be\/nl\/faq\/slimme-meter\/hoe-activeer-ik-het-automatisch-uitlezen-van-de-gegevens-van-de-slimme-meter\" target=\"_blank\" rel=\"noopener noreferrer\">https:\/\/www.sibelga.be\/nl\/faq\/slimme-meter\/hoe-activeer-ik-het-automatisch-uitlezen-van-de-gegevens-van-de-slimme-meter<\/a><\/p>\n<p class=\"greybg\"><a href=\"#_ftnref1\">[1]<\/a> Dergelijke meters worden door Sibelga \u2018slim\u2019 genoemd, maar vertonen geen bijzondere kenmerken van intelligentie.<\/p>\n<p class=\"greybg\"><a href=\"#_ftnref1\">[2]<\/a> <a href=\"https:\/\/www.ejustice.just.fgov.be\/cgi_loi\/article.pl?language=nl&amp;lg_txt=n&amp;type=&amp;sort=&amp;numac_search=&amp;cn_search=2001071901&amp;caller=eli&amp;&amp;view_numac=2001071901fr#Art.26septies\" target=\"_blank\" rel=\"noopener noreferrer\">Art.<\/a> <a href=\"https:\/\/www.ejustice.just.fgov.be\/cgi_loi\/article.pl?language=nl&amp;lg_txt=n&amp;type=&amp;sort=&amp;numac_search=&amp;cn_search=2001071901&amp;caller=eli&amp;&amp;view_numac=2001071901fr#Art.26novies\" target=\"_blank\" rel=\"noopener noreferrer\">26octies<\/a>, \u00a72 van de ordonnantie betreffende de organisatie van de elektriciteitsmarkt in het Brussels Hoofdstedelijk Gewest.<br \/>\nZie ook het advies van Brugel: <a href=\"https:\/\/brugel.brussels\/publication\/document\/adviezen\/2024\/nl\/ADVIES-382-SLIMME-METERS.pdf\" target=\"_blank\" rel=\"noopener noreferrer\">https:\/\/brugel.brussels\/publication\/document\/adviezen\/2024\/nl\/ADVIES-382-SLIMME-METERS.pdf<\/a><\/p>\n<p class=\"greybg\"><a href=\"#_ftnref3\">[3]<\/a> <a href=\"https:\/\/www.ejustice.just.fgov.be\/cgi_loi\/article.pl?language=nl&amp;lg_txt=n&amp;type=&amp;sort=&amp;numac_search=&amp;cn_search=2001071901&amp;caller=eli&amp;&amp;view_numac=2001071901fr#Art.26septies\" target=\"_blank\" rel=\"noopener noreferrer\">Art.<\/a> <a href=\"https:\/\/www.ejustice.just.fgov.be\/cgi_loi\/article.pl?language=nl&amp;lg_txt=n&amp;type=&amp;sort=&amp;numac_search=&amp;cn_search=2001071901&amp;caller=eli&amp;&amp;view_numac=2001071901fr#Art.26novies\" target=\"_blank\" rel=\"noopener noreferrer\">26octies<\/a>, \u00a74 van de ordonnantie van 19 juli 2001 betreffende de organisatie van de elektriciteitsmarkt in het Brussels Hoofdstedelijk Gewest.<\/p>\n<h2><strong>Meeteenheden<\/strong><\/h2>\n<p>Het energieverbruik van huishoudens wordt uitgedrukt in kWh (kilowattuur), de basiseenheid voor de berekening van de levering van elektriciteit en gas. Een kilowattuur komt overeen met de energie die verbruikt wordt door een toestel met een vermogen van 1000 watt (1kW) gedurende \u00e9\u00e9n uur.<\/p>\n<h3><strong>Voor elektriciteit<\/strong><\/h3>\n<p>Het elektriciteitsverbruik wordt altijd uitgedrukt in kWh, zowel op de meter als op de factuur.<\/p>\n<h3><strong>Voor stookolie<\/strong><\/h3>\n<p>Het stookolieverbruik wordt gemeten in liter (volume-eenheid).<\/p>\n<h3><strong>Voor aardgas<\/strong><\/h3>\n<p>Het verbruik wordt niet altijd uitgedrukt in dezelfde meeteenheden:<\/p>\n<ul>\n<li><a href=\"https:\/\/www.sibelga.be\/nl\/aansluitingen-meters\/meterstanden-en-verbruik\/hoe-mijn-meterstanden-aflezen?_country=BE\" target=\"_blank\" rel=\"noopener noreferrer\">Op de meter<\/a> wordt het aardgasverbruik gemeten in kubieke meter (volume-eenheid).<\/li>\n<li><a href=\"https:\/\/socialenergie.alysdev.be\/factures\/types-de-factures\/\" target=\"_blank\" rel=\"noopener noreferrer\">Op de factuur<\/a> staat het verbruik zowel in kubieke meter (m\u00b3) als omgezet naar kilowattuur (kWh).<\/li>\n<\/ul>\n<h2><strong>Omzetting en gelijkstelling<\/strong><\/h2>\n<ul>\n<li>Een m\u00b3 aardgas bevat een bepaalde hoeveelheid energie (uitgedrukt in kWh) die de calorische waarde van het aardgas genoemd wordt. Dit komt overeen met de warmte die maximaal verkregen kan worden bij verbranding van het gas. Deze hoeveelheid is niet constant, maar varieert volgens een aantal parameters, waaronder de temperatuur en het type gas dat in het net ge\u00efnjecteerd wordt. <strong>De omzettingsco\u00ebffici\u00ebnt (of warmteco\u00ebffici\u00ebnt) ligt echter rond 10 kWh per m\u00b3 gas (meer specifiek tussen 9,5 en 12,7 kWh).<\/strong><\/li>\n<li>De verbranding van een liter stookolie levert een hoeveelheid energie op die de calorische waarde genoemd wordt. Deze calorische waarde bedraagt ongeveer 10 kWh per liter stookolie.<\/li>\n<\/ul>\n<p>Op basis van deze gegevens kunnen we stellen dat\u00a0<strong>1 m<sup>3<\/sup> aardgas = 1 liter stookolie = 10 kWh elektriciteit<\/strong>.<\/p>\n","protected":false},"excerpt":{"rendered":"<p>Er zijn meerdere soorten meters. Meestal worden ze in de kelder ge\u00efnstalleerd. Er bestaan verschillende modellen. De onderstaande foto\u2019s kunnen je helpen om de meters te identificeren die je in het echt zal tegenkomen. In het Brussels Hoofdstedelijk Gewest moet elke woning uitgerust zijn met een individuele elektriciteitsmeter. Gas en water kunnen via \u00e9\u00e9n meter [&hellip;]<\/p>\n","protected":false},"author":1,"featured_media":0,"parent":1596,"menu_order":458,"comment_status":"closed","ping_status":"closed","template":"","meta":{"_acf_changed":false,"footnotes":""},"class_list":["post-1598","page","type-page","status-publish","hentry"],"acf":[],"_links":{"self":[{"href":"http:\/\/socialenergie.alysdev.be\/nl\/wp-json\/wp\/v2\/pages\/1598","targetHints":{"allow":["GET"]}}],"collection":[{"href":"http:\/\/socialenergie.alysdev.be\/nl\/wp-json\/wp\/v2\/pages"}],"about":[{"href":"http:\/\/socialenergie.alysdev.be\/nl\/wp-json\/wp\/v2\/types\/page"}],"author":[{"embeddable":true,"href":"http:\/\/socialenergie.alysdev.be\/nl\/wp-json\/wp\/v2\/users\/1"}],"replies":[{"embeddable":true,"href":"http:\/\/socialenergie.alysdev.be\/nl\/wp-json\/wp\/v2\/comments?post=1598"}],"version-history":[{"count":9,"href":"http:\/\/socialenergie.alysdev.be\/nl\/wp-json\/wp\/v2\/pages\/1598\/revisions"}],"predecessor-version":[{"id":13192,"href":"http:\/\/socialenergie.alysdev.be\/nl\/wp-json\/wp\/v2\/pages\/1598\/revisions\/13192"}],"up":[{"embeddable":true,"href":"http:\/\/socialenergie.alysdev.be\/nl\/wp-json\/wp\/v2\/pages\/1596"}],"wp:attachment":[{"href":"http:\/\/socialenergie.alysdev.be\/nl\/wp-json\/wp\/v2\/media?parent=1598"}],"curies":[{"name":"wp","href":"https:\/\/api.w.org\/{rel}","templated":true}]}}