{"id":1717,"date":"2016-06-02T15:48:06","date_gmt":"2016-06-02T13:48:06","guid":{"rendered":"http:\/\/zl31wzsmw.preview.infomaniak.website\/_new2016\/nl\/?page_id=1717"},"modified":"2016-09-26T15:20:34","modified_gmt":"2016-09-26T13:20:34","slug":"sociale-en-financiele-begeleiding-van-de-dghi","status":"publish","type":"page","link":"http:\/\/socialenergie.alysdev.be\/nl\/woning\/herhuisvestingstoelagen\/sociale-en-financiele-begeleiding-van-de-dghi\/","title":{"rendered":"Sociale en financi\u00eble begeleiding van de DGHI"},"content":{"rendered":"<p>Er bestaan verschillende financi\u00eble en sociale steunmaatregelen die mensen die in een ongezonde en\/of onaangepaste woning leven, in de mate van het mogelijke helpen om een nieuw, geschikt onderkomen te vinden.<\/p>\n<div class=\"title_code\">Wat is de DGHI?<\/div>\n\n        <div class=\"content_code\">\n<p>De DGHI is de Directie van de Gewestelijke Huisvestingsinspectie, die erop toeziet dat de Brusselse Huisvestingscode wordt nageleefd. Een van de taken van de DGHI bestaat erin om onderzoeken te voeren na klachten die worden ingediend door huurders of organisaties (OCMW&#8217;s, huisvestingsverenigingen, enz.). Deze klachten hebben betrekking op woningen die de regels van de Huisvestingscode niet respecteren. Een dergelijk onderzoek kan tot gevolg hebben dat het verboden wordt de woning te verhuren, waardoor de huurders of bewoners hun onderkomen moeten verlaten. Om aan deze situatie het hoofd te bieden, biedt de DGHI verschillende steunmaatregelen.<\/p>\n<p><\/div><div class=\"title_code\">Wie heeft recht op een herhuisvestingstoelage van de DGHI?<\/div>\n\n        <div class=\"content_code\"><\/p>\n<p>De DGHI biedt een herhuisvestingstoelage aan huurders die niet langer in hun woning kunnen blijven wonen na een beslissing van de DGHI die de eigenaar verbiedt om zijn woning nog te verhuren. Naargelang de soort steun die wordt gevraagd, moet aan extra voorwaarden worden voldaan (zie punt C).<\/p>\n<p><\/div><div class=\"title_code\">Welke soorten herhuisvestingstoelagen biedt de DGHI?<\/div>\n\n        <div class=\"content_code\"><\/p>\n<p>De DGHI biedt vier verschillende, cumulatieve steunmaatregelen<\/p>\n<h3>1. Sociale begeleiding<\/h3>\n<p>De DGHI biedt, samen met andere betrokkenen (verenigingen voor integratie via huisvesting, OCMW&#8217;s, gemeentediensten&#8230;) sociale begeleiding aan huurders die getroffen worden door een beslissing tot sluiting van hun woning. Meer in het bijzonder worden ze geholpen bij het vinden van een nieuw onderkomen. Daarnaast verstrekt de DGHI ook informatie over de verschillende bestaande mogelijkheden (VIBH, steun van het OCMW, sociale woningen, Sociale Verhuurkantoren,&#8230;)<\/p>\n<h3>2. Financi\u00eble steun voor betaling van de huur<\/h3>\n<p>De DGHI biedt een financi\u00eble toelage voor het betalen van de huur van de nieuwe woning (de lasten worden niet in aanmerking genomen).<\/p>\n<p><span style=\"color: #888888;\"><em>Aan welke voorwaarden moet worden voldaan om deze steun te kunnen krijgen?<\/em><\/span><\/p>\n<p>Om van deze steun te kunnen genieten, mag de betrokkene geen eigenaar, erfpachter of vruchtgebruiker zijn. Bovendien moet hij aan volgende voorwaarden voldoen:<\/p>\n<ol>\n<li>op financieel vlak: het inkomen van het gezin mag niet hoger liggen dan de drempel die als voorwaarde geldt om in aanmerking te komen voor een sociale woning. Meer informatie daarover vindt u <a href=\"http:\/\/www.slrb.irisnet.be\/een-sociale-woning-huren\/huurder-worden\/toelatingsvoorwaarden?set_language=nl\" target=\"_blank\" rel=\"noopener noreferrer\" target=\"_blank\">hier<\/a>.<\/li>\n<li>Verder moet de nieuwe woning:<\/li>\n<\/ol>\n<ul>\n<ul>\n<li>gelegen zijn in het Brusselse gewest<\/li>\n<li>voldoen aan de Huisvestingscode<\/li>\n<\/ul>\n<\/ul>\n<p class=\"opgelet attention\"><strong>Een nieuwe geschikte en aangepaste woning vinden is niet evident<br \/>\n<\/strong>Het is dus belangrijk om goed na te denken over alle mogelijke gevolgen, alvorens een beroep te doen op de DGHI. Toch kan gewoon door te dreigen met een klacht bij de DGHI al heel wat druk worden uitgeoefend op de eigenaars.<\/p>\n<ul>\n<ul>\n<li>het voorwerp vormen van een geregistreerd huurcontract met een minimumduur van \u00e9\u00e9n jaar.<\/li>\n<li>geen sociale woning zijn<\/li>\n<\/ul>\n<\/ul>\n<ol start=\"3\">\n<li>Nog niet eerder recht hebben gehad op de VIBH.<\/li>\n<\/ol>\n<p><span style=\"color: #888888;\"><em>Hoe wordt het bedrag bepaald?<\/em><\/span><\/p>\n<p>Het toegekende bedrag wordt berekend op basis van het inkomen van het gezin en de nieuwe huurprijs. Er geldt evenwel een maximum voor de huurprijs die wordt gehanteerd voor de berekening van de toegekende bijdrage. Dit maximum wordt bepaald in functie van het aantal slaapkamers. Zo wordt voor een woning met \u00e9\u00e9n slaapkamer uitgegaan van een maximum huurprijs van 450 euro. Twee personen in eenzelfde administratieve en financi\u00eble situatie zullen dus eenzelfde bijdrage ontvangen voor een flat met \u00e9\u00e9n slaapkamer, zelfs al is de huurprijs verschillend (behalve wanneer de huurprijs lager ligt dan het maximum, uiteraard).<\/p>\n<p><span style=\"color: #888888;\"><em>Hoe lang kan van deze steun gebruik worden gemaakt?<\/em><\/span><\/p>\n<p>De huurbijdrage is voorzien voor een duur van 3 jaar en is niet hernieuwbaar.<\/p>\n<h3>3. Financi\u00eble steun voor de verhuis<\/h3>\n<p>De DGHI voorziet een bijdrage voor de verhuis. Deze bijdrage &#8211; een forfaitair bedrag van 650 euro &#8211; dient om de kosten te dekken voor de verhuis of de installatie in de nieuwe woning, inclusief de huurwaarborg.<\/p>\n<p>De voorwaarden waaraan moet worden voldaan om recht te hebben op deze toelage, zijn precies dezelfde als die voor de financi\u00eble steun voor betaling van de huur.<\/p>\n<h3>4. Toekenning van punten voor een sociale woning<\/h3>\n<p>Personen die een sociale woning hebben aangevraagd en die niet naar hun woning kunnen terugkeren omwille van een huurverbod van de DGHI, krijgen 5 <span style=\"color: #888888;\">voorkeurpunten<\/span>. Om dit voordeel te verzilveren, moet de betrokkene aan de DGHI het bewijs voorleggen dat hij een aanvraag heeft ingediend voor een sociale woning. Daarna brengt de DGHI zelf de betrokken Openbare Vastgoedmaatschappij(en) (OVM) op de hoogte.<\/p>\n<p><\/div><\/p>\n","protected":false},"excerpt":{"rendered":"<p>Er bestaan verschillende financi\u00eble en sociale steunmaatregelen die mensen die in een ongezonde en\/of onaangepaste woning leven, in de mate van het mogelijke helpen om een nieuw, geschikt onderkomen te vinden.<\/p>\n","protected":false},"author":1,"featured_media":0,"parent":1713,"menu_order":26,"comment_status":"closed","ping_status":"closed","template":"","meta":{"_acf_changed":false,"footnotes":""},"class_list":["post-1717","page","type-page","status-publish","hentry"],"acf":[],"_links":{"self":[{"href":"http:\/\/socialenergie.alysdev.be\/nl\/wp-json\/wp\/v2\/pages\/1717","targetHints":{"allow":["GET"]}}],"collection":[{"href":"http:\/\/socialenergie.alysdev.be\/nl\/wp-json\/wp\/v2\/pages"}],"about":[{"href":"http:\/\/socialenergie.alysdev.be\/nl\/wp-json\/wp\/v2\/types\/page"}],"author":[{"embeddable":true,"href":"http:\/\/socialenergie.alysdev.be\/nl\/wp-json\/wp\/v2\/users\/1"}],"replies":[{"embeddable":true,"href":"http:\/\/socialenergie.alysdev.be\/nl\/wp-json\/wp\/v2\/comments?post=1717"}],"version-history":[{"count":6,"href":"http:\/\/socialenergie.alysdev.be\/nl\/wp-json\/wp\/v2\/pages\/1717\/revisions"}],"predecessor-version":[{"id":2994,"href":"http:\/\/socialenergie.alysdev.be\/nl\/wp-json\/wp\/v2\/pages\/1717\/revisions\/2994"}],"up":[{"embeddable":true,"href":"http:\/\/socialenergie.alysdev.be\/nl\/wp-json\/wp\/v2\/pages\/1713"}],"wp:attachment":[{"href":"http:\/\/socialenergie.alysdev.be\/nl\/wp-json\/wp\/v2\/media?parent=1717"}],"curies":[{"name":"wp","href":"https:\/\/api.w.org\/{rel}","templated":true}]}}