{"id":2336,"date":"2016-08-16T10:06:05","date_gmt":"2016-08-16T08:06:05","guid":{"rendered":"http:\/\/zl31wzsmw.preview.infomaniak.website\/_new2016\/nl\/?page_id=2336"},"modified":"2025-08-18T16:47:37","modified_gmt":"2025-08-18T14:47:37","slug":"verjaring-van-energie-schuld","status":"publish","type":"page","link":"http:\/\/socialenergie.alysdev.be\/nl\/facturen\/wanbetaling\/verjaring-van-energie-schuld\/","title":{"rendered":"Verjaring van de energieschuld"},"content":{"rendered":"<p><span data-contrast=\"auto\">Sinds de inwerkingtreding van de zogenaamde \u2018Potpourri-wet V\u2019 op 3 augustus 2017 is de verjaringstermijn voor energieschulden vastgelegd op 5 jaar<\/span><span data-contrast=\"auto\">2<\/span><span data-contrast=\"auto\">. Dit betekent dat de leverancier of de beheerder van de woning in principe geen betaling kan eisen van gas- en elektriciteitsfacturen van meer dan 5 jaar geleden.<\/span><span data-ccp-props=\"{&quot;134233117&quot;:true,&quot;134233118&quot;:true,&quot;201341983&quot;:0,&quot;335559739&quot;:160,&quot;335559740&quot;:240}\">\u00a0<\/span><\/p>\n<p><span data-contrast=\"auto\">Vroeger werden water-, gas- en elektriciteitsschulden al in de meeste gevallen als verjaard beschouwd na 5 jaar. De toepassing van deze termijn werd echter omstreden na het arrest van 8 januari 2015 van het Hof van Cassatie. Dat arrest stelde dat de verjaringstermijn voor energieschulden (gas en elektriciteit) in bepaalde omstandigheden slechts 1 jaar bedroeg<\/span><span data-contrast=\"auto\">3<\/span><span data-contrast=\"auto\"> (<\/span><a href=\"https:\/\/socialenergie.alysdev.be\/jurisprudence\/\" target=\"_blank\" rel=\"noopener noreferrer\" target=\"_blank\" rel=\"noopener\"><span data-contrast=\"none\">zie de jurisprudentie in het Frans<\/span><\/a><span data-contrast=\"auto\">). Deze uitspraak was zeer gunstig voor consumenten, omdat daardoor een aanzienlijke opeenhoping van schulden kon worden voorkomen.<\/span><span data-ccp-props=\"{&quot;134233117&quot;:true,&quot;134233118&quot;:true,&quot;201341983&quot;:0,&quot;335559739&quot;:160,&quot;335559740&quot;:240}\">\u00a0<\/span><\/p>\n<p><span data-contrast=\"auto\">De wetgever wilde echter definitief komaf maken met deze controverse.<\/span><span data-ccp-props=\"{&quot;134233117&quot;:true,&quot;134233118&quot;:true,&quot;201341983&quot;:0,&quot;335559739&quot;:160,&quot;335559740&quot;:240}\">\u00a0<\/span><\/p>\n<p><span data-contrast=\"auto\">In de \u2018Potpourri-wet V\u2019 werd de verjaringstermijn voor bepaalde types schulden, waaronder energieschulden, heel duidelijk vastgelegd op 5 jaar. Artikel 2277 van het Burgerlijk Wetboek wordt namelijk aangevuld met een tweede lid, dat als volgt luidt: <\/span><i><span data-contrast=\"auto\">\u201cSchuldvorderingen wegens levering van goederen en diensten via distributienetten voor water, gas of elektriciteit of de levering van elektronische communicatiediensten of omroeptransmissie- en omroepdiensten via elektronische communicatienetwerken <\/span><\/i><b><i><span data-contrast=\"auto\">verjaren na verloop van vijf jaren<\/span><\/i><\/b><i><span data-contrast=\"auto\">.\u201d<\/span><\/i><span data-ccp-props=\"{&quot;134233117&quot;:true,&quot;134233118&quot;:true,&quot;201341983&quot;:0,&quot;335559739&quot;:160,&quot;335559740&quot;:240}\">\u00a0<\/span><\/p>\n<p><span data-contrast=\"auto\">Deze wet is onmiddellijk van toepassing op alle uitstaande schulden.<\/span><\/p>\n<p class=\"attention\"><strong><span class=\"TextRun SCXW213551592 BCX2\" lang=\"NL-BE\" xml:lang=\"NL-BE\" data-contrast=\"auto\"><span class=\"NormalTextRun SCXW213551592 BCX2\" data-ccp-charstyle=\"Strong\">Deze periode kan om diverse redenen worden onderbroken of opgeschort<\/span><\/span><\/strong><span class=\"TextRun SCXW213551592 BCX2\" lang=\"NL-BE\" xml:lang=\"NL-BE\" data-contrast=\"auto\"><span class=\"NormalTextRun SCXW213551592 BCX2\" data-ccp-parastyle=\"attention\" data-ccp-parastyle-defn=\"{&quot;ObjectId&quot;:&quot;bbcc26cf-b22a-4414-ad9a-6df3929017a5|28&quot;,&quot;ClassId&quot;:1073872969,&quot;Properties&quot;:[201342446,&quot;1&quot;,201342447,&quot;5&quot;,201342448,&quot;1&quot;,201342449,&quot;1&quot;,469777841,&quot;Times New Roman&quot;,469777842,&quot;Times New Roman&quot;,469777843,&quot;Times New Roman&quot;,469777844,&quot;Times New Roman&quot;,201341986,&quot;1&quot;,469769226,&quot;Times New Roman&quot;,268442635,&quot;24&quot;,335559704,&quot;1025&quot;,335559705,&quot;2060&quot;,335551547,&quot;2067&quot;,335559740,&quot;240&quot;,201341983,&quot;0&quot;,335559739,&quot;160&quot;,469775450,&quot;attention&quot;,201340122,&quot;2&quot;,134233614,&quot;true&quot;,469778129,&quot;attention&quot;,335572020,&quot;99&quot;,134233118,&quot;true&quot;,134233117,&quot;true&quot;,469778324,&quot;Normal&quot;]}\">, zoals hieronder uiteengezet. Een schuld van 5 jaar of ouder is daarom dus nog niet automatisch verjaard.<\/span><\/span><\/p>\n<h3 aria-level=\"2\"><span data-contrast=\"none\">Onderbreking van de verjaring: de teller wordt op nul gezet<\/span><span data-ccp-props=\"{&quot;134245418&quot;:true,&quot;134245529&quot;:true,&quot;201341983&quot;:0,&quot;335559738&quot;:40,&quot;335559739&quot;:0,&quot;335559740&quot;:259}\">\u00a0<\/span><\/h3>\n<p><span data-contrast=\"auto\">De periode wordt onderbroken en de teller wordt op nul gezet <\/span><b><span data-contrast=\"auto\">als een van de volgende situaties zich voordoet:<\/span><\/b><span data-ccp-props=\"{&quot;134233117&quot;:true,&quot;134233118&quot;:true,&quot;201341983&quot;:0,&quot;335559739&quot;:160,&quot;335559740&quot;:240}\">\u00a0<\/span><\/p>\n<p><span data-contrast=\"auto\">De schuldenaar<\/span><span data-contrast=\"auto\">:<\/span><span data-ccp-props=\"{&quot;134233117&quot;:true,&quot;134233118&quot;:true,&quot;201341983&quot;:0,&quot;335559739&quot;:160,&quot;335559740&quot;:240}\">\u00a0<\/span><\/p>\n<ul>\n<li data-leveltext=\"o\" data-font=\"Courier New\" data-listid=\"12\" data-list-defn-props=\"{&quot;335552541&quot;:1,&quot;335559685&quot;:1440,&quot;335559991&quot;:360,&quot;469769226&quot;:&quot;Courier New&quot;,&quot;469769242&quot;:[9675],&quot;469777803&quot;:&quot;left&quot;,&quot;469777804&quot;:&quot;o&quot;,&quot;469777815&quot;:&quot;multilevel&quot;}\" aria-setsize=\"-1\" data-aria-posinset=\"1\" data-aria-level=\"2\"><span data-contrast=\"auto\">ondertekent een schuldbekentenis, of<\/span><span data-ccp-props=\"{&quot;134233117&quot;:true,&quot;134233118&quot;:true,&quot;201341983&quot;:0,&quot;335559739&quot;:160,&quot;335559740&quot;:240}\">\u00a0<\/span><\/li>\n<\/ul>\n<ul>\n<li data-leveltext=\"o\" data-font=\"Courier New\" data-listid=\"12\" data-list-defn-props=\"{&quot;335552541&quot;:1,&quot;335559685&quot;:1440,&quot;335559991&quot;:360,&quot;469769226&quot;:&quot;Courier New&quot;,&quot;469769242&quot;:[9675],&quot;469777803&quot;:&quot;left&quot;,&quot;469777804&quot;:&quot;o&quot;,&quot;469777815&quot;:&quot;multilevel&quot;}\" aria-setsize=\"-1\" data-aria-posinset=\"2\" data-aria-level=\"2\"><span data-contrast=\"auto\">vraagt om betalingsuitstel, of<\/span><span data-ccp-props=\"{&quot;134233117&quot;:true,&quot;134233118&quot;:true,&quot;201341983&quot;:0,&quot;335559739&quot;:160,&quot;335559740&quot;:240}\">\u00a0<\/span><\/li>\n<\/ul>\n<ul>\n<li data-leveltext=\"o\" data-font=\"Courier New\" data-listid=\"12\" data-list-defn-props=\"{&quot;335552541&quot;:1,&quot;335559685&quot;:1440,&quot;335559991&quot;:360,&quot;469769226&quot;:&quot;Courier New&quot;,&quot;469769242&quot;:[9675],&quot;469777803&quot;:&quot;left&quot;,&quot;469777804&quot;:&quot;o&quot;,&quot;469777815&quot;:&quot;multilevel&quot;}\" aria-setsize=\"-1\" data-aria-posinset=\"3\" data-aria-level=\"2\"><span data-contrast=\"auto\">betaalt een deel van de schuld af.<\/span><span data-ccp-props=\"{&quot;134233117&quot;:true,&quot;134233118&quot;:true,&quot;201341983&quot;:0,&quot;335559739&quot;:160,&quot;335559740&quot;:240}\">\u00a0<\/span><\/li>\n<\/ul>\n<p><span data-contrast=\"auto\">De schuldeiser (in ons geval de leverancier of de beheerder van de woning) schakelt een gerechtsdeurwaarder in om:<\/span><span data-ccp-props=\"{&quot;134233117&quot;:true,&quot;134233118&quot;:true,&quot;201341983&quot;:0,&quot;335559739&quot;:160,&quot;335559740&quot;:240}\">\u00a0<\/span><\/p>\n<ul>\n<li data-leveltext=\"o\" data-font=\"Courier New\" data-listid=\"13\" data-list-defn-props=\"{&quot;335552541&quot;:1,&quot;335559685&quot;:1440,&quot;335559991&quot;:360,&quot;469769226&quot;:&quot;Courier New&quot;,&quot;469769242&quot;:[9675],&quot;469777803&quot;:&quot;left&quot;,&quot;469777804&quot;:&quot;o&quot;,&quot;469777815&quot;:&quot;multilevel&quot;}\" aria-setsize=\"-1\" data-aria-posinset=\"1\" data-aria-level=\"2\"><span data-contrast=\"auto\">een dagvaarding te versturen, of<\/span><span data-ccp-props=\"{&quot;134233117&quot;:true,&quot;134233118&quot;:true,&quot;201341983&quot;:0,&quot;335559739&quot;:160,&quot;335559740&quot;:240}\">\u00a0<\/span><\/li>\n<\/ul>\n<ul>\n<li data-leveltext=\"o\" data-font=\"Courier New\" data-listid=\"13\" data-list-defn-props=\"{&quot;335552541&quot;:1,&quot;335559685&quot;:1440,&quot;335559991&quot;:360,&quot;469769226&quot;:&quot;Courier New&quot;,&quot;469769242&quot;:[9675],&quot;469777803&quot;:&quot;left&quot;,&quot;469777804&quot;:&quot;o&quot;,&quot;469777815&quot;:&quot;multilevel&quot;}\" aria-setsize=\"-1\" data-aria-posinset=\"2\" data-aria-level=\"2\"><span data-contrast=\"auto\">een bevel tot betaling te versturen, of<\/span><span data-ccp-props=\"{&quot;134233117&quot;:true,&quot;134233118&quot;:true,&quot;201341983&quot;:0,&quot;335559739&quot;:160,&quot;335559740&quot;:240}\">\u00a0<\/span><\/li>\n<\/ul>\n<ul>\n<li data-leveltext=\"o\" data-font=\"Courier New\" data-listid=\"13\" data-list-defn-props=\"{&quot;335552541&quot;:1,&quot;335559685&quot;:1440,&quot;335559991&quot;:360,&quot;469769226&quot;:&quot;Courier New&quot;,&quot;469769242&quot;:[9675],&quot;469777803&quot;:&quot;left&quot;,&quot;469777804&quot;:&quot;o&quot;,&quot;469777815&quot;:&quot;multilevel&quot;}\" aria-setsize=\"-1\" data-aria-posinset=\"3\" data-aria-level=\"2\"><span data-contrast=\"auto\">over te gaan tot beslag.<\/span><span data-ccp-props=\"{&quot;134233117&quot;:true,&quot;134233118&quot;:true,&quot;201341983&quot;:0,&quot;335559739&quot;:160,&quot;335559740&quot;:240}\">\u00a0<\/span><\/li>\n<\/ul>\n<p><span data-contrast=\"auto\">In deze verschillende gevallen begint een nieuwe verjaringstermijn van 5 jaar te lopen vanaf de datum van de handeling in kwestie (ondertekening van de schuldbekentenis, betaling van een deel van de schuld, betekening van de dagvaarding &#8230;).<\/span><span data-ccp-props=\"{&quot;134233117&quot;:true,&quot;134233118&quot;:true,&quot;201341983&quot;:0,&quot;335559739&quot;:160,&quot;335559740&quot;:240}\">\u00a0<\/span><\/p>\n<p><span data-contrast=\"auto\">Een eenvoudige ingebrekestelling verstuurd naar de klant door de leverancier (per aangetekende brief) stuit de verjaringstermijn echter niet.<\/span><span data-ccp-props=\"{&quot;134233117&quot;:true,&quot;134233118&quot;:true,&quot;201341983&quot;:0,&quot;335559739&quot;:160,&quot;335559740&quot;:240}\">\u00a0<\/span><\/p>\n<h3 aria-level=\"2\"><span data-contrast=\"none\">Opschorting van de verjaringstermijn: om tot een minnelijke schikking te komen?<\/span><span data-ccp-props=\"{&quot;134245418&quot;:true,&quot;134245529&quot;:true,&quot;201341983&quot;:0,&quot;335559738&quot;:40,&quot;335559739&quot;:0,&quot;335559740&quot;:259}\">\u00a0<\/span><\/h3>\n<p><span data-contrast=\"auto\">Sinds juli 2013<\/span><span data-contrast=\"auto\"> kan de verjaringstermijn <\/span><b><span data-contrast=\"auto\">tijdelijk opgeschort<\/span><\/b><span data-contrast=\"auto\"> worden door een ingebrekestelling verstuurd door een advocaat of gerechtsdeurwaarder.<\/span><span data-ccp-props=\"{&quot;134233117&quot;:true,&quot;134233118&quot;:true,&quot;201341983&quot;:0,&quot;335559739&quot;:160,&quot;335559740&quot;:240}\">\u00a0<\/span><\/p>\n<p><span data-contrast=\"auto\">Dat kan een goede zaak zijn voor gebruikers met een uitstaande schuld, want een dergelijke ingebrekestelling kan een sterke stimulans zijn om te betalen. Zo vermijden ze immers de procedurekosten die gepaard gaan met een dagvaarding, waartoe de leverancier of de beheerder van de woning ook direct had kunnen overgaan.<\/span><span data-ccp-props=\"{&quot;134233117&quot;:true,&quot;134233118&quot;:true,&quot;201341983&quot;:0,&quot;335559739&quot;:160,&quot;335559740&quot;:240}\">\u00a0<\/span><\/p>\n<p><b><span data-contrast=\"auto\">De ingebrekestelling moet aan verschillende voorwaarden voldoen<\/span><\/b><b> <\/b><b><span data-contrast=\"auto\">:<\/span><\/b><span data-ccp-props=\"{&quot;134233117&quot;:true,&quot;134233118&quot;:true,&quot;201341983&quot;:0,&quot;335559739&quot;:160,&quot;335559740&quot;:240}\">\u00a0<\/span><\/p>\n<ol>\n<li data-leveltext=\"%1.\" data-font=\"\" data-listid=\"14\" data-list-defn-props=\"{&quot;335552541&quot;:0,&quot;335559685&quot;:720,&quot;335559991&quot;:360,&quot;469769242&quot;:[65533,0],&quot;469777803&quot;:&quot;left&quot;,&quot;469777804&quot;:&quot;%1.&quot;,&quot;469777815&quot;:&quot;multilevel&quot;}\" aria-setsize=\"-1\" data-aria-posinset=\"1\" data-aria-level=\"1\"><span data-contrast=\"auto\">De ingebrekestelling moet aangetekend worden verstuurd naar het domicilieadres van de gebruiker.<\/span><span data-ccp-props=\"{&quot;134233117&quot;:true,&quot;134233118&quot;:true,&quot;201341983&quot;:0,&quot;335559739&quot;:160,&quot;335559740&quot;:240}\">\u00a0<\/span><\/li>\n<\/ol>\n<ol>\n<li data-leveltext=\"%1.\" data-font=\"\" data-listid=\"14\" data-list-defn-props=\"{&quot;335552541&quot;:0,&quot;335559685&quot;:720,&quot;335559991&quot;:360,&quot;469769242&quot;:[65533,0],&quot;469777803&quot;:&quot;left&quot;,&quot;469777804&quot;:&quot;%1.&quot;,&quot;469777815&quot;:&quot;multilevel&quot;}\" aria-setsize=\"-1\" data-aria-posinset=\"2\" data-aria-level=\"1\"><span data-contrast=\"auto\">De aangetekende brief moet de volgende informatie bevatten:<\/span><span data-ccp-props=\"{&quot;134233117&quot;:true,&quot;134233118&quot;:true,&quot;201341983&quot;:0,&quot;335559739&quot;:160,&quot;335559740&quot;:240}\">\u00a0<\/span><\/li>\n<\/ol>\n<ul>\n<li data-leveltext=\"o\" data-font=\"Courier New\" data-listid=\"15\" data-list-defn-props=\"{&quot;335552541&quot;:1,&quot;335559685&quot;:1440,&quot;335559991&quot;:360,&quot;469769226&quot;:&quot;Courier New&quot;,&quot;469769242&quot;:[9675],&quot;469777803&quot;:&quot;left&quot;,&quot;469777804&quot;:&quot;o&quot;,&quot;469777815&quot;:&quot;multilevel&quot;}\" aria-setsize=\"-1\" data-aria-posinset=\"1\" data-aria-level=\"2\"><span data-contrast=\"auto\">de gegevens van de schuldeiser;<\/span><span data-ccp-props=\"{&quot;134233117&quot;:true,&quot;134233118&quot;:true,&quot;201341983&quot;:0,&quot;335559739&quot;:160,&quot;335559740&quot;:240}\">\u00a0<\/span><\/li>\n<\/ul>\n<ul>\n<li data-leveltext=\"o\" data-font=\"Courier New\" data-listid=\"15\" data-list-defn-props=\"{&quot;335552541&quot;:1,&quot;335559685&quot;:1440,&quot;335559991&quot;:360,&quot;469769226&quot;:&quot;Courier New&quot;,&quot;469769242&quot;:[9675],&quot;469777803&quot;:&quot;left&quot;,&quot;469777804&quot;:&quot;o&quot;,&quot;469777815&quot;:&quot;multilevel&quot;}\" aria-setsize=\"-1\" data-aria-posinset=\"2\" data-aria-level=\"2\"><span data-contrast=\"auto\">de gegevens van de schuldenaar;<\/span><span data-ccp-props=\"{&quot;134233117&quot;:true,&quot;134233118&quot;:true,&quot;201341983&quot;:0,&quot;335559739&quot;:160,&quot;335559740&quot;:240}\">\u00a0<\/span><\/li>\n<\/ul>\n<ul>\n<li data-leveltext=\"o\" data-font=\"Courier New\" data-listid=\"15\" data-list-defn-props=\"{&quot;335552541&quot;:1,&quot;335559685&quot;:1440,&quot;335559991&quot;:360,&quot;469769226&quot;:&quot;Courier New&quot;,&quot;469769242&quot;:[9675],&quot;469777803&quot;:&quot;left&quot;,&quot;469777804&quot;:&quot;o&quot;,&quot;469777815&quot;:&quot;multilevel&quot;}\" aria-setsize=\"-1\" data-aria-posinset=\"3\" data-aria-level=\"2\"><span data-contrast=\"auto\">een omschrijving van de oorsprong van de schuld;<\/span><span data-ccp-props=\"{&quot;134233117&quot;:true,&quot;134233118&quot;:true,&quot;201341983&quot;:0,&quot;335559739&quot;:160,&quot;335559740&quot;:240}\">\u00a0<\/span><\/li>\n<\/ul>\n<ul>\n<li data-leveltext=\"o\" data-font=\"Courier New\" data-listid=\"15\" data-list-defn-props=\"{&quot;335552541&quot;:1,&quot;335559685&quot;:1440,&quot;335559991&quot;:360,&quot;469769226&quot;:&quot;Courier New&quot;,&quot;469769242&quot;:[9675],&quot;469777803&quot;:&quot;left&quot;,&quot;469777804&quot;:&quot;o&quot;,&quot;469777815&quot;:&quot;multilevel&quot;}\" aria-setsize=\"-1\" data-aria-posinset=\"4\" data-aria-level=\"2\"><span data-contrast=\"auto\">een gedetailleerd overzicht van de verschuldigde bedragen (hoofdsom, kosten en interesten);<\/span><span data-ccp-props=\"{&quot;134233117&quot;:true,&quot;134233118&quot;:true,&quot;201341983&quot;:0,&quot;335559739&quot;:160,&quot;335559740&quot;:240}\">\u00a0<\/span><\/li>\n<\/ul>\n<ul>\n<li data-leveltext=\"o\" data-font=\"Courier New\" data-listid=\"15\" data-list-defn-props=\"{&quot;335552541&quot;:1,&quot;335559685&quot;:1440,&quot;335559991&quot;:360,&quot;469769226&quot;:&quot;Courier New&quot;,&quot;469769242&quot;:[9675],&quot;469777803&quot;:&quot;left&quot;,&quot;469777804&quot;:&quot;o&quot;,&quot;469777815&quot;:&quot;multilevel&quot;}\" aria-setsize=\"-1\" data-aria-posinset=\"5\" data-aria-level=\"2\"><span data-contrast=\"auto\">de betalingstermijn voor de volgende stap in de invorderingsprocedure;<\/span><span data-ccp-props=\"{&quot;134233117&quot;:true,&quot;134233118&quot;:true,&quot;201341983&quot;:0,&quot;335559739&quot;:160,&quot;335559740&quot;:240}\">\u00a0<\/span><\/li>\n<\/ul>\n<ul>\n<li data-leveltext=\"o\" data-font=\"Courier New\" data-listid=\"15\" data-list-defn-props=\"{&quot;335552541&quot;:1,&quot;335559685&quot;:1440,&quot;335559991&quot;:360,&quot;469769226&quot;:&quot;Courier New&quot;,&quot;469769242&quot;:[9675],&quot;469777803&quot;:&quot;left&quot;,&quot;469777804&quot;:&quot;o&quot;,&quot;469777815&quot;:&quot;multilevel&quot;}\" aria-setsize=\"-1\" data-aria-posinset=\"6\" data-aria-level=\"2\"><span data-contrast=\"auto\">de mogelijkheid van een gerechtelijke procedure;<\/span><span data-ccp-props=\"{&quot;134233117&quot;:true,&quot;134233118&quot;:true,&quot;201341983&quot;:0,&quot;335559739&quot;:160,&quot;335559740&quot;:240}\">\u00a0<\/span><\/li>\n<\/ul>\n<ul>\n<li data-leveltext=\"o\" data-font=\"Courier New\" data-listid=\"15\" data-list-defn-props=\"{&quot;335552541&quot;:1,&quot;335559685&quot;:1440,&quot;335559991&quot;:360,&quot;469769226&quot;:&quot;Courier New&quot;,&quot;469769242&quot;:[9675],&quot;469777803&quot;:&quot;left&quot;,&quot;469777804&quot;:&quot;o&quot;,&quot;469777815&quot;:&quot;multilevel&quot;}\" aria-setsize=\"-1\" data-aria-posinset=\"7\" data-aria-level=\"2\"><span data-contrast=\"auto\">de \u2018verjaringsstuitende werking\u2019 van de ingebrekestelling (waarbij de verjaringstermijn dus tijdelijk wordt geschorst);<\/span><span data-ccp-props=\"{&quot;134233117&quot;:true,&quot;134233118&quot;:true,&quot;201341983&quot;:0,&quot;335559739&quot;:160,&quot;335559740&quot;:240}\">\u00a0<\/span><\/li>\n<\/ul>\n<ul>\n<li data-leveltext=\"o\" data-font=\"Courier New\" data-listid=\"15\" data-list-defn-props=\"{&quot;335552541&quot;:1,&quot;335559685&quot;:1440,&quot;335559991&quot;:360,&quot;469769226&quot;:&quot;Courier New&quot;,&quot;469769242&quot;:[9675],&quot;469777803&quot;:&quot;left&quot;,&quot;469777804&quot;:&quot;o&quot;,&quot;469777815&quot;:&quot;multilevel&quot;}\" aria-setsize=\"-1\" data-aria-posinset=\"8\" data-aria-level=\"2\"><span data-contrast=\"auto\">de handtekening van de opsteller van de ingebrekestelling (advocaat, deurwaarder of vakbondsafgevaardigde).<\/span><span data-ccp-props=\"{&quot;134233117&quot;:true,&quot;134233118&quot;:true,&quot;201341983&quot;:0,&quot;335559739&quot;:160,&quot;335559740&quot;:240}\">\u00a0<\/span><\/li>\n<\/ul>\n<p><span data-contrast=\"auto\">Met deze ingebrekestelling begint <\/span><b><span data-contrast=\"auto\">een nieuwe periode van een jaar<\/span><\/b><span data-contrast=\"auto\">. De verjaringstermijn kan slechts eenmaal worden opgeschort. Na afloop van dit extra jaar loopt de oorspronkelijke verjaringstermijn verder vanaf het moment waarop die werd gestuit, voor zover die nog niet afgelopen was.<\/span><\/p>\n<p class=\"cadre\"><span data-contrast=\"auto\">Voorbeeld: \u201cAls u na twee jaar een ingebrekestelling ontvangt van de advocaat van uw leverancier, wordt de verjaringstermijn onderbroken. Er begint dan eerst een nieuwe periode van \u00e9\u00e9n jaar te lopen. Als deze termijn van \u00e9\u00e9n jaar verstrijkt, kan uw leverancier nog drie jaar aanspraak maken op betaling van de factuur, aangezien de oorspronkelijke verjaringstermijn (vijf jaar) nog niet volledig verstreken was toen u de ingebrekestelling ontving\u201d<\/span><span data-contrast=\"auto\">.<\/span><span data-ccp-props=\"{&quot;134233117&quot;:true,&quot;134233118&quot;:true,&quot;201341983&quot;:0,&quot;335559739&quot;:160,&quot;335559740&quot;:240}\"><br \/>\n<\/span><span data-contrast=\"auto\">Als op het ogenblik van verzending van de ingebrekestelling de resterende verjaringstermijn minder dan een jaar bedraagt, is de duur van de opschorting gelijk aan die van de resterende verjaringstermijn.<\/span><span data-ccp-props=\"{&quot;134233117&quot;:true,&quot;134233118&quot;:true,&quot;201341983&quot;:0,&quot;335559739&quot;:160,&quot;335559740&quot;:240}\">\u00a0<\/span><\/p>\n<p class=\"info\"><span class=\"TextRun SCXW236482890 BCX2\" lang=\"NL-BE\" xml:lang=\"NL-BE\" data-contrast=\"auto\"><span class=\"NormalTextRun SCXW236482890 BCX2\" data-ccp-parastyle=\"info\">In de praktijk is de verjaringstermijn voor energieschulden wellicht vaak gelijk aan 6 jaar. Deze opschortingsprocedure wordt ongetwijfeld vaak gebruikt, want ze is zowel voordelig voor de leverancier, die zo het verschuldigde bedrag krijgt, als voor de gebruiker, die zo geen proceskosten hoeft te betalen.<\/span><\/span><\/p>\n<p><em>Bron: <a href=\"https:\/\/www.droitsquotidiens.be\/fr\/het-recht-verhelderen\" target=\"_blank\" rel=\"noopener noreferrer\" target=\"_blank\" rel=\"noopener\">Droits Quotidiens<\/a><\/em><\/p>\n<p class=\"greybg cadre\"><span style=\"font-size: x-small;\">[1] Art. 2277, Burg. Wetb.<\/span><br \/>\n<span style=\"font-size: x-small;\"> [2] Art. 2248, Burg. Wetb.<\/span><br \/>\n<span style=\"font-size: x-small;\"> [3] Art. 2244 en 2246, Burg. Wetb.<\/span><br \/>\n<span style=\"font-size: x-small;\"> [4] Wet van 23 mei 2013 tot wijziging van artikel 2244 van het Burgerlijk Wetboek teneinde aan de ingebrekestellingsbrief van de advocaat, van de gerechtsdeurwaarder of van de persoon die krachtens artikel 728, \u00a7 3, van het Gerechtelijk Wetboek in rechte mag verschijnen, een verjaringsstuitende werking te verlenen<\/span><br \/>\n<span style=\"font-size: x-small;\"> [5] Art. 2244 en 2246, Burg. Wetb.<\/span><\/p>\n","protected":false},"excerpt":{"rendered":"<p>Sinds de inwerkingtreding van de zogenaamde \u2018Potpourri-wet V\u2019 op 3 augustus 2017 is de verjaringstermijn voor energieschulden vastgelegd op 5 jaar2. Dit betekent dat de leverancier of de beheerder van de woning in principe geen betaling kan eisen van gas- en elektriciteitsfacturen van meer dan 5 jaar geleden.\u00a0 Vroeger werden water-, gas- en elektriciteitsschulden al [&hellip;]<\/p>\n","protected":false},"author":1,"featured_media":0,"parent":1463,"menu_order":392,"comment_status":"closed","ping_status":"closed","template":"","meta":{"_acf_changed":false,"footnotes":""},"class_list":["post-2336","page","type-page","status-publish","hentry"],"acf":[],"_links":{"self":[{"href":"http:\/\/socialenergie.alysdev.be\/nl\/wp-json\/wp\/v2\/pages\/2336","targetHints":{"allow":["GET"]}}],"collection":[{"href":"http:\/\/socialenergie.alysdev.be\/nl\/wp-json\/wp\/v2\/pages"}],"about":[{"href":"http:\/\/socialenergie.alysdev.be\/nl\/wp-json\/wp\/v2\/types\/page"}],"author":[{"embeddable":true,"href":"http:\/\/socialenergie.alysdev.be\/nl\/wp-json\/wp\/v2\/users\/1"}],"replies":[{"embeddable":true,"href":"http:\/\/socialenergie.alysdev.be\/nl\/wp-json\/wp\/v2\/comments?post=2336"}],"version-history":[{"count":6,"href":"http:\/\/socialenergie.alysdev.be\/nl\/wp-json\/wp\/v2\/pages\/2336\/revisions"}],"predecessor-version":[{"id":13588,"href":"http:\/\/socialenergie.alysdev.be\/nl\/wp-json\/wp\/v2\/pages\/2336\/revisions\/13588"}],"up":[{"embeddable":true,"href":"http:\/\/socialenergie.alysdev.be\/nl\/wp-json\/wp\/v2\/pages\/1463"}],"wp:attachment":[{"href":"http:\/\/socialenergie.alysdev.be\/nl\/wp-json\/wp\/v2\/media?parent=2336"}],"curies":[{"name":"wp","href":"https:\/\/api.w.org\/{rel}","templated":true}]}}