{"id":2384,"date":"2016-08-17T09:58:59","date_gmt":"2016-08-17T07:58:59","guid":{"rendered":"http:\/\/zl31wzsmw.preview.infomaniak.website\/_new2016\/nl\/?page_id=2384"},"modified":"2019-12-16T10:24:08","modified_gmt":"2019-12-16T09:24:08","slug":"gesloten-overeenkomsten-uit-de-buurt-van-het-bedrijfsleven","status":"publish","type":"page","link":"http:\/\/socialenergie.alysdev.be\/nl\/contracten\/bescherming\/via-de-telefoon-of-buiten-het-bedrijf\/gesloten-overeenkomsten-uit-de-buurt-van-het-bedrijfsleven\/","title":{"rendered":"Contracten die worden afgesloten buiten het bedrijf"},"content":{"rendered":"<div class=\"title_code\">Wat is het?<\/div>\n\n        <div class=\"content_code\">\n<p>Contracten die worden afgesloten buiten het bedrijf hebben betrekking op alle verkoopsituaties die niet strikt in het gebouw van de leverancier plaatsvinden. Het gaat dus om elk contract dat niet wordt afgesloten in de kantoren of op de maatschappelijke zetel van het bedrijf, of in de winkel van een wederverkoper. Het gaat dus om vormen van verkoop die plaatsvinden:<\/p>\n<ul>\n<li>bij de ingang of in een winkel van een ander bedrijf<\/li>\n<li>in openbare of priv\u00e9ruimten die geen eigendom zijn van het bedrijf<\/li>\n<li>op de openbare weg<\/li>\n<li>op beurzen en salons, stands<\/li>\n<li>enz.<\/li>\n<\/ul>\n<p>Het akkoord beschermt eveneens consumenten die vooraf uitdrukkelijk gevraagd hebben om een bezoek van een vertegenwoordiger van de leverancier bij hen thuis om een contract voor de levering van aardgas of elektriciteit af te sluiten.<\/p>\n<p><\/div><div class=\"title_code\">Welke procedure?<\/div>\n\n        <div class=\"content_code\"><\/p>\n<p>Wanneer een contract buiten het bedrijf wordt afgesloten:<\/p>\n<ol>\n<li><strong>Moet de verkoper de consument een geschreven, en duidelijk leesbaar origineel exemplaar van het door beide partijen ondertekende contract bezorgen.<\/strong><\/li>\n<\/ol>\n<ol start=\"2\">\n<li>Vervolgens <strong>moet<\/strong> <strong>de leverancier het contract bevestigen via een brief die persoonlijk aan de consument is geadresseerd.<\/strong><br \/>\nDe leverancier wordt geacht deze bevestiging zo snel mogelijk te sturen, maar het juridische kader legt daarvoor geen termijn vast.<br \/>\nDeze bevestiging moet een door de leverancier ondertekend exemplaar van het contract bevatten, inclusief de algemene voorwaarden en eventuele specifieke voorwaarden. De bevestiging vermeldt op een duidelijk leesbare manier:<\/li>\n<\/ol>\n<blockquote>\n<ul>\n<li style=\"list-style-type: none;\">\n<ul>\n<li>de datum en de plaats waarop het contract werd afgesloten<\/li>\n<li>de te betalen prijs en de betalingswijze<\/li>\n<li>de duur van het contract<\/li>\n<li>de voorziene datum van de overschakeling<\/li>\n<li>de contactgegevens voor eventuele klachten die de consument mocht hebben<\/li>\n<li>de mogelijkheid om en de manier waarop de consument aan het contract kan verzaken.<\/li>\n<\/ul>\n<\/li>\n<\/ul>\n<\/blockquote>\n<p class=\"info\"><strong>Kopie van het contract op vraag<br \/>\n<\/strong>De consument kan op eenvoudige vraag eisen dat hem een kopie van het contract met zijn handtekening wordt bezorgd.<\/p>\n<ol start=\"4\">\n<li><strong>De consument beschikt over een herroepingsrecht<\/strong><br \/>\nDit betekent dat hij het recht heeft om het contract niet af te sluiten. In dit geval beschikt de consument over een termijn van 7 kalenderdagen vanaf de dag volgend op de ondertekening van het contract. Hier vindt u een voorbeeld van een aan de leverancier te bezorgen <a href=\"http:\/\/socialenergie.alysdev.be\/wp-content\/uploads\/Formulier-herroeping.pdf\" target=\"_blank\" rel=\"noopener noreferrer\">herroepingsformulier<\/a>, dat door de FOD Economie ter beschikking wordt gesteld van de consument.<\/li>\n<\/ol>\n<p class=\"attention\"><strong>Langere herroepingstermijn bij verkoop aan huis bij de consument<\/strong><br \/>\nIn geval van verkoop aan huis bij de consument, (huis-aan-huisverkoop), bedraagt de herroepingstermijn 14 in plaats van 7 kalenderdagen.<\/p>\n<p><\/div><div class=\"title_code\">Welke sanctie(s)?<\/div>\n\n        <div class=\"content_code\"><\/p>\n<p>Elke inbreuk op de procedures en de bepalingen van het akkoord, zoals hierboven samengevat, kan worden gesanctioneerd. Zo kan elke inbreuk met betrekking tot een verkoop buiten het bedrijf die wordt vastgesteld door de <a class=\"lexique\" title=\"De FOD Economie &quot;KMO, Middenstand en Energie&quot; is een federale overheidsdienst die de taak heeft om de omstandigheden uit te werken voor een concurrenti\u00eble, duurzame en evenwichtige werking van de Belgische goederen- en dienstenmarkt, inclusief de energiemarkt. De ADEI is \u00e9\u00e9n van de negen algemene directies van de FOD Economie, KMO, Middenstand en Energie. Deze directie heeft meerdere opdrachten, met name: &lt;ul&gt; &lt;li&gt;het beschermen van de rechten van de consumenten, ondernemingen en handelaren door informatief, preventief en repressief op te treden in het kader van de economische wetgeving en de regulering.&lt;\/li&gt; &lt;li&gt;het stimuleren en nastreven van alternatieve geschillenoplossing&lt;\/li&gt; &lt;li&gt;het co\u00f6rdineren van de strijd tegen de economische fraude&lt;\/li&gt; &lt;li&gt;het verlenen van ondersteuning inzake de regulering en organisatie van de markt &lt;\/li&gt; &lt;\/ul&gt;\" target=\"_blank\" rel=\"noopener noreferrer\">Algemene Directie Economische Inspectie<\/a>, aanleiding geven tot:<\/p>\n<ul>\n<li>een onmiddellijke terugbetaling aan de consument van alle facturen die hij heeft betaald. Bovendien mag verder geen enkel verbruik meer worden gefactureerd.<\/li>\n<li>Onmiddellijk herstel van de consument in zijn vorige contractuele relatie. De vorige leverancier neemt de consument gratis weer op, zo snel als de technische mogelijkheden dit toelaten.<\/li>\n<\/ul>\n<p><strong>Vaststelling van een inbreuk<br \/>\n<\/strong>De ADEI kan pas een inbreuk op de bepalingen van het akkoord vaststellen nadat de consument haar daarvan op de hoogte heeft gebracht, <a href=\"{cms_selflink href='klachten-energie-algemene-directie-controle-en-bemiddeling-fod-economie' }\">door een klacht in te dienen conform de daartoe voorziene procedure<\/a>.<\/p>\n<p><\/div><\/p>\n","protected":false},"excerpt":{"rendered":"","protected":false},"author":1,"featured_media":0,"parent":1539,"menu_order":167,"comment_status":"closed","ping_status":"closed","template":"","meta":{"_acf_changed":false,"footnotes":""},"class_list":["post-2384","page","type-page","status-publish","hentry"],"acf":[],"_links":{"self":[{"href":"http:\/\/socialenergie.alysdev.be\/nl\/wp-json\/wp\/v2\/pages\/2384","targetHints":{"allow":["GET"]}}],"collection":[{"href":"http:\/\/socialenergie.alysdev.be\/nl\/wp-json\/wp\/v2\/pages"}],"about":[{"href":"http:\/\/socialenergie.alysdev.be\/nl\/wp-json\/wp\/v2\/types\/page"}],"author":[{"embeddable":true,"href":"http:\/\/socialenergie.alysdev.be\/nl\/wp-json\/wp\/v2\/users\/1"}],"replies":[{"embeddable":true,"href":"http:\/\/socialenergie.alysdev.be\/nl\/wp-json\/wp\/v2\/comments?post=2384"}],"version-history":[{"count":4,"href":"http:\/\/socialenergie.alysdev.be\/nl\/wp-json\/wp\/v2\/pages\/2384\/revisions"}],"predecessor-version":[{"id":5147,"href":"http:\/\/socialenergie.alysdev.be\/nl\/wp-json\/wp\/v2\/pages\/2384\/revisions\/5147"}],"up":[{"embeddable":true,"href":"http:\/\/socialenergie.alysdev.be\/nl\/wp-json\/wp\/v2\/pages\/1539"}],"wp:attachment":[{"href":"http:\/\/socialenergie.alysdev.be\/nl\/wp-json\/wp\/v2\/media?parent=2384"}],"curies":[{"name":"wp","href":"https:\/\/api.w.org\/{rel}","templated":true}]}}