{"id":10041,"date":"2024-08-05T10:27:51","date_gmt":"2024-08-05T08:27:51","guid":{"rendered":"https:\/\/socialenergie.alysdev.be\/?page_id=10041"},"modified":"2025-12-29T15:58:32","modified_gmt":"2025-12-29T14:58:32","slug":"formations","status":"publish","type":"page","link":"https:\/\/socialenergie.alysdev.be\/fr\/formations\/","title":{"rendered":"Formations"},"content":{"rendered":"<p>Les formations propos\u00e9es par le Centre d\u2019Appui SocialEnergie s\u2019adressent aux <strong>travailleuses sociales et aux travailleurs sociaux de premi\u00e8re ligne,<\/strong> de tous secteurs, confront\u00e9\u00b7e\u00b7s aux mati\u00e8res de <strong>l\u2019\u00e9nergie et de l\u2019eau<\/strong> en r\u00e9gion Bruxelloise.<\/p>\n<p>D\u00e9clin\u00e9es sur un mode participatif, elles allient th\u00e9orie et mise en pratique des savoirs des participant\u00b7e\u00b7s. Nos formations sont <strong>enti\u00e8rement gratuites<\/strong> et organis\u00e9es en pr\u00e9sentiel avec un nombre limit\u00e9 de participant\u00b7e\u00b7s.<\/p>\n<p>Nos formations <strong>peuvent \u00eatre \u00e9galement donn\u00e9es sur le lieu de travail<\/strong> \u00e0 destination d\u2019un service, sur la ou les th\u00e9matique\u00b7s choisie\u00b7s.<\/p>\n<h1>Formations \u00e0 venir<\/h1>\n<ul id=\"\" class=\"db-formations\">    \n<li class=\"\">        \n       <a href=\"https:\/\/socialenergie.alysdev.be\/fr\/formation\/decompte\/\">          \n           <div class=\"background-img\"  style=\"background-image: url('https:\/\/socialenergie.alysdev.be\/wp-content\/uploads\/formation-04.jpg');\" >\n                \n            <h3>Le d\u00e9compte de charges en \u00e9nergie<\/h3>   \n            <\/div>\n     <div class=\"formation-info\">\n        <table>\n        <tr> \n            <td><img decoding=\"async\" src=\"https:\/\/www.socialenergie.be\/wp-content\/uploads\/date-1.png\"><\/td>\n            <td class=\"date-txt\"> Jeudi 23 avril 2026<br>9h30 \u00e0 12h30\n            <\/td>\n        <\/tr>\n        <tr> \n            <td><img decoding=\"async\" src=\"https:\/\/www.socialenergie.be\/wp-content\/uploads\/location-1.png\"> <\/td>\n            <td>\n                Dans nos locaux<br>rue Gheude 49<br>1070 Anderlecht            <\/td>\n        <\/tr>\n        <\/table>\n        <div class=\"center-content\"><span class=\"more-inf-link\">PLUS D\u2019INFOS ET S\u2019INSCRIRE<\/span><\/div>\n     <\/div>       \n        <span><\/span>\n    <\/a>\n    <\/li>        \n <li class=\"\">        \n       <a href=\"https:\/\/socialenergie.alysdev.be\/fr\/formation\/procedure-en-justice\/\">          \n           <div class=\"background-img\"  style=\"background-image: url('https:\/\/socialenergie.alysdev.be\/wp-content\/uploads\/formation-06.jpg');\" >\n                \n            <h3>Proc\u00e9dure en justice<\/h3>   \n            <\/div>\n     <div class=\"formation-info\">\n        <table>\n        <tr> \n            <td><img decoding=\"async\" src=\"https:\/\/www.socialenergie.be\/wp-content\/uploads\/date-1.png\"><\/td>\n            <td class=\"date-txt\"> Jeudi 21 mai 2026<br>9h30 \u00e0 12h30\n            <\/td>\n        <\/tr>\n        <tr> \n            <td><img decoding=\"async\" src=\"https:\/\/www.socialenergie.be\/wp-content\/uploads\/location-1.png\"> <\/td>\n            <td>\n                Dans nos locaux<br>rue Gheude 49<br>1070 Anderlecht            <\/td>\n        <\/tr>\n        <\/table>\n        <div class=\"center-content\"><span class=\"more-inf-link\">PLUS D\u2019INFOS ET S\u2019INSCRIRE<\/span><\/div>\n     <\/div>       \n        <span><\/span>\n    <\/a>\n    <\/li>        \n <li class=\"\">        \n       <a href=\"https:\/\/socialenergie.alysdev.be\/fr\/formation\/pompes-a-chaleur\/\">          \n           <div class=\"background-img\"  style=\"background-image: url('https:\/\/socialenergie.alysdev.be\/wp-content\/uploads\/formation-05.jpg');\" >\n                \n            <h3>Pompes \u00e0 chaleur : Principes de fonctionnement et limites<\/h3>   \n            <\/div>\n     <div class=\"formation-info\">\n        <table>\n        <tr> \n            <td><img decoding=\"async\" src=\"https:\/\/www.socialenergie.be\/wp-content\/uploads\/date-1.png\"><\/td>\n            <td class=\"date-txt\"> Jeudi 4 juin 2026<br>9h30 \u00e0 12h30\n            <\/td>\n        <\/tr>\n        <tr> \n            <td><img decoding=\"async\" src=\"https:\/\/www.socialenergie.be\/wp-content\/uploads\/location-1.png\"> <\/td>\n            <td>\n                Dans nos locaux<br>rue Gheude 49<br>1070 Anderlecht            <\/td>\n        <\/tr>\n        <\/table>\n        <div class=\"center-content\"><span class=\"more-inf-link\">PLUS D\u2019INFOS ET S\u2019INSCRIRE<\/span><\/div>\n     <\/div>       \n        <span><\/span>\n    <\/a>\n    <\/li>        \n <li class=\"\">        \n       <a href=\"https:\/\/socialenergie.alysdev.be\/fr\/formation\/animations\/\">          \n           <div class=\"background-img\"  style=\"background-image: url('https:\/\/socialenergie.alysdev.be\/wp-content\/uploads\/formation-02.jpg');\" >\n                \n            <h3>Outils et m\u00e9thodologie d&rsquo;animations en \u00e9nergie<\/h3>   \n            <\/div>\n     <div class=\"formation-info\">\n        <table>\n        <tr> \n            <td><img decoding=\"async\" src=\"https:\/\/www.socialenergie.be\/wp-content\/uploads\/date-1.png\"><\/td>\n            <td class=\"date-txt\"> Jeudi 18 juin 2026<br>9h30 \u00e0 16h<br>L<span style=\"text-transform: lowercase\">unch Sandwich<\/span>\n            <\/td>\n        <\/tr>\n        <tr> \n            <td><img decoding=\"async\" src=\"https:\/\/www.socialenergie.be\/wp-content\/uploads\/location-1.png\"> <\/td>\n            <td>\n                Dans nos locaux<br>rue Gheude 49<br>1070 Anderlecht            <\/td>\n        <\/tr>\n        <\/table>\n        <div class=\"center-content\"><span class=\"more-inf-link\">PLUS D\u2019INFOS ET S\u2019INSCRIRE<\/span><\/div>\n     <\/div>       \n        <span><\/span>\n    <\/a>\n    <\/li>        \n <li class=\"\">        \n       <a href=\"https:\/\/socialenergie.alysdev.be\/fr\/formation\/cycle-de-base\/\">          \n           <div class=\"background-img\"  style=\"background-image: url('https:\/\/socialenergie.alysdev.be\/wp-content\/uploads\/formation-02.jpg');\" >\n                \n            <h3>Cycle de base<\/h3>   \n            <\/div>\n     <div class=\"formation-info\">\n        <table>\n        <tr> \n            <td><img decoding=\"async\" src=\"https:\/\/www.socialenergie.be\/wp-content\/uploads\/date-1.png\"><\/td>\n            <td class=\"date-txt\"> 7 - 8 - 10 septembre 2026<br>9h30 \u00e0 16h<br>L<span style=\"text-transform: lowercase\">unch Sandwich<\/span>\n            <\/td>\n        <\/tr>\n        <tr> \n            <td><img decoding=\"async\" src=\"https:\/\/www.socialenergie.be\/wp-content\/uploads\/location-1.png\"> <\/td>\n            <td>\n                Dans nos locaux<br>rue Gheude 49<br>1070 Anderlecht            <\/td>\n        <\/tr>\n        <\/table>\n        <div class=\"center-content\"><span class=\"more-inf-link\">PLUS D\u2019INFOS ET S\u2019INSCRIRE<\/span><\/div>\n     <\/div>       \n        <span><\/span>\n    <\/a>\n    <\/li>        \n <li class=\"\">        \n       <a href=\"https:\/\/socialenergie.alysdev.be\/fr\/formation\/vad-intro\/\">          \n           <div class=\"background-img\"  style=\"background-image: url('https:\/\/socialenergie.alysdev.be\/wp-content\/uploads\/formation-07.jpg');\" >\n                \n            <h3>Visite \u00e0 domicile : Cadre, aspects relationnels et \u00e9changes de pratiques<\/h3>   \n            <\/div>\n     <div class=\"formation-info\">\n        <table>\n        <tr> \n            <td><img decoding=\"async\" src=\"https:\/\/www.socialenergie.be\/wp-content\/uploads\/date-1.png\"><\/td>\n            <td class=\"date-txt\"> Jeudi 24 septembre 2026<br>9h30 \u00e0 13h\n            <\/td>\n        <\/tr>\n        <tr> \n            <td><img decoding=\"async\" src=\"https:\/\/www.socialenergie.be\/wp-content\/uploads\/location-1.png\"> <\/td>\n            <td>\n                Dans nos locaux<br>rue Gheude 49<br>1070 Anderlecht            <\/td>\n        <\/tr>\n        <\/table>\n        <div class=\"center-content\"><span class=\"more-inf-link\">PLUS D\u2019INFOS ET S\u2019INSCRIRE<\/span><\/div>\n     <\/div>       \n        <span><\/span>\n    <\/a>\n    <\/li>        \n <li class=\"\">        \n       <a href=\"https:\/\/socialenergie.alysdev.be\/fr\/formation\/vad-chauffage\/\">          \n           <div class=\"background-img\"  style=\"background-image: url('https:\/\/socialenergie.alysdev.be\/wp-content\/uploads\/formation-05.jpg');\" >\n                \n            <h3>Visite \u00e0 domicile : Le Chauffage<\/h3>   \n            <\/div>\n     <div class=\"formation-info\">\n        <table>\n        <tr> \n            <td><img decoding=\"async\" src=\"https:\/\/www.socialenergie.be\/wp-content\/uploads\/date-1.png\"><\/td>\n            <td class=\"date-txt\"> Jeudi 8 octobre 2026<br>9h30 \u00e0 16h<br>L<span style=\"text-transform: lowercase\">unch Sandwich<\/span>\n            <\/td>\n        <\/tr>\n        <tr> \n            <td><img decoding=\"async\" src=\"https:\/\/www.socialenergie.be\/wp-content\/uploads\/location-1.png\"> <\/td>\n            <td>\n                Dans nos locaux<br>rue Gheude 49<br>1070 Anderlecht            <\/td>\n        <\/tr>\n        <\/table>\n        <div class=\"center-content\"><span class=\"more-inf-link\">PLUS D\u2019INFOS ET S\u2019INSCRIRE<\/span><\/div>\n     <\/div>       \n        <span><\/span>\n    <\/a>\n    <\/li>        \n <li class=\"\">        \n       <a href=\"https:\/\/socialenergie.alysdev.be\/fr\/formation\/vad-eau\/\">          \n           <div class=\"background-img\"  style=\"background-image: url('https:\/\/socialenergie.alysdev.be\/wp-content\/uploads\/formation-05.jpg');\" >\n                \n            <h3>Visite \u00e0 domicile : L&rsquo;eau froide et l&rsquo;eau chaude<\/h3>   \n            <\/div>\n     <div class=\"formation-info\">\n        <table>\n        <tr> \n            <td><img decoding=\"async\" src=\"https:\/\/www.socialenergie.be\/wp-content\/uploads\/date-1.png\"><\/td>\n            <td class=\"date-txt\"> Jeudi 5 novembre 2026<br>9h \u00e0 12h\n            <\/td>\n        <\/tr>\n        <tr> \n            <td><img decoding=\"async\" src=\"https:\/\/www.socialenergie.be\/wp-content\/uploads\/location-1.png\"> <\/td>\n            <td>\n                Dans nos locaux<br>rue Gheude 49<br>1070 Anderlecht            <\/td>\n        <\/tr>\n        <\/table>\n        <div class=\"center-content\"><span class=\"more-inf-link\">PLUS D\u2019INFOS ET S\u2019INSCRIRE<\/span><\/div>\n     <\/div>       \n        <span><\/span>\n    <\/a>\n    <\/li>        \n <li class=\"\">        \n       <a href=\"https:\/\/socialenergie.alysdev.be\/fr\/formation\/vad-logements-dangereux\/\">          \n           <div class=\"background-img\"  style=\"background-image: url('https:\/\/socialenergie.alysdev.be\/wp-content\/uploads\/formation-07.jpg');\" >\n                \n            <h3>Visite \u00e0 domicile : Les logements dangereux et leurs cons\u00e9quences sur la sant\u00e9<\/h3>   \n            <\/div>\n     <div class=\"formation-info\">\n        <table>\n        <tr> \n            <td><img decoding=\"async\" src=\"https:\/\/www.socialenergie.be\/wp-content\/uploads\/date-1.png\"><\/td>\n            <td class=\"date-txt\"> Mardi 24 novembre 2026 et jeudi 26 novembre<br><br\/>de 9h30 \u00e0 16h - L<span style=\"text-transform: lowercase\">unch Sandwich<\/span>\n            <\/td>\n        <\/tr>\n        <tr> \n            <td><img decoding=\"async\" src=\"https:\/\/www.socialenergie.be\/wp-content\/uploads\/location-1.png\"> <\/td>\n            <td>\n                Dans nos locaux<br>rue Gheude 49<br>1070 Anderlecht            <\/td>\n        <\/tr>\n        <\/table>\n        <div class=\"center-content\"><span class=\"more-inf-link\">PLUS D\u2019INFOS ET S\u2019INSCRIRE<\/span><\/div>\n     <\/div>       \n        <span><\/span>\n    <\/a>\n    <\/li>        \n      <div class=\"clear\"><\/div>\n<\/ul>\n\n\n<h1>Formations pass\u00e9es<\/h1>\n<ul id=\"\" class=\"db-formations\">    \n<li class=\"\">        \n       <a href=\"https:\/\/socialenergie.alysdev.be\/fr\/formation\/locataires-et-proprietaires\/\">          \n           <div class=\"background-img\"  style=\"background-image: url('https:\/\/socialenergie.alysdev.be\/wp-content\/uploads\/formation-07.jpg');\" >\n                \n            <h3>Droits et obligations des locataires et propri\u00e9taires<\/h3>   \n            <\/div>\n     <div class=\"formation-info\">\n        <table>\n        <tr> \n            <td><img decoding=\"async\" src=\"https:\/\/www.socialenergie.be\/wp-content\/uploads\/date-1.png\"><\/td>\n            <td class=\"date-txt\"> Jeudi 2 avril 2026<br>9h30 \u00e0 12h30\n            <\/td>\n        <\/tr>\n        <tr> \n            <td><img decoding=\"async\" src=\"https:\/\/www.socialenergie.be\/wp-content\/uploads\/location-1.png\"> <\/td>\n            <td>\n                Dans nos locaux<br>rue Gheude 49<br>1070 Anderlecht            <\/td>\n        <\/tr>\n        <\/table>\n        <div class=\"center-content\"><span class=\"more-inf-link\">PLUS D\u2019INFOS ET S\u2019INSCRIRE<\/span><\/div>\n     <\/div>       \n        <span><\/span>\n    <\/a>\n    <\/li>        \n <li class=\"\">        \n       <a href=\"https:\/\/socialenergie.alysdev.be\/fr\/formation\/factures-contrat-consommation\/\">          \n           <div class=\"background-img\"  style=\"background-image: url('https:\/\/socialenergie.alysdev.be\/wp-content\/uploads\/formation-03.jpg');\" >\n                \n            <h3>Gaz, \u00e9lectricit\u00e9, eau : Factures, contrat, consommation<\/h3>   \n            <\/div>\n     <div class=\"formation-info\">\n        <table>\n        <tr> \n            <td><img decoding=\"async\" src=\"https:\/\/www.socialenergie.be\/wp-content\/uploads\/date-1.png\"><\/td>\n            <td class=\"date-txt\"> Jeudi 19 mars 2026<br>9h30 \u00e0 16h<br>L<span style=\"text-transform: lowercase\">unch Sandwich<\/span>\n            <\/td>\n        <\/tr>\n        <tr> \n            <td><img decoding=\"async\" src=\"https:\/\/www.socialenergie.be\/wp-content\/uploads\/location-1.png\"> <\/td>\n            <td>\n                Dans nos locaux<br>rue Gheude 49<br>1070 Anderlecht            <\/td>\n        <\/tr>\n        <\/table>\n        <div class=\"center-content\"><span class=\"more-inf-link\">PLUS D\u2019INFOS ET S\u2019INSCRIRE<\/span><\/div>\n     <\/div>       \n        <span><\/span>\n    <\/a>\n    <\/li>        \n <li class=\"\">        \n       <a href=\"https:\/\/socialenergie.alysdev.be\/fr\/formation\/extrajudiciaire\/\">          \n           <div class=\"background-img\"  style=\"background-image: url('https:\/\/socialenergie.alysdev.be\/wp-content\/uploads\/formation-06.jpg');\" >\n                \n            <h3>Gaz, \u00e9lectricit\u00e9, eau : Plaintes et recours extrajudiciaires<\/h3>   \n            <\/div>\n     <div class=\"formation-info\">\n        <table>\n        <tr> \n            <td><img decoding=\"async\" src=\"https:\/\/www.socialenergie.be\/wp-content\/uploads\/date-1.png\"><\/td>\n            <td class=\"date-txt\"> Jeudi 5 mars 2026<br>9h30 \u00e0 12h30\n            <\/td>\n        <\/tr>\n        <tr> \n            <td><img decoding=\"async\" src=\"https:\/\/www.socialenergie.be\/wp-content\/uploads\/location-1.png\"> <\/td>\n            <td>\n                Dans nos locaux<br>rue Gheude 49<br>1070 Anderlecht            <\/td>\n        <\/tr>\n        <\/table>\n        <div class=\"center-content\"><span class=\"more-inf-link\">PLUS D\u2019INFOS ET S\u2019INSCRIRE<\/span><\/div>\n     <\/div>       \n        <span><\/span>\n    <\/a>\n    <\/li>        \n <li class=\"\">        \n       <a href=\"https:\/\/socialenergie.alysdev.be\/fr\/formation\/logement-performant\/\">          \n           <div class=\"background-img\"  style=\"background-image: url('https:\/\/socialenergie.alysdev.be\/wp-content\/uploads\/formation-07.jpg');\" >\n                \n            <h3>Habiter un logement performant : comprendre et agir<\/h3>   \n            <\/div>\n     <div class=\"formation-info\">\n        <table>\n        <tr> \n            <td><img decoding=\"async\" src=\"https:\/\/www.socialenergie.be\/wp-content\/uploads\/date-1.png\"><\/td>\n            <td class=\"date-txt\"> (12 f\u00e9vrier et 12 mars 2026) !! Report\u00e9 \u2013 dates \u00e0 confirmer<br>9h30 \u00e0 16h<br>L<span style=\"text-transform: lowercase\">unch Sandwich<\/span>\n            <\/td>\n        <\/tr>\n        <tr> \n            <td><img decoding=\"async\" src=\"https:\/\/www.socialenergie.be\/wp-content\/uploads\/location-1.png\"> <\/td>\n            <td>\n                Salle L'\u00e9chapp\u00e9e<br>rue Drootbeek 30<br>1020 Laeken            <\/td>\n        <\/tr>\n        <\/table>\n        <div class=\"center-content\"><span class=\"more-inf-link\">PLUS D\u2019INFOS ET S\u2019INSCRIRE<\/span><\/div>\n     <\/div>       \n        <span><\/span>\n    <\/a>\n    <\/li>        \n <li class=\"\">        \n       <a href=\"https:\/\/socialenergie.alysdev.be\/fr\/formation\/recouvrement-et-mesures-sociales\/\">          \n           <div class=\"background-img\"  style=\"background-image: url('https:\/\/socialenergie.alysdev.be\/wp-content\/uploads\/formation-06.jpg');\" >\n                \n            <h3>Gaz, \u00e9lectricit\u00e9, eau : Proc\u00e9dure de recouvrement et mesures sociales<\/h3>   \n            <\/div>\n     <div class=\"formation-info\">\n        <table>\n        <tr> \n            <td><img decoding=\"async\" src=\"https:\/\/www.socialenergie.be\/wp-content\/uploads\/date-1.png\"><\/td>\n            <td class=\"date-txt\"> Jeudi 29 janvier 2026<br>9h30 \u00e0 16h<br>L<span style=\"text-transform: lowercase\">unch Sandwich<\/span>\n            <\/td>\n        <\/tr>\n        <tr> \n            <td><img decoding=\"async\" src=\"https:\/\/www.socialenergie.be\/wp-content\/uploads\/location-1.png\"> <\/td>\n            <td>\n                Dans nos locaux<br>rue Gheude 49<br>1070 Anderlecht            <\/td>\n        <\/tr>\n        <\/table>\n        <div class=\"center-content\"><span class=\"more-inf-link\">PLUS D\u2019INFOS ET S\u2019INSCRIRE<\/span><\/div>\n     <\/div>       \n        <span><\/span>\n    <\/a>\n    <\/li>        \n      <div class=\"clear\"><\/div>\n<\/ul>\n\n","protected":false},"excerpt":{"rendered":"<p>Les formations propos\u00e9es par le Centre d\u2019Appui SocialEnergie s\u2019adressent aux travailleuses sociales et aux travailleurs sociaux de premi\u00e8re ligne, de tous secteurs, confront\u00e9\u00b7e\u00b7s aux mati\u00e8res de l\u2019\u00e9nergie et de l\u2019eau en r\u00e9gion Bruxelloise. D\u00e9clin\u00e9es sur un mode participatif, elles allient th\u00e9orie et mise en pratique des savoirs des participant\u00b7e\u00b7s. Nos formations sont enti\u00e8rement gratuites et [&hellip;]<\/p>\n","protected":false},"author":4,"featured_media":13068,"parent":0,"menu_order":16,"comment_status":"closed","ping_status":"closed","template":"temp_fullcontent.php","meta":{"_acf_changed":false,"footnotes":""},"class_list":["post-10041","page","type-page","status-publish","has-post-thumbnail","hentry"],"acf":[],"_links":{"self":[{"href":"https:\/\/socialenergie.alysdev.be\/fr\/wp-json\/wp\/v2\/pages\/10041","targetHints":{"allow":["GET"]}}],"collection":[{"href":"https:\/\/socialenergie.alysdev.be\/fr\/wp-json\/wp\/v2\/pages"}],"about":[{"href":"https:\/\/socialenergie.alysdev.be\/fr\/wp-json\/wp\/v2\/types\/page"}],"author":[{"embeddable":true,"href":"https:\/\/socialenergie.alysdev.be\/fr\/wp-json\/wp\/v2\/users\/4"}],"replies":[{"embeddable":true,"href":"https:\/\/socialenergie.alysdev.be\/fr\/wp-json\/wp\/v2\/comments?post=10041"}],"version-history":[{"count":14,"href":"https:\/\/socialenergie.alysdev.be\/fr\/wp-json\/wp\/v2\/pages\/10041\/revisions"}],"predecessor-version":[{"id":12502,"href":"https:\/\/socialenergie.alysdev.be\/fr\/wp-json\/wp\/v2\/pages\/10041\/revisions\/12502"}],"wp:featuredmedia":[{"embeddable":true,"href":"https:\/\/socialenergie.alysdev.be\/fr\/wp-json\/wp\/v2\/media\/13068"}],"wp:attachment":[{"href":"https:\/\/socialenergie.alysdev.be\/fr\/wp-json\/wp\/v2\/media?parent=10041"}],"curies":[{"name":"wp","href":"https:\/\/api.w.org\/{rel}","templated":true}]}}