{"id":10124,"date":"2024-09-26T12:34:42","date_gmt":"2024-09-26T10:34:42","guid":{"rendered":"https:\/\/socialenergie.alysdev.be\/?page_id=10124"},"modified":"2024-10-08T14:48:31","modified_gmt":"2024-10-08T12:48:31","slug":"calcul-des-prix-moyens-de-lenergie","status":"publish","type":"page","link":"https:\/\/socialenergie.alysdev.be\/fr\/consommation\/evolution-de-la-consommation\/calcul-des-prix-moyens-de-lenergie\/","title":{"rendered":"Calcul des prix moyens de l&rsquo;\u00e9nergie"},"content":{"rendered":"<h3><em>Vous souhaitez conna\u00eetre l\u2019\u00e9volution du prix moyen de l\u2019\u00e9nergie\u00a0? Comparer le tarif social au tarif commercial moyen\u00a0? Avoir un prix de r\u00e9f\u00e9rence\u00a0?<\/em><\/h3>\n<p>Pour faciliter l\u2019acc\u00e8s \u00e0 cette information, le Centre d\u2019Appui SocialEnergie a mis en place un \u00ab\u00a0<strong>calculateur<\/strong>\u00a0\u00bb \u00e0 partir des prix publi\u00e9s par la CREG (Commission de R\u00e9gulation de l\u2019Electricit\u00e9 et du Gaz) pour la R\u00e9gion de Bruxelles-Capitale.<\/p>\n<p>Pour acc\u00e9der au <strong>prix moyen<\/strong> d\u2019une p\u00e9riode ou d\u2019un mois pr\u00e9cis, il suffit de s\u00e9lectionner les <strong>dates<\/strong> de la p\u00e9riode voulue et la <strong>source d\u2019\u00e9nergie<\/strong> (\u00e9lectricit\u00e9, gaz ou mazout).<\/p>\n<p>Il est possible de s\u00e9lectionner plusieurs sources pour les comparer entre elles. Par exemple\u00a0: le prix du gaz au tarif social et commercial.<\/p>\n<p>L\u2019information apparaitra sous la forme d\u2019un <strong>tableau<\/strong> et d\u2019un <strong>graphique<\/strong>.<\/p>\n<p>Pour les travailleurs sociaux, cet outil est utile pour\u00a0:<\/p>\n<ul>\n<li>Avoir une vue globale de l\u2019\u00e9volution des prix de l\u2019\u00e9nergie<\/li>\n<li>S\u2019appuyer sur un prix de r\u00e9f\u00e9rence pour v\u00e9rifier les factures, les montants r\u00e9clam\u00e9s dans les d\u00e9comptes de charges<\/li>\n<li>Dans un d\u00e9compte de charges, pouvoir calculer approximativement la consommation du m\u00e9nage en kWh, en r\u00e9alisant une projection sur base du prix moyen<\/li>\n<\/ul>\n<p>Vous avez des questions\u00a0? Des suggestions\u00a0? N\u2019h\u00e9sitez pas \u00e0 nous contacter au 02 526 03 00 ou par mail <a href=\"mailto:socialenergie@fdss.be\">socialenergie@fdss.be<\/a>.<\/p>\n<p><a class=\"button\" style=\"text-color: white;\" href=\"https:\/\/case.fdssit.be\/tools\/average-calculator?lang=fr\" target=\"_blank\" rel=\"noopener\">Calculateur<\/a><\/p>\n","protected":false},"excerpt":{"rendered":"<p>Vous souhaitez conna\u00eetre l\u2019\u00e9volution du prix moyen de l\u2019\u00e9nergie\u00a0? Comparer le tarif social au tarif commercial moyen\u00a0? Avoir un prix de r\u00e9f\u00e9rence\u00a0? Pour faciliter l\u2019acc\u00e8s \u00e0 cette information, le Centre d\u2019Appui SocialEnergie a mis en place un \u00ab\u00a0calculateur\u00a0\u00bb \u00e0 partir des prix publi\u00e9s par la CREG (Commission de R\u00e9gulation de l\u2019Electricit\u00e9 et du Gaz) pour [&hellip;]<\/p>\n","protected":false},"author":1,"featured_media":0,"parent":938,"menu_order":108,"comment_status":"closed","ping_status":"closed","template":"","meta":{"_acf_changed":false,"footnotes":""},"class_list":["post-10124","page","type-page","status-publish","hentry"],"acf":[],"_links":{"self":[{"href":"https:\/\/socialenergie.alysdev.be\/fr\/wp-json\/wp\/v2\/pages\/10124","targetHints":{"allow":["GET"]}}],"collection":[{"href":"https:\/\/socialenergie.alysdev.be\/fr\/wp-json\/wp\/v2\/pages"}],"about":[{"href":"https:\/\/socialenergie.alysdev.be\/fr\/wp-json\/wp\/v2\/types\/page"}],"author":[{"embeddable":true,"href":"https:\/\/socialenergie.alysdev.be\/fr\/wp-json\/wp\/v2\/users\/1"}],"replies":[{"embeddable":true,"href":"https:\/\/socialenergie.alysdev.be\/fr\/wp-json\/wp\/v2\/comments?post=10124"}],"version-history":[{"count":11,"href":"https:\/\/socialenergie.alysdev.be\/fr\/wp-json\/wp\/v2\/pages\/10124\/revisions"}],"predecessor-version":[{"id":10188,"href":"https:\/\/socialenergie.alysdev.be\/fr\/wp-json\/wp\/v2\/pages\/10124\/revisions\/10188"}],"up":[{"embeddable":true,"href":"https:\/\/socialenergie.alysdev.be\/fr\/wp-json\/wp\/v2\/pages\/938"}],"wp:attachment":[{"href":"https:\/\/socialenergie.alysdev.be\/fr\/wp-json\/wp\/v2\/media?parent=10124"}],"curies":[{"name":"wp","href":"https:\/\/api.w.org\/{rel}","templated":true}]}}