{"id":1015,"date":"2016-06-07T15:59:09","date_gmt":"2016-06-07T13:59:09","guid":{"rendered":"http:\/\/zl31wzsmw.preview.infomaniak.website\/_new2016\/fr\/?page_id=1015"},"modified":"2025-12-22T14:20:44","modified_gmt":"2025-12-22T13:20:44","slug":"pourquoi","status":"publish","type":"page","link":"https:\/\/socialenergie.alysdev.be\/fr\/contrats\/choisir-un-contrat\/pourquoi\/","title":{"rendered":"Pourquoi choisir un contrat?"},"content":{"rendered":"<p><img loading=\"lazy\" decoding=\"async\" class=\"alignleft size-thumbnail wp-image-1084\" src=\"http:\/\/socialenergie.alysdev.be\/wp-content\/uploads\/Bonhomme_interrogatif-106x150.jpg\" alt=\"Bonhomme_interrogatif\" width=\"106\" height=\"150\" srcset=\"https:\/\/socialenergie.alysdev.be\/wp-content\/uploads\/Bonhomme_interrogatif-106x150.jpg 106w, https:\/\/socialenergie.alysdev.be\/wp-content\/uploads\/Bonhomme_interrogatif-213x300.jpg 213w, https:\/\/socialenergie.alysdev.be\/wp-content\/uploads\/Bonhomme_interrogatif.jpg 219w\" sizes=\"auto, (max-width: 106px) 100vw, 106px\" \/>Jusqu\u2019en d\u00e9cembre 2006, avant la lib\u00e9ralisation du secteur de l\u2019\u00e9nergie, tous les m\u00e9nages \u00e9taient abonn\u00e9s pour une dur\u00e9e ind\u00e9termin\u00e9e \u00e0 un distributeur local (Sibelgaz en R\u00e9gion bruxelloise). Le prix de l\u2019\u00e9nergie, fix\u00e9 par l\u2019Etat f\u00e9d\u00e9ral, \u00e9tait le m\u00eame pour tout le monde. Les citoyens n\u2019avaient pas \u00e0 effectuer un choix entre diff\u00e9rents op\u00e9rateurs.<\/p>\n<p>Depuis la lib\u00e9ralisation du secteur, intervenue le 1er janvier 2007 en R\u00e9gion bruxelloise, la vente de gaz et d\u2019\u00e9lectricit\u00e9 (aussi appel\u00e9e fourniture) est ouverte \u00e0 la concurrence. Des entreprises commerciales, les fournisseurs, peuvent, moyennant le respect de certaines r\u00e8gles d\u00e9finies par les autorit\u00e9s publiques, proposer des contrats aux m\u00e9nages de la r\u00e9gion bruxelloise. Ceux-ci ont donc la libert\u00e9 de choisir leur(s) fournisseur(s) d\u2019\u00e9nergie. Le prix pay\u00e9 varie selon le fournisseur choisi et le type de contrat conclu avec lui.<\/p>\n<h2>Le choix d\u2019un contrat est-il obligatoire ?<\/h2>\n<p>Oui. Cependant, le l\u00e9gislateur a pr\u00e9vu un dispositif pour \u00e9viter que les m\u00e9nages n\u2019ayant pas fait le choix actif d\u2019un contrat depuis la lib\u00e9ralisation &#8211; intervenue le 1er janvier 2007 &#8211; se retrouvent sans gaz et\/ou \u00e9lectricit\u00e9. Un fournisseur par d\u00e9faut a \u00e9t\u00e9 attribu\u00e9 d\u2019office \u00e0 tous ces m\u00e9nages. Il s\u2019agit d\u2019Electrabel Customer Solutions (ECS) qui a une offre de base sp\u00e9cifique (\u00ab Electrabel Standard \u00bb) pour ce type de clients. Son tarif est parmi les plus \u00e9lev\u00e9s du march\u00e9.<\/p>\n<p class=\"attention\"><strong>Pas de retour possible vers le fournisseur par d\u00e9faut <\/strong><br \/>\nLe dispositif du fournisseur par d\u00e9faut ne vaut que pour les personnes qui n\u2019ont pas fait le choix actif d\u2019un fournisseur commercial depuis la lib\u00e9ralisation. Une fois qu\u2019un choix d\u2019un fournisseur a \u00e9t\u00e9 fait, il n\u2019est plus possible de retrouver l\u2019offre du fournisseur par d\u00e9faut. En cas de cl\u00f4ture de leur contrat commercial, pour garder l\u2019acc\u00e8s au gaz et\/ou \u00e0 l\u2019\u00e9lectricit\u00e9, les m\u00e9nages doivent retrouver et signer un nouveau contrat commercial. Dans le cas contraire, ils se retrouvent sans fournisseur.<\/p>\n<p class=\"info\"><strong>Ne pas garder le contrat par d\u00e9faut<\/strong><br \/>\nIl est plus avantageux de faire le choix actif d\u2019un contrat que de garder le contrat par d\u00e9faut (\u00ab Electrabel Standard \u00bb). En cas de <a href=\"https:\/\/socialenergie.alysdev.be\/contrats\/demenagement\/\" target=\"_blank\" rel=\"noopener noreferrer\">d\u00e9m\u00e9nagement<\/a>, la personne a le droit de transf\u00e9rer son contrat par d\u00e9faut \u00e0 sa nouvelle adresse. Cependant, ce choix n&rsquo;est pas le plus avantageux financi\u00e8rement.<\/p>\n<h2>Est-il possible de se retrouver sans contrat ?<\/h2>\n<p>En principe, non. Il y a cependant des exceptions. Il peut en effet arriver qu\u2019une personne se retrouve sans contrat, parfois \u00e0 son insu. Elle est alors en situation irr\u00e9guli\u00e8re et risque de se retrouver sans gaz et\/ou \u00e9lectricit\u00e9 via la fermeture de ses compteurs. Cette fermeture peut intervenir sans d\u00e9cision pr\u00e9alable d\u2019un <a class=\"lexique\" title=\"Le juge de paix est le juge qui est consid\u00e9r\u00e9 comme le plus proche de la population. Il traite les affaires touchant \u00e0 la vie familiale, le voisinage et le logement. Il tente aussi de proposer une solution humaine, de pr\u00e9f\u00e9rence en concertation avec les parties concern\u00e9es. La justice de paix est une juridiction civile : on n'y traite donc pas d'affaires p\u00e9nales. Chaque canton judiciaire comprend une justice de paix. La Belgique compte 162 justices de paix au total.\">juge de paix<\/a>, quelle que soit la p\u00e9riode de l\u2019ann\u00e9e.<\/p>\n<p>Concr\u00e8tement, se retrouver sans contrat est possible :<\/p>\n<ul>\n<li>si une personne emm\u00e9nage dans une habitation dont les compteurs sont ouverts et ne pense pas \u00e0 contacter un fournisseur et \u00e0 conclure un contrat<\/li>\n<li>si une personne choisit un contrat par t\u00e9l\u00e9phone et oublie de le confirmer par \u00e9crit<\/li>\n<li>si une personne ne choisit pas de fournisseur au terme d\u2019un contrat non reconduit<\/li>\n<\/ul>\n<ul>\n<li>si une personne est endett\u00e9e aupr\u00e8s de tous les fournisseurs et que tous refusent de lui faire une offre de contrat<\/li>\n<\/ul>\n<p>Pour en savoir plus sur la consommation hors-contrat, <a href=\"https:\/\/socialenergie.alysdev.be\/contrats\/consommation-hors-contrat\/\" target=\"_blank\" rel=\"noopener noreferrer\">suivez ce lien<\/a>.<\/p>\n<p><!-- Add code here that should appear in the content block of all new pages --><\/p>\n","protected":false},"excerpt":{"rendered":"<p>Jusqu\u2019en d\u00e9cembre 2006, avant la lib\u00e9ralisation du secteur de l\u2019\u00e9nergie, tous les m\u00e9nages \u00e9taient abonn\u00e9s pour une dur\u00e9e ind\u00e9termin\u00e9e \u00e0 un distributeur local (Sibelgaz en R\u00e9gion bruxelloise). Le prix de l\u2019\u00e9nergie, fix\u00e9 par l\u2019Etat f\u00e9d\u00e9ral, \u00e9tait le m\u00eame pour tout le monde. Les citoyens n\u2019avaient pas \u00e0 effectuer un choix entre diff\u00e9rents op\u00e9rateurs. Depuis la [&hellip;]<\/p>\n","protected":false},"author":1,"featured_media":0,"parent":1013,"menu_order":389,"comment_status":"closed","ping_status":"closed","template":"","meta":{"_acf_changed":false,"footnotes":""},"class_list":["post-1015","page","type-page","status-publish","hentry"],"acf":[],"_links":{"self":[{"href":"https:\/\/socialenergie.alysdev.be\/fr\/wp-json\/wp\/v2\/pages\/1015","targetHints":{"allow":["GET"]}}],"collection":[{"href":"https:\/\/socialenergie.alysdev.be\/fr\/wp-json\/wp\/v2\/pages"}],"about":[{"href":"https:\/\/socialenergie.alysdev.be\/fr\/wp-json\/wp\/v2\/types\/page"}],"author":[{"embeddable":true,"href":"https:\/\/socialenergie.alysdev.be\/fr\/wp-json\/wp\/v2\/users\/1"}],"replies":[{"embeddable":true,"href":"https:\/\/socialenergie.alysdev.be\/fr\/wp-json\/wp\/v2\/comments?post=1015"}],"version-history":[{"count":7,"href":"https:\/\/socialenergie.alysdev.be\/fr\/wp-json\/wp\/v2\/pages\/1015\/revisions"}],"predecessor-version":[{"id":12732,"href":"https:\/\/socialenergie.alysdev.be\/fr\/wp-json\/wp\/v2\/pages\/1015\/revisions\/12732"}],"up":[{"embeddable":true,"href":"https:\/\/socialenergie.alysdev.be\/fr\/wp-json\/wp\/v2\/pages\/1013"}],"wp:attachment":[{"href":"https:\/\/socialenergie.alysdev.be\/fr\/wp-json\/wp\/v2\/media?parent=1015"}],"curies":[{"name":"wp","href":"https:\/\/api.w.org\/{rel}","templated":true}]}}