{"id":1021,"date":"2016-06-07T16:17:42","date_gmt":"2016-06-07T14:17:42","guid":{"rendered":"http:\/\/zl31wzsmw.preview.infomaniak.website\/_new2016\/fr\/?page_id=1021"},"modified":"2025-12-23T11:54:22","modified_gmt":"2025-12-23T10:54:22","slug":"duree","status":"publish","type":"page","link":"https:\/\/socialenergie.alysdev.be\/fr\/contrats\/duree-et-fin\/duree\/","title":{"rendered":"Dur\u00e9e du contrat"},"content":{"rendered":"<p>En R\u00e9gion bruxelloise, et selon la l\u00e9gislation r\u00e9gionale<span class=\"exposant\" style=\"font-size: x-small;\">1<\/span>, tout contrat de fourniture pour client r\u00e9sidentiel (contrat priv\u00e9) est conclu pour une <a href=\"https:\/\/socialenergie.alysdev.be\/contrats\/protection\/obligations-des-fournisseurs\/\" target=\"_blank\" rel=\"noopener noreferrer\" target=\"_blank\" rel=\"noopener\">dur\u00e9e minimum de 3 ans<\/a>. La dur\u00e9e et la date de cl\u00f4ture du contrat sont indiqu\u00e9es sur la <a href=\"https:\/\/socialenergie.alysdev.be\/factures\/types\/regularisation\/\" target=\"_blank\" rel=\"noopener noreferrer\" target=\"_blank\" rel=\"noopener\">facture de r\u00e9gularisation<\/a> (annuelle) et sur les <a href=\"https:\/\/socialenergie.alysdev.be\/factures\/types\/intermediaire\/\" target=\"_blank\" rel=\"noopener noreferrer\" target=\"_blank\" rel=\"noopener\">factures interm\u00e9diaires<\/a>.<\/p>\n<p class=\"attention\"><strong>Exception<br \/>\n<\/strong>Le contrat par d\u00e9faut (\u00ab Electrabel Standard \u00bb) n\u2019a pas de dur\u00e9e d\u00e9termin\u00e9e : il se poursuit tant que le client ne d\u00e9cide pas de changer de contrat.<\/p>\n<p>En g\u00e9n\u00e9ral, les conditions g\u00e9n\u00e9rales de tous les fournisseurs pr\u00e9voient par d\u00e9faut la reconduction tacite du contrat aux m\u00eames conditions pour des p\u00e9riodes successives de 12 mois.<\/p>\n<p>Au terme du contrat :<\/p>\n<ul>\n<li><strong>le fournisseur <\/strong>a le choix de s\u2019opposer \u00e0 la reconduction tacite du contrat. Quel que soit son choix, il doit en pr\u00e9venir le client par \u00e9crit au moins un mois avant le terme du contrat. S&rsquo;il choisit de reconduire le contrat, le fournisseur n&rsquo;a pas le droit d&rsquo;appliquer un tarif plus \u00e9lev\u00e9 sans l&rsquo;accord explicite du consommateur.<\/li>\n<li><strong>Le client <\/strong>a la libert\u00e9 de refuser la reconduction tacite. Il peut alors opter pour l\u2019une des possibilit\u00e9s suivantes :\n<ul>\n<li>demander, par \u00e9crit, le renouvellement de son contrat pour une nouvelle dur\u00e9e de 3 ans ou plus, et non 12 mois. Le fournisseur a la libert\u00e9 d\u2019accepter ou non cette demande. Il faut lire les conditions g\u00e9n\u00e9rales qui pr\u00e9voient des modalit\u00e9s particuli\u00e8res propres \u00e0 chaque fournisseur.<\/li>\n<li>conclure un nouveau contrat avec son fournisseur<\/li>\n<li>changer de fournisseur<\/li>\n<\/ul>\n<\/li>\n<\/ul>\n<p>Si le fournisseur choisit de ne pas reconduire le contrat, la personne doit imp\u00e9rativement signer un nouveau contrat avec son fournisseur ou trouver un autre fournisseur. A d\u00e9faut, elle risque la fermeture de son compteur de gaz et\/ou d\u2019\u00e9lectricit\u00e9 car elle se trouve dans une situation de <a href=\"https:\/\/socialenergie.alysdev.be\/contrats\/consommation-hors-contrat\/\" target=\"_blank\" rel=\"noopener noreferrer\">consommation \u00ab\u00a0hors contrat\u00a0\u00bb<\/a>. Cette demande de fermeture par le fournisseur peut se faire sans l&rsquo;accord d&rsquo;un juge de paix.<\/p>\n<p class=\"greybg cadre\"><span style=\"font-size: x-small;\">[1] Art.25 quater al.4, Ord. du 19 juillet 2001 relative \u00e0 l\u2019organisation du march\u00e9 de l\u2019\u00e9lectricit\u00e9 en R\u00e9gion de Bruxelles-Capitale ; Art.20 ter al.5, Ord. du 01 avril 2004 relative \u00e0 l&rsquo;organisation du march\u00e9 du gaz en R\u00e9gion de Bruxelles-Capitale.<\/span><\/p>\n<p><!-- Add code here that should appear in the content block of all new pages --><\/p>\n","protected":false},"excerpt":{"rendered":"<p>En R\u00e9gion bruxelloise, et selon la l\u00e9gislation r\u00e9gionale1, tout contrat de fourniture pour client r\u00e9sidentiel (contrat priv\u00e9) est conclu pour une dur\u00e9e minimum de 3 ans. La dur\u00e9e et la date de cl\u00f4ture du contrat sont indiqu\u00e9es sur la facture de r\u00e9gularisation (annuelle) et sur les factures interm\u00e9diaires. Exception Le contrat par d\u00e9faut (\u00ab Electrabel [&hellip;]<\/p>\n","protected":false},"author":1,"featured_media":0,"parent":1019,"menu_order":186,"comment_status":"closed","ping_status":"closed","template":"","meta":{"_acf_changed":false,"footnotes":""},"class_list":["post-1021","page","type-page","status-publish","hentry"],"acf":[],"_links":{"self":[{"href":"https:\/\/socialenergie.alysdev.be\/fr\/wp-json\/wp\/v2\/pages\/1021","targetHints":{"allow":["GET"]}}],"collection":[{"href":"https:\/\/socialenergie.alysdev.be\/fr\/wp-json\/wp\/v2\/pages"}],"about":[{"href":"https:\/\/socialenergie.alysdev.be\/fr\/wp-json\/wp\/v2\/types\/page"}],"author":[{"embeddable":true,"href":"https:\/\/socialenergie.alysdev.be\/fr\/wp-json\/wp\/v2\/users\/1"}],"replies":[{"embeddable":true,"href":"https:\/\/socialenergie.alysdev.be\/fr\/wp-json\/wp\/v2\/comments?post=1021"}],"version-history":[{"count":12,"href":"https:\/\/socialenergie.alysdev.be\/fr\/wp-json\/wp\/v2\/pages\/1021\/revisions"}],"predecessor-version":[{"id":12887,"href":"https:\/\/socialenergie.alysdev.be\/fr\/wp-json\/wp\/v2\/pages\/1021\/revisions\/12887"}],"up":[{"embeddable":true,"href":"https:\/\/socialenergie.alysdev.be\/fr\/wp-json\/wp\/v2\/pages\/1019"}],"wp:attachment":[{"href":"https:\/\/socialenergie.alysdev.be\/fr\/wp-json\/wp\/v2\/media?parent=1021"}],"curies":[{"name":"wp","href":"https:\/\/api.w.org\/{rel}","templated":true}]}}