{"id":1034,"date":"2016-06-07T16:21:58","date_gmt":"2016-06-07T14:21:58","guid":{"rendered":"http:\/\/zl31wzsmw.preview.infomaniak.website\/_new2016\/fr\/?page_id=1034"},"modified":"2025-10-28T14:51:52","modified_gmt":"2025-10-28T13:51:52","slug":"demenagement","status":"publish","type":"page","link":"https:\/\/socialenergie.alysdev.be\/fr\/contrats\/demenagement\/","title":{"rendered":"D\u00e9m\u00e9nagement et emm\u00e9nagement (gaz-\u00e9lectricit\u00e9)"},"content":{"rendered":"<ul>\n<li><a href=\"https:\/\/socialenergie.alysdev.be\/contrats\/demenagement\/transferer-ou-conclure\/\" target=\"_blank\" rel=\"noopener noreferrer\">Transf\u00e9rer ou conclure un contrat<\/a><\/li>\n<li><a href=\"https:\/\/socialenergie.alysdev.be\/contrats\/demenagement\/demarches-obligatoires\/\" target=\"_blank\" rel=\"noopener noreferrer\">D\u00e9marches obligatoires<\/a><\/li>\n<li><a href=\"https:\/\/socialenergie.alysdev.be\/contrats\/demenagement\/occupant-sortant\/\" target=\"_blank\" rel=\"noopener noreferrer\">L&rsquo;occupant sortant<\/a><\/li>\n<li><a href=\"https:\/\/socialenergie.alysdev.be\/contrats\/demenagement\/occupant-entrant\/\" target=\"_blank\" rel=\"noopener noreferrer\">L&rsquo;occupant entrant<\/a><\/li>\n<li><a href=\"https:\/\/socialenergie.alysdev.be\/contrats\/demenagement\/cas-particuliers\/\" target=\"_blank\" rel=\"noopener noreferrer\">Cas particuliers<\/a><\/li>\n<\/ul>\n","protected":false},"excerpt":{"rendered":"<p>Transf\u00e9rer ou conclure un contrat D\u00e9marches obligatoires L&rsquo;occupant sortant L&rsquo;occupant entrant Cas particuliers<\/p>\n","protected":false},"author":1,"featured_media":0,"parent":42,"menu_order":182,"comment_status":"closed","ping_status":"closed","template":"","meta":{"_acf_changed":false,"footnotes":""},"class_list":["post-1034","page","type-page","status-publish","hentry"],"acf":[],"_links":{"self":[{"href":"https:\/\/socialenergie.alysdev.be\/fr\/wp-json\/wp\/v2\/pages\/1034","targetHints":{"allow":["GET"]}}],"collection":[{"href":"https:\/\/socialenergie.alysdev.be\/fr\/wp-json\/wp\/v2\/pages"}],"about":[{"href":"https:\/\/socialenergie.alysdev.be\/fr\/wp-json\/wp\/v2\/types\/page"}],"author":[{"embeddable":true,"href":"https:\/\/socialenergie.alysdev.be\/fr\/wp-json\/wp\/v2\/users\/1"}],"replies":[{"embeddable":true,"href":"https:\/\/socialenergie.alysdev.be\/fr\/wp-json\/wp\/v2\/comments?post=1034"}],"version-history":[{"count":10,"href":"https:\/\/socialenergie.alysdev.be\/fr\/wp-json\/wp\/v2\/pages\/1034\/revisions"}],"predecessor-version":[{"id":12232,"href":"https:\/\/socialenergie.alysdev.be\/fr\/wp-json\/wp\/v2\/pages\/1034\/revisions\/12232"}],"up":[{"embeddable":true,"href":"https:\/\/socialenergie.alysdev.be\/fr\/wp-json\/wp\/v2\/pages\/42"}],"wp:attachment":[{"href":"https:\/\/socialenergie.alysdev.be\/fr\/wp-json\/wp\/v2\/media?parent=1034"}],"curies":[{"name":"wp","href":"https:\/\/api.w.org\/{rel}","templated":true}]}}