{"id":1038,"date":"2016-06-07T16:22:58","date_gmt":"2016-06-07T14:22:58","guid":{"rendered":"http:\/\/zl31wzsmw.preview.infomaniak.website\/_new2016\/fr\/?page_id=1038"},"modified":"2025-12-23T12:02:08","modified_gmt":"2025-12-23T11:02:08","slug":"demarches-obligatoires","status":"publish","type":"page","link":"https:\/\/socialenergie.alysdev.be\/fr\/contrats\/demenagement\/demarches-obligatoires\/","title":{"rendered":"D\u00e9m\u00e9nagement &#8211; D\u00e9marches obligatoires"},"content":{"rendered":"<p>Pour tout logement disposant de compteurs de gaz et\/ou d\u2019\u00e9lectricit\u00e9, il est obligatoire de souscrire un contrat aupr\u00e8s d\u2019un fournisseur commercial agr\u00e9\u00e9. Ce sont les ordonnances \u00ab gaz \u00bb et \u00ab \u00e9lectricit\u00e9 \u00bb qui fixent cette obligation.<\/p>\n<p>Qu\u2019il s\u2019agisse d\u2019un <a href=\"https:\/\/socialenergie.alysdev.be\/contrats\/demenagement\/transferer-ou-conclure\/\" target=\"_blank\" rel=\"noopener noreferrer\">nouveau contrat ou d\u2019un transfert depuis une autre adresse<\/a>, l\u2019occupant qui signe le contrat doit s\u2019assurer qu\u2019il est bien enregistr\u00e9 et activ\u00e9.<\/p>\n<p>Toute personne qui r\u00e9side dans la r\u00e9gion de Bruxelles-Capitale doit :<\/p>\n<ul>\n<li>s\u2019assurer de disposer d\u2019un <strong>contrat \u00e9nerg\u00e9tique actif<\/strong>, conclu aupr\u00e8s d\u2019un fournisseur commercial <strong>ET<\/strong><\/li>\n<li>s\u2019assurer que ses <strong>compteurs sont ouverts<\/strong> (c\u2019est-\u00e0-dire non ferm\u00e9s et non scell\u00e9s)<\/li>\n<li>s\u2019assurer de garder des traces \u00e9crites (transmission d\u2019index, copie du contrat de fourniture, etc.)<\/li>\n<\/ul>\n<p>Vous trouverez un r\u00e9sum\u00e9 des d\u00e9marches \u00e0 effectuer dans la fiche pratique \u00ab\u00a0<a href=\"https:\/\/socialenergie.alysdev.be\/publications\/fiche-pratique-demenagement\/\" target=\"_blank\" rel=\"noopener noreferrer\" target=\"_blank\" rel=\"noopener noreferrer\">D\u00e9m\u00e9nagement-Emm\u00e9nagement<\/a>\u00a0\u00bb<\/p>\n<h2>1. Validit\u00e9 du contrat<\/h2>\n<p>Lors d\u2019un d\u00e9m\u00e9nagement, il est imp\u00e9ratif de v\u00e9rifier si le contrat d\u2019\u00e9nergie (<a href=\"https:\/\/socialenergie.alysdev.be\/contrats\/demenagement\/transferer-ou-conclure\/\" target=\"_blank\" rel=\"noopener noreferrer\">nouveau ou transf\u00e9r\u00e9 depuis la derni\u00e8re adresse<\/a>) est bien actif. Si ce n\u2019est pas le cas, la personne consomme de l\u2019\u00e9nergie \u00ab <a href=\"https:\/\/socialenergie.alysdev.be\/contrats\/consommation-hors-contrat\/\" target=\"_blank\" rel=\"noopener noreferrer\">hors contrat <\/a>\u00bb et s\u2019expose d\u00e8s lors, \u00e0 une coupure d\u2019\u00e9nergie et \u00e0 d\u2019autres complications.<\/p>\n<p><a href=\"http:\/\/socialenergie.alysdev.be\/wp-content\/uploads\/Cont_Contrat_valide_actif_4.pdf\" target=\"_blank\" rel=\"noopener noreferrer\"><img loading=\"lazy\" decoding=\"async\" class=\"aligncenter size-full wp-image-1106\" src=\"http:\/\/socialenergie.alysdev.be\/wp-content\/uploads\/Cont_Contrat_valide_actif_4.jpg\" alt=\"Cont_Contrat_valide_actif_4\" width=\"518\" height=\"326\" srcset=\"https:\/\/socialenergie.alysdev.be\/wp-content\/uploads\/Cont_Contrat_valide_actif_4.jpg 518w, https:\/\/socialenergie.alysdev.be\/wp-content\/uploads\/Cont_Contrat_valide_actif_4-150x94.jpg 150w, https:\/\/socialenergie.alysdev.be\/wp-content\/uploads\/Cont_Contrat_valide_actif_4-300x189.jpg 300w\" sizes=\"auto, (max-width: 518px) 100vw, 518px\" \/><\/a><\/p>\n<p>Tout contrat de fourniture (nouveau ou transf\u00e9r\u00e9) n\u2019est valide et actif que si :<\/p>\n<ol>\n<li><strong>le transfert \u00e0 la nouvelle adresse a \u00e9t\u00e9 enregistr\u00e9<\/strong><br \/>\nPour ce faire, il faut communiquer au fournisseur toutes les informations n\u00e9cessaires au sujet du\/des nouveaux points de fourniture (adresse du nouveau domicile, index d\u2019entr\u00e9e, codes EAN, etc.).<\/li>\n<li>en cas de <strong>nouveau contrat<\/strong>, les index d\u2019entr\u00e9e et les codes EAN des compteurs ont \u00e9t\u00e9 transmis au fournisseur<\/li>\n<li>le contrat est <strong>bien enregistr\u00e9<\/strong> dans la base de donn\u00e9es de <em>SIBELGA<br \/>\n<\/em><\/li>\n<\/ol>\n<p>Pour v\u00e9rifier la validit\u00e9 du contrat, il convient de contacter <a href=\"https:\/\/www.sibelga.be\/fr\" target=\"_blank\" rel=\"noopener noreferrer\" target=\"_blank\" rel=\"noopener noreferrer\">SIBELGA<\/a>\u00a0 pass\u00e9 un d\u00e9lai de 48 heures \u00e0 dater de la conclusion du contrat ou du transfert. Il est important de respecter ce d\u00e9lai de 48h car l\u2019enregistrement du contrat par le fournisseur peut prendre un certain temps.<\/p>\n<p>Dans le cas d\u2019un <a href=\"https:\/\/socialenergie.alysdev.be\/contrats\/protection\/a-distance-ou-hors-entreprise\/\" target=\"_blank\" rel=\"noopener noreferrer\">contrat conclu par t\u00e9l\u00e9phone,<\/a> le fournisseur doit obligatoirement envoyer une confirmation \u00e9crite de la conclusion du contrat.<\/p>\n<h2>2. L\u2019\u00e9tat des compteurs<\/h2>\n<p>Lors d\u2019un d\u00e9m\u00e9nagement, il convient d\u2019\u00eatre attentif \u00e0 l\u2019\u00e9tat des compteurs:<\/p>\n<p><strong>1. Si les compteurs ne portent pas de scell\u00e9s<\/strong>, ils sont<strong> ouverts.<\/strong><img loading=\"lazy\" decoding=\"async\" class=\"alignright size-medium wp-image-1108\" src=\"http:\/\/socialenergie.alysdev.be\/wp-content\/uploads\/Compteur_elece_scell\u00e9-213x300.jpg\" alt=\"Compteur_elece_scell\u00e9\" width=\"213\" height=\"300\" srcset=\"https:\/\/socialenergie.alysdev.be\/wp-content\/uploads\/Compteur_elece_scell\u00e9-213x300.jpg 213w, https:\/\/socialenergie.alysdev.be\/wp-content\/uploads\/Compteur_elece_scell\u00e9-106x150.jpg 106w, https:\/\/socialenergie.alysdev.be\/wp-content\/uploads\/Compteur_elece_scell\u00e9.jpg 358w\" sizes=\"auto, (max-width: 213px) 100vw, 213px\" \/><\/p>\n<p>Dans ce cas, les occupants peuvent consommer l\u2019\u00e9nergie \u00e0 condition d\u2019avoir pr\u00e9alablement v\u00e9rifi\u00e9 que leur contrat est bien valide et actif pour ce point de fourniture.<\/p>\n<p>Il peut arriver que les compteurs ne soient pas scell\u00e9s (donc ouverts) mais qu&rsquo;une vanne ou un disjoncteur emp\u00eache la fourniture d&rsquo;\u00e9nergie. Dans ce cas, il suffit de repositionner la vanne ou le disjoncteur pour pouvoir consommer de l&rsquo;\u00e9nergie. Il est int\u00e9ressant de contacter le propri\u00e9taire pour connaitre les raisons de cette situation.<\/p>\n<p><strong>2. Si les compteurs sont scell\u00e9s<\/strong>, ils sont<strong> ferm\u00e9s<\/strong>.<\/p>\n<p>Dans ce cas, la situation est plus probl\u00e9matique. Tout d\u2019abord, il est strictement interdit de <a href=\"https:\/\/socialenergie.alysdev.be\/contrats\/consommation-hors-contrat\/bris-de-scelles\/\" target=\"_blank\" rel=\"noopener noreferrer\">briser les scell\u00e9s<\/a>, sous peine d\u2019\u00eatre confront\u00e9 \u00e0 de lourdes complications, <span lang=\"FR-BE\" xml:lang=\"FR-BE\" data-contrast=\"auto\">notamment des tarifs plus \u00e9lev\u00e9s pour la consommation et des frais de proc\u00e9dure importants<\/span>. Ensuite, l\u2019<a href=\"https:\/\/socialenergie.alysdev.be\/contrats\/demenagement\/occupant-entrant\/\" target=\"_blank\" rel=\"noopener noreferrer\">ouverture des compteurs <\/a>demande de respecter une proc\u00e9dure assez longue (en moyenne une semaine) et on\u00e9reuse (environ 173,03\u20ac TVA de 21% incluse).<\/p>\n<p class=\"attention\"><strong>Respect des proc\u00e9dures :<br \/>\n<\/strong>Lorsqu\u2019une personne <a href=\"https:\/\/socialenergie.alysdev.be\/contrats\/demenagement\/occupant-sortant\/\" target=\"_blank\" rel=\"noopener noreferrer\">quitte un logement<\/a> ou qu\u2019elle <a href=\"https:\/\/socialenergie.alysdev.be\/contrats\/demenagement\/occupant-entrant\/\" target=\"_blank\" rel=\"noopener noreferrer\">entre dans un nouveau logement<\/a>, il faut imp\u00e9rativement qu\u2019elle veille \u00e0 respecter scrupuleusement certaines proc\u00e9dures sous peine d\u2019\u00eatre confront\u00e9e par la suite \u00e0 des risques cons\u00e9quents dont notamment :<br \/>\n&#8211; <strong>une coupure d\u2019\u00e9nergie :<br \/>\n<\/strong>C\u2019est-\u00e0-dire la fermeture des compteurs sans passer par une proc\u00e9dure pr\u00e9alable devant le juge de paix. C\u2019est le cas des <a href=\"https:\/\/socialenergie.alysdev.be\/contrats\/consommation-hors-contrat\/procedure-ilc\/\" target=\"_blank\" rel=\"noopener noreferrer\">proc\u00e9dures ILC (anciennement MOZA)<\/a>.<br \/>\n<strong>&#8211; une consommation d\u2019\u00e9nergie ill\u00e9gale :<br \/>\n<\/strong>C\u2019est-\u00e0-dire que le contrat \u00e9nerg\u00e9tique n\u2019est pas valide et par cons\u00e9quent il n\u2019est pas actif. La personne consomme d\u00e8s lors de l<a href=\"https:\/\/socialenergie.alysdev.be\/contrats\/consommation-hors-contrat\/\" target=\"_blank\" rel=\"noopener noreferrer\">\u2019\u00e9nergie \u00ab hors contrat \u00bb<\/a>.<\/p>\n<h2>3. Le relev\u00e9 contradictoire des index<\/h2>\n<p>Lors d\u2019un d\u00e9m\u00e9nagement, pour cl\u00f4turer et\/ou activer ses consommations, il est important d\u2019effectuer un relev\u00e9 contradictoire des index. Il s\u2019agit de noter les index des compteurs d\u2019\u00e9nergie en pr\u00e9sence de l\u2019occupant entrant ou sortant (selon que l\u2019on quitte un logement ou qu\u2019on y emm\u00e9nage). Le relev\u00e9 peut \u00e9galement se faire en pr\u00e9sence du bailleur ou de l\u2019expert charg\u00e9 de l\u2019\u00e9tat des lieux. Ce relev\u00e9 doit \u00eatre \u00e9tabli au moment du d\u00e9m\u00e9nagement. <span lang=\"FR-BE\" xml:lang=\"FR-BE\" data-contrast=\"auto\">Il est toujours conseill\u00e9 de prendre des photos de ses compteurs.<\/span><\/p>\n<p>Les relev\u00e9s d\u2019index doivent \u00eatre report\u00e9s sur les <a href=\"https:\/\/socialenergie.alysdev.be\/publications\/formulaire-de-reprise-des-energies\/\" target=\"_blank\" rel=\"noopener noreferrer\" target=\"_blank\" rel=\"noopener\">documents de reprise des \u00e9nergies<\/a>, d\u00fbment sign\u00e9s et compl\u00e9t\u00e9s. Ces documents doivent \u00eatre transmis aux fournisseurs d\u2019\u00e9nergie concern\u00e9s.<\/p>\n<p class=\"attention\"><strong>Document de reprise des \u00e9nergies : combien d&rsquo;exemplaires ?<\/strong><br \/>\nUn occupant qui d\u00e9m\u00e9nage devra, en th\u00e9orie, signer 4 exemplaires des documents de reprise d\u2019\u00e9nergie :<br \/>\n&#8211; 2 pour le logement qu\u2019il quitte : 1 pour lui + 1 pour l\u2019occupant entrant<br \/>\n&#8211; 2 pour le nouveau logement : 1 pour lui + 1 pour l\u2019occupant sortant<\/p>\n<p>Il faut \u00eatre attentif \u00e0 transmettre ce document au(x) bon(s) fournisseur(s) (celui de l\u2019ancien logement et celui du nouveau)<\/p>\n<p><!-- Add code here that should appear in the content block of all new pages --><\/p>\n","protected":false},"excerpt":{"rendered":"<p>Pour tout logement disposant de compteurs de gaz et\/ou d\u2019\u00e9lectricit\u00e9, il est obligatoire de souscrire un contrat aupr\u00e8s d\u2019un fournisseur commercial agr\u00e9\u00e9. Ce sont les ordonnances \u00ab gaz \u00bb et \u00ab \u00e9lectricit\u00e9 \u00bb qui fixent cette obligation. Qu\u2019il s\u2019agisse d\u2019un nouveau contrat ou d\u2019un transfert depuis une autre adresse, l\u2019occupant qui signe le contrat doit [&hellip;]<\/p>\n","protected":false},"author":1,"featured_media":0,"parent":1034,"menu_order":179,"comment_status":"closed","ping_status":"closed","template":"","meta":{"_acf_changed":false,"footnotes":""},"class_list":["post-1038","page","type-page","status-publish","hentry"],"acf":[],"_links":{"self":[{"href":"https:\/\/socialenergie.alysdev.be\/fr\/wp-json\/wp\/v2\/pages\/1038","targetHints":{"allow":["GET"]}}],"collection":[{"href":"https:\/\/socialenergie.alysdev.be\/fr\/wp-json\/wp\/v2\/pages"}],"about":[{"href":"https:\/\/socialenergie.alysdev.be\/fr\/wp-json\/wp\/v2\/types\/page"}],"author":[{"embeddable":true,"href":"https:\/\/socialenergie.alysdev.be\/fr\/wp-json\/wp\/v2\/users\/1"}],"replies":[{"embeddable":true,"href":"https:\/\/socialenergie.alysdev.be\/fr\/wp-json\/wp\/v2\/comments?post=1038"}],"version-history":[{"count":23,"href":"https:\/\/socialenergie.alysdev.be\/fr\/wp-json\/wp\/v2\/pages\/1038\/revisions"}],"predecessor-version":[{"id":12958,"href":"https:\/\/socialenergie.alysdev.be\/fr\/wp-json\/wp\/v2\/pages\/1038\/revisions\/12958"}],"up":[{"embeddable":true,"href":"https:\/\/socialenergie.alysdev.be\/fr\/wp-json\/wp\/v2\/pages\/1034"}],"wp:attachment":[{"href":"https:\/\/socialenergie.alysdev.be\/fr\/wp-json\/wp\/v2\/media?parent=1038"}],"curies":[{"name":"wp","href":"https:\/\/api.w.org\/{rel}","templated":true}]}}