{"id":1042,"date":"2016-06-07T16:24:05","date_gmt":"2016-06-07T14:24:05","guid":{"rendered":"http:\/\/zl31wzsmw.preview.infomaniak.website\/_new2016\/fr\/?page_id=1042"},"modified":"2025-12-23T12:02:29","modified_gmt":"2025-12-23T11:02:29","slug":"occupant-entrant","status":"publish","type":"page","link":"https:\/\/socialenergie.alysdev.be\/fr\/contrats\/demenagement\/occupant-entrant\/","title":{"rendered":"D\u00e9marches pour l&rsquo;occupant entrant"},"content":{"rendered":"<p>Lors de l\u2019emm\u00e9nagement, l\u2019occupant qui entre dans le logement doit s\u2019assurer de :<\/p>\n<p style=\"padding-left: 30px;\"><strong>1. Disposer d\u2019un contrat \u00e9nerg\u00e9tique actif \u00e0 sa nouvelle adresse<\/strong><strong>.<\/strong><\/p>\n<p>A cet effet, il peut au choix :<\/p>\n<ul>\n<li><a href=\"https:\/\/socialenergie.alysdev.be\/contrats\/demenagement\/transferer-ou-conclure\/\" target=\"_blank\" rel=\"noopener noreferrer\">transf\u00e9rer son contrat<\/a> actuel \u00e0 sa nouvelle adresse<\/li>\n<li><a href=\"https:\/\/socialenergie.alysdev.be\/contrats\/demenagement\/transferer-ou-conclure\/\" target=\"_blank\" rel=\"noopener noreferrer\">conclure un nouveau contrat<\/a> adapt\u00e9 \u00e0 son nouveau logement<\/li>\n<\/ul>\n<p style=\"padding-left: 30px;\"><strong>2. V<\/strong><strong><strong>\u00e9rifier<\/strong> l\u2019\u00e9tat de ses compteurs<\/strong><\/p>\n<p>Quand on emm\u00e9nage, il est essentiel de v\u00e9rifier le statut ouvert ou ferm\u00e9 des compteurs afin d\u2019\u00e9viter les situations de consommation hors contrat.<\/p>\n<p>Selon les circonstances et les choix de l\u2019occupant sortant, les compteurs sont soit :<\/p>\n<ul>\n<li><strong>ouverts<\/strong> (s\u2019ils ne portent pas de scell\u00e9s)<br \/>\nL\u2019occupant peut consommer l\u2019\u00e9nergie normalement s\u2019il a v\u00e9rifi\u00e9 au pr\u00e9alable que son contrat de fourniture \u00e9tait bien valide et actif. Il doit \u00e9galement avoir transmis \u00e0 son fournisseur les codes EAN et les index d\u2019entr\u00e9e des compteurs de gaz et d\u2019\u00e9lectricit\u00e9.<\/li>\n<li><strong>ferm\u00e9s<\/strong> (s\u2019ils portent des scell\u00e9s)\n<ul>\n<li>Si les scell\u00e9s sont apparents et intacts, l\u2019occupant doit respecter scrupuleusement la proc\u00e9dure d\u2019ouverture des compteurs (expliqu\u00e9e ci-dessous).<\/li>\n<li>Si les <a href=\"https:\/\/socialenergie.alysdev.be\/contrats\/consommation-hors-contrat\/bris-de-scelles\/\" target=\"_blank\" rel=\"noopener noreferrer\">scell\u00e9s sont bris\u00e9s<\/a>, l\u2019occupant doit imm\u00e9diatement pr\u00e9venir SIBELGA et expliquer la situation.<\/li>\n<\/ul>\n<\/li>\n<\/ul>\n<p class=\"info\"><strong>Comment reconna\u00eetre un compteur ferm\u00e9 et scell\u00e9 ?<br \/>\n<\/strong>Un compteur ferm\u00e9 porte obligatoirement des scell\u00e9s. Un scell\u00e9 est un fil de fer dont les extr\u00e9mit\u00e9s sont assembl\u00e9es par une plaquette de fer poin\u00e7onn\u00e9e sur laquelle est grav\u00e9e la date de la mise sous scell\u00e9s. <a href=\"https:\/\/socialenergie.alysdev.be\/contrats\/demenagement\/demarches-obligatoires\/\" target=\"_blank\" rel=\"noopener noreferrer\">Exemple : ici<\/a>.<\/p>\n<div class=\"title_code\">Si les compteurs sont ouverts<\/div>\n\n        <div class=\"content_code\">\n<p>En r\u00e8gle g\u00e9n\u00e9rale, l\u2019occupant entrant dans son logement doit ouvrir la consommation en transmettant ses index. Pour ce faire, il doit :<\/p>\n<h3>1. R\u00e9aliser un relev\u00e9 contradictoire des index d\u2019entr\u00e9e des compteurs<\/h3>\n<p>Cette op\u00e9ration consiste \u00e0 noter les index de consommation en pr\u00e9sence de l\u2019occupant pr\u00e9c\u00e9dant, du bailleur ou du gestionnaire de logement. Pour plus de facilit\u00e9, il est recommand\u00e9 d\u2019effectuer le relev\u00e9 contradictoire le jour o\u00f9 l\u2019occupant entrant re\u00e7oit les cl\u00e9s de son nouveau logement.<\/p>\n<p class=\"info\"><strong>En cas d\u2019impossibilit\u00e9 de r\u00e9aliser un relev\u00e9 contradictoire :<br \/>\n<\/strong>Si le relev\u00e9 contradictoire ne peut pas \u00eatre \u00e9tabli, le fournisseur peut proposer de transmettre les index par t\u00e9l\u00e9phone ou au moyen d\u2019une photo dat\u00e9e, d\u2019un document explicatif et d\u2019une signature.<br \/>\nCette solution est \u00e0 envisager en dernier recours car en cas de litige, seuls les formulaires de reprise des \u00e9nergies ont une valeur juridique. Notons qu\u2019\u00e0 d\u00e9faut de ces formulaires, une trace \u00e9crite est pr\u00e9f\u00e9rable \u00e0 une transmission orale des index.<\/p>\n<h3>2. Reporter ce relev\u00e9 par \u00e9crit, \u00e0 l&rsquo;aide du document de reprise des \u00e9nergies<\/h3>\n<p>Ce formulaire doit \u00eatre d\u00fbment compl\u00e9t\u00e9 et sign\u00e9 par les parties (l\u2019occupant entrant et l\u2019occupant sortant, le propri\u00e9taire ou l\u2019expert.).<\/p>\n<p>Si l\u2019occupant ne peut utiliser le <a href=\"https:\/\/socialenergie.alysdev.be\/publications\/formulaire-de-reprise-des-energies\/\" target=\"_blank\" rel=\"noopener noreferrer\" target=\"_blank\" rel=\"noopener\">formulaire pr\u00e9vu<\/a> (faute d\u2019acc\u00e8s \u00e0 internet, impossibilit\u00e9 de t\u00e9l\u00e9charger le document, etc.), il peut envoyer ce relev\u00e9 contradictoire par courrier, par fax ou par mail, tout en \u00e9tant attentif \u00e0 bien conserver une copie \u00e9crite de cet envoi.<\/p>\n<p class=\"attention\"><strong>Conserver une copie du relev\u00e9 contradictoire d\u2019index<\/strong><br \/>\nIl important d\u2019\u00e9viter de transmettre le relev\u00e9 d\u2019index oralement par t\u00e9l\u00e9phone. Il est pr\u00e9f\u00e9rable de privil\u00e9gier un mode de transmission par \u00e9crit et de conserver une copie du relev\u00e9 contradictoire d\u2019index (document de reprise des \u00e9nergies, courrier, fax ou encore d\u2019un mail).<\/p>\n<p>En effet, de nombreux litiges rencontr\u00e9s par les usagers concernent les relev\u00e9s d\u2019index. La r\u00e9solution de ces litiges est beaucoup plus complexe lorsqu\u2019il n\u2019existe aucune trace \u00e9crite des relev\u00e9s. Par ailleurs, le litige peut se pr\u00e9senter parfois plusieurs ann\u00e9es apr\u00e8s le d\u00e9m\u00e9nagement. Il faut donc conserver ces pi\u00e8ces pr\u00e9cieusement.<\/p>\n<h3>3. Envoyer et transmettre ce formulaire au fournisseur commercial<\/h3>\n<p>Le fournisseur concern\u00e9 est celui du nouveau logement.<\/p>\n<h3>4. R\u00e9ceptionner les premi\u00e8res factures de consommation<\/h3>\n<p>En principe, d\u00e8s le mois suivant l\u2019emm\u00e9nagement, l\u2019occupant devrait recevoir ses premi\u00e8res factures d\u2019\u00e9nergie. Il doit :<\/p>\n<ul>\n<li>s\u2019alarmer assez vite s\u2019il ne re\u00e7oit pas de factures dans le mois, voire les trois premiers mois, de son emm\u00e9nagement.<br \/>\nDans ce cas, il faut contacter le fournisseur au plus t\u00f4t afin d\u2019\u00e9viter les frais de rappel ou de mise en demeure, si les factures arrivent \u00e0 une autre adresse.<\/li>\n<li>comparer les index.<br \/>\nIl est important de comparer les index report\u00e9s dans le document de reprise des \u00e9nergies (ou dans la lettre, le fax, le mail envoy\u00e9 au fournisseur \u00e0 d\u00e9faut du formulaire) avec les index mentionn\u00e9s dans la premi\u00e8re facture de r\u00e9gularisation re\u00e7ue afin de v\u00e9rifier qu\u2019ils correspondent.<\/li>\n<\/ul>\n<p class=\"attention\"><span lang=\"FR-BE\" xml:lang=\"FR-BE\" data-contrast=\"auto\">Si le logement est rest\u00e9 sans contrat pr\u00e9c\u00e9demment, il est possible que le client se voit facturer pour une p\u00e9riode ant\u00e9rieure \u00e0 son entr\u00e9e dans les lieux. Il est important de demander au fournisseur de rectifier la facture en tenant compte des index de d\u00e9part et de la date de d\u00e9but de contrat.<\/span><\/p>\n<p><\/div><div class=\"title_code\">Si les compteurs sont ferm\u00e9s<\/div>\n\n        <div class=\"content_code\"><\/p>\n<p>L\u2019occupant entrant qui trouve ses compteurs ferm\u00e9s et scell\u00e9s doit suivre scrupuleusement la proc\u00e9dure telle que d\u00e9crite ci-dessous. L\u2019occupant :<\/p>\n<h3>1. Doit imp\u00e9rativement \u00e9viter de toucher aux scell\u00e9s<\/h3>\n<p>En effet, seuls les techniciens de SIBELGA sont habilit\u00e9s \u00e0 enlever les scell\u00e9s des compteurs.<\/p>\n<p>Si l\u2019occupant <a href=\"https:\/\/socialenergie.alysdev.be\/contrats\/consommation-hors-contrat\/bris-de-scelles\/\" target=\"_blank\" rel=\"noopener noreferrer\">brise les scell\u00e9s<\/a> lui-m\u00eame, il va au-devant de lourds probl\u00e8mes<em>.<\/em><\/p>\n<h3>2. Doit s\u2019assurer, avant de prendre un rendez-vous aupr\u00e8s de Sibelga :<\/h3>\n<ul>\n<li>de disposer d\u2019un contrat <a href=\"https:\/\/socialenergie.alysdev.be\/contrats\/demenagement\/demarches-obligatoires\/\" target=\"_blank\" rel=\"noopener noreferrer\">valide et actif <\/a>aupr\u00e8s d\u2019un fournisseur d\u2019\u00e9nergie.<\/li>\n<li>d\u2019avoir \u00e0 port\u00e9e de main son num\u00e9ro de compteur et\/ou le <a class=\"lexique\" title=\"Le code EAN (European Article Numbering) est une forme de code-barres utilis\u00e9e par le commerce et l'industrie conform\u00e9ment aux sp\u00e9cifications d\u2019EAN International. Il s'agit d'un code num\u00e9rique de 18 chiffres comportant un ensemble d'informations relatives \u00e0 un point de fourniture (d\u2019\u00e9lectricit\u00e9 et\/ou de gaz naturel). En aucun cas, ces codes n'identifient un client ou un consommateur. Ils restent d\u00e9finitivement li\u00e9s au point de fourniture situ\u00e9 \u00e0 une adresse d\u00e9termin\u00e9e. En R\u00e9gion de Bruxelles-Capitale, tous les codes EAN commencent par: 5414489 xxxxxxxxxxx.\">code EAN<\/a>.<\/li>\n<\/ul>\n<p class=\"info\"><strong>C<\/strong><strong>odes EAN<\/strong><strong> inconnus :<br \/>\n<\/strong>Si la personne ne conna\u00eet pas ses codes EAN (ni le locataire sortant, ni le propri\u00e9taire n\u2019ont pu la renseigner), elle peut prendre contact avec l\u2019Accueil Client\u00e8le de SIBELGA par t\u00e9l\u00e9phone (au 02\/549.41.00) en mentionnant le num\u00e9ro de compteur qui alimente le logement pour retrouver les codes EAN correspondants.<br \/>\nIl est \u00e9galement possible de faire une recherche en ligne <a href=\"https:\/\/www.sibelga.be\/fr\/raccordements-compteurs\/mon-raccordement\/recherche-du-code-ean\" target=\"_blank\" rel=\"noopener noreferrer\">sur le site de Sibelga<\/a>.<\/p>\n<ul>\n<li>de v\u00e9rifier l\u2019\u00e9tat de l\u2019installation et des compteurs.<br \/>\nS\u2019il s\u2019agit d\u2019une nouvelle installation ou d\u2019un nouveau compteur, celui-ci doit \u00eatre contr\u00f4l\u00e9 au pr\u00e9alable par un installateur agr\u00e9\u00e9 qui doit fournir un certificat de conformit\u00e9. Il faut \u00eatre attentif \u00e0 bien d\u00e9tenir ces certificat avant d\u2019appeler SIBELGA car sans eux, le technicien ne pourra pas ouvrir les compteurs (et devra facturer des frais relatifs \u00e0 une seconde visite).<\/li>\n<\/ul>\n<ul>\n<li style=\"list-style-type: none;\">\n<ul>\n<li>Pour une installation ou un compteur d\u2019\u00e9lectricit\u00e9 :<br \/>\nVous pouvez t\u00e9l\u00e9charger ici la liste du SPF Economie reprenant les <a href=\"https:\/\/economie.fgov.be\/sites\/default\/files\/Files\/Energy\/Installations-electriques-liste-d-organismes-agrees-pour-le-controle-Elektrische-installaties-%20lijst-van-erkende-organismen-voor-het-uitvoeren-van-controles.pdf\" target=\"_blank\" rel=\"noopener noreferrer\" target=\"_blank\" rel=\"noopener\">organismes de contr\u00f4le agr\u00e9\u00e9s pour installations \u00e9lectriques<\/a>.<\/li>\n<\/ul>\n<\/li>\n<\/ul>\n<ul>\n<li style=\"list-style-type: none;\">\n<ul>\n<li>S\u2019il s\u2019agit d\u2019un compteur de gaz :<br \/>\nVous pouvez t\u00e9l\u00e9charger ici la <a href=\"https:\/\/www.cerga.be\/fr\/chercher-installateur-cerga\" target=\"_blank\" rel=\"noopener noreferrer\" target=\"_blank\" rel=\"noopener\">liste des installateurs agr\u00e9\u00e9s<\/a>.<\/li>\n<\/ul>\n<\/li>\n<\/ul>\n<h3>3. Doit prendre rendez-vous aupr\u00e8s de Sibelga dans les plus brefs d\u00e9lais<\/h3>\n<p>Il faut contacter par t\u00e9l\u00e9phone le service Accueil Client\u00e8le de Sibelga pour adresser la demande d\u2019ouverture d\u2019un ou des compteurs. Veillez \u00e0 pr\u00e9parer les informations demand\u00e9es ci-dessus (code EAN et num\u00e9ro de compteurs). Sibelga ouvre alors un dossier dont il communique le num\u00e9ro \u00e0 la personne. Si le contrat de fourniture de l\u2019occupant entrant est bien enregistr\u00e9, un rendez-vous est fix\u00e9. Il faut compter un d\u00e9lai de minimum 2 \u00e0 3 jours avant que Sibelga puisse envoyer un technicien.<\/p>\n<p class=\"attention\"><strong>Ne pas tarder \u00e0 lancer la proc\u00e9dure<br \/>\n<\/strong>Les d\u00e9lais de rendez-vous aupr\u00e8s de Sibelga peuvent prendre au minimum 3 jours ouvrables si le planning n\u2019est pas trop charg\u00e9 voire une semaine en cas de forte demande. C\u2019est pour cela qu\u2019il est conseill\u00e9 de contacter Sibelga d\u00e8s que la date d\u00e9finitive de l\u2019emm\u00e9nagement est connue.<br \/>\nLa veille de l\u2019intervention, Sibelga enverra un SMS pour informer de l\u2019heure probable de passage du technicien.<\/p>\n<h3>4. Peut consulter le \u00ab\u00a0Planophone\u00a0\u00bb de SIBELGA<\/h3>\n<p>La veille du rendez-vous, \u00e0 partir de 14 heures, l\u2019occupant peut contacter le \u00ab Planophone \u00bb (en t\u00e9l\u00e9phonant au <strong>0800\/944.88<\/strong>) afin de conna\u00eetre l\u2019heure de passage du technicien.<\/p>\n<p class=\"attention\"><strong>Frais d\u2019ouverture d\u2019un compteur<br \/>\n<\/strong>L\u2019ouverture d\u2019un compteur co\u00fbte <strong style=\"color: #666666;\">173,03\u20ac (incl. 21% TVA)<\/strong>.<\/p>\n<p>L\u2019ouverture du compteur n\u2019est pas factur\u00e9e directement \u00e0 l\u2019occupant par SIBELGA. SIBELGA facture les frais de proc\u00e9dures au fournisseur qui r\u00e9percute les co\u00fbts sur l\u2019occupant. La facturation de la proc\u00e9dure d\u2019ouverture des compteurs est donc reprise dans la premi\u00e8re facture envoy\u00e9e par le fournisseur d\u2019\u00e9nergie.<\/p>\n<p><\/div><div class=\"title_code\">Fiche pratique des d\u00e9marches \u00e0 accomplir<\/div>\n\n        <div class=\"content_code\"><\/p>\n<p>Vous trouverez dans <a href=\"http:\/\/socialenergie.alysdev.be\/wp-content\/uploads\/23-11-CASE-fp-emmenager-FR_01-1.pdf\" target=\"_blank\" rel=\"noopener noreferrer\">cette fiche pratique<\/a>, une liste r\u00e9capitulative des d\u00e9marches \u00e0 accomplir lors d&rsquo;un d\u00e9m\u00e9nagement.<\/p>\n<p><\/div><\/p>\n<p><!-- Add code here that should appear in the content block of all new pages --><\/p>\n","protected":false},"excerpt":{"rendered":"<p>Lors de l\u2019emm\u00e9nagement, l\u2019occupant qui entre dans le logement doit s\u2019assurer de : 1. Disposer d\u2019un contrat \u00e9nerg\u00e9tique actif \u00e0 sa nouvelle adresse. A cet effet, il peut au choix : transf\u00e9rer son contrat actuel \u00e0 sa nouvelle adresse conclure un nouveau contrat adapt\u00e9 \u00e0 son nouveau logement 2. V\u00e9rifier l\u2019\u00e9tat de ses compteurs Quand [&hellip;]<\/p>\n","protected":false},"author":1,"featured_media":0,"parent":1034,"menu_order":174,"comment_status":"closed","ping_status":"closed","template":"","meta":{"_acf_changed":false,"footnotes":""},"class_list":["post-1042","page","type-page","status-publish","hentry"],"acf":[],"_links":{"self":[{"href":"https:\/\/socialenergie.alysdev.be\/fr\/wp-json\/wp\/v2\/pages\/1042","targetHints":{"allow":["GET"]}}],"collection":[{"href":"https:\/\/socialenergie.alysdev.be\/fr\/wp-json\/wp\/v2\/pages"}],"about":[{"href":"https:\/\/socialenergie.alysdev.be\/fr\/wp-json\/wp\/v2\/types\/page"}],"author":[{"embeddable":true,"href":"https:\/\/socialenergie.alysdev.be\/fr\/wp-json\/wp\/v2\/users\/1"}],"replies":[{"embeddable":true,"href":"https:\/\/socialenergie.alysdev.be\/fr\/wp-json\/wp\/v2\/comments?post=1042"}],"version-history":[{"count":26,"href":"https:\/\/socialenergie.alysdev.be\/fr\/wp-json\/wp\/v2\/pages\/1042\/revisions"}],"predecessor-version":[{"id":12959,"href":"https:\/\/socialenergie.alysdev.be\/fr\/wp-json\/wp\/v2\/pages\/1042\/revisions\/12959"}],"up":[{"embeddable":true,"href":"https:\/\/socialenergie.alysdev.be\/fr\/wp-json\/wp\/v2\/pages\/1034"}],"wp:attachment":[{"href":"https:\/\/socialenergie.alysdev.be\/fr\/wp-json\/wp\/v2\/media?parent=1042"}],"curies":[{"name":"wp","href":"https:\/\/api.w.org\/{rel}","templated":true}]}}