{"id":1046,"date":"2016-06-07T16:40:02","date_gmt":"2016-06-07T14:40:02","guid":{"rendered":"http:\/\/zl31wzsmw.preview.infomaniak.website\/_new2016\/fr\/?page_id=1046"},"modified":"2025-10-28T16:45:06","modified_gmt":"2025-10-28T15:45:06","slug":"consommation-hors-contrat","status":"publish","type":"page","link":"https:\/\/socialenergie.alysdev.be\/fr\/contrats\/consommation-hors-contrat\/","title":{"rendered":"Consommation \u00ab hors contrat \u00bb"},"content":{"rendered":"<p>Lorsque l\u2019occupant emm\u00e9nage dans son nouveau logement, sans avoir suivi correctement les proc\u00e9dures, il consomme de l\u2019\u00e9nergie \u00ab hors contrat \u00bb, c\u2019est-\u00e0-dire qu\u2019il consomme de l\u2019\u00e9nergie sans la payer.<\/p>\n<p>Il existe trois cas de consommation \u00ab hors contrat \u00bb, dans chacun des cas l\u2019occupant consomme l\u2019\u00e9nergie soit :<\/p>\n<ul>\n<li>sur le compte de son pr\u00e9d\u00e9cesseur : <a href=\"https:\/\/socialenergie.alysdev.be\/contrats\/consommation-hors-contrat\/emmenagement-sans-contrat\/\" target=\"_blank\" rel=\"noopener noreferrer\">absence de souscription de contrat<\/a><\/li>\n<li>sur le compte du fournisseur de l\u2019occupant pr\u00e9c\u00e9dent : <a href=\"https:\/\/socialenergie.alysdev.be\/contrats\/consommation-hors-contrat\/procedure-ilc\/\" target=\"_blank\" rel=\"noopener noreferrer\">proc\u00e9dure ILC (anciennement MOZA)<\/a><\/li>\n<li>sur le compte de Sibelga : <a href=\"https:\/\/socialenergie.alysdev.be\/contrats\/consommation-hors-contrat\/bris-de-scelles\/\" target=\"_blank\" rel=\"noopener noreferrer\">bris de scell\u00e9s<\/a><\/li>\n<\/ul>\n<p>Il est important que les personnes \u00e9vitent \u00e0 tout prix de se retrouver dans ce genre de situations probl\u00e9matiques, m\u00eame en toute bonne foi. En tant que travailleur social, n\u2019h\u00e9sitez pas \u00e0 avertir vos usagers d\u2019\u00eatre prudents et pr\u00e9voyants en ces mati\u00e8res. Il est utile de leur expliquer l\u2019importance de se conformer aux r\u00e8gles et aux proc\u00e9dures d\u00e9crites pr\u00e9c\u00e9demment.<\/p>\n<h2>Confirmation du contrat ou absence de factures<\/h2>\n<p>Des erreurs lors de la souscription d\u2019un contrat peuvent \u00eatre commises tant par les consommateurs que par les fournisseurs. Si durant une p\u00e9riode plus ou moins longue, le consommateur ne re\u00e7oit pas de factures, il faut imp\u00e9rativement s\u2019en inqui\u00e9ter et contacter le fournisseur.<\/p>\n<p class=\"attention\">Une consommation ne peut \u00eatre consid\u00e9r\u00e9e comme \u00ab\u202fhors contrat\u202f\u00bb si un contrat a \u00e9t\u00e9 valablement conclu mais n\u2019a pas pu valablement entrer en vigueur ou n\u2019a pas \u00e9t\u00e9 correctement enregistr\u00e9 dans le registre d\u2019acc\u00e8s.<br \/>\nUn suivi incorrect d\u2019un contrat lors d\u2019un changement de fournisseur, emp\u00eachant ce contrat d\u2019entrer en vigueur \u00e0 la date pr\u00e9vue peut donner lieu \u00e0 des indemnit\u00e9s pour le client l\u00e9s\u00e9. Il est imp\u00e9ratif d\u2019introduire une demande aupr\u00e8s du fournisseur commercial dans les 60 jours du constat de l\u2019erreur <a href=\"https:\/\/brugel.brussels\/publication\/document\/formulaires\/2024\/fr\/FORMULAIRE_INDEMNISATION_fournisseur.pdf\" target=\"_blank\" rel=\"noopener noreferrer\">en utilisant ce formulaire.<\/a><\/p>\n<p>Si le contrat, arriv\u00e9 \u00e0 son terme, est reconduit de mani\u00e8re tacite, il est \u00e9galement pr\u00e9f\u00e9rable de v\u00e9rifier aupr\u00e8s du fournisseur qu\u2019il est bien actif et qu\u2019il r\u00e9pond aux m\u00eames conditions que pr\u00e9c\u00e9demment.<\/p>\n<p>Toute situation de consommation hors contrat entra\u00eene des co\u00fbts de proc\u00e9dure \u00e9lev\u00e9s. Ces co\u00fbts comprennent entre autres :<\/p>\n<ul>\n<li>le recours, dans certains cas, au tarif dissuasif des unit\u00e9s \u00e9nerg\u00e9tiques consomm\u00e9es<\/li>\n<li>les co\u00fbts administratifs importants (d\u00e9placements, enqu\u00eates, actes professionnels, etc.)<\/li>\n<\/ul>\n<p>La consommation hors contrat expose \u00e9galement l\u2019occupant \u00e0 une fermeture des compteurs et par cons\u00e9quent \u00e0 une coupure d\u2019\u00e9nergie sans passage obligatoire pr\u00e9alable devant le juge de paix.<\/p>\n<p class=\"info\">Consultez notre <a href=\"https:\/\/socialenergie.alysdev.be\/jurisprudence\/\" target=\"_blank\" rel=\"noopener noreferrer\" target=\"_blank\" rel=\"noopener\">base de donn\u00e9es jurisprudence<\/a> pour acc\u00e9der \u00e0 des exemples de d\u00e9cisions \u00e0 ce sujet.<\/p>\n<p><!-- Add code here that should appear in the content block of all new pages --><\/p>\n","protected":false},"excerpt":{"rendered":"<p>Lorsque l\u2019occupant emm\u00e9nage dans son nouveau logement, sans avoir suivi correctement les proc\u00e9dures, il consomme de l\u2019\u00e9nergie \u00ab hors contrat \u00bb, c\u2019est-\u00e0-dire qu\u2019il consomme de l\u2019\u00e9nergie sans la payer. Il existe trois cas de consommation \u00ab hors contrat \u00bb, dans chacun des cas l\u2019occupant consomme l\u2019\u00e9nergie soit : sur le compte de son pr\u00e9d\u00e9cesseur : [&hellip;]<\/p>\n","protected":false},"author":1,"featured_media":0,"parent":42,"menu_order":138,"comment_status":"closed","ping_status":"closed","template":"","meta":{"_acf_changed":false,"footnotes":""},"class_list":["post-1046","page","type-page","status-publish","hentry"],"acf":[],"_links":{"self":[{"href":"https:\/\/socialenergie.alysdev.be\/fr\/wp-json\/wp\/v2\/pages\/1046","targetHints":{"allow":["GET"]}}],"collection":[{"href":"https:\/\/socialenergie.alysdev.be\/fr\/wp-json\/wp\/v2\/pages"}],"about":[{"href":"https:\/\/socialenergie.alysdev.be\/fr\/wp-json\/wp\/v2\/types\/page"}],"author":[{"embeddable":true,"href":"https:\/\/socialenergie.alysdev.be\/fr\/wp-json\/wp\/v2\/users\/1"}],"replies":[{"embeddable":true,"href":"https:\/\/socialenergie.alysdev.be\/fr\/wp-json\/wp\/v2\/comments?post=1046"}],"version-history":[{"count":8,"href":"https:\/\/socialenergie.alysdev.be\/fr\/wp-json\/wp\/v2\/pages\/1046\/revisions"}],"predecessor-version":[{"id":13579,"href":"https:\/\/socialenergie.alysdev.be\/fr\/wp-json\/wp\/v2\/pages\/1046\/revisions\/13579"}],"up":[{"embeddable":true,"href":"https:\/\/socialenergie.alysdev.be\/fr\/wp-json\/wp\/v2\/pages\/42"}],"wp:attachment":[{"href":"https:\/\/socialenergie.alysdev.be\/fr\/wp-json\/wp\/v2\/media?parent=1046"}],"curies":[{"name":"wp","href":"https:\/\/api.w.org\/{rel}","templated":true}]}}