{"id":1058,"date":"2016-06-07T16:41:12","date_gmt":"2016-06-07T14:41:12","guid":{"rendered":"http:\/\/zl31wzsmw.preview.infomaniak.website\/_new2016\/fr\/?page_id=1058"},"modified":"2025-10-01T09:52:03","modified_gmt":"2025-10-01T07:52:03","slug":"bris-de-scelles","status":"publish","type":"page","link":"https:\/\/socialenergie.alysdev.be\/fr\/contrats\/consommation-hors-contrat\/bris-de-scelles\/","title":{"rendered":"Bris de scell\u00e9s"},"content":{"rendered":"<div class=\"title_code\">D\u00e9finition<\/div>\n\n        <div class=\"content_code\">\n<p>Un \u00ab bris de scell\u00e9s \u00bb existe lorsque les scell\u00e9s, appos\u00e9s lors de la fermeture d\u2019un compteur, ont \u00e9t\u00e9 bris\u00e9s par une autre personne qu\u2019un technicien de Sibelga.<\/p>\n<p>Il est strictement interdit de briser les scell\u00e9s. Les techniciens de Sibelga sont les seuls habilit\u00e9s \u00e0 les briser en cas de fuite de gaz, v\u00e9rification de l\u2019installation, ouverture de compteurs, etc.<\/p>\n<p>Quand un nouvel occupant emm\u00e9nage dans un logement, il peut trouver :<\/p>\n<ul>\n<li><strong>les compteurs ferm\u00e9s et scell\u00e9s<\/strong><br \/>\nDans ce cas, si Sibelga venait \u00e0 constater un bris de scell\u00e9s, cela signifie que l\u2019occupant entrant a donc bris\u00e9 les scell\u00e9s pour pouvoir consommer l\u2019\u00e9nergie. Dans ce cas, il s\u2019agit d\u2019une infraction d\u00e9lib\u00e9r\u00e9e. Sibelga prend alors en charge la gestion du dossier et lance les proc\u00e9dures n\u00e9cessaires pour r\u00e9gulariser \u00e0 la situation.<\/li>\n<li><strong>les compteurs ferm\u00e9s mais descell\u00e9s<\/strong><br \/>\nUn tiers (travailleur voulant v\u00e9rifier son installation apr\u00e8s travaux, l&rsquo;occupant pr\u00e9c\u00e9dent, etc.) a ignor\u00e9 l\u2019interdiction de rompre les scell\u00e9s. De ce fait, il commet une infraction. Le nouvel occupant n\u2019est donc pas forc\u00e9ment l\u2019auteur du bris de scell\u00e9s. Toutefois, il lui revient de le d\u00e9montrer (contrat de bail, contrat de fourniture d\u2019\u00e9nergie, contact avec le propri\u00e9taire, etc.).<\/li>\n<\/ul>\n<p>Dans ces deux cas de figures, la personne consomme l\u2019\u00e9nergie aux d\u00e9pens de Sibelga. La d\u00e9couverte de ces situations ill\u00e9gales par Sibelga peut prendre parfois un an, le temps du relev\u00e9 annuel. Ce laps de temps est suffisant pour que plusieurs occupants se soient succ\u00e9d\u00e9s dans le logement. D\u00e8s lors, l\u2019occupant qui se voit reprocher un \u00ab bris de scell\u00e9 \u00bb pourrait ne pas en \u00eatre l\u2019auteur.<\/p>\n<p><\/div><div class=\"title_code\">Quelle est la proc\u00e9dure ?<\/div>\n\n        <div class=\"content_code\"><\/p>\n<p>La proc\u00e9dure de r\u00e9gularisation se d\u00e9cline en plusieurs \u00e9tapes :<\/p>\n<p><strong>1. Le constat de bris de scell\u00e9s<\/strong><\/p>\n<p>Diff\u00e9rentes personnes peuvent constater cette infraction :<\/p>\n<ul>\n<li>Un agent de Sibelga dans le cadre de ses activit\u00e9s : relev\u00e9 annuel, ouverture et fermeture de compteurs, remplacement-pose-enl\u00e8vement de compteurs, etc.<\/li>\n<li>Un locataire, un voisin, le propri\u00e9taire, etc.<\/li>\n<\/ul>\n<p><strong>2. En fonction du dossier, diverses actions peuvent \u00eatre entreprises :<\/strong><\/p>\n<ol>\n<li>Enqu\u00eate administrative afin de v\u00e9rifier et de prouver l\u2019existence d\u2019une consommation sur un compteur normalement ferm\u00e9<\/li>\n<li>Envoi d\u2019un agent sur le terrain pour faire une enqu\u00eate (une ou plusieurs visites) pour identifier le responsable de cette consommation<\/li>\n<li><span class=\"TextRun Highlight SCXW201569117 BCX2\" lang=\"FR-BE\" xml:lang=\"FR-BE\" data-contrast=\"auto\"><span class=\"NormalTextRun ContextualSpellingAndGrammarErrorV2Themed SCXW201569117 BCX2\">Si il<\/span><span class=\"NormalTextRun SCXW201569117 BCX2\"> y a une suspicion d\u2019atteinte au compteur et que le compteur n\u2019enregistre pas la consommation correctement, <\/span><\/span><span class=\"TextRun Highlight SCXW201569117 BCX2\" lang=\"FR-BE\" xml:lang=\"FR-BE\" data-contrast=\"auto\"><span class=\"NormalTextRun SCXW201569117 BCX2\">u<\/span><span class=\"NormalTextRun SCXW201569117 BCX2\">n technicien sp\u00e9cialis\u00e9 <\/span><span class=\"NormalTextRun SCXW201569117 BCX2\">dresse un constat des manipulations <\/span><span class=\"NormalTextRun SCXW201569117 BCX2\">op\u00e9r\u00e9es. Ce rapport reprend <\/span><span class=\"NormalTextRun SCXW201569117 BCX2\">les \u00e9l\u00e9ments des manipulations observ\u00e9es, des photos prises sur les lieux, <\/span><span class=\"NormalTextRun SCXW201569117 BCX2\">\u2026<\/span><\/span><span class=\"TextRun SCXW201569117 BCX2\" lang=\"FR-BE\" xml:lang=\"FR-BE\" data-contrast=\"auto\"><span class=\"NormalTextRun SCXW201569117 BCX2\">\u00a0<\/span><\/span><\/li>\n<\/ol>\n<p><span data-contrast=\"auto\">En cas d\u2019atteinte au compteur et d\u2019une \u00ab\u202fconsommation non mesur\u00e9e\u202f\u00bb correctement, le consommateur sera factur\u00e9\u202f:<\/span><span data-ccp-props=\"{}\">\u00a0<\/span><\/p>\n<ul>\n<li><span data-contrast=\"auto\">du co\u00fbt du volume total de l\u2019\u00e9nergie consomm\u00e9e \u00e0 un <\/span><a href=\"https:\/\/www.sibelga.be\/asset\/file\/e9c04016-b229-11ef-a48b-005056970ffd\" target=\"_blank\" rel=\"noopener noreferrer\"><span data-contrast=\"none\">tarif \u00ab\u202fmajor\u00e9\u202f\u00bb<\/span><\/a><span data-contrast=\"auto\">,<\/span><span data-ccp-props=\"{}\">\u00a0<\/span><\/li>\n<li><span data-contrast=\"auto\">des frais techniques et administratifs. Ces frais sont particuli\u00e8rement \u00e9lev\u00e9s en raison de l\u2019atteinte au compteur.<\/span><span data-ccp-props=\"{}\">\u00a0<\/span><\/li>\n<\/ul>\n<p><span data-contrast=\"auto\">Ces situations am\u00e8nent souvent \u00e0 des factures tr\u00e8s \u00e9lev\u00e9es. Il est important de les analyser, voire de les contester aupr\u00e8s du Service des Litiges de Brugel, en cas de doute.<\/span><\/p>\n<p><\/div><div class=\"title_code\">Qui a la charge des consommations ?<\/div>\n\n        <div class=\"content_code\"><\/p>\n<p><strong>Si l\u2019auteur des consommations est identifi\u00e9<\/strong>, il devra supporter l\u2019ensemble des co\u00fbts (consommations et proc\u00e9dures).<\/p>\n<p><strong>Si l\u2019auteur des consommations n\u2019est pas identifi\u00e9<\/strong>, Sibelga se tourne vers le propri\u00e9taire, \u00e0 qui il revient de produire un bail qui permettrait d\u2019identifier le consommateur responsable de cette situation. A d\u00e9faut de bail, le propri\u00e9taire se voit facturer l\u2019ensemble des co\u00fbts support\u00e9s par Sibelga (consommations et proc\u00e9dures mises en \u0153uvre).<\/p>\n<p><\/div><\/p>\n<p>Consultez notre <a href=\"https:\/\/socialenergie.alysdev.be\/jurisprudence\/\" target=\"_blank\" rel=\"noopener noreferrer\" target=\"_blank\" rel=\"noopener\">base de donn\u00e9es jurisprudence<\/a> pour acc\u00e9der \u00e0 des exemples de d\u00e9cisions \u00e0 ce sujet.<\/p>\n<p><!-- Add code here that should appear in the content block of all new pages --><\/p>\n","protected":false},"excerpt":{"rendered":"<p>Consultez notre base de donn\u00e9es jurisprudence pour acc\u00e9der \u00e0 des exemples de d\u00e9cisions \u00e0 ce sujet.<\/p>\n","protected":false},"author":1,"featured_media":0,"parent":1046,"menu_order":85,"comment_status":"closed","ping_status":"closed","template":"","meta":{"_acf_changed":false,"footnotes":""},"class_list":["post-1058","page","type-page","status-publish","hentry"],"acf":[],"_links":{"self":[{"href":"https:\/\/socialenergie.alysdev.be\/fr\/wp-json\/wp\/v2\/pages\/1058","targetHints":{"allow":["GET"]}}],"collection":[{"href":"https:\/\/socialenergie.alysdev.be\/fr\/wp-json\/wp\/v2\/pages"}],"about":[{"href":"https:\/\/socialenergie.alysdev.be\/fr\/wp-json\/wp\/v2\/types\/page"}],"author":[{"embeddable":true,"href":"https:\/\/socialenergie.alysdev.be\/fr\/wp-json\/wp\/v2\/users\/1"}],"replies":[{"embeddable":true,"href":"https:\/\/socialenergie.alysdev.be\/fr\/wp-json\/wp\/v2\/comments?post=1058"}],"version-history":[{"count":18,"href":"https:\/\/socialenergie.alysdev.be\/fr\/wp-json\/wp\/v2\/pages\/1058\/revisions"}],"predecessor-version":[{"id":13585,"href":"https:\/\/socialenergie.alysdev.be\/fr\/wp-json\/wp\/v2\/pages\/1058\/revisions\/13585"}],"up":[{"embeddable":true,"href":"https:\/\/socialenergie.alysdev.be\/fr\/wp-json\/wp\/v2\/pages\/1046"}],"wp:attachment":[{"href":"https:\/\/socialenergie.alysdev.be\/fr\/wp-json\/wp\/v2\/media?parent=1058"}],"curies":[{"name":"wp","href":"https:\/\/api.w.org\/{rel}","templated":true}]}}