{"id":106,"date":"2016-05-25T08:44:43","date_gmt":"2016-05-25T06:44:43","guid":{"rendered":"http:\/\/zl31wzsmw.preview.infomaniak.website\/_new2016\/?page_id=106"},"modified":"2025-07-09T16:54:46","modified_gmt":"2025-07-09T14:54:46","slug":"accompagnement","status":"publish","type":"page","link":"https:\/\/socialenergie.alysdev.be\/fr\/accompagnement\/","title":{"rendered":"Accompagnement"},"content":{"rendered":"<div class=\"detailContent\">\n<p>Le Centre d&rsquo;Appui SocialEnergie propose un service accessible \u00e0 tous les travailleurs de premi\u00e8re ligne de la R\u00e9gion et Bruxelles-Capitale : l&rsquo;<strong>accompagnement sur mesure<\/strong> pour les dossiers <strong>Energie et Eau<\/strong>.<\/p>\n<p>Vous ne parvenez pas \u00e0 comprendre pourquoi les factures d\u2019eau de votre usager sont si \u00e9lev\u00e9es\u00a0? Vous ne trouvez pas la source d\u2019une surconsommation d\u2019\u00e9nergie\u00a0? Vous suspectez un probl\u00e8me au domicile d\u2019un m\u00e9nage\u00a0? Vous ne parvenez pas \u00e0 r\u00e9soudre la situation administrative d\u2019une personne\u00a0? Vous ne vous y retrouvez pas dans ses d\u00e9comptes de charges\u00a0? Ces probl\u00e8mes sont fr\u00e9quents et nous vous proposons d\u2019apporter un nouvel \u00e9clairage \u00e0 vos dossiers gr\u00e2ce \u00e0 nos accompagnements sur mesure.<\/p>\n<p>Concr\u00e8tement, pour toute demande, <strong>un accompagnateur \u00e9nergie \u00e9valuera avec vous les \u00e9tapes de l\u2019accompagnement et ses modalit\u00e9s<\/strong>. Il pourra vous accompagner sur le terrain, r\u00e9aliser une visite \u00e0 domicile ou recevoir le m\u00e9nage avec vous dans vos locaux. Si la situation requiert une expertise technique ou juridique particuli\u00e8re, l&rsquo;\u00e9quipe du CASE se compose \u00e9galement d&rsquo;un conseiller technique ou de juristes. Loin de faire \u00ab\u00a0\u00e0 votre place\u00a0\u00bb, il s&rsquo;agit ici d&rsquo;un travail en duo, sur une ou plusieurs situations complexes.<\/p>\n<p>Pour <strong>faire appel gratuitement \u00e0 nos services<\/strong>, composez le <strong>02\/526 03 00<\/strong> ou envoyez-nous une demande via <a href=\"mailto:socialenergie@fdss.be\"><strong>socialenergie@fdss.be<\/strong><\/a>.<\/p>\n<\/div>\n","protected":false},"excerpt":{"rendered":"<p>Le Centre d&rsquo;Appui SocialEnergie propose un service accessible \u00e0 tous les travailleurs de premi\u00e8re ligne de la R\u00e9gion et Bruxelles-Capitale : l&rsquo;accompagnement sur mesure pour les dossiers Energie et Eau. Vous ne parvenez pas \u00e0 comprendre pourquoi les factures d\u2019eau de votre usager sont si \u00e9lev\u00e9es\u00a0? Vous ne trouvez pas la source d\u2019une surconsommation d\u2019\u00e9nergie\u00a0? [&hellip;]<\/p>\n","protected":false},"author":1,"featured_media":0,"parent":0,"menu_order":24,"comment_status":"closed","ping_status":"closed","template":"temp_fullcontent.php","meta":{"_acf_changed":false,"footnotes":""},"class_list":["post-106","page","type-page","status-publish","hentry"],"acf":[],"_links":{"self":[{"href":"https:\/\/socialenergie.alysdev.be\/fr\/wp-json\/wp\/v2\/pages\/106","targetHints":{"allow":["GET"]}}],"collection":[{"href":"https:\/\/socialenergie.alysdev.be\/fr\/wp-json\/wp\/v2\/pages"}],"about":[{"href":"https:\/\/socialenergie.alysdev.be\/fr\/wp-json\/wp\/v2\/types\/page"}],"author":[{"embeddable":true,"href":"https:\/\/socialenergie.alysdev.be\/fr\/wp-json\/wp\/v2\/users\/1"}],"replies":[{"embeddable":true,"href":"https:\/\/socialenergie.alysdev.be\/fr\/wp-json\/wp\/v2\/comments?post=106"}],"version-history":[{"count":6,"href":"https:\/\/socialenergie.alysdev.be\/fr\/wp-json\/wp\/v2\/pages\/106\/revisions"}],"predecessor-version":[{"id":11348,"href":"https:\/\/socialenergie.alysdev.be\/fr\/wp-json\/wp\/v2\/pages\/106\/revisions\/11348"}],"wp:attachment":[{"href":"https:\/\/socialenergie.alysdev.be\/fr\/wp-json\/wp\/v2\/media?parent=106"}],"curies":[{"name":"wp","href":"https:\/\/api.w.org\/{rel}","templated":true}]}}