{"id":1060,"date":"2016-06-07T16:41:30","date_gmt":"2016-06-07T14:41:30","guid":{"rendered":"http:\/\/zl31wzsmw.preview.infomaniak.website\/_new2016\/fr\/?page_id=1060"},"modified":"2025-10-28T16:50:06","modified_gmt":"2025-10-28T15:50:06","slug":"protection","status":"publish","type":"page","link":"https:\/\/socialenergie.alysdev.be\/fr\/contrats\/protection\/","title":{"rendered":"Protection du consommateur"},"content":{"rendered":"<ul>\n<li><a href=\"https:\/\/socialenergie.alysdev.be\/contrats\/protection\/garanties-financieres\/\" target=\"_blank\" rel=\"noopener noreferrer\">Garanties financi\u00e8res<\/a><\/li>\n<li><a href=\"https:\/\/socialenergie.alysdev.be\/contrats\/protection\/obligations-des-fournisseurs\/\" target=\"_blank\" rel=\"noopener noreferrer\">Obligations des fournisseurs<\/a><\/li>\n<li><a href=\"https:\/\/socialenergie.alysdev.be\/contrats\/protection\/a-distance-ou-hors-entreprise\/\" target=\"_blank\" rel=\"noopener noreferrer\">Conclusion de contrats par t\u00e9l\u00e9phone ou en dehors de l&rsquo;entreprise<\/a><\/li>\n<\/ul>\n","protected":false},"excerpt":{"rendered":"<p>Garanties financi\u00e8res Obligations des fournisseurs Conclusion de contrats par t\u00e9l\u00e9phone ou en dehors de l&rsquo;entreprise<\/p>\n","protected":false},"author":1,"featured_media":0,"parent":42,"menu_order":413,"comment_status":"closed","ping_status":"closed","template":"","meta":{"_acf_changed":false,"footnotes":""},"class_list":["post-1060","page","type-page","status-publish","hentry"],"acf":[],"_links":{"self":[{"href":"https:\/\/socialenergie.alysdev.be\/fr\/wp-json\/wp\/v2\/pages\/1060","targetHints":{"allow":["GET"]}}],"collection":[{"href":"https:\/\/socialenergie.alysdev.be\/fr\/wp-json\/wp\/v2\/pages"}],"about":[{"href":"https:\/\/socialenergie.alysdev.be\/fr\/wp-json\/wp\/v2\/types\/page"}],"author":[{"embeddable":true,"href":"https:\/\/socialenergie.alysdev.be\/fr\/wp-json\/wp\/v2\/users\/1"}],"replies":[{"embeddable":true,"href":"https:\/\/socialenergie.alysdev.be\/fr\/wp-json\/wp\/v2\/comments?post=1060"}],"version-history":[{"count":5,"href":"https:\/\/socialenergie.alysdev.be\/fr\/wp-json\/wp\/v2\/pages\/1060\/revisions"}],"predecessor-version":[{"id":12293,"href":"https:\/\/socialenergie.alysdev.be\/fr\/wp-json\/wp\/v2\/pages\/1060\/revisions\/12293"}],"up":[{"embeddable":true,"href":"https:\/\/socialenergie.alysdev.be\/fr\/wp-json\/wp\/v2\/pages\/42"}],"wp:attachment":[{"href":"https:\/\/socialenergie.alysdev.be\/fr\/wp-json\/wp\/v2\/media?parent=1060"}],"curies":[{"name":"wp","href":"https:\/\/api.w.org\/{rel}","templated":true}]}}