{"id":1160,"date":"2016-06-09T15:16:37","date_gmt":"2016-06-09T13:16:37","guid":{"rendered":"http:\/\/zl31wzsmw.preview.infomaniak.website\/_new2016\/fr\/?page_id=1160"},"modified":"2024-02-08T08:32:17","modified_gmt":"2024-02-08T07:32:17","slug":"la-coordination-gaz-electricite-eau-bruxelles-cgee","status":"publish","type":"page","link":"https:\/\/socialenergie.alysdev.be\/fr\/qui-sommes-nous\/la-coordination-gaz-electricite-eau-bruxelles-cgee\/","title":{"rendered":"La Coordination Gaz-Electricit\u00e9-Eau Bruxelles (CGEE)"},"content":{"rendered":"<p>La <strong>Coordination Gaz-\u00c9lectricit\u00e9-Eau (CGEE)<\/strong> a \u00e9t\u00e9 cr\u00e9\u00e9e il y a 40 ans, en 1983, pour lutter contre les coupures de gaz et d&rsquo;\u00e9lectricit\u00e9 qui \u00e9taient tr\u00e8s fr\u00e9quentes pendant l&rsquo;hiver 1983-1984.<\/p>\n<p>L&rsquo;objectif principal de la CGEE \u00e9tait de <strong>garantir \u00e0 tout le monde le droit fondamental de pouvoir se chauffer, s&rsquo;\u00e9clairer, cuisiner et utiliser de l&rsquo;eau<\/strong>.<\/p>\n<p>Un des premiers succ\u00e8s de la CGEE, en collaboration avec d&rsquo;autres groupes, a \u00e9t\u00e9 d&rsquo;obtenir de Sibelgaz (en 1985) l&rsquo;engagement de ne pas couper le gaz pendant les p\u00e9riodes de grand froid. Cette d\u00e9cision a \u00e9t\u00e9 approuv\u00e9e par le Conseil de la R\u00e9gion de Bruxelles-Capitale en 1995, qui a adopt\u00e9 des mesures pour \u00e9viter les coupures de gaz pendant l&rsquo;hiver.<\/p>\n<p>La CGEE est maintenant un <strong>r\u00e9seau pluraliste<\/strong> qui regroupe diff\u00e9rentes organisations sociales et syndicales, telles que les \u00c9quipes Populaires de Bruxelles, le MOC de Bruxelles, les Services Sociaux des Quartiers 1030, le Collectif Solidarit\u00e9 contre l\u2019Exclusion (dont Infor GazElec est une \u00e9manation), la CSC-BXL, la FGTB-BXL, la F\u00e9d\u00e9ration des Services Sociaux (dont le Centre d\u2019Appui SocialEnergie est une \u00e9manation), le Centre d\u2019Appui aux Services de M\u00e9diation de dettes, Inter-Environnement Bruxelles, et le RWADE (R\u00e9seau wallon pour l\u2019acc\u00e8s durable \u00e0 l\u2019\u00e9nergie). La CGEE est \u00e9galement compos\u00e9e des acad\u00e9miques agissant \u00e0 titre priv\u00e9.<\/p>\n<p>L\u2019objectif de la CGEE est de <strong>garantir \u00e0 tous un acc\u00e8s suffisant au gaz, \u00e0 l&rsquo;\u00e9lectricit\u00e9 et \u00e0 l&rsquo;eau, peu importe leurs revenus, car ces ressources sont essentielles pour r\u00e9pondre \u00e0 nos besoins de base et participer \u00e0 la vie en soci\u00e9t\u00e9<\/strong>.<\/p>\n<p>La CGEE s&rsquo;interroge sur la mani\u00e8re de maintenir le caract\u00e8re de service public dans un march\u00e9 de l&rsquo;\u00e9nergie lib\u00e9ralis\u00e9, en prenant en compte les besoins sp\u00e9cifiques de chacun, comme les revenus, la sant\u00e9 ou la composition du m\u00e9nage.<\/p>\n<p>La CGEE souhaite plus de transparence dans les tarifs, les prix et les b\u00e9n\u00e9fices des entreprises \u00e9nerg\u00e9tiques, et ils veulent mettre fin aux coupures et \u00e0 l&rsquo;endettement.<\/p>\n<p>Pour la CGEE, l&rsquo;acc\u00e8s \u00e0 l&rsquo;\u00e9nergie ne devrait pas \u00eatre simplement une question de gestion financi\u00e8re, mais devrait \u00eatre repens\u00e9 dans son ensemble comme un service public r\u00e9gul\u00e9 par les autorit\u00e9s publiques.<\/p>\n<p>La CGEE agit comme un <strong>groupe de lobbying politique<\/strong>, travaillant avec le grand public et les d\u00e9cideurs politiques pour trouver des solutions collectives.<\/p>\n<p>La CGEE est repr\u00e9sent\u00e9e au <strong>Conseil consultatif de la Commission de R\u00e9gulation de l\u2019\u00c9lectricit\u00e9 et du Gaz (CREG), <\/strong>au <strong>Conseil des Usagers en mati\u00e8re de gaz et d&rsquo;\u00e9lectricit\u00e9<\/strong> en R\u00e9gion de Bruxelles-Capitale et au <strong>Comit\u00e9 des Usagers de l&rsquo;Eau.<\/strong><\/p>\n","protected":false},"excerpt":{"rendered":"<p>La Coordination Gaz-\u00c9lectricit\u00e9-Eau (CGEE) a \u00e9t\u00e9 cr\u00e9\u00e9e il y a 40 ans, en 1983, pour lutter contre les coupures de gaz et d&rsquo;\u00e9lectricit\u00e9 qui \u00e9taient tr\u00e8s fr\u00e9quentes pendant l&rsquo;hiver 1983-1984. L&rsquo;objectif principal de la CGEE \u00e9tait de garantir \u00e0 tout le monde le droit fondamental de pouvoir se chauffer, s&rsquo;\u00e9clairer, cuisiner et utiliser de l&rsquo;eau. [&hellip;]<\/p>\n","protected":false},"author":1,"featured_media":0,"parent":102,"menu_order":250,"comment_status":"closed","ping_status":"closed","template":"temp_fullcontent.php","meta":{"_acf_changed":false,"footnotes":""},"class_list":["post-1160","page","type-page","status-publish","hentry"],"acf":[],"_links":{"self":[{"href":"https:\/\/socialenergie.alysdev.be\/fr\/wp-json\/wp\/v2\/pages\/1160","targetHints":{"allow":["GET"]}}],"collection":[{"href":"https:\/\/socialenergie.alysdev.be\/fr\/wp-json\/wp\/v2\/pages"}],"about":[{"href":"https:\/\/socialenergie.alysdev.be\/fr\/wp-json\/wp\/v2\/types\/page"}],"author":[{"embeddable":true,"href":"https:\/\/socialenergie.alysdev.be\/fr\/wp-json\/wp\/v2\/users\/1"}],"replies":[{"embeddable":true,"href":"https:\/\/socialenergie.alysdev.be\/fr\/wp-json\/wp\/v2\/comments?post=1160"}],"version-history":[{"count":7,"href":"https:\/\/socialenergie.alysdev.be\/fr\/wp-json\/wp\/v2\/pages\/1160\/revisions"}],"predecessor-version":[{"id":9563,"href":"https:\/\/socialenergie.alysdev.be\/fr\/wp-json\/wp\/v2\/pages\/1160\/revisions\/9563"}],"up":[{"embeddable":true,"href":"https:\/\/socialenergie.alysdev.be\/fr\/wp-json\/wp\/v2\/pages\/102"}],"wp:attachment":[{"href":"https:\/\/socialenergie.alysdev.be\/fr\/wp-json\/wp\/v2\/media?parent=1160"}],"curies":[{"name":"wp","href":"https:\/\/api.w.org\/{rel}","templated":true}]}}