{"id":11951,"date":"2025-10-09T15:05:19","date_gmt":"2025-10-09T13:05:19","guid":{"rendered":"https:\/\/socialenergie.alysdev.be\/?page_id=11951"},"modified":"2025-10-09T15:05:19","modified_gmt":"2025-10-09T13:05:19","slug":"saisir-la-dirl","status":"publish","type":"page","link":"https:\/\/socialenergie.alysdev.be\/fr\/logement\/non-respect-des-obligations\/saisir-la-dirl\/","title":{"rendered":"Saisir la Direction de l&rsquo;Inspection R\u00e9gionale du Logement (DIRL)"},"content":{"rendered":"<h2 id=\"Controle-de-la-conformite-des-logements-16038\" class=\"styles_title__yA1xv styles_size-l__W5ZeS styles_heading__id8dJ\">Contr\u00f4le de la conformit\u00e9 des logements<\/h2>\n<p>La DIRL contr\u00f4le la <strong>conformit\u00e9 des logements<\/strong> aux normes obligatoires de s\u00e9curit\u00e9, de salubrit\u00e9 et d\u2019\u00e9quipement des biens lou\u00e9s ou destin\u00e9s \u00e0 la mise en location.<\/p>\n<h3 id=\"Enquetes-16039\" class=\"styles_title__yA1xv styles_size-m__BhSlH styles_heading__id8dJ\">Enqu\u00eates<\/h3>\n<p>La DIRL effectue des enqu\u00eates suite aux plaintes d\u00e9pos\u00e9es par les locataires, les\u00a0communes, les\u00a0Centres Publics d\u2019Action Sociale (CPAS) ainsi que d\u2019autres acteurs du logement d\u00e9sign\u00e9s l\u00e9galement. Elle peut aussi agir d\u2019initiative et sur base de jugements communiqu\u00e9s par les Justices de Paix.<\/p>\n<p>Vous \u00eates locataire et votre logement pr\u00e9sente de graves d\u00e9fauts ? Votre propri\u00e9taire ne donne pas suite \u00e0 vos sollicitations \u00e0 ce sujet ? Vous pouvez d\u00e9poser plainte aupr\u00e8s de Bruxelles Logement. La plainte peut \u00eatre introduite <a href=\"https:\/\/logement.brussels\/formulaire-de-non-conformite\/formulaire-de-non-conformite-form\/\" target=\"_blank\" rel=\"noopener noreferrer\"><strong>en ligne<\/strong><\/a> ou par <strong>envoi postal<\/strong> via <a href=\"https:\/\/logement.brussels\/wp-content\/uploads\/2023\/09\/20230922_Formulaire-de-plainte-dinsalubrite-FR.pdf\" target=\"_blank\" rel=\"noopener noreferrer\">ce formulaire papier<\/a>.<\/p>\n<p>Si votre plainte est recevable, vous recevrez un courrier de Bruxelles Logement qui vous avertira d\u2019une visite des inspecteurs. Ceux-ci viendront contr\u00f4ler si votre logement respecte bien les exigences de s\u00e9curit\u00e9, salubrit\u00e9 et d\u2019\u00e9quipement \u00e9l\u00e9mentaire pr\u00e9vues par le Code bruxellois du Logement.<\/p>\n<ul>\n<li>S\u2019ils constatent certains d\u00e9fauts techniques lors de la visite de votre logement, Bruxelles Logement adressera une mise en demeure \u00e0 votre bailleur afin que celui-ci fasse les travaux dans les 12 mois.<\/li>\n<li>Si le locataire ou l\u2019occupant doit quitter son logement \u00e0 la suite d\u2019une interdiction de location, la cellule sociale de la DIRL prendra contact avec lui et analysera les possibilit\u00e9s de relogement et d\u2019acc\u00e8s aux aides r\u00e9gionales (allocation de relogement, logement social\u2026).<\/li>\n<\/ul>\n<p>Plus d&rsquo;informations <a href=\"https:\/\/be.brussels\/fr\/logement\/location\/conformite-logement\/plainte-pour-non-conformite-dun-logement\" target=\"_blank\" rel=\"noopener noreferrer\">sur ce site web<\/a>.<\/p>\n<h3 id=\"Attestation-de-controle-de-conformite-16041\" class=\"styles_title__yA1xv styles_size-m__BhSlH styles_heading__id8dJ\">Attestation de contr\u00f4le de conformit\u00e9<\/h3>\n<p>La DIRL d\u00e9livre l&rsquo;attestation de contr\u00f4le de conformit\u00e9 \u00e0 la demande du bailleur lorsque ce dernier a effectu\u00e9 les travaux n\u00e9cessaires dans un logement interdit \u00e0 la location car il ne respectait pas les normes de s\u00e9curit\u00e9, de salubrit\u00e9 et d\u2019\u00e9quipement de base. La demande entraine syst\u00e9matiquement une enqu\u00eate.<br \/>\nIl est imp\u00e9ratif d\u2019obtenir ce document avant toute remise en location, sous peine d\u2019amende.<\/p>\n<h3 id=\"Certificat-de-conformite-18085\" class=\"styles_title__yA1xv styles_size-m__BhSlH styles_heading__id8dJ\">Certificat de conformit\u00e9<\/h3>\n<p>La DIRL d\u00e9livre un certificat de conformit\u00e9 \u00e0 la demande du titulaire du droit r\u00e9el qui souhaite s\u2019assurer, avant de mettre un logement en location et lorsque celui-ci est vide d\u2019occupation, que ce logement r\u00e9pond bien aux normes de s\u00e9curit\u00e9, de salubrit\u00e9 et d\u2019\u00e9quipement de base. La demande entraine syst\u00e9matiquement une enqu\u00eate.<br \/>\nDemander ce certificat est une opportunit\u00e9 et non une obligation.<\/p>\n<h2 id=\"Lutte-contre-les-faits-de-discrimination-au-logement-16043\" class=\"styles_title__yA1xv styles_size-l__W5ZeS styles_heading__id8dJ\">Lutte contre les faits de discrimination au logement<\/h2>\n<p>Apr\u00e8s r\u00e9ception d\u2019une <a href=\"https:\/\/be.brussels\/fr\/logement\/location\/discrimination-au-logement\/plainte-ou-signalement-pour-discrimination-au-logement\" target=\"_blank\" rel=\"noopener noreferrer\" data-entity-type=\"node\" data-entity-uuid=\"50a028ab-b340-46e4-a470-dd8589f40a6a\" data-entity-substitution=\"canonical\">plainte ou d\u2019un signalement<\/a> de discrimination aupr\u00e8s de la DIRL, le dossier est analys\u00e9 pour v\u00e9rifier si les faits sont susceptibles de constituer une infraction de <a href=\"https:\/\/be.brussels\/fr\/logement\/location\/discrimination-au-logement\" target=\"_blank\" rel=\"noopener noreferrer\" data-entity-type=\"node\" data-entity-uuid=\"da841859-fbe6-4bb0-89dd-3c18201e2ae5\" data-entity-substitution=\"canonical\">discrimination au logement<\/a>.<\/p>\n<p>La DIRL peut r\u00e9aliser un <strong>test de discrimination<\/strong> si les conditions l\u00e9gales sont r\u00e9unies et si ce test est n\u00e9cessaire pour \u00e9tablir l\u2019existence de l\u2019infraction.<\/p>\n<p class=\"info\">Plus d&rsquo;informations sur la DIRL <a href=\"https:\/\/be.brussels\/fr\/propos-de-la-region\/structure-et-organisation\/apercu-des-administrations-et-institutions-de-la-region\/bruxelles-logement\/structure-de-bruxelles-logement\/direction-de-linspection-regionale-du-logement-dirl#Controle-de-la-conformite-des-logements-16038\" target=\"_blank\" rel=\"noopener noreferrer\">sur ce site web<\/a>.<\/p>\n","protected":false},"excerpt":{"rendered":"<p>Contr\u00f4le de la conformit\u00e9 des logements La DIRL contr\u00f4le la conformit\u00e9 des logements aux normes obligatoires de s\u00e9curit\u00e9, de salubrit\u00e9 et d\u2019\u00e9quipement des biens lou\u00e9s ou destin\u00e9s \u00e0 la mise en location. Enqu\u00eates La DIRL effectue des enqu\u00eates suite aux plaintes d\u00e9pos\u00e9es par les locataires, les\u00a0communes, les\u00a0Centres Publics d\u2019Action Sociale (CPAS) ainsi que d\u2019autres acteurs [&hellip;]<\/p>\n","protected":false},"author":8,"featured_media":0,"parent":521,"menu_order":8,"comment_status":"closed","ping_status":"closed","template":"","meta":{"_acf_changed":false,"footnotes":""},"class_list":["post-11951","page","type-page","status-publish","hentry"],"acf":[],"_links":{"self":[{"href":"https:\/\/socialenergie.alysdev.be\/fr\/wp-json\/wp\/v2\/pages\/11951","targetHints":{"allow":["GET"]}}],"collection":[{"href":"https:\/\/socialenergie.alysdev.be\/fr\/wp-json\/wp\/v2\/pages"}],"about":[{"href":"https:\/\/socialenergie.alysdev.be\/fr\/wp-json\/wp\/v2\/types\/page"}],"author":[{"embeddable":true,"href":"https:\/\/socialenergie.alysdev.be\/fr\/wp-json\/wp\/v2\/users\/8"}],"replies":[{"embeddable":true,"href":"https:\/\/socialenergie.alysdev.be\/fr\/wp-json\/wp\/v2\/comments?post=11951"}],"version-history":[{"count":3,"href":"https:\/\/socialenergie.alysdev.be\/fr\/wp-json\/wp\/v2\/pages\/11951\/revisions"}],"predecessor-version":[{"id":12050,"href":"https:\/\/socialenergie.alysdev.be\/fr\/wp-json\/wp\/v2\/pages\/11951\/revisions\/12050"}],"up":[{"embeddable":true,"href":"https:\/\/socialenergie.alysdev.be\/fr\/wp-json\/wp\/v2\/pages\/521"}],"wp:attachment":[{"href":"https:\/\/socialenergie.alysdev.be\/fr\/wp-json\/wp\/v2\/media?parent=11951"}],"curies":[{"name":"wp","href":"https:\/\/api.w.org\/{rel}","templated":true}]}}