{"id":142,"date":"2016-05-25T10:24:49","date_gmt":"2016-05-25T08:24:49","guid":{"rendered":"http:\/\/zl31wzsmw.preview.infomaniak.website\/_new2016\/fr\/?page_id=142"},"modified":"2016-06-07T09:57:14","modified_gmt":"2016-06-07T07:57:14","slug":"consommation","status":"publish","type":"page","link":"https:\/\/socialenergie.alysdev.be\/fr\/consommation\/","title":{"rendered":"Consommation"},"content":{"rendered":"<p>En tant que travailleurs sociaux, vous \u00eates r\u00e9guli\u00e8rement confront\u00e9s aux factures de gaz et d\u2019\u00e9lectricit\u00e9 ou aux d\u00e9comptes de charges d\u2019usagers. Il n\u2019est pas toujours facile de savoir \u00e0 quoi correspond cette consommation et si elle est normale ou au contraire importante ou faible. Il n\u2019est pas simple non plus de savoir comment agir lorsque la consommation semble trop \u00e9lev\u00e9e. Cet onglet va essayer de vous aider \u00e0 y voir clair.<\/p>\n<p>Dans un premier temps, il s\u2019agit de conna\u00eetre <a href=\"https:\/\/socialenergie.alysdev.be\/index.php?page=trouver-les-donnees-de-consommation\" target=\"_blank\" rel=\"noopener noreferrer\">la consommation annuelle du m\u00e9nage<\/a>. Ce n\u2019est pas toujours simple, car les factures de r\u00e9gularisation ne couvrent pas n\u00e9cessairement une p\u00e9riode annuelle et que les index peuvent faire l&rsquo;objet d&rsquo;une estimation au cas o\u00f9 le relev\u00e9 n&rsquo;a pu avoir lieu.<\/p>\n<p>Dans un second temps, il est possible d\u2019\u00e9valuer la consommation annuelle du m\u00e9nage en la comparant aux\u00a0:<\/p>\n<ul>\n<li><a href=\"https:\/\/socialenergie.alysdev.be\/index.php?page=comparer-l-evolution-des-consommations\" target=\"_blank\" rel=\"noopener noreferrer\">consommations des ann\u00e9es pr\u00e9c\u00e9dentes<\/a>\u00a0: cette comparaison permet d\u2019en voir l\u2019\u00e9volution.<\/li>\n<li><a href=\"https:\/\/socialenergie.alysdev.be\/index.php?page=consommations-de-reference\" target=\"_blank\" rel=\"noopener noreferrer\">consommations de r\u00e9f\u00e9rence pour la r\u00e9gion bruxelloise<\/a>\u00a0: cette comparaison permet de situer la consommation du m\u00e9nage par rapport \u00e0 une moyenne de consommation r\u00e9gionale, qui tient compte de la composition du m\u00e9nage et des sp\u00e9cificit\u00e9s de son logement.<\/li>\n<\/ul>\n<p>Si la consommation annuelle est plus \u00e9lev\u00e9e que les ann\u00e9es ant\u00e9rieures ou que la moyenne r\u00e9gionale, il est possible de chercher, avec le m\u00e9nage, \u00e0 <a href=\"https:\/\/socialenergie.alysdev.be\/index.php?page=difference-par-rapport-aux-consommations-moyennes-d-un-menage-dans-une-situation-relativement-identique\" target=\"_blank\" rel=\"noopener noreferrer\">comprendre les raisons de cette situation et \u00e0 chercher des solutions<\/a>.<\/p>\n<p class=\"attention\"><strong>Vigilance par rapports aux chiffres pr\u00e9sent\u00e9s<\/strong><br \/>\nLes donn\u00e9es et calculs pr\u00e9sent\u00e9s dans cette partie sont \u00e0 prendre avec pr\u00e9caution. En effet, face \u00e0 des cas qui sont toujours sp\u00e9cifiques et souvent complexes, les propositions \u00e9mises dans cet onglet ont pour objectif de donner des rep\u00e8res g\u00e9n\u00e9raux mais ne pr\u00e9tendent ni \u00e0 la pr\u00e9cision absolue ni \u00e0 l\u2019exhaustivit\u00e9 des situations pouvant \u00eatre rencontr\u00e9es sur le terrain.<\/p>\n","protected":false},"excerpt":{"rendered":"<p>En tant que travailleurs sociaux, vous \u00eates r\u00e9guli\u00e8rement confront\u00e9s aux factures de gaz et d\u2019\u00e9lectricit\u00e9 ou aux d\u00e9comptes de charges d\u2019usagers. Il n\u2019est pas toujours facile de savoir \u00e0 quoi correspond cette consommation et si elle est normale ou au contraire importante ou faible. Il n\u2019est pas simple non plus de savoir comment agir lorsque [&hellip;]<\/p>\n","protected":false},"author":1,"featured_media":0,"parent":0,"menu_order":130,"comment_status":"closed","ping_status":"closed","template":"","meta":{"_acf_changed":false,"footnotes":""},"class_list":["post-142","page","type-page","status-publish","hentry"],"acf":[],"_links":{"self":[{"href":"https:\/\/socialenergie.alysdev.be\/fr\/wp-json\/wp\/v2\/pages\/142","targetHints":{"allow":["GET"]}}],"collection":[{"href":"https:\/\/socialenergie.alysdev.be\/fr\/wp-json\/wp\/v2\/pages"}],"about":[{"href":"https:\/\/socialenergie.alysdev.be\/fr\/wp-json\/wp\/v2\/types\/page"}],"author":[{"embeddable":true,"href":"https:\/\/socialenergie.alysdev.be\/fr\/wp-json\/wp\/v2\/users\/1"}],"replies":[{"embeddable":true,"href":"https:\/\/socialenergie.alysdev.be\/fr\/wp-json\/wp\/v2\/comments?post=142"}],"version-history":[{"count":2,"href":"https:\/\/socialenergie.alysdev.be\/fr\/wp-json\/wp\/v2\/pages\/142\/revisions"}],"predecessor-version":[{"id":951,"href":"https:\/\/socialenergie.alysdev.be\/fr\/wp-json\/wp\/v2\/pages\/142\/revisions\/951"}],"wp:attachment":[{"href":"https:\/\/socialenergie.alysdev.be\/fr\/wp-json\/wp\/v2\/media?parent=142"}],"curies":[{"name":"wp","href":"https:\/\/api.w.org\/{rel}","templated":true}]}}