{"id":144,"date":"2016-05-25T10:25:11","date_gmt":"2016-05-25T08:25:11","guid":{"rendered":"http:\/\/zl31wzsmw.preview.infomaniak.website\/_new2016\/fr\/?page_id=144"},"modified":"2017-01-03T12:59:20","modified_gmt":"2017-01-03T11:59:20","slug":"mesures-sociales","status":"publish","type":"page","link":"https:\/\/socialenergie.alysdev.be\/fr\/mesures-sociales\/","title":{"rendered":"Mesures sociales"},"content":{"rendered":"<p>Afin de garantir la protection des consommateurs vuln\u00e9rables sur les march\u00e9s de l\u2019\u00e9nergie, l\u2019Etat f\u00e9d\u00e9ral et la R\u00e9gion de Bruxelles-Capitale se sont dot\u00e9es d\u2019une s\u00e9rie de mesures sociales visant \u00e0 aider les publics qui \u00e9prouvent des difficult\u00e9s de paiement de leurs factures d\u2019\u00e9nergie.<\/p>\n<p>Le <strong>statut de <strong>client prot\u00e9g\u00e9<\/strong><\/strong> et le\u00a0<strong>tarif social<\/strong> repr\u00e9sentent quelques-unes de ces mesures.<\/p>\n<p>Le <strong>limiteur de puissance<\/strong> \u00e9lectrique, dispositif contraignant pour les usagers, est aussi pens\u00e9 par le l\u00e9gislateur comme une mesure sociale, car son placement est destin\u00e9 \u00e0 \u00e9viter la coupure en cas d\u2019impay\u00e9s (moins plut\u00f4t que rien, en quelque sorte).<\/p>\n<p>En ce qui concerne le gaz et l\u2019\u00e9lectricit\u00e9, il faut \u00e9galement mentionner l\u2019interdiction de coupure en p\u00e9riode hivernale et la possibilit\u00e9 de faire appel au Fonds Gaz Electricit\u00e9 par l\u2019interm\u00e9diaire du CPAS.<\/p>\n<p>Il existe \u00e9galement des mesures sociales concernant le mazout telles que le Fonds Social Chauffage et la possibilit\u00e9 d\u2019\u00e9chelonner les factures de mazout.<\/p>\n","protected":false},"excerpt":{"rendered":"<p>Afin de garantir la protection des consommateurs vuln\u00e9rables sur les march\u00e9s de l\u2019\u00e9nergie, l\u2019Etat f\u00e9d\u00e9ral et la R\u00e9gion de Bruxelles-Capitale se sont dot\u00e9es d\u2019une s\u00e9rie de mesures sociales visant \u00e0 aider les publics qui \u00e9prouvent des difficult\u00e9s de paiement de leurs factures d\u2019\u00e9nergie. Le statut de client prot\u00e9g\u00e9 et le\u00a0tarif social repr\u00e9sentent quelques-unes de ces [&hellip;]<\/p>\n","protected":false},"author":1,"featured_media":0,"parent":0,"menu_order":306,"comment_status":"closed","ping_status":"closed","template":"","meta":{"_acf_changed":false,"footnotes":""},"class_list":["post-144","page","type-page","status-publish","hentry"],"acf":[],"_links":{"self":[{"href":"https:\/\/socialenergie.alysdev.be\/fr\/wp-json\/wp\/v2\/pages\/144","targetHints":{"allow":["GET"]}}],"collection":[{"href":"https:\/\/socialenergie.alysdev.be\/fr\/wp-json\/wp\/v2\/pages"}],"about":[{"href":"https:\/\/socialenergie.alysdev.be\/fr\/wp-json\/wp\/v2\/types\/page"}],"author":[{"embeddable":true,"href":"https:\/\/socialenergie.alysdev.be\/fr\/wp-json\/wp\/v2\/users\/1"}],"replies":[{"embeddable":true,"href":"https:\/\/socialenergie.alysdev.be\/fr\/wp-json\/wp\/v2\/comments?post=144"}],"version-history":[{"count":2,"href":"https:\/\/socialenergie.alysdev.be\/fr\/wp-json\/wp\/v2\/pages\/144\/revisions"}],"predecessor-version":[{"id":705,"href":"https:\/\/socialenergie.alysdev.be\/fr\/wp-json\/wp\/v2\/pages\/144\/revisions\/705"}],"wp:attachment":[{"href":"https:\/\/socialenergie.alysdev.be\/fr\/wp-json\/wp\/v2\/media?parent=144"}],"curies":[{"name":"wp","href":"https:\/\/api.w.org\/{rel}","templated":true}]}}