{"id":146,"date":"2016-05-25T10:25:26","date_gmt":"2016-05-25T08:25:26","guid":{"rendered":"http:\/\/zl31wzsmw.preview.infomaniak.website\/_new2016\/fr\/?page_id=146"},"modified":"2016-05-25T10:25:26","modified_gmt":"2016-05-25T08:25:26","slug":"logement","status":"publish","type":"page","link":"https:\/\/socialenergie.alysdev.be\/fr\/logement\/","title":{"rendered":"Logement"},"content":{"rendered":"<p class=\"attention\">Ce site ne traite que des mati\u00e8res relatives au logement qui touchent de pr\u00e8s l\u2019\u00e9nergie.<\/p>\n<p>Les probl\u00e8mes d\u2019acc\u00e8s \u00e0 l\u2019\u00e9nergie sont souvent li\u00e9s \u00e0 des difficult\u00e9s au niveau des installations \u00e9lectriques, de chauffage ou de production d\u2019eau chaude, ou \u00e0 une pi\u00e8tre qualit\u00e9 d\u2019isolation du logement. Outre qu\u2019ils peuvent engendrer des consommations \u00e9lev\u00e9es, ces probl\u00e8mes peuvent avoir un impact sur la s\u00e9curit\u00e9 et la sant\u00e9 des occupants.<\/p>\n<p>Par ailleurs lorsqu\u2019un probl\u00e8me survient dans le logement en location d\u2019un usager (coupure, fuite, panne, humidit\u00e9,\u2026) il est important de connaitre les responsabilit\u00e9s et obligations\u00a0<a href=\"https:\/\/socialenergie.alysdev.be\/index.php?page=obligations-du-proprietaire\" target=\"_blank\" rel=\"noopener noreferrer\">du bailleur<\/a> et <a href=\"https:\/\/socialenergie.alysdev.be\/index.php?page=obligations-du-locataire\" target=\"_blank\" rel=\"noopener noreferrer\">du preneur<\/a>. Vous trouverez ici une s\u00e9rie d\u2019informations relatives aux installations de gaz, d\u2019\u00e9lectricit\u00e9 et d\u2019eau froide, aux \u00e9quipements de chauffage et d\u2019eau chaude sanitaire, aux compteurs, aux probl\u00e8mes d\u2019humidit\u00e9,\u2026<\/p>\n<p>Enfin, il est \u00e9galement utile de savoir que plusieurs types d\u2019<a href=\"https:\/\/socialenergie.alysdev.be\/index.php?page=les-aides-au-relogement\" target=\"_blank\" rel=\"noopener noreferrer\">aides financi\u00e8res<\/a> et sociales existent pour que les personnes vivant dans un logement insalubre et\/ou inadapt\u00e9 puissent, dans la mesure du possible, trouver un nouveau toit d\u00e9cent.<\/p>\n","protected":false},"excerpt":{"rendered":"<p>Ce site ne traite que des mati\u00e8res relatives au logement qui touchent de pr\u00e8s l\u2019\u00e9nergie. Les probl\u00e8mes d\u2019acc\u00e8s \u00e0 l\u2019\u00e9nergie sont souvent li\u00e9s \u00e0 des difficult\u00e9s au niveau des installations \u00e9lectriques, de chauffage ou de production d\u2019eau chaude, ou \u00e0 une pi\u00e8tre qualit\u00e9 d\u2019isolation du logement. Outre qu\u2019ils peuvent engendrer des consommations \u00e9lev\u00e9es, ces probl\u00e8mes [&hellip;]<\/p>\n","protected":false},"author":1,"featured_media":0,"parent":0,"menu_order":299,"comment_status":"closed","ping_status":"closed","template":"","meta":{"_acf_changed":false,"footnotes":""},"class_list":["post-146","page","type-page","status-publish","hentry"],"acf":[],"_links":{"self":[{"href":"https:\/\/socialenergie.alysdev.be\/fr\/wp-json\/wp\/v2\/pages\/146","targetHints":{"allow":["GET"]}}],"collection":[{"href":"https:\/\/socialenergie.alysdev.be\/fr\/wp-json\/wp\/v2\/pages"}],"about":[{"href":"https:\/\/socialenergie.alysdev.be\/fr\/wp-json\/wp\/v2\/types\/page"}],"author":[{"embeddable":true,"href":"https:\/\/socialenergie.alysdev.be\/fr\/wp-json\/wp\/v2\/users\/1"}],"replies":[{"embeddable":true,"href":"https:\/\/socialenergie.alysdev.be\/fr\/wp-json\/wp\/v2\/comments?post=146"}],"version-history":[{"count":1,"href":"https:\/\/socialenergie.alysdev.be\/fr\/wp-json\/wp\/v2\/pages\/146\/revisions"}],"predecessor-version":[{"id":147,"href":"https:\/\/socialenergie.alysdev.be\/fr\/wp-json\/wp\/v2\/pages\/146\/revisions\/147"}],"wp:attachment":[{"href":"https:\/\/socialenergie.alysdev.be\/fr\/wp-json\/wp\/v2\/media?parent=146"}],"curies":[{"name":"wp","href":"https:\/\/api.w.org\/{rel}","templated":true}]}}