{"id":148,"date":"2016-05-25T10:25:48","date_gmt":"2016-05-25T08:25:48","guid":{"rendered":"http:\/\/zl31wzsmw.preview.infomaniak.website\/_new2016\/fr\/?page_id=148"},"modified":"2016-12-26T10:31:56","modified_gmt":"2016-12-26T09:31:56","slug":"recours-plaintes","status":"publish","type":"page","link":"https:\/\/socialenergie.alysdev.be\/fr\/recours-plaintes\/","title":{"rendered":"Recours &#038; Plaintes"},"content":{"rendered":"<p>Face \u00e0 certains litiges, un accord entre les parties ne peut pas toujours \u00eatre trouv\u00e9.\u00a0 Qu\u2019il s\u2019agisse du propri\u00e9taire, du fournisseur, du locataire, du gestionnaire de r\u00e9seau, chacun a la possibilit\u00e9 d\u2019entamer des proc\u00e9dures pour faire valoir ses droits.<\/p>\n<p>Quelles sont les proc\u00e9dures pour d\u00e9poser une plainte\u00a0? Quel est l\u2019interlocuteur le plus pertinent pour recevoir cette plainte\u00a0? Que puis-je attendre de ces proc\u00e9dures\u00a0? Vous trouverez dans ces pages les r\u00e9ponses \u00e0 ces questions.<\/p>\n<p>&nbsp;<\/p>\n","protected":false},"excerpt":{"rendered":"<p>Face \u00e0 certains litiges, un accord entre les parties ne peut pas toujours \u00eatre trouv\u00e9.\u00a0 Qu\u2019il s\u2019agisse du propri\u00e9taire, du fournisseur, du locataire, du gestionnaire de r\u00e9seau, chacun a la possibilit\u00e9 d\u2019entamer des proc\u00e9dures pour faire valoir ses droits. Quelles sont les proc\u00e9dures pour d\u00e9poser une plainte\u00a0? Quel est l\u2019interlocuteur le plus pertinent pour recevoir [&hellip;]<\/p>\n","protected":false},"author":1,"featured_media":0,"parent":0,"menu_order":422,"comment_status":"closed","ping_status":"closed","template":"","meta":{"_acf_changed":false,"footnotes":""},"class_list":["post-148","page","type-page","status-publish","hentry"],"acf":[],"_links":{"self":[{"href":"https:\/\/socialenergie.alysdev.be\/fr\/wp-json\/wp\/v2\/pages\/148","targetHints":{"allow":["GET"]}}],"collection":[{"href":"https:\/\/socialenergie.alysdev.be\/fr\/wp-json\/wp\/v2\/pages"}],"about":[{"href":"https:\/\/socialenergie.alysdev.be\/fr\/wp-json\/wp\/v2\/types\/page"}],"author":[{"embeddable":true,"href":"https:\/\/socialenergie.alysdev.be\/fr\/wp-json\/wp\/v2\/users\/1"}],"replies":[{"embeddable":true,"href":"https:\/\/socialenergie.alysdev.be\/fr\/wp-json\/wp\/v2\/comments?post=148"}],"version-history":[{"count":4,"href":"https:\/\/socialenergie.alysdev.be\/fr\/wp-json\/wp\/v2\/pages\/148\/revisions"}],"predecessor-version":[{"id":3290,"href":"https:\/\/socialenergie.alysdev.be\/fr\/wp-json\/wp\/v2\/pages\/148\/revisions\/3290"}],"wp:attachment":[{"href":"https:\/\/socialenergie.alysdev.be\/fr\/wp-json\/wp\/v2\/media?parent=148"}],"curies":[{"name":"wp","href":"https:\/\/api.w.org\/{rel}","templated":true}]}}