{"id":150,"date":"2016-05-25T10:26:01","date_gmt":"2016-05-25T08:26:01","guid":{"rendered":"http:\/\/zl31wzsmw.preview.infomaniak.website\/_new2016\/fr\/?page_id=150"},"modified":"2016-09-28T10:35:28","modified_gmt":"2016-09-28T08:35:28","slug":"aides-aux-investissements","status":"publish","type":"page","link":"https:\/\/socialenergie.alysdev.be\/fr\/aides-aux-investissements\/","title":{"rendered":"Aides aux investissements"},"content":{"rendered":"<p>La qualit\u00e9 du logement et des installations est un \u00e9l\u00e9ment d\u00e9terminant dans la consommation \u00e9nerg\u00e9tique des m\u00e9nages. En plus de l\u2019enjeu environnemental, l\u2019am\u00e9liorer est donc en enjeu social fondamental. Malheureusement, ces am\u00e9liorations sont souvent difficilement accessibles aux usagers pr\u00e9caris\u00e9s, en raison de la faiblesse de leurs revenus et parce qu\u2019ils sont la plupart du temps locataires de leur logement.<\/p>\n<p>Il existe une s\u00e9rie de dispositifs publics qui visent \u00e0 faciliter la r\u00e9alisation d\u2019investissements \u00e9conomiseurs d\u2019\u00e9nergie. Certains sont cibl\u00e9s ou adapt\u00e9s aux m\u00e9nages \u00e0 bas revenus.<\/p>\n<p>Par exemple\u00a0:<\/p>\n<ul>\n<li>Le Pr\u00eat Vert bruxellois, \u00e0 taux z\u00e9ro, permet de financer sans int\u00e9r\u00eats certains investissements.<\/li>\n<li>Le montant des\u00a0primes \u00e0 la r\u00e9novation et des\u00a0primes \u00ab\u00c9nergie\u00bb bruxelloises varie en fonction du niveau de revenus du demandeur.<\/li>\n<li>La r\u00e9duction d\u2019imp\u00f4t pour investissements \u00e9conomiseurs d\u2019\u00e9nergie\u00a0devient un cr\u00e9dit d\u2019imp\u00f4t pour les personnes qui paient peu ou ne paient pas d\u2019imp\u00f4ts.<\/li>\n<\/ul>\n","protected":false},"excerpt":{"rendered":"<p>La qualit\u00e9 du logement et des installations est un \u00e9l\u00e9ment d\u00e9terminant dans la consommation \u00e9nerg\u00e9tique des m\u00e9nages. En plus de l\u2019enjeu environnemental, l\u2019am\u00e9liorer est donc en enjeu social fondamental. Malheureusement, ces am\u00e9liorations sont souvent difficilement accessibles aux usagers pr\u00e9caris\u00e9s, en raison de la faiblesse de leurs revenus et parce qu\u2019ils sont la plupart du temps [&hellip;]<\/p>\n","protected":false},"author":1,"featured_media":0,"parent":0,"menu_order":36,"comment_status":"closed","ping_status":"closed","template":"temp_fullcontent.php","meta":{"_acf_changed":false,"footnotes":""},"class_list":["post-150","page","type-page","status-publish","hentry"],"acf":[],"_links":{"self":[{"href":"https:\/\/socialenergie.alysdev.be\/fr\/wp-json\/wp\/v2\/pages\/150","targetHints":{"allow":["GET"]}}],"collection":[{"href":"https:\/\/socialenergie.alysdev.be\/fr\/wp-json\/wp\/v2\/pages"}],"about":[{"href":"https:\/\/socialenergie.alysdev.be\/fr\/wp-json\/wp\/v2\/types\/page"}],"author":[{"embeddable":true,"href":"https:\/\/socialenergie.alysdev.be\/fr\/wp-json\/wp\/v2\/users\/1"}],"replies":[{"embeddable":true,"href":"https:\/\/socialenergie.alysdev.be\/fr\/wp-json\/wp\/v2\/comments?post=150"}],"version-history":[{"count":2,"href":"https:\/\/socialenergie.alysdev.be\/fr\/wp-json\/wp\/v2\/pages\/150\/revisions"}],"predecessor-version":[{"id":3002,"href":"https:\/\/socialenergie.alysdev.be\/fr\/wp-json\/wp\/v2\/pages\/150\/revisions\/3002"}],"wp:attachment":[{"href":"https:\/\/socialenergie.alysdev.be\/fr\/wp-json\/wp\/v2\/media?parent=150"}],"curies":[{"name":"wp","href":"https:\/\/api.w.org\/{rel}","templated":true}]}}