{"id":152,"date":"2016-05-25T10:26:14","date_gmt":"2016-05-25T08:26:14","guid":{"rendered":"http:\/\/zl31wzsmw.preview.infomaniak.website\/_new2016\/fr\/?page_id=152"},"modified":"2025-10-07T17:19:28","modified_gmt":"2025-10-07T15:19:28","slug":"eau","status":"publish","type":"page","link":"https:\/\/socialenergie.alysdev.be\/fr\/eau\/","title":{"rendered":"Eau"},"content":{"rendered":"<p style=\"text-align: justify;\">Le secteur de l\u2019eau se distingue des autres secteurs de l\u2019\u00e9nergie car il n\u2019a pas fait l\u2019objet d\u2019une lib\u00e9ralisation. La\u00a0<a href=\"https:\/\/socialenergie.alysdev.be\/eau\/contexte-acteurs\/\" target=\"_blank\" rel=\"noopener noreferrer\" target=\"_blank\" rel=\"noopener noreferrer\">distribution d\u2019eau<\/a> est donc assur\u00e9e par un seul op\u00e9rateur : Vivaqua. Cela ne veut pas dire qu\u2019il est plus simple, pour un usager, de comprendre <a href=\"https:\/\/socialenergie.alysdev.be\/eau\/factures\/\" target=\"_blank\" rel=\"noopener noreferrer\" target=\"_blank\" rel=\"noopener noreferrer\">ses factures<\/a>,\u00a0<a href=\"https:\/\/socialenergie.alysdev.be\/eau\/consommation\/\" target=\"_blank\" rel=\"noopener noreferrer\" target=\"_blank\" rel=\"noopener noreferrer\">ses consommations<\/a> ou certaines proc\u00e9dures auxquelles il doit faire face.<\/p>\n<p style=\"text-align: justify;\">En ce qui concerne\u00a0<a href=\"https:\/\/socialenergie.alysdev.be\/eau\/factures\/paiement\/\" target=\"_blank\" rel=\"noopener noreferrer\" target=\"_blank\" rel=\"noopener noreferrer\">les impay\u00e9s<\/a> et les <a href=\"https:\/\/socialenergie.alysdev.be\/eau\/demenagement-emmenagement\/\" target=\"_blank\" rel=\"noopener noreferrer\" target=\"_blank\" rel=\"noopener noreferrer\">cas de d\u00e9m\u00e9nagement<\/a>, tout comme pour les autres \u00e9nergies, il est important de suivre les proc\u00e9dures \u00e9tablies par Vivaqua.<\/p>\n","protected":false},"excerpt":{"rendered":"<p>Le secteur de l\u2019eau se distingue des autres secteurs de l\u2019\u00e9nergie car il n\u2019a pas fait l\u2019objet d\u2019une lib\u00e9ralisation. La\u00a0distribution d\u2019eau est donc assur\u00e9e par un seul op\u00e9rateur : Vivaqua. Cela ne veut pas dire qu\u2019il est plus simple, pour un usager, de comprendre ses factures,\u00a0ses consommations ou certaines proc\u00e9dures auxquelles il doit faire face. [&hellip;]<\/p>\n","protected":false},"author":1,"featured_media":0,"parent":0,"menu_order":189,"comment_status":"closed","ping_status":"closed","template":"","meta":{"_acf_changed":false,"footnotes":""},"class_list":["post-152","page","type-page","status-publish","hentry"],"acf":[],"_links":{"self":[{"href":"https:\/\/socialenergie.alysdev.be\/fr\/wp-json\/wp\/v2\/pages\/152","targetHints":{"allow":["GET"]}}],"collection":[{"href":"https:\/\/socialenergie.alysdev.be\/fr\/wp-json\/wp\/v2\/pages"}],"about":[{"href":"https:\/\/socialenergie.alysdev.be\/fr\/wp-json\/wp\/v2\/types\/page"}],"author":[{"embeddable":true,"href":"https:\/\/socialenergie.alysdev.be\/fr\/wp-json\/wp\/v2\/users\/1"}],"replies":[{"embeddable":true,"href":"https:\/\/socialenergie.alysdev.be\/fr\/wp-json\/wp\/v2\/comments?post=152"}],"version-history":[{"count":11,"href":"https:\/\/socialenergie.alysdev.be\/fr\/wp-json\/wp\/v2\/pages\/152\/revisions"}],"predecessor-version":[{"id":13445,"href":"https:\/\/socialenergie.alysdev.be\/fr\/wp-json\/wp\/v2\/pages\/152\/revisions\/13445"}],"wp:attachment":[{"href":"https:\/\/socialenergie.alysdev.be\/fr\/wp-json\/wp\/v2\/media?parent=152"}],"curies":[{"name":"wp","href":"https:\/\/api.w.org\/{rel}","templated":true}]}}