{"id":1953,"date":"2016-08-08T10:49:59","date_gmt":"2016-08-08T08:49:59","guid":{"rendered":"http:\/\/zl31wzsmw.preview.infomaniak.website\/_new2016\/fr\/?page_id=1953"},"modified":"2016-09-22T11:47:55","modified_gmt":"2016-09-22T09:47:55","slug":"contester-une-facture","status":"publish","type":"page","link":"https:\/\/socialenergie.alysdev.be\/fr\/recours-plaintes\/contester\/contester-une-facture\/","title":{"rendered":"Contester une facture"},"content":{"rendered":"<p>Un consommateur qui estime que sa facture est erron\u00e9e peut la contester.<\/p>\n<p>Les proc\u00e9dures et les d\u00e9lais sont diff\u00e9rents selon que l&rsquo;on s&rsquo;adresse \u00e0 un fournisseur ou Sibelga (pour une facture de gaz ou d&rsquo;\u00e9lectricit\u00e9) ou \u00e0 Hydrobru (pour une facture d&rsquo;eau):<\/p>\n<ul>\n<li><a href=\"https:\/\/socialenergie.alysdev.be\/recours-plaintes\/contester\/contester-une-facture\/gaz-et-electricite\/\" target=\"_blank\" rel=\"noopener noreferrer\">Contester une facture de gaz et \u00e9lectricit\u00e9<\/a><\/li>\n<li><a href=\"https:\/\/socialenergie.alysdev.be\/recours-plaintes\/contester\/contester-une-facture\/eau\/\" target=\"_blank\" rel=\"noopener noreferrer\">Contester une facture d&rsquo;eau<\/a><\/li>\n<\/ul>\n","protected":false},"excerpt":{"rendered":"<p>Un consommateur qui estime que sa facture est erron\u00e9e peut la contester. Les proc\u00e9dures et les d\u00e9lais sont diff\u00e9rents selon que l&rsquo;on s&rsquo;adresse \u00e0 un fournisseur ou Sibelga (pour une facture de gaz ou d&rsquo;\u00e9lectricit\u00e9) ou \u00e0 Hydrobru (pour une facture d&rsquo;eau): Contester une facture de gaz et \u00e9lectricit\u00e9 Contester une facture d&rsquo;eau<\/p>\n","protected":false},"author":3,"featured_media":0,"parent":1947,"menu_order":151,"comment_status":"closed","ping_status":"closed","template":"","meta":{"_acf_changed":false,"footnotes":""},"class_list":["post-1953","page","type-page","status-publish","hentry"],"acf":[],"_links":{"self":[{"href":"https:\/\/socialenergie.alysdev.be\/fr\/wp-json\/wp\/v2\/pages\/1953","targetHints":{"allow":["GET"]}}],"collection":[{"href":"https:\/\/socialenergie.alysdev.be\/fr\/wp-json\/wp\/v2\/pages"}],"about":[{"href":"https:\/\/socialenergie.alysdev.be\/fr\/wp-json\/wp\/v2\/types\/page"}],"author":[{"embeddable":true,"href":"https:\/\/socialenergie.alysdev.be\/fr\/wp-json\/wp\/v2\/users\/3"}],"replies":[{"embeddable":true,"href":"https:\/\/socialenergie.alysdev.be\/fr\/wp-json\/wp\/v2\/comments?post=1953"}],"version-history":[{"count":3,"href":"https:\/\/socialenergie.alysdev.be\/fr\/wp-json\/wp\/v2\/pages\/1953\/revisions"}],"predecessor-version":[{"id":2850,"href":"https:\/\/socialenergie.alysdev.be\/fr\/wp-json\/wp\/v2\/pages\/1953\/revisions\/2850"}],"up":[{"embeddable":true,"href":"https:\/\/socialenergie.alysdev.be\/fr\/wp-json\/wp\/v2\/pages\/1947"}],"wp:attachment":[{"href":"https:\/\/socialenergie.alysdev.be\/fr\/wp-json\/wp\/v2\/media?parent=1953"}],"curies":[{"name":"wp","href":"https:\/\/api.w.org\/{rel}","templated":true}]}}