{"id":2005,"date":"2016-08-08T15:08:09","date_gmt":"2016-08-08T13:08:09","guid":{"rendered":"http:\/\/zl31wzsmw.preview.infomaniak.website\/_new2016\/fr\/?page_id=2005"},"modified":"2025-10-28T13:51:14","modified_gmt":"2025-10-28T12:51:14","slug":"tribunal-du-travail","status":"publish","type":"page","link":"https:\/\/socialenergie.alysdev.be\/fr\/recours-plaintes\/justice\/autres\/tribunal-du-travail\/","title":{"rendered":"Le Tribunal du travail"},"content":{"rendered":"<p>Le tribunal du travail est comp\u00e9tent pour juger de toutes les contestations de d\u00e9cisions \u00e9manant du CPAS. En mati\u00e8re \u00e9nerg\u00e9tique, il peut s\u2019agir, par exemple, de contester un refus\u00a0:<\/p>\n<ul>\n<li>de faire intervenir le Fonds social de l\u2019eau ou le Fonds Gaz Electricit\u00e9 pour soutenir un consommateur endett\u00e9\u00a0;<\/li>\n<li>d\u2019octroyer une aide sociale r\u00e9currente compl\u00e9mentaire pour rendre le consommateur en capacit\u00e9 d\u2019honorer le paiement de factures d\u2019\u00e9nergie co\u00fbteuses;<\/li>\n<li>d&rsquo;octroyer le statut de client prot\u00e9g\u00e9.<\/li>\n<\/ul>\n<p>Chaque chambre du Tribunal du travail est compos\u00e9e d&rsquo;un pr\u00e9sident, de deux juges sociaux et du minist\u00e8re public. Le pr\u00e9sident est un magistrat professionnel au contraire des deux juges sociaux\u00b9. L\u2019instance d\u2019appel est la Cour du travail.<\/p>\n<p>La proc\u00e9dure tend \u00e0 faciliter au maximum l&rsquo;acc\u00e8s du justiciable au tribunal :<\/p>\n<ul>\n<li><strong>la proc\u00e9dure est simplifi\u00e9e. <\/strong>L\u2019introduction peut se faire par simple lettre \u00e9crite d\u00e9pos\u00e9e au greffe ou adress\u00e9e par recommand\u00e9. Appel\u00e9e requ\u00eate, elle ne doit pas \u00eatre motiv\u00e9e pour \u00eatre valable. Le greffe fournit des formulaires de requ\u00eate pr\u00e9imprim\u00e9s qu&rsquo;il suffit de compl\u00e9ter.<\/li>\n<li><strong>la proc\u00e9dure est gratuite<\/strong>. Les co\u00fbts de la proc\u00e9dure sont toujours pris en charge par l&rsquo;organisme de s\u00e9curit\u00e9 sociale, y compris si l\u2019usager\/consommateur n\u2019obtient pas de gain de cause (sauf demande t\u00e9m\u00e9raire ou vexatoire). Autrement dit, <a href=\"http:\/\/droitbelge.be\/news_detail.asp?id=864\" target=\"_blank\" rel=\"noopener noreferrer\" target=\"_blank\" rel=\"noopener\">l\u2019indemnit\u00e9 de proc\u00e9dure<\/a> sera toujours \u00e0 charge du CPAS. Quant aux honoraires de son propre avocat, il demeure \u00e0 la charge de l\u2019usager\/consommateur\u00a0: toutefois, la plupart b\u00e9n\u00e9ficieront vraisemblablement de l\u2019aide juridique partiellement ou totalement gratuite <a href=\"http:\/\/www.aidejuridiquebruxelles.be\/index.php\/conditions-d-acces-a-l-aide-juridique-de-deuxieme-ligne\" target=\"_blank\" rel=\"noopener noreferrer\" target=\"_blank\" rel=\"noopener\">en fonction de leur seuil de revenus<\/a>.<\/li>\n<li><strong>la proc\u00e9dure est instruite et suivie par l&rsquo;auditorat<\/strong>, compos\u00e9s de magistrats \u00ab\u00a0instructeurs\u00a0\u00bb (les auditeurs) qui donnent leur avis, verbal ou \u00e9crit, pour \u00e9clairer le tribunal.<\/li>\n<li><strong>le juge professionnel a un r\u00f4le actif \u00e0 l&rsquo;audience<\/strong>: il pose de multiples questions aux justiciables et il peut invoquer des arguments que les parties n&rsquo;ont pas elles-m\u00eames soulev\u00e9s.<\/li>\n<li><strong>le justiciable peut \u00eatre assist\u00e9 ou repr\u00e9sent\u00e9<\/strong> par un avocat, par un repr\u00e9sentant de son syndicat (pour ceux qui sont affili\u00e9s \u00e0 un syndicat), par son conjoint, un parent ou un alli\u00e9 porteur d&rsquo;une procuration.<\/li>\n<\/ul>\n<p class=\"info\">Pour en savoir plus\u00a0sur la saisine du Tribunal du travail\u00a0: Y. Martens, \u00ab\u00a0Les tribunaux\u00a0: un espoir de justice sociale\u00a0?\u00a0\u00bb, qui recommande aux usagers les permanences juridiques de L&rsquo;atelier des droits sociaux (02\/512 71 57) et du Collectif Solidarit\u00e9 Contre l\u2019Exclusion qui a d\u00e9velopp\u00e9 un service \u00ab\u00a0Infor Droits\u00a0\u00bb qui assiste gratuitement les demandeurs d\u2019aide au CPAS. Contact : 02\/535 93 57 &#8211; contact@infordroits.be<\/p>\n<p class=\"small-font cadre greybg\">[1] L&rsquo;un repr\u00e9sente les travailleurs (ouvriers et employ\u00e9s), l&rsquo;autre les employeurs. Ils sont choisis par leurs\u00a0 associations repr\u00e9sentatives (syndicats et f\u00e9d\u00e9rations patronales).<\/p>\n","protected":false},"excerpt":{"rendered":"<p>Le tribunal du travail est comp\u00e9tent pour juger de toutes les contestations de d\u00e9cisions \u00e9manant du CPAS. En mati\u00e8re \u00e9nerg\u00e9tique, il peut s\u2019agir, par exemple, de contester un refus\u00a0: de faire intervenir le Fonds social de l\u2019eau ou le Fonds Gaz Electricit\u00e9 pour soutenir un consommateur endett\u00e9\u00a0; d\u2019octroyer une aide sociale r\u00e9currente compl\u00e9mentaire pour rendre [&hellip;]<\/p>\n","protected":false},"author":3,"featured_media":0,"parent":2001,"menu_order":277,"comment_status":"closed","ping_status":"closed","template":"","meta":{"_acf_changed":false,"footnotes":""},"class_list":["post-2005","page","type-page","status-publish","hentry"],"acf":[],"_links":{"self":[{"href":"https:\/\/socialenergie.alysdev.be\/fr\/wp-json\/wp\/v2\/pages\/2005","targetHints":{"allow":["GET"]}}],"collection":[{"href":"https:\/\/socialenergie.alysdev.be\/fr\/wp-json\/wp\/v2\/pages"}],"about":[{"href":"https:\/\/socialenergie.alysdev.be\/fr\/wp-json\/wp\/v2\/types\/page"}],"author":[{"embeddable":true,"href":"https:\/\/socialenergie.alysdev.be\/fr\/wp-json\/wp\/v2\/users\/3"}],"replies":[{"embeddable":true,"href":"https:\/\/socialenergie.alysdev.be\/fr\/wp-json\/wp\/v2\/comments?post=2005"}],"version-history":[{"count":6,"href":"https:\/\/socialenergie.alysdev.be\/fr\/wp-json\/wp\/v2\/pages\/2005\/revisions"}],"predecessor-version":[{"id":12164,"href":"https:\/\/socialenergie.alysdev.be\/fr\/wp-json\/wp\/v2\/pages\/2005\/revisions\/12164"}],"up":[{"embeddable":true,"href":"https:\/\/socialenergie.alysdev.be\/fr\/wp-json\/wp\/v2\/pages\/2001"}],"wp:attachment":[{"href":"https:\/\/socialenergie.alysdev.be\/fr\/wp-json\/wp\/v2\/media?parent=2005"}],"curies":[{"name":"wp","href":"https:\/\/api.w.org\/{rel}","templated":true}]}}