{"id":2076,"date":"2016-08-16T09:57:00","date_gmt":"2016-08-16T07:57:00","guid":{"rendered":"http:\/\/zl31wzsmw.preview.infomaniak.website\/_new2016\/fr\/?page_id=2076"},"modified":"2025-09-29T16:47:34","modified_gmt":"2025-09-29T14:47:34","slug":"frais-de-recouvrement","status":"publish","type":"page","link":"https:\/\/socialenergie.alysdev.be\/fr\/factures\/non-paiement\/frais-de-recouvrement\/","title":{"rendered":"Frais de recouvrement"},"content":{"rendered":"<p>En cas de facture partiellement ou int\u00e9gralement impay\u00e9e, les fournisseurs imputent au consommateur des frais de recouvrement : les frais de rappel et de mise en demeure.<\/p>\n<p>Les frais de recouvrement sont ajout\u00e9s \u00e0 la facture suivante (interm\u00e9diaire ou annuelle) qui suit l\u2019envoi des courriers de recouvrement et l\u2019envoi des courriers administratifs.<\/p>\n<p>Selon les Ordonnances<span class=\"exposant\" style=\"font-size: x-small;\">1<\/span>, les frais de recouvrement ne peuvent pas d\u00e9passer un certain plafond :<\/p>\n<ul>\n<li>Frais de rappel : 7,5 euros maximum<\/li>\n<li>Frais de mise en demeure : 15 euros maximum<\/li>\n<li>aucun frais de rappel ou de mise en demeure suppl\u00e9mentaire ne peut plus \u00eatre r\u00e9clam\u00e9 apr\u00e8s l\u2019introduction de la demande de r\u00e9solution du contrat aupr\u00e8s du juge de paix<\/li>\n<li>les frais totaux de recouvrement et administratifs ne peuvent \u00eatre sup\u00e9rieurs \u00e0 55 euros pour une m\u00eame proc\u00e9dure de recouvrement<\/li>\n<\/ul>\n<p class=\"info\"><strong>Factures attach\u00e9es \u00e0 la proc\u00e9dure de recouvrement<br \/>\n<\/strong>Une proc\u00e9dure de recouvrement d\u00e9bute lors de l\u2019envoi d\u2019un premier rappel pour d\u00e9faut de paiement. Toutes les factures suivant le rappel et pour lesquelles il y a un d\u00e9faut de paiement sont rattach\u00e9es \u00e0 cette proc\u00e9dure de recouvrement.<\/p>\n<div class=\"greybg cadre\">\n<div>\n<p><span style=\"font-size: x-small;\">[1] Art.25 sexies \u00a72 al.2 1\u00b0, Ord. du 19 juillet 2001 relative \u00e0 l\u2019organisation du march\u00e9 de l\u2019\u00e9lectricit\u00e9 en R\u00e9gion de Bruxelles-Capitale ; Art.20 quater \u00a71 al.3 1\u00b0, Ord. du 01 avril 2004 relative \u00e0 l&rsquo;organisation du march\u00e9 du gaz en R\u00e9gion de Bruxelles-Capitale,.<\/span><\/p>\n<\/div>\n<\/div>\n","protected":false},"excerpt":{"rendered":"<p>En cas de facture partiellement ou int\u00e9gralement impay\u00e9e, les fournisseurs imputent au consommateur des frais de recouvrement : les frais de rappel et de mise en demeure. Les frais de recouvrement sont ajout\u00e9s \u00e0 la facture suivante (interm\u00e9diaire ou annuelle) qui suit l\u2019envoi des courriers de recouvrement et l\u2019envoi des courriers administratifs. Selon les Ordonnances1, [&hellip;]<\/p>\n","protected":false},"author":3,"featured_media":0,"parent":411,"menu_order":224,"comment_status":"closed","ping_status":"closed","template":"","meta":{"_acf_changed":false,"footnotes":""},"class_list":["post-2076","page","type-page","status-publish","hentry"],"acf":[],"_links":{"self":[{"href":"https:\/\/socialenergie.alysdev.be\/fr\/wp-json\/wp\/v2\/pages\/2076","targetHints":{"allow":["GET"]}}],"collection":[{"href":"https:\/\/socialenergie.alysdev.be\/fr\/wp-json\/wp\/v2\/pages"}],"about":[{"href":"https:\/\/socialenergie.alysdev.be\/fr\/wp-json\/wp\/v2\/types\/page"}],"author":[{"embeddable":true,"href":"https:\/\/socialenergie.alysdev.be\/fr\/wp-json\/wp\/v2\/users\/3"}],"replies":[{"embeddable":true,"href":"https:\/\/socialenergie.alysdev.be\/fr\/wp-json\/wp\/v2\/comments?post=2076"}],"version-history":[{"count":1,"href":"https:\/\/socialenergie.alysdev.be\/fr\/wp-json\/wp\/v2\/pages\/2076\/revisions"}],"predecessor-version":[{"id":2078,"href":"https:\/\/socialenergie.alysdev.be\/fr\/wp-json\/wp\/v2\/pages\/2076\/revisions\/2078"}],"up":[{"embeddable":true,"href":"https:\/\/socialenergie.alysdev.be\/fr\/wp-json\/wp\/v2\/pages\/411"}],"wp:attachment":[{"href":"https:\/\/socialenergie.alysdev.be\/fr\/wp-json\/wp\/v2\/media?parent=2076"}],"curies":[{"name":"wp","href":"https:\/\/api.w.org\/{rel}","templated":true}]}}