{"id":2081,"date":"2016-08-16T10:03:31","date_gmt":"2016-08-16T08:03:31","guid":{"rendered":"http:\/\/zl31wzsmw.preview.infomaniak.website\/_new2016\/fr\/?page_id=2081"},"modified":"2025-10-28T14:40:02","modified_gmt":"2025-10-28T13:40:02","slug":"societe-de-recouvrement","status":"publish","type":"page","link":"https:\/\/socialenergie.alysdev.be\/fr\/factures\/non-paiement\/societe-de-recouvrement\/","title":{"rendered":"Intervention d\u2019une soci\u00e9t\u00e9 de recouvrement"},"content":{"rendered":"<p>Pour r\u00e9cup\u00e9rer sa cr\u00e9ance, le fournisseur peut mandater une soci\u00e9t\u00e9 de recouvrement amiable de dettes, un huissier ou un avocat. Le recouvrement se dit \u00ab \u00e0 l\u2019amiable \u00bb lorsqu&rsquo;il a lieu en dehors de toute proc\u00e9dure judiciaire par opposition au recouvrement judiciaire ou forc\u00e9 qui intervient en ex\u00e9cution d\u2019un titre ex\u00e9cutoire (jugement ou contrainte en mati\u00e8re fiscale) et qui prendra g\u00e9n\u00e9ralement la forme de saisies.<\/p>\n<p>Le livre XIX du Code de droit \u00e9conomique (CDE) \u00ab Dettes du consommateur \u00bb (introduit par la loi du 4 mai 2003) r\u00e9glemente l\u2019activit\u00e9 de recouvrement amiable des dettes du consommateur. La loi de 2002 sur le recouvrement amiable a, quant \u00e0 elle, \u00e9t\u00e9 abrog\u00e9e.<\/p>\n<p class=\"attention\"><strong>Activit\u00e9 de recouvrement amiable de dettes<\/strong><br \/>\nLes huissiers peuvent exercer une activit\u00e9 de recouvrement amiable de dettes. Dans ce cas, ils accomplissent des missions extra-judiciaires en dehors de toute proc\u00e9dure judiciaire et n&rsquo;agissent pas comme officiers minist\u00e9riels et publics. Ils doivent alors se conformer au Code de droit \u00e9conomique, en ce compris pour les frais qu&rsquo;ils peuvent comptabiliser. Il en va de m\u00eame pour les avocats. L&rsquo;article XIX. 13 du CDE pr\u00e9cise qu&rsquo;aucune somme ne peut-\u00eatre compt\u00e9e au d\u00e9biteur pour l&rsquo;intervention du recouvreur.<\/p>\n<h2>Etapes de la proc\u00e9dure<\/h2>\n<h3><strong>1.\u00a0 <\/strong><strong>Contr\u00f4le pr\u00e9alable de la dette<\/strong><\/h3>\n<p>Le recouvreur de dettes doit contr\u00f4ler l\u2019exactitude des sommes r\u00e9clam\u00e9es (surtout les int\u00e9r\u00eats et la clause p\u00e9nale) avant l\u2019envoi d\u2019une mise en demeure. Si ces sommes ne sont pas justifi\u00e9es, la mise en demeure ne pourra pas \u00eatre envoy\u00e9e.<\/p>\n<h3><strong>2.\u00a0 Mise en demeure <\/strong><\/h3>\n<p>Tout recouvrement amiable d&rsquo;une dette doit commencer par une mise en demeure \u00e9crite, adress\u00e9e au consommateur.<\/p>\n<p>Cette mise en demeure doit contenir de mani\u00e8re compl\u00e8te et non \u00e9quivoque toutes les donn\u00e9es relatives \u00e0 la cr\u00e9ance. Elle doit comprendre au minimum les donn\u00e9es suivantes :<\/p>\n<ul>\n<li>L\u2019identit\u00e9, le num\u00e9ro d\u2019entreprise, l\u2019adresse, le num\u00e9ro de t\u00e9l\u00e9phone et la qualit\u00e9 du cr\u00e9ancier d\u2019origine.<\/li>\n<li>Le nom ou la d\u00e9nomination, l\u2019adresse et, le cas \u00e9ch\u00e9ant, le num\u00e9ro d\u2019entreprise de la personne qui proc\u00e8de au recouvrement amiable ainsi que les coordonn\u00e9es de l\u2019administration de tutelle au sein du Service Public F\u00e9d\u00e9ral Economie, PME, Classes Moyennes et Energie.<\/li>\n<li>Une description claire de l\u2019obligation qui a donn\u00e9 naissance \u00e0 la dette.<\/li>\n<li>Une description et une justification claires des montants r\u00e9clam\u00e9s au d\u00e9biteur, en ce compris les dommages-int\u00e9r\u00eats et les int\u00e9r\u00eats moratoires r\u00e9clam\u00e9s.<\/li>\n<li>La mention du d\u00e9lai (au moins 15 jours) dans lequel la cr\u00e9ance peut \u00eatre rembours\u00e9e avant que des mesures compl\u00e9mentaires soient prises. Le d\u00e9lai commence \u00e0 courir \u00e0 la date de l\u2019envoi de la sommation \u00e9crite.<\/li>\n<li>Le texte suivant, dans un alin\u00e9a s\u00e9par\u00e9, en caract\u00e8res gras et dans un autre type de caract\u00e8re dans le cas o\u00f9 le recouvrement est effectu\u00e9 par un <strong>avocat, un officier minist\u00e9riel ou un mandataire de justice\u00a0:<\/strong><br \/>\n\u00ab\u00a0Cette lettre ne concerne PAS une citation au tribunal ou une saisie. Il ne s\u2019agit pas d\u2019une proc\u00e9dure de recouvrement judiciaire.\u00a0\u00bb\u00a0;<\/li>\n<li>La mention que le consommateur peut obtenir, \u00e0 sa demande, toutes les pi\u00e8ces justificatives de la dette\u00a0;<\/li>\n<li>La mention de la proc\u00e9dure \u00e0 suivre en cas de contestation de la dette par le consommateur\u00a0;<\/li>\n<li>La mention que le consommateur peut demander des facilit\u00e9s de paiement, s\u2019il est dans l\u2019incapacit\u00e9 de payer le montant d\u00fb en une fois ;<\/li>\n<\/ul>\n<h3><strong>3.<\/strong><strong>\u00a0<\/strong><strong>Facilit\u00e9s de paiement ou d\u00e9p\u00f4t de demande de m\u00e9diation de dettes ou de r\u00e8glement collectif de dettes<\/strong><\/h3>\n<p>Dans les 14 jours de la r\u00e9ception de la mise en demeure, le consommateur peut\u00a0:<\/p>\n<ul>\n<li>Contester la dette r\u00e9clam\u00e9e<\/li>\n<li>Demander des facilit\u00e9s de paiements<\/li>\n<\/ul>\n<p>Aucun acte de recouvrement ne peut \u00eatre pos\u00e9 tant qu\u2019une d\u00e9cision n\u2019a pas \u00e9t\u00e9 prise sur la contestation ou sur la demande de plan de paiement.<br \/>\nSi aucune d\u00e9cision n\u2019a \u00e9t\u00e9 prise dans un d\u00e9lai de 30 jours, les int\u00e9r\u00eats cessent de courir dans l\u2019attente de la d\u00e9cision.<\/p>\n<ul>\n<li>Introduire une demande de m\u00e9diation amiable ou une requ\u00eate en r\u00e8glement collectif de dettes<\/li>\n<\/ul>\n<p>Aucun acte de recouvrement ne peut \u00eatre pos\u00e9 avant qu\u2019une d\u00e9cision statuant sur cette demande n\u2019ait \u00e9t\u00e9 prise avec un maximum de 45 jours. C\u2019est le consommateur qui doit avertir le recouvreur de sa demande de m\u00e9diation\/d\u00e9p\u00f4t de sa requ\u00eate et fournir les coordonn\u00e9es du SMD\/m\u00e9diateur amiable<\/p>\n<h3><strong>4.\u00a0 <\/strong><strong>Sanctions<\/strong><\/h3>\n<p>En dehors de la sanction p\u00e9nale, le recouvreur qui ne respecte pas ces dispositions l\u00e9gales est tenu de rembourser les paiements que le consommateur lui a vers\u00e9s (sauf en cas d\u2019erreur simple qui ne porte pas pr\u00e9judice aux droits du consommateur). Par ailleurs, le consommateur ne devra plus payer ce montant au cr\u00e9ancier.<\/p>\n<p class=\"info\"><strong>Secret\u00a0<\/strong><b>professionnel<\/b><br \/>\nLes soci\u00e9t\u00e9s de recouvrement r\u00e9clament parfois des documents qui n\u2019ont aucun rapport avec la dette du m\u00e9nage. Le secret professionnel auquel sont soumis les travailleurs sociaux vous permet de recadrer l\u2019\u00e9change d\u2019information avec la soci\u00e9t\u00e9 de recouvrement. Ne fournissez que les documents qui sont utiles \u00e0 la gestion de la dette \u00e9nergie.<\/p>\n","protected":false},"excerpt":{"rendered":"<p>Pour r\u00e9cup\u00e9rer sa cr\u00e9ance, le fournisseur peut mandater une soci\u00e9t\u00e9 de recouvrement amiable de dettes, un huissier ou un avocat. Le recouvrement se dit \u00ab \u00e0 l\u2019amiable \u00bb lorsqu&rsquo;il a lieu en dehors de toute proc\u00e9dure judiciaire par opposition au recouvrement judiciaire ou forc\u00e9 qui intervient en ex\u00e9cution d\u2019un titre ex\u00e9cutoire (jugement ou contrainte en [&hellip;]<\/p>\n","protected":false},"author":3,"featured_media":0,"parent":411,"menu_order":239,"comment_status":"closed","ping_status":"closed","template":"","meta":{"_acf_changed":false,"footnotes":""},"class_list":["post-2081","page","type-page","status-publish","hentry"],"acf":[],"_links":{"self":[{"href":"https:\/\/socialenergie.alysdev.be\/fr\/wp-json\/wp\/v2\/pages\/2081","targetHints":{"allow":["GET"]}}],"collection":[{"href":"https:\/\/socialenergie.alysdev.be\/fr\/wp-json\/wp\/v2\/pages"}],"about":[{"href":"https:\/\/socialenergie.alysdev.be\/fr\/wp-json\/wp\/v2\/types\/page"}],"author":[{"embeddable":true,"href":"https:\/\/socialenergie.alysdev.be\/fr\/wp-json\/wp\/v2\/users\/3"}],"replies":[{"embeddable":true,"href":"https:\/\/socialenergie.alysdev.be\/fr\/wp-json\/wp\/v2\/comments?post=2081"}],"version-history":[{"count":8,"href":"https:\/\/socialenergie.alysdev.be\/fr\/wp-json\/wp\/v2\/pages\/2081\/revisions"}],"predecessor-version":[{"id":12225,"href":"https:\/\/socialenergie.alysdev.be\/fr\/wp-json\/wp\/v2\/pages\/2081\/revisions\/12225"}],"up":[{"embeddable":true,"href":"https:\/\/socialenergie.alysdev.be\/fr\/wp-json\/wp\/v2\/pages\/411"}],"wp:attachment":[{"href":"https:\/\/socialenergie.alysdev.be\/fr\/wp-json\/wp\/v2\/media?parent=2081"}],"curies":[{"name":"wp","href":"https:\/\/api.w.org\/{rel}","templated":true}]}}