{"id":2083,"date":"2016-08-16T10:06:05","date_gmt":"2016-08-16T08:06:05","guid":{"rendered":"http:\/\/zl31wzsmw.preview.infomaniak.website\/_new2016\/fr\/?page_id=2083"},"modified":"2026-01-28T16:19:08","modified_gmt":"2026-01-28T15:19:08","slug":"prescription","status":"publish","type":"page","link":"https:\/\/socialenergie.alysdev.be\/fr\/factures\/non-paiement\/prescription\/","title":{"rendered":"Prescription de la dette \u00e9nergie"},"content":{"rendered":"<p>Depuis l&rsquo;entr\u00e9e en vigueur de la loi \u00ab pot-pourri V \u00bb le 03 ao\u00fbt 2017,\u00a0 le d\u00e9lai de prescription des dettes \u00e9nergie est fix\u00e9 \u00e0 5 ans\u00b9. Cela signifie que le fournisseur ou le gestionnaire du logement ne peut, en principe, pas r\u00e9clamer le r\u00e8glement des dettes de gaz et d\u2019\u00e9lectricit\u00e9 dont la facturation remonte \u00e0 plus de 5 ans.<\/p>\n<p>Auparavant, et dans la majorit\u00e9 des cas, on consid\u00e9rait d\u00e9j\u00e0 que les dettes d\u2019eau, de gaz et d\u2019\u00e9lectricit\u00e9 \u00e9taient prescrites apr\u00e8s un d\u00e9lai de 5 ans. Toutefois, l\u2019application de ce d\u00e9lai devenait de plus en plus controvers\u00e9e, suite \u00e0 un arr\u00eat du 8 janvier 2015 de la Cour de cassation attestant, que dans certaines circonstances, le d\u00e9lai de prescription applicable aux dettes \u00e9nerg\u00e9tiques (gaz et \u00e9lectricit\u00e9) \u00e9tait d\u2019un an seulement\u00b2 (<a href=\"https:\/\/socialenergie.alysdev.be\/jurisprudence\/\" target=\"_blank\" rel=\"noopener noreferrer\">voir la jurisprudence<\/a>). L\u2019invocation de cet arr\u00eat r\u00e9cent \u00e9tait\u00a0 tr\u00e8s favorable aux consommateurs car il emp\u00eachait une accumulation consid\u00e9rable de la dette.<\/p>\n<p>Le l\u00e9gislateur a toutefois souhait\u00e9 mettre un terme d\u00e9finitif \u00e0 cette controverse.<\/p>\n<p>La loi \u00ab\u00a0pot-pourri V\u00a0\u00bb a pr\u00e9cis\u00e9 tr\u00e8s clairement la prescription par cinq ans de dettes dans certains domaines d\u00e9finis, dont l\u2019\u00e9nergie. En effet, l\u2019article 2277 du Code civil est compl\u00e9t\u00e9 par un alin\u00e9a 2, r\u00e9dig\u00e9 comme suit : \u00ab\u00a0<em>Les cr\u00e9ances pour la fourniture de biens et de services via des r\u00e9seaux de distribution d\u2019eau, de gaz ou d\u2019\u00e9lectricit\u00e9 ou la fourniture de services de communications \u00e9lectroniques ou de services de radiotransmission ou de radio- et t\u00e9l\u00e9diffusion via des r\u00e9seaux de communications \u00e9lectroniques <strong>se prescrivent par cinq ans\u00a0\u00bb<\/strong><\/em>.<\/p>\n<p>Cette loi est d\u2019application imm\u00e9diate pour toutes les dettes en cours.<\/p>\n<p class=\"attention\"><strong>Attention : Ce d\u00e9lai peut \u00eatre interrompu ou suspendu pour de nombreuses raisons<\/strong>, expliqu\u00e9es ci-dessous. La dette qui remonte \u00e0 5 ans ou plus n\u2019est donc pas automatiquement prescrite.<\/p>\n<div>\n<h2>Interruption du d\u00e9lai de prescription : le compteur est remis \u00e0 z\u00e9ro<\/h2>\n<\/div>\n<p>Le d\u00e9lai est interrompu et le compteur est remis \u00e0 z\u00e9ro, <strong>si l\u2019une des situations suivantes est rencontr\u00e9e<\/strong> :<\/p>\n<p>La personne ayant une dette<span class=\"exposant\" style=\"font-size: x-small;\">3<\/span>:<\/p>\n<ul>\n<li style=\"list-style-type: none;\">\n<ul>\n<li>signe une reconnaissance de dette, ou<\/li>\n<li>demande un\/des d\u00e9lais de paiement, ou<\/li>\n<li>paye une partie de la dette<\/li>\n<\/ul>\n<\/li>\n<\/ul>\n<p>Le cr\u00e9ancier (dans notre cas, le fournisseur ou le gestionnaire du logement), via un huissier de justice<span class=\"exposant\" style=\"font-size: x-small;\">4<\/span> :<\/p>\n<ul>\n<li style=\"list-style-type: none;\">\n<ul>\n<li>envoie une citation en justice, ou<\/li>\n<li>envoie un commandement de payer, ou<\/li>\n<li>proc\u00e8de \u00e0 une saisie<\/li>\n<\/ul>\n<\/li>\n<\/ul>\n<p>Dans ces diff\u00e9rents cas de figure, un nouveau d\u00e9lai de prescription de 5 ans recommence donc \u00e0 courir \u00e0 dater, par exemple, de la signature de la reconnaissance de dette, du paiement d\u2019une partie de la dette, ou encore, de la citation en justice,\u2026<\/p>\n<p>En revanche, une simple mise en demeure du client par le fournisseur (par courrier recommand\u00e9) n\u2019interrompt pas la prescription.<\/p>\n<div>\n<h2>Suspension du d\u00e9lai de prescription : pour provoquer un r\u00e8glement \u00e0 l\u2019amiable ?<\/h2>\n<\/div>\n<p>Depuis juillet 2013<span class=\"exposant\" style=\"font-size: x-small;\">5<\/span>, une mise en demeure envoy\u00e9e par un avocat ou un huissier de justice peut <strong>suspendre temporairemen<\/strong>t le d\u00e9lai de prescription.<\/p>\n<p>Cette d\u00e9marche peut s\u2019av\u00e9rer favorable \u00e0 l\u2019usager ayant une dette car une telle mise en demeure peut l\u2019inciter fermement \u00e0 payer. Cela lui \u00e9vite ainsi les frais de proc\u00e9dure li\u00e9s \u00e0 une citation en justice \u00e0 laquelle le fournisseur ou le gestionnaire du logement \u00ab impatients de r\u00e9cup\u00e9rer leur cr\u00e9ance \u00bb auraient pu recourir directement.<\/p>\n<p><strong>La mise en demeure doit remplir plusieurs conditions<\/strong><span class=\"exposant\" style=\"font-size: x-small;\">6<\/span><strong> :<\/strong><\/p>\n<ol start=\"1\">\n<li>La mise en demeure doit \u00eatre envoy\u00e9e par recommand\u00e9 au domicile de l\u2019usager ;<\/li>\n<li>Le recommand\u00e9 doit contenir les mentions suivantes :<\/li>\n<\/ol>\n<ul>\n<li style=\"list-style-type: none;\">\n<ul>\n<li>les coordonn\u00e9es du cr\u00e9ancier (celui qui r\u00e9clame la dette)<\/li>\n<li>les coordonn\u00e9es du d\u00e9biteur (celui qui doit payer la dette)<\/li>\n<li>la description de l&rsquo;origine de la dette<\/li>\n<li>le d\u00e9compte d\u00e9taill\u00e9 (principal, frais et int\u00e9r\u00eats)<\/li>\n<li>le d\u00e9lai de paiement avant la prochaine d\u00e9marche de r\u00e9cup\u00e9ration de la dette<\/li>\n<li>l&rsquo;\u00e9ventualit\u00e9 d&rsquo;une proc\u00e9dure en justice<\/li>\n<li>l&rsquo;effet interruptif de la prescription de la mise en demeure<\/li>\n<li>la signature de l&rsquo;auteur de la mise en demeure (avocat, huissier, d\u00e9l\u00e9gu\u00e9 syndical)<\/li>\n<\/ul>\n<\/li>\n<\/ul>\n<p>L\u2019envoi de cette mise en demeure fait d\u00e9marrer <strong>un nouveau d\u00e9lai d\u2019un an<\/strong>. Le d\u00e9lai de prescription ne peut \u00eatre suspendu qu\u2019une seule fois. Si la dur\u00e9e de prescription initiale n\u00b4est toujours pas atteinte au terme de ce d\u00e9lai d\u00b4un an, le d\u00e9lai de prescription reprend au moment o\u00f9 il avait \u00e9t\u00e9 interrompu.<\/p>\n<p class=\"cadre\">Exemple : \u00ab\u00a0Si vous recevez apr\u00e8s 2 ans une mise en demeure de l&rsquo;avocat de votre fournisseur, le d\u00e9lai de prescription est suspendu. Un nouveau d\u00e9lai d&rsquo;un an commence alors \u00e0 courir. Lorsque ce d\u00e9lai d&rsquo;un an se termine, votre fournisseur pourra encore r\u00e9clamer le paiement de sa facture pendant 3 ans puisque le d\u00e9lai de prescription initial (5 ans) n&rsquo;\u00e9tait pas totalement \u00e9coul\u00e9 lorsque vous avez re\u00e7u la mise en demeure\u00a0\u00bb<span class=\"exposant\" style=\"font-size: x-small;\">7<\/span>.<\/p>\n<p>Si au moment de l\u2019envoi de la mise en demeure, le d\u00e9lai de prescription restant est inf\u00e9rieur \u00e0 un an, la dur\u00e9e de la suspension est identique \u00e0 celle du d\u00e9lai de prescription restant.<\/p>\n<p class=\"info\">Dans les faits, le d\u00e9lai de prescription des dettes \u00e9nerg\u00e9tiques est probablement souvent \u00e9quivalent \u00e0 6 ans. En effet, le recours \u00e0 cette pratique de suspension doit \u00eatre fr\u00e9quent tant elle est profitable tant au fournisseur qui s\u2019assure de r\u00e9cup\u00e9rer la dette qu\u2019\u00e0 l\u2019usager qui ne doit pas payer les frais d\u2019une proc\u00e9dure contentieuse.<\/p>\n<p><em>Source : Droits Quotidiens<\/em><\/p>\n<p class=\"greybg\">[1] Loi du 6 juillet 2017 portant simplification, harmonisation, informatisation et modernisation de dispositions de droit civil et de proc\u00e9dure civile ainsi que du notariat, et portant diverses mesures en mati\u00e8re de justice (1)n <a href=\"http:\/\/www.ejustice.just.fgov.be\/eli\/loi\/2017\/07\/06\/2017030652\/moniteur\" target=\"_blank\" rel=\"noopener noreferrer\">http:\/\/www.ejustice.just.fgov.be\/eli\/loi\/2017\/07\/06\/2017030652\/moniteur<\/a><\/p>\n<p class=\"greybg\">[2] sur la base de l\u2019article 2272 du code civil<\/p>\n<p class=\"greybg\">[3] Art. 2248, Code Civ.<\/p>\n<p class=\"greybg\">[4] Art. 2244 et 2246, Code Civ.<\/p>\n<p class=\"greybg\">[5] Loi du 23 mai 2013 modifiant l&rsquo;article 2244 du Code civil pour attribuer un effet interruptif de la prescription \u00e0 la lettre de mise en demeure de l&rsquo;avocat, de l&rsquo;huissier de justice ou de la personne pouvant ester en justice en vertu de l&rsquo;article 728, \u00a7 3, du Code judiciaire<\/p>\n<p class=\"greybg\">[6] Art. 2244 et 2246, Code Civ.<\/p>\n<p class=\"greybg\">[7] Source : Droits quotidiens, <a href=\"http:\/\/www.droitsquotidiens.be\/base-de-donnees\/quel-est-le-delai-de-prescription-de-mes-factures-de-gaz-et-d-electricite.html\" target=\"_blank\" rel=\"noopener noreferrer\">http:\/\/www.droitsquotidiens.be\/base-de-donnees\/quel-est-le-delai-de-prescription-de-mes-factures-de-gaz-et-d-electricite.html<\/a><\/p>\n","protected":false},"excerpt":{"rendered":"<p>Depuis l&rsquo;entr\u00e9e en vigueur de la loi \u00ab pot-pourri V \u00bb le 03 ao\u00fbt 2017,\u00a0 le d\u00e9lai de prescription des dettes \u00e9nergie est fix\u00e9 \u00e0 5 ans\u00b9. Cela signifie que le fournisseur ou le gestionnaire du logement ne peut, en principe, pas r\u00e9clamer le r\u00e8glement des dettes de gaz et d\u2019\u00e9lectricit\u00e9 dont la facturation remonte [&hellip;]<\/p>\n","protected":false},"author":3,"featured_media":0,"parent":411,"menu_order":392,"comment_status":"closed","ping_status":"closed","template":"","meta":{"_acf_changed":false,"footnotes":""},"class_list":["post-2083","page","type-page","status-publish","hentry"],"acf":[],"_links":{"self":[{"href":"https:\/\/socialenergie.alysdev.be\/fr\/wp-json\/wp\/v2\/pages\/2083","targetHints":{"allow":["GET"]}}],"collection":[{"href":"https:\/\/socialenergie.alysdev.be\/fr\/wp-json\/wp\/v2\/pages"}],"about":[{"href":"https:\/\/socialenergie.alysdev.be\/fr\/wp-json\/wp\/v2\/types\/page"}],"author":[{"embeddable":true,"href":"https:\/\/socialenergie.alysdev.be\/fr\/wp-json\/wp\/v2\/users\/3"}],"replies":[{"embeddable":true,"href":"https:\/\/socialenergie.alysdev.be\/fr\/wp-json\/wp\/v2\/comments?post=2083"}],"version-history":[{"count":8,"href":"https:\/\/socialenergie.alysdev.be\/fr\/wp-json\/wp\/v2\/pages\/2083\/revisions"}],"predecessor-version":[{"id":13596,"href":"https:\/\/socialenergie.alysdev.be\/fr\/wp-json\/wp\/v2\/pages\/2083\/revisions\/13596"}],"up":[{"embeddable":true,"href":"https:\/\/socialenergie.alysdev.be\/fr\/wp-json\/wp\/v2\/pages\/411"}],"wp:attachment":[{"href":"https:\/\/socialenergie.alysdev.be\/fr\/wp-json\/wp\/v2\/media?parent=2083"}],"curies":[{"name":"wp","href":"https:\/\/api.w.org\/{rel}","templated":true}]}}