{"id":2094,"date":"2016-08-16T14:04:00","date_gmt":"2016-08-16T12:04:00","guid":{"rendered":"http:\/\/zl31wzsmw.preview.infomaniak.website\/_new2016\/fr\/?page_id=2094"},"modified":"2025-10-28T11:28:38","modified_gmt":"2025-10-28T10:28:38","slug":"types-dinstallations","status":"publish","type":"page","link":"https:\/\/socialenergie.alysdev.be\/fr\/factures\/decompte-de-charges\/definition\/types-dinstallations\/","title":{"rendered":"D\u00e9compte et types d&rsquo;installations ?"},"content":{"rendered":"<p>En mati\u00e8re de chauffage, de production d\u2019eau chaude et de distribution d\u2019eau froide, les installations, dans les immeubles \u00e0 appartements multiples peuvent \u00eatre individuelles ou collectives.<\/p>\n<h2>Installations individuelles<\/h2>\n<p>Lorsque toutes les installations sont individuelles, chaque logement dispose de son propre compteur d\u2019eau (plac\u00e9 et relev\u00e9 par Vivaqua), de sa propre chaudi\u00e8re et de son propre syst\u00e8me de production d\u2019eau chaude (soit int\u00e9gr\u00e9 \u00e0 la chaudi\u00e8re, soit distinct, sous forme de boiler \u00e9lectrique ou de chauffe-eau au gaz). Dans ce cas, les occupants re\u00e7oivent directement leur(s) facture(s) d\u2019\u00e9nergie de leur(s) fournisseur(s) et leur facture d\u2019eau de Vivaqua. <strong>Il n\u2019y pas de d\u00e9compte de charges.<\/strong><\/p>\n<h2>Installations collectives<\/h2>\n<p>Les installations sont dites collectives lorsque soit :<\/p>\n<ul>\n<li>La chaudi\u00e8re est commune \u00e0 l\u2019ensemble de l\u2019immeuble. Elle peut :\n<ul>\n<li>Fournir exclusivement le chauffage aux diff\u00e9rents logements de l\u2019immeuble<\/li>\n<li>Fournir le chauffage et l\u2019eau chaude<\/li>\n<\/ul>\n<\/li>\n<li>Un seul compteur d\u2019eau (plac\u00e9 et relev\u00e9 par Vivaqua) alimente l\u2019ensemble de l\u2019immeuble.<\/li>\n<\/ul>\n<p>Dans ce cas, la facture d\u2019\u00e9nergie (gaz ou mazout) et\/ou la facture d\u2019eau sont r\u00e9ceptionn\u00e9es et pay\u00e9es par le gestionnaire du logement. Celui-ci r\u00e9partit ensuite les frais entre les occupants. <strong>Il y a alors d\u00e9compte de charges<\/strong>.<\/p>\n<p>Le d\u00e9compte de charges re\u00e7u par l\u2019occupant varie donc en fonction du type d\u2019installation dont dispose le b\u00e2timent en termes de chauffage, de distribution d\u2019eau froide ou de production d\u2019eau chaude : le d\u00e9compte porte soit sur l\u2019ensemble des postes, soit uniquement sur l\u2019un ou l\u2019autre.<\/p>\n<p>Quatre cas de figure sont possibles :<\/p>\n<ul>\n<li><strong>le d\u00e9compte de charges porte sur le chauffage, la production d\u2019eau chaude sanitaire et la distribution d\u2019eau froide<\/strong>, si toutes les installations sont collectives.<\/li>\n<li><strong>Le d\u00e9compte de charges porte uniquement sur le chauffage et la production d\u2019eau chaude<\/strong>, si ces infrastructures sont collectives, mais que le logement dispose par ailleurs d\u2019un compteur d\u2019eau froide individuel (compteur Vivaqua).<\/li>\n<li><strong>Le d\u00e9compte de charges porte uniquement sur le chauffage<\/strong>, si cette infrastructure est collective et si le logement dispose par ailleurs d\u2019un compteur individuel pour la distribution d\u2019eau froide et d\u2019un syst\u00e8me individualis\u00e9 de production d\u2019eau chaude (compteur de gaz individuel ou boiler \u00e9lectrique).<\/li>\n<li><strong>Le d\u00e9compte de charges porte uniquement sur la distribution d\u2019eau froide<\/strong>, si cette infrastructure est collective et si le logement dispose par ailleurs d\u2019une installation individuelle pour le chauffage et pour la production d\u2019eau chaude sanitaire.<\/li>\n<\/ul>\n<h2>Tableau r\u00e9capitulatif : quel d\u00e9compte pour quel type d&rsquo;installation?<\/h2>\n<p style=\"text-align: center;\"><a href=\"http:\/\/socialenergie.alysdev.be\/wp-content\/uploads\/Installations-decompte-de-charges.jpg\" target=\"_blank\" rel=\"noopener noreferrer\"><img loading=\"lazy\" decoding=\"async\" class=\"wp-image-11649 \" src=\"http:\/\/socialenergie.alysdev.be\/wp-content\/uploads\/Installations-decompte-de-charges.jpg\" alt=\"\" width=\"589\" height=\"784\" srcset=\"https:\/\/socialenergie.alysdev.be\/wp-content\/uploads\/Installations-decompte-de-charges.jpg 532w, https:\/\/socialenergie.alysdev.be\/wp-content\/uploads\/Installations-decompte-de-charges-225x300.jpg 225w, https:\/\/socialenergie.alysdev.be\/wp-content\/uploads\/Installations-decompte-de-charges-113x150.jpg 113w\" sizes=\"auto, (max-width: 589px) 100vw, 589px\" \/><\/a><\/p>\n","protected":false},"excerpt":{"rendered":"<p>En mati\u00e8re de chauffage, de production d\u2019eau chaude et de distribution d\u2019eau froide, les installations, dans les immeubles \u00e0 appartements multiples peuvent \u00eatre individuelles ou collectives. Installations individuelles Lorsque toutes les installations sont individuelles, chaque logement dispose de son propre compteur d\u2019eau (plac\u00e9 et relev\u00e9 par Vivaqua), de sa propre chaudi\u00e8re et de son propre [&hellip;]<\/p>\n","protected":false},"author":3,"featured_media":0,"parent":82,"menu_order":171,"comment_status":"closed","ping_status":"closed","template":"","meta":{"_acf_changed":false,"footnotes":""},"class_list":["post-2094","page","type-page","status-publish","hentry"],"acf":[],"_links":{"self":[{"href":"https:\/\/socialenergie.alysdev.be\/fr\/wp-json\/wp\/v2\/pages\/2094","targetHints":{"allow":["GET"]}}],"collection":[{"href":"https:\/\/socialenergie.alysdev.be\/fr\/wp-json\/wp\/v2\/pages"}],"about":[{"href":"https:\/\/socialenergie.alysdev.be\/fr\/wp-json\/wp\/v2\/types\/page"}],"author":[{"embeddable":true,"href":"https:\/\/socialenergie.alysdev.be\/fr\/wp-json\/wp\/v2\/users\/3"}],"replies":[{"embeddable":true,"href":"https:\/\/socialenergie.alysdev.be\/fr\/wp-json\/wp\/v2\/comments?post=2094"}],"version-history":[{"count":5,"href":"https:\/\/socialenergie.alysdev.be\/fr\/wp-json\/wp\/v2\/pages\/2094\/revisions"}],"predecessor-version":[{"id":11660,"href":"https:\/\/socialenergie.alysdev.be\/fr\/wp-json\/wp\/v2\/pages\/2094\/revisions\/11660"}],"up":[{"embeddable":true,"href":"https:\/\/socialenergie.alysdev.be\/fr\/wp-json\/wp\/v2\/pages\/82"}],"wp:attachment":[{"href":"https:\/\/socialenergie.alysdev.be\/fr\/wp-json\/wp\/v2\/media?parent=2094"}],"curies":[{"name":"wp","href":"https:\/\/api.w.org\/{rel}","templated":true}]}}