{"id":2130,"date":"2016-08-17T09:42:18","date_gmt":"2016-08-17T07:42:18","guid":{"rendered":"http:\/\/zl31wzsmw.preview.infomaniak.website\/_new2016\/fr\/?page_id=2130"},"modified":"2025-12-23T08:54:27","modified_gmt":"2025-12-23T07:54:27","slug":"par-telephone","status":"publish","type":"page","link":"https:\/\/socialenergie.alysdev.be\/fr\/contrats\/protection\/a-distance-ou-hors-entreprise\/par-telephone\/","title":{"rendered":"Les contrats par t\u00e9l\u00e9phone"},"content":{"rendered":"<p>On parle de contrat conclu \u00e0 distance par t\u00e9l\u00e9phone lorsqu\u2019un contrat d\u2019\u00e9nergie est conclu entre un fournisseur d\u2019\u00e9nergie et un consommateur, dans le cadre d&rsquo;un syst\u00e8me de vente \u00e0 distance organis\u00e9 par l&rsquo;entreprise (dans ce cas, le t\u00e9l\u00e9phone). L\u2019ensemble des fournisseurs d\u2019\u00e9nergie organisent un tel syst\u00e8me de vente \u00e0 distance. Les r\u00e8gles en mati\u00e8re de vente sont d&rsquo;application et ont pour objectif de garantir une protection accrue du consommateur.<\/p>\n<p>Quant \u00e0 l\u2019initiative de la d\u00e9marche en tant que telle, elle n\u2019a finalement que peu d\u2019importance. En effet, que ce soit le fournisseur ou le consommateur qui ait pris l&rsquo;initiative de la d\u00e9marche, la proc\u00e9dure est identique.<\/p>\n<h2>1. Quelle proc\u00e9dure ?<\/h2>\n<p>Lorsqu\u2019un contrat est conclu par t\u00e9l\u00e9phone, une proc\u00e9dure doit \u00eatre scrupuleusement respect\u00e9e :<\/p>\n<ul>\n<li><strong>le fournisseur doit confirmer le contrat par une lettre adress\u00e9e personnellement au consommateur.<\/strong><br \/>\nLe fournisseur est cens\u00e9 envoyer cette confirmation le plus vite possible, mais le cadre l\u00e9gal ne pr\u00e9cise pas les d\u00e9lais.<br \/>\nCette lettre de confirmation contient un exemplaire du contrat sign\u00e9 par le fournisseur, en ce compris les conditions g\u00e9n\u00e9rales et les \u00e9ventuelles conditions particuli\u00e8res. Elle doit \u00e9galement indiquer, de mani\u00e8re claire et intelligible :<\/li>\n<\/ul>\n<ul>\n<li style=\"list-style-type: none;\">\n<ul>\n<li style=\"list-style-type: none;\">\n<ul>\n<li>la date et le lieu de conclusion du contrat<\/li>\n<li>le prix \u00e0 payer et le mode de paiement<\/li>\n<li>la dur\u00e9e du contrat<\/li>\n<li>la date pr\u00e9vue du <a class=\"lexique\" title=\"Le terme \u00ab switch \u00bb d\u00e9signe dans ce cas le changement de contrat ou de fournisseur. \">switch<\/a><\/li>\n<li>les donn\u00e9es de contact si le consommateur a une r\u00e9clamation<\/li>\n<li>la possibilit\u00e9 et le mode de renonciation<\/li>\n<\/ul>\n<\/li>\n<\/ul>\n<\/li>\n<\/ul>\n<ul>\n<li><strong>Le consommateur doit obligatoirement confirmer ce contrat par \u00e9crit, de pr\u00e9f\u00e9rence par courrier recommand\u00e9.<\/strong><\/li>\n<\/ul>\n<p class=\"info\"><strong>Garder une trace \u00e9crite<\/strong><br \/>\nIl est vivement conseill\u00e9 de garder une trace \u00e9crite de la confirmation du contrat.<\/p>\n<ul>\n<li><strong>Le consommateur a un droit de r\u00e9tractation.<\/strong><br \/>\nC\u2019est-\u00e0-dire qu\u2019il a le droit de se r\u00e9tracter et de ne pas conclure le contrat. Pour ce faire, le consommateur b\u00e9n\u00e9ficie d\u2019un d\u00e9lai de <a class=\"lexique\" title=\"Les jours \u00ab calendrier \u00bb appel\u00e9s \u00e9galement \u00ab jours calendaires \u00bb comprennent tous les jours du calendrier de l'ann\u00e9e, en ce compris les week-ends et les jours f\u00e9ri\u00e9s inclus. Il s\u2019agit donc des 365 jours compt\u00e9s dans une m\u00eame ann\u00e9e. Il ne faut pas confondre les \u00ab jours calendrier \u00bb avec les \u00ab jours ouvrables \u00bb ou les \u00ab jours ouvr\u00e9s \u00bb :&lt;ul&gt; &lt;li&gt;Les jours ouvrables comprennent tous les jours de la semaine \u00e0 l\u2019exception du dimanche (consid\u00e9r\u00e9 comme un jour de repos) et des jours f\u00e9ri\u00e9s (qui ne sont pas travaill\u00e9s en entreprise). Le nombre de jours ouvrables dans une semaine est de 6.&lt;\/li&gt; &lt;li&gt;Les jours ouvr\u00e9s comprennent tous les jours de la semaine qui sont effectivement travaill\u00e9s. Sont donc exclus des \u00ab jours ouvr\u00e9s \u00bb les journ\u00e9es de week-end, le samedi et le dimanche ainsi que les jours f\u00e9ri\u00e9s. Le nombre de jours ouvr\u00e9s dans une semaine est de 5.&lt;\/li&gt; &lt;\/ul&gt;\">14 jours calendrier<\/a>. Ce d\u00e9lai ne commence \u00e0 courir qu\u2019\u00e0 partir du jour suivant la confirmation \u00e9crite explicite de la conclusion du contrat par le consommateur. Sans cette confirmation, acte qu&rsquo;il pose en toute ind\u00e9pendance, le contrat n&rsquo;est pas parfait et le d\u00e9lai de r\u00e9tractation ne court pas. Vous trouverez <a href=\"https:\/\/economie.fgov.be\/sites\/default\/files\/Files\/Forms\/Formulaire-de-retractation.pdf\" target=\"_blank\" rel=\"noopener noreferrer\" target=\"_blank\" rel=\"noopener noreferrer\">ici un mod\u00e8le de formulaire de r\u00e9tractation<\/a>, \u00e0 envoyer au fournisseur, mis \u00e0 disposition des consommateurs par le SPF Economie.<\/li>\n<\/ul>\n<p class=\"info\"><strong>Non confirmation du contrat<br \/>\n<\/strong>Les d\u00e9lais de confirmation d\u2019un <a class=\"lexique\" title=\"Un contrat est conclu \u00e0 distance lorsque le contrat est conclu dans le cadre d'un syst\u00e8me de vente \u00e0 distance organis\u00e9 par l'entreprise ou le fournisseur concern\u00e9. Il s'agit notamment des ventes par t\u00e9l\u00e9phone, des ventes par correspondance, des ventes par internet, etc. Le contrat n'est donc pas conclu directement dans les locaux de l'entreprise et une confirmation &quot;\u00e9crite&quot; du contrat est requise.\">contrat conclu \u00e0 distance<\/a> (par t\u00e9l\u00e9phone) ne sont pas pr\u00e9cis\u00e9s dans les textes l\u00e9gaux. SI le contrat n\u2019a pas \u00e9t\u00e9 confirm\u00e9 &#8211; qu\u2019il s\u2019agisse d\u2019un oubli, d\u2019un acte volontaire, de non r\u00e9ception de la lettre de confirmation, etc. &#8211; la personne n\u2019a pas de contrat actif, ce qui peut s\u2019av\u00e9rer probl\u00e9matique (<a href=\"https:\/\/socialenergie.alysdev.be\/contrats\/consommation-hors-contrat\/\" target=\"_blank\" rel=\"noopener noreferrer\">consommation hors contrat<\/a>, etc.).<\/p>\n<h2>2. Quelle(s) sanction(s) ?<\/h2>\n<p>Toute infraction aux proc\u00e9dures et aux dispositions de \u00ab l&rsquo;accord : le consommateur dans le march\u00e9 lib\u00e9ralis\u00e9 \u00bb,\u00a0 telles que r\u00e9sum\u00e9es ci-dessus, peut \u00eatre sanctionn\u00e9e. Ainsi, toute infraction constat\u00e9e par la\u00a0 Direction g\u00e9n\u00e9rale Inspection Economique (SPF Economie) en rapport avec une vente par t\u00e9l\u00e9phone, peut donner lieu au:<\/p>\n<ul>\n<li>remboursement imm\u00e9diat au consommateur de toutes les factures qu&rsquo;il a pay\u00e9es.<br \/>\nEn outre, aucune consommation ne lui est plus factur\u00e9e.<\/li>\n<li>r\u00e9tablissement imm\u00e9diat du consommateur dans son ancienne relation contractuelle.<br \/>\nL&rsquo;ancien fournisseur reprend le consommateur gratuitement, aussi rapidement que les possibilit\u00e9s techniques le permettent.<\/li>\n<\/ul>\n<p class=\"info\"><strong>Constatation d\u2019infraction<br \/>\n<\/strong>Pour que le SPF Economie puisse constater une infraction aux dispositions de l\u2019accord, le consommateur doit l\u2019en informer en <a href=\"https:\/\/socialenergie.alysdev.be\/recours-plaintes\/porter-plainte\/energie\/spf-economie\/\" target=\"_blank\" rel=\"noopener noreferrer\">d\u00e9posant une plainte<\/a> et en respectant la proc\u00e9dure pr\u00e9vue \u00e0 cet effet.<\/p>\n","protected":false},"excerpt":{"rendered":"<p>On parle de contrat conclu \u00e0 distance par t\u00e9l\u00e9phone lorsqu\u2019un contrat d\u2019\u00e9nergie est conclu entre un fournisseur d\u2019\u00e9nergie et un consommateur, dans le cadre d&rsquo;un syst\u00e8me de vente \u00e0 distance organis\u00e9 par l&rsquo;entreprise (dans ce cas, le t\u00e9l\u00e9phone). L\u2019ensemble des fournisseurs d\u2019\u00e9nergie organisent un tel syst\u00e8me de vente \u00e0 distance. Les r\u00e8gles en mati\u00e8re de [&hellip;]<\/p>\n","protected":false},"author":3,"featured_media":0,"parent":1066,"menu_order":284,"comment_status":"closed","ping_status":"closed","template":"","meta":{"_acf_changed":false,"footnotes":""},"class_list":["post-2130","page","type-page","status-publish","hentry"],"acf":[],"_links":{"self":[{"href":"https:\/\/socialenergie.alysdev.be\/fr\/wp-json\/wp\/v2\/pages\/2130","targetHints":{"allow":["GET"]}}],"collection":[{"href":"https:\/\/socialenergie.alysdev.be\/fr\/wp-json\/wp\/v2\/pages"}],"about":[{"href":"https:\/\/socialenergie.alysdev.be\/fr\/wp-json\/wp\/v2\/types\/page"}],"author":[{"embeddable":true,"href":"https:\/\/socialenergie.alysdev.be\/fr\/wp-json\/wp\/v2\/users\/3"}],"replies":[{"embeddable":true,"href":"https:\/\/socialenergie.alysdev.be\/fr\/wp-json\/wp\/v2\/comments?post=2130"}],"version-history":[{"count":8,"href":"https:\/\/socialenergie.alysdev.be\/fr\/wp-json\/wp\/v2\/pages\/2130\/revisions"}],"predecessor-version":[{"id":12291,"href":"https:\/\/socialenergie.alysdev.be\/fr\/wp-json\/wp\/v2\/pages\/2130\/revisions\/12291"}],"up":[{"embeddable":true,"href":"https:\/\/socialenergie.alysdev.be\/fr\/wp-json\/wp\/v2\/pages\/1066"}],"wp:attachment":[{"href":"https:\/\/socialenergie.alysdev.be\/fr\/wp-json\/wp\/v2\/media?parent=2130"}],"curies":[{"name":"wp","href":"https:\/\/api.w.org\/{rel}","templated":true}]}}