{"id":2133,"date":"2016-08-17T09:58:59","date_gmt":"2016-08-17T07:58:59","guid":{"rendered":"http:\/\/zl31wzsmw.preview.infomaniak.website\/_new2016\/fr\/?page_id=2133"},"modified":"2025-10-28T16:49:28","modified_gmt":"2025-10-28T15:49:28","slug":"hors-entreprise","status":"publish","type":"page","link":"https:\/\/socialenergie.alysdev.be\/fr\/contrats\/protection\/a-distance-ou-hors-entreprise\/hors-entreprise\/","title":{"rendered":"Contrats conclus en dehors de l&rsquo;entreprise"},"content":{"rendered":"<p>Les contrats conclus en dehors de l\u2019entreprise visent toutes les situations de vente qui n&rsquo;ont pas lieu strictement dans l&rsquo;entreprise du fournisseur. C\u2019est-\u00e0-dire tout contrat qui n\u2019est pas conclu dans les bureaux ou au si\u00e8ge social de l\u2019entreprise, ou encore dans le magasin d\u2019un revendeur. Il s\u2019agit donc des ventes se d\u00e9roulant :<\/p>\n<ul>\n<li style=\"list-style-type: none;\">\n<ul>\n<li style=\"list-style-type: none;\">\n<ul>\n<li>au domicile du consommateur (d\u00e9marchage \u00e0 domicile) ;<\/li>\n<li>\u00e0 l\u2019entr\u00e9e ou dans un magasin d\u2019une autre entreprise ;<\/li>\n<li>dans des salles priv\u00e9es ou publiques n\u2019appartenant pas \u00e0 l\u2019entreprise ;<\/li>\n<li>sur la voie publique ;<\/li>\n<li>sur des salons et foires, des stands ;<\/li>\n<li>etc.<\/li>\n<\/ul>\n<\/li>\n<\/ul>\n<\/li>\n<\/ul>\n<p>L&rsquo;accord prot\u00e8ge \u00e9galement le consommateur qui a demand\u00e9 de fa\u00e7on pr\u00e9alable et expresse la visite d\u2019un repr\u00e9sentant du fournisseur \u00e0 son domicile, en vue de conclure un contrat de fourniture de gaz ou d&rsquo;\u00e9lectricit\u00e9.<\/p>\n<h2>1. Quelle proc\u00e9dure ?<\/h2>\n<p>Lorsqu\u2019un contrat est conclu en dehors de l\u2019entreprise :<\/p>\n<p><strong>1. Le vendeur doit remettre \u00e0 la personne un exemplaire \u00e9crit,<\/strong> original, clair et lisible du contrat sign\u00e9 par les deux parties.<\/p>\n<p><strong>2. Le fournisseur doit confirmer le contrat par une lettre adress\u00e9e personnellement au consommateur.<\/strong><br \/>\nLe fournisseur est cens\u00e9 envoyer cette confirmation le plus vite possible, mais le cadre l\u00e9gal ne pr\u00e9cise pas les d\u00e9lais.<br \/>\nCette lettre de confirmation contient un exemplaire du contrat sign\u00e9 par le fournisseur, en ce compris les conditions g\u00e9n\u00e9rales et les \u00e9ventuelles conditions particuli\u00e8res. La confirmation mentionne de mani\u00e8re claire et intelligible :<\/p>\n<ul>\n<li>la date et le lieu de conclusion du contrat<\/li>\n<li>le prix \u00e0 payer et le mode de paiement<\/li>\n<li>la dur\u00e9e du contrat<\/li>\n<li>la date pr\u00e9vue du <a class=\"lexique\" title=\"Le terme \u00ab switch \u00bb d\u00e9signe dans ce cas le changement de contrat ou de fournisseur. \">switch<\/a><\/li>\n<li>les donn\u00e9es de contact si le consommateur a une r\u00e9clamation<\/li>\n<li>la possibilit\u00e9 et le mode de renonciation.<\/li>\n<\/ul>\n<p class=\"info\"><strong>Copie du contrat sur demande<br \/>\n<\/strong>Sur simple demande, le consommateur peut exiger de recevoir une copie du contrat portant sa signature<\/p>\n<p><strong>3. Le consommateur a un droit de r\u00e9tractation<\/strong><br \/>\nIl a le droit de se r\u00e9tracter et de ne pas conclure le contrat. Dans ce cas, le consommateur b\u00e9n\u00e9ficie d\u2019un d\u00e9lai de 14 <a class=\"lexique\" title=\"Les jours \u00ab calendrier \u00bb appel\u00e9s \u00e9galement \u00ab jours calendaires \u00bb comprennent tous les jours du calendrier de l'ann\u00e9e, en ce compris les week-ends et les jours f\u00e9ri\u00e9s inclus. Il s\u2019agit donc des 365 jours compt\u00e9s dans une m\u00eame ann\u00e9e. Il ne faut pas confondre les \u00ab jours calendrier \u00bb avec les \u00ab jours ouvrables \u00bb ou les \u00ab jours ouvr\u00e9s \u00bb :&lt;ul&gt; &lt;li&gt;Les jours ouvrables comprennent tous les jours de la semaine \u00e0 l\u2019exception du dimanche (consid\u00e9r\u00e9 comme un jour de repos) et des jours f\u00e9ri\u00e9s (qui ne sont pas travaill\u00e9s en entreprise). Le nombre de jours ouvrables dans une semaine est de 6.&lt;\/li&gt; &lt;li&gt;Les jours ouvr\u00e9s comprennent tous les jours de la semaine qui sont effectivement travaill\u00e9s. Sont donc exclus des \u00ab jours ouvr\u00e9s \u00bb les journ\u00e9es de week-end, le samedi et le dimanche ainsi que les jours f\u00e9ri\u00e9s. Le nombre de jours ouvr\u00e9s dans une semaine est de 5.&lt;\/li&gt; &lt;\/ul&gt;\">jours calendrier<\/a> \u00e0 partir de la r\u00e9ception de la confirmation du contrat par le fournisseur. <a href=\"http:\/\/socialenergie.alysdev.be\/wp-content\/uploads\/formulaire-r\u00e9tractation-proposition-contrat.pdf\" target=\"_blank\" rel=\"noopener noreferrer\" target=\"_blank\" rel=\"noopener noreferrer\">Vous trouverez ici un mod\u00e8le de formulaire de r\u00e9tractation<\/a>, \u00e0 envoyer au fournisseur, mis \u00e0 disposition des consommateurs par le SPF Economie.<\/p>\n<h2>2. Quelle(s) sanction(s) ?<\/h2>\n<p>Toute infraction aux proc\u00e9dures et aux dispositions de \u00ab\u00a0l&rsquo;accord, le consommateur dans le march\u00e9 lib\u00e9ralis\u00e9\u00a0\u00bb,\u00a0 telles que r\u00e9sum\u00e9es ci-dessus peut \u00eatre sanctionn\u00e9e. Ainsi, toute infraction, constat\u00e9e par la Direction g\u00e9n\u00e9rale Inspection Economique (SPF Economie) en rapport avec une vente en dehors de l&rsquo;entreprise, peut donner lieu au :<\/p>\n<ul>\n<li>remboursement imm\u00e9diat au consommateur de toutes les factures qu&rsquo;il a pay\u00e9es. En outre, aucune consommation ne lui est plus factur\u00e9e.<\/li>\n<\/ul>\n<ul>\n<li>r\u00e9tablissement imm\u00e9diat du consommateur dans son ancienne relation contractuelle. L&rsquo;ancien fournisseur reprend le consommateur gratuitement, aussi rapidement que les possibilit\u00e9s techniques le permettent.<\/li>\n<\/ul>\n<p class=\"info\"><strong>Constatation d\u2019infraction<br \/>\n<\/strong>Pour que le SPF Economie puisse constater une infraction aux dispositions de l\u2019accord, le consommateur doit l\u2019en informer, <a href=\"https:\/\/socialenergie.alysdev.be\/recours-plaintes\/porter-plainte\/energie\/spf-economie\/\" target=\"_blank\" rel=\"noopener noreferrer\" target=\"_blank\" rel=\"noopener noreferrer\">en d\u00e9posant une plainte<\/a> et en respectant la proc\u00e9dure pr\u00e9vue \u00e0 cet effet.<\/p>\n","protected":false},"excerpt":{"rendered":"<p>Les contrats conclus en dehors de l\u2019entreprise visent toutes les situations de vente qui n&rsquo;ont pas lieu strictement dans l&rsquo;entreprise du fournisseur. C\u2019est-\u00e0-dire tout contrat qui n\u2019est pas conclu dans les bureaux ou au si\u00e8ge social de l\u2019entreprise, ou encore dans le magasin d\u2019un revendeur. Il s\u2019agit donc des ventes se d\u00e9roulant : au domicile [&hellip;]<\/p>\n","protected":false},"author":3,"featured_media":0,"parent":1066,"menu_order":166,"comment_status":"closed","ping_status":"closed","template":"","meta":{"_acf_changed":false,"footnotes":""},"class_list":["post-2133","page","type-page","status-publish","hentry"],"acf":[],"_links":{"self":[{"href":"https:\/\/socialenergie.alysdev.be\/fr\/wp-json\/wp\/v2\/pages\/2133","targetHints":{"allow":["GET"]}}],"collection":[{"href":"https:\/\/socialenergie.alysdev.be\/fr\/wp-json\/wp\/v2\/pages"}],"about":[{"href":"https:\/\/socialenergie.alysdev.be\/fr\/wp-json\/wp\/v2\/types\/page"}],"author":[{"embeddable":true,"href":"https:\/\/socialenergie.alysdev.be\/fr\/wp-json\/wp\/v2\/users\/3"}],"replies":[{"embeddable":true,"href":"https:\/\/socialenergie.alysdev.be\/fr\/wp-json\/wp\/v2\/comments?post=2133"}],"version-history":[{"count":5,"href":"https:\/\/socialenergie.alysdev.be\/fr\/wp-json\/wp\/v2\/pages\/2133\/revisions"}],"predecessor-version":[{"id":12292,"href":"https:\/\/socialenergie.alysdev.be\/fr\/wp-json\/wp\/v2\/pages\/2133\/revisions\/12292"}],"up":[{"embeddable":true,"href":"https:\/\/socialenergie.alysdev.be\/fr\/wp-json\/wp\/v2\/pages\/1066"}],"wp:attachment":[{"href":"https:\/\/socialenergie.alysdev.be\/fr\/wp-json\/wp\/v2\/media?parent=2133"}],"curies":[{"name":"wp","href":"https:\/\/api.w.org\/{rel}","templated":true}]}}