{"id":2143,"date":"2016-08-17T10:21:21","date_gmt":"2016-08-17T08:21:21","guid":{"rendered":"http:\/\/zl31wzsmw.preview.infomaniak.website\/_new2016\/fr\/?page_id=2143"},"modified":"2016-08-17T10:21:21","modified_gmt":"2016-08-17T08:21:21","slug":"consommation-de-gaz","status":"publish","type":"page","link":"https:\/\/socialenergie.alysdev.be\/fr\/consommation\/consommations-de-reference\/expliquer-les-differences-par-rapport-aux-consommations-de-reference\/consommation-de-gaz\/","title":{"rendered":"Consommation de gaz"},"content":{"rendered":"<p>Dans l\u2019\u00e9change avec le m\u00e9nage et \u00e0 travers l\u2019analyse de la facture, vous pouvez essayer de savoir si un des \u00e9l\u00e9ments suivants peut expliquer l\u2019\u00e9cart entre la consommation annuelle de gaz exprim\u00e9e en kWh et <a href=\"https:\/\/socialenergie.alysdev.be\/consommation\/consommations-de-reference\/\" target=\"_blank\" rel=\"noopener noreferrer\">la consommation annuelle de r\u00e9f\u00e9rence<\/a>.<\/p>\n<div class=\"title_code\">Biais dans le calcul<\/div>\n\n        <div class=\"content_code\">\n<p>Il peut arriver que le calcul de <a href=\"https:\/\/socialenergie.alysdev.be\/consommation\/connaitre-la-consommation\/trouver-les-donnees-de-consommation\/\" target=\"_blank\" rel=\"noopener noreferrer\">l\u2019annualisation de la consommation<\/a> soit biais\u00e9\/erron\u00e9. Cette situation peut se pr\u00e9senter si l\u2019annualisation a \u00e9t\u00e9 calcul\u00e9e sur base, par exemple, des 2 mois d\u2019hiver les plus froids. L\u2019annualisation sera dans ce cas-l\u00e0 sur\u00e9valu\u00e9e car on consid\u00e8re alors que tout l\u2019hiver a \u00e9t\u00e9 aussi froid que ces deux mois.<\/p>\n<p><\/div><div class=\"title_code\">Jours de pr\u00e9sence<\/div>\n\n        <div class=\"content_code\"><\/p>\n<p>Les chiffres de r\u00e9f\u00e9rence tiennent compte d\u2019un taux de pr\u00e9sence moyen \u00e0 domicile, mais certains m\u00e9nages y passent un temps plus important.<\/p>\n<p><\/div><div class=\"title_code\">Logement de plus de 2 fa\u00e7ades<\/div>\n\n        <div class=\"content_code\"><\/p>\n<ul>\n<li>Logement de 3 fa\u00e7ades<br \/>\nLa consommation de chauffage est de 15% plus \u00e9lev\u00e9e que pour un logement de 2 fa\u00e7ades. On peut donc augmenter la consommation annuelle de r\u00e9f\u00e9rence pour le chauffage.<\/li>\n<li>Logement de 4 fa\u00e7ades :<br \/>\nLa consommation de chauffage est de 30% plus \u00e9lev\u00e9e que pour un logement de 2 fa\u00e7ades. On peut donc augmenter la consommation annuelle de r\u00e9f\u00e9rence pour le chauffage de 30% .<\/li>\n<\/ul>\n<p><\/div><div class=\"title_code\">Perte de chaleur<\/div>\n\n        <div class=\"content_code\"><\/p>\n<p>Ces pertes peuvent provenir de diff\u00e9rents endroits :<\/p>\n<ol>\n<li>Des murs<br \/>\n30% des pertes de chaleur dans un logement sont dues aux murs. Il arrive que les radiateurs\/convecteurs soient install\u00e9s contre des murs ext\u00e9rieurs et froids, provoquant ainsi une perte de chaleur. Pour limiter cette perte, des <span class=\"lexique\" title=\"Un r\u00e9flecteur de chaleur, plac\u00e9 entre le radiateur et le mur, permet \u00e0 la chaleur diffus\u00e9e par le radiateur d\u2019\u00eatre renvoy\u00e9e dans la pi\u00e8ce au lieu de chauffer les murs. Il existe trois diff\u00e9rents types de r\u00e9flecteurs de chaleur. &lt;ul&gt; &lt;li&gt;Placer une simple feuille d'aluminium coll\u00e9e sur une plaque de polystyr\u00e8ne.&lt;\/li&gt; &lt;li&gt;Poser un film r\u00e9fl\u00e9chissant adh\u00e9sif derri\u00e8re le radiateur. &lt;\/li&gt; &lt;li&gt;Installer un panneau r\u00e9flecteur de chaleur.&lt;\/li&gt; &lt;\/ul&gt;\" data-mce-mark=\"1\">r\u00e9flecteurs de chaleur<\/span> peuvent \u00eatre coll\u00e9s sur le mur derri\u00e8re les radiateurs.<\/li>\n<li>Des portes et fen\u00eatres<br \/>\n30% des pertes de chaleur dans un logement sont dues aux portes et fen\u00eatres. Pour diminuer cet effet, on peut fermer les rideaux, tout en \u00e9vitant qu\u2019ils pendent devant les radiateurs. Faire de m\u00eame avec les stores et les volets pendant la nuit permet aussi de conserver la chaleur. Par ailleurs, il est possible de b\u00e9n\u00e9ficier <a href=\"https:\/\/socialenergie.alysdev.be\/aides-aux-investissements\/choisir-laide-appropriee\/\" target=\"_blank\" rel=\"noopener noreferrer\">d\u2019aides financi\u00e8res<\/a> pour installer du vitrage performant.<\/li>\n<li>Du toit et du sol<br \/>\n25% des pertes de chaleur dans un logement sont dues \u00e0 la toiture et 15% au sol du rez-de-chauss\u00e9e. Cet aspect concerne donc particuli\u00e8rement les appartements situ\u00e9s au rez-de-chauss\u00e9e ou en sous-sol et sous les toits. Il est parfois possible d\u2019isoler le sol du grenier pour un faible co\u00fbt. Pour des travaux d\u2019isolation plus importants, il est possible de b\u00e9n\u00e9ficier <a href=\"https:\/\/socialenergie.alysdev.be\/aides-aux-investissements\/choisir-laide-appropriee\/\" target=\"_blank\" rel=\"noopener noreferrer\">d\u2019aides financi\u00e8res<\/a>.<\/li>\n<li>De tuyaux de chauffage\/d\u2019eau chaude non isol\u00e9s<br \/>\nL\u2019eau chaude circulant dans des canalisations non isol\u00e9es et passant par des parties non chauff\u00e9es du logement se refroidit plus vite. Pour limiter les pertes de chaleur, il est possible de placer des mousses isolantes sur ces tuyaux. L\u2019\u00e9conomie r\u00e9alis\u00e9e peut atteindre 300 kWh\/m\u00e8tre de tuyaux\/an.<\/li>\n<\/ol>\n<p class=\"info\"><strong>Petits investissements<\/strong><br \/>\nLes pertes de chaleur peuvent \u00eatre limit\u00e9es par de petits am\u00e9nagements (panneaux r\u00e9flecteurs derri\u00e8re les radiateurs, pose de rideaux \u00e9pais, isolation des tuyaux de chauffage non isol\u00e9s, isolation du sol du grenier\u2026). Il est possible \u00e9galement de faire appel \u00e0 <a href=\"https:\/\/socialenergie.alysdev.be\/annuaire\/annuaire-services-associatifs\/\" target=\"_blank\" rel=\"noopener noreferrer\">des associations<\/a> qui r\u00e9alisent \u00e0 moindre co\u00fbt des petits travaux chez les personnes ayant des revenus peu \u00e9lev\u00e9s.<\/p>\n<p><\/div><div class=\"title_code\">Humidit\u00e9<\/div>\n\n        <div class=\"content_code\"><\/p>\n<p>Une humidit\u00e9 trop importante dans le logement augmente la consommation de chauffage. Il existe deux types d\u2019humidit\u00e9 : l\u2019humidit\u00e9 li\u00e9e \u00e0 la pr\u00e9sence et \u00e0 l\u2019activit\u00e9 humaine et l\u2019humidit\u00e9 provoqu\u00e9e par la structure du logement. <a href=\"https:\/\/socialenergie.alysdev.be\/logement\/normes\/normes-relatives-a-lhumidite-laeration-et-la-densite-doccupation\/\" target=\"_blank\" rel=\"noopener noreferrer\">Plus d\u2019infos \u00e0 ce propos ici<\/a>. Signalons que certaines personnes en difficult\u00e9s financi\u00e8res se privent en partie ou totalement de chauffage. Un tel comportement n\u2019est pas sans risque sur la pr\u00e9sence d\u2019humidit\u00e9 dans leur logement.<\/p>\n<p><\/div><div class=\"title_code\">Temp\u00e9rature de chauffe<\/div>\n\n        <div class=\"content_code\"><\/p>\n<p>Les conseils concernant la temp\u00e9rature de chauffe doivent \u00eatre adapt\u00e9s en fonction de la situation de la personne (pr\u00e9sence d\u2019un b\u00e9b\u00e9, d\u2019une personne \u00e2g\u00e9e ou malade, etc.) et du logement. La sensation de froid sera plus importante dans un logement qui laisse passer des courants d\u2019air, quelle que soit la temp\u00e9rature r\u00e9elle. Le placement d\u2019un thermostat et\/ou de vannes thermostatiques aide \u00e0 r\u00e9guler la temp\u00e9rature.<\/p>\n<ol>\n<ul>\n<li>Dans les pi\u00e8ces de vie et o\u00f9 il y a une pr\u00e9sence, une temp\u00e9rature de 20\u00b0 (vannes thermostatiques sur 3) est conseill\u00e9e. L\u2019utilisation d\u2019un thermom\u00e8tre permet d\u2019objectiver la temp\u00e9rature. C\u2019est un outil peu co\u00fbteux et fort important pour la gestion de la temp\u00e9rature.<\/li>\n<li>La nuit, une temp\u00e9rature de 16\u00b0 (vannes thermostatiques sur 2) est conseill\u00e9e.<\/li>\n<li>Dans les pi\u00e8ces non occup\u00e9es ou en cas d\u2019absence temporaire, les vannes thermostatiques peuvent \u00eatre r\u00e9gl\u00e9es sur 1 (ou 12\u00b0).<\/li>\n<li>En cas d\u2019absence prolong\u00e9e (s\u00e9jour \u00e0 l\u2019\u00e9tranger, etc.), les vannes peuvent \u00eatre ferm\u00e9es ou mises sur la position anti-gel (5\u00b0).<\/li>\n<li>Baisser d&rsquo;un degr\u00e9 la temp\u00e9rature moyenne de chauffe via son thermostat ou vannes permet d\u2019\u00e9conomiser de l&rsquo;\u00e9nergie. L\u2019\u00e9conomie sera d\u2019autant plus importante que le diff\u00e9rentiel entre la temp\u00e9rature int\u00e9rieure et ext\u00e9rieure est important.<\/li>\n<\/ul>\n<\/ol>\n<p><\/div><div class=\"title_code\">Chaudi\u00e8res, installations de chauffage et de production d\u2019eau chaude <\/div>\n\n        <div class=\"content_code\"><\/p>\n<ul>\n<li>Une chaudi\u00e8re r\u00e9gl\u00e9e sur une temp\u00e9rature trop \u00e9lev\u00e9e provoque une surconsommation d\u2019\u00e9nergie, sans gain de confort pour les occupants. Une temp\u00e9rature de 70\u00b0C est suffisante en hiver. Pass\u00e9 l\u2019hiver, la chaudi\u00e8re peut \u00eatre mise en position \u00ab eau chaude seulement \u00bb, voire \u00eatre \u00e9teinte.<\/li>\n<\/ul>\n<p class=\"info\"><strong>Chaudi\u00e8res collectives<br \/>\n<\/strong>Elles ne peuvent \u00eatre r\u00e9gl\u00e9es que par la soci\u00e9t\u00e9 de gestion de l\u2019immeuble, le syndic ou la copropri\u00e9t\u00e9, en aucun cas par le locataire ou un travailleur social non habilit\u00e9 par les gestionnaires de l\u2019immeuble.<\/p>\n<ul>\n<li>Une chaudi\u00e8re v\u00e9tuste ou en mauvais \u00e9tat de fonctionnement consomme davantage d\u2019\u00e9nergie. C\u2019est pourquoi il est important de proc\u00e9der \u00e0 <a href=\"https:\/\/socialenergie.alysdev.be\/logement\/obligations-du-locataire\/obligations-relatives-aux-instalations-de-chauffage-et-deau-chaude-sanitaire\/\" target=\"_blank\" rel=\"noopener noreferrer\">un entretien r\u00e9gulier de la chaudi\u00e8re<\/a>. Il existe <a href=\"https:\/\/socialenergie.alysdev.be\/aides-aux-investissements\/choisir-laide-appropriee\/\" target=\"_blank\" rel=\"noopener noreferrer\">des aides financi\u00e8res<\/a> pour le remplacement d\u2019une ancienne chaudi\u00e8re par une chaudi\u00e8re performante.<\/li>\n<li>Une chaudi\u00e8re, un convecteur ou un chauffe-eau non entretenus consomment davantage que des appareils entretenus, et peuvent pr\u00e9senter un risque pour la s\u00e9curit\u00e9. L\u2019entretien de ces appareils individuels est une charge qui incombe <a href=\"https:\/\/socialenergie.alysdev.be\/logement\/obligations-du-locataire\/obligations-relatives-aux-instalations-de-chauffage-et-deau-chaude-sanitaire\/\" target=\"_blank\" rel=\"noopener noreferrer\">en principe annuellement aux locataires<\/a>.<\/li>\n<\/ul>\n<p><\/div><div class=\"title_code\">Compteur qui tourne trop vite<\/div>\n\n        <div class=\"content_code\"><\/p>\n<p>C\u2019est un ph\u00e9nom\u00e8ne assez rare, mais il existe. En cas de soup\u00e7on, il est possible de r\u00e9aliser un petit test rapide, avant de contacter \u00e9ventuellement Sibelga.<\/p>\n<p><strong>Principe<br \/>\n<\/strong>Il convient de comparer :<\/p>\n<ol>\n<li>la consommation de gaz (c\u2019est-\u00e0-dire l\u2019\u00e9volution des index sur le compteur), pendant 1\/10<sup>\u00e8me<\/sup> d\u2019heure (soit 6 minutes), lorsque la consommation est maximale. Pour ce faire, tous les radiateurs ou convecteurs doivent \u00eatre ouverts au maximum.<\/li>\n<li>Avec la capacit\u00e9 de la chaudi\u00e8re. Celle-ci est exprim\u00e9e en kW (par heure) et figure g\u00e9n\u00e9ralement sur l\u2019appareil (et \u00e0 d\u00e9faut, sur la fiche signal\u00e9tique). Pour permettre la comparaison, il faut ramener la puissance de la chaudi\u00e8re \u00e0 ce qu\u2019elle peut assumer en 1\/10<sup>\u00e8me<\/sup> d\u2019heure. A titre d\u2019exemple : si la puissance nominale de la chaudi\u00e8re est de 24,65 kW (par heure), sa capacit\u00e9 sera de 2,465 kWh en 6 minutes.<\/li>\n<\/ol>\n<p>Si la consommation r\u00e9elle de gaz (1) est sup\u00e9rieure \u00e0 la capacit\u00e9 de la chaudi\u00e8re (2), le compteur tourne trop vite.<\/p>\n<p><strong>Concr\u00e8tement :<\/strong><\/p>\n<ol>\n<li>rechercher la puissance nominale (en kW) de la chaudi\u00e8re. Par exemple : 24,65 kW<\/li>\n<li>convertir cette puissance nominale en kWh par 1\/10<sup>\u00e8me<\/sup> d\u2019heure. Dans notre exemple : 2,465 kWh ou 0,2465 m<sup>3<br \/>\n<\/sup><\/li>\n<li>relever l\u2019index du compteur de gaz. Par exemple : 9.450,25 m<sup>3<br \/>\n<\/sup><\/li>\n<li>ouvrir tous les radiateurs au maximum pendant 6 minutes<\/li>\n<li>relever \u00e0 nouveau l\u2019index du compteur. Par exemple : 9.450,35 m<sup>3<br \/>\n<\/sup><\/li>\n<li>calculer la consommation de gaz durant ces 6 minutes : = 9.450,35 m<sup>3<\/sup> \u2013 9.450,25 m<sup>3<\/sup> = 0,1 m<sup>3<br \/>\n<\/sup><\/li>\n<li>comparer la consommation r\u00e9elle et la capacit\u00e9 de la chaudi\u00e8re : 0,1m<sup>3 <\/sup>&lt; 0,2465 m<sup>3<\/sup><br \/>\n=&gt; Dans notre exemple, le compteur ne tourne pas trop vite<\/li>\n<\/ol>\n<p class=\"info\"><strong>Intervention de Sibelga<\/strong><br \/>\nSibelga peut venir v\u00e9rifier le compteur. Attention : si le compteur ne pr\u00e9sente aucun d\u00e9faut, Sibelga facturera l\u2019intervention au client.<\/p>\n<p><\/div><\/p>\n","protected":false},"excerpt":{"rendered":"<p>Dans l\u2019\u00e9change avec le m\u00e9nage et \u00e0 travers l\u2019analyse de la facture, vous pouvez essayer de savoir si un des \u00e9l\u00e9ments suivants peut expliquer l\u2019\u00e9cart entre la consommation annuelle de gaz exprim\u00e9e en kWh et la consommation annuelle de r\u00e9f\u00e9rence.<\/p>\n","protected":false},"author":3,"featured_media":0,"parent":936,"menu_order":133,"comment_status":"closed","ping_status":"closed","template":"","meta":{"_acf_changed":false,"footnotes":""},"class_list":["post-2143","page","type-page","status-publish","hentry"],"acf":[],"_links":{"self":[{"href":"https:\/\/socialenergie.alysdev.be\/fr\/wp-json\/wp\/v2\/pages\/2143","targetHints":{"allow":["GET"]}}],"collection":[{"href":"https:\/\/socialenergie.alysdev.be\/fr\/wp-json\/wp\/v2\/pages"}],"about":[{"href":"https:\/\/socialenergie.alysdev.be\/fr\/wp-json\/wp\/v2\/types\/page"}],"author":[{"embeddable":true,"href":"https:\/\/socialenergie.alysdev.be\/fr\/wp-json\/wp\/v2\/users\/3"}],"replies":[{"embeddable":true,"href":"https:\/\/socialenergie.alysdev.be\/fr\/wp-json\/wp\/v2\/comments?post=2143"}],"version-history":[{"count":2,"href":"https:\/\/socialenergie.alysdev.be\/fr\/wp-json\/wp\/v2\/pages\/2143\/revisions"}],"predecessor-version":[{"id":13214,"href":"https:\/\/socialenergie.alysdev.be\/fr\/wp-json\/wp\/v2\/pages\/2143\/revisions\/13214"}],"up":[{"embeddable":true,"href":"https:\/\/socialenergie.alysdev.be\/fr\/wp-json\/wp\/v2\/pages\/936"}],"wp:attachment":[{"href":"https:\/\/socialenergie.alysdev.be\/fr\/wp-json\/wp\/v2\/media?parent=2143"}],"curies":[{"name":"wp","href":"https:\/\/api.w.org\/{rel}","templated":true}]}}