{"id":253,"date":"2016-05-31T16:11:36","date_gmt":"2016-05-31T14:11:36","guid":{"rendered":"http:\/\/zl31wzsmw.preview.infomaniak.website\/_new2016\/fr\/?page_id=253"},"modified":"2026-01-07T16:58:30","modified_gmt":"2026-01-07T15:58:30","slug":"compteurs","status":"publish","type":"page","link":"https:\/\/socialenergie.alysdev.be\/fr\/consommation\/connaitre-la-consommation\/compteurs\/","title":{"rendered":"Compteurs et unit\u00e9s de mesure"},"content":{"rendered":"<p>Il existe plusieurs types de compteurs. Ils sont g\u00e9n\u00e9ralement install\u00e9s \u00e0 la cave. De nombreux mod\u00e8les existent. Les photos ci-dessous sont des exemples qui peuvent vous aider \u00e0 identifier les compteurs que vous rencontrerez dans la r\u00e9alit\u00e9.<\/p>\n<p>En r\u00e9gion Bruxelles-Capitale, tout logement doit \u00eatre \u00e9quip\u00e9 d\u2019un compteur d\u2019\u00e9lectricit\u00e9 individuel. Le gaz et l\u2019eau peuvent \u00eatre fournis avec un seul compteur pour tout le b\u00e2timent.<\/p>\n<p>Pour identifier un compteur, il faut v\u00e9rifier si le num\u00e9ro correspond. G\u00e9n\u00e9ralement, les 4 derniers chiffres suffisent. Il ne s\u2019agit pas du num\u00e9ro EAN, qui, lui, est un identifiant administratif du point de fourniture.<\/p>\n<h2><strong>Compteur de gaz<\/strong><\/h2>\n<p><img loading=\"lazy\" decoding=\"async\" class=\"alignnone wp-image-12617 size-medium\" src=\"http:\/\/socialenergie.alysdev.be\/wp-content\/uploads\/Compteur-gaz-anon-188x300.jpg\" alt=\"\" width=\"188\" height=\"300\" srcset=\"https:\/\/socialenergie.alysdev.be\/wp-content\/uploads\/Compteur-gaz-anon-188x300.jpg 188w, https:\/\/socialenergie.alysdev.be\/wp-content\/uploads\/Compteur-gaz-anon-640x1024.jpg 640w, https:\/\/socialenergie.alysdev.be\/wp-content\/uploads\/Compteur-gaz-anon-94x150.jpg 94w, https:\/\/socialenergie.alysdev.be\/wp-content\/uploads\/Compteur-gaz-anon-960x1536.jpg 960w, https:\/\/socialenergie.alysdev.be\/wp-content\/uploads\/Compteur-gaz-anon-1280x2048.jpg 1280w, https:\/\/socialenergie.alysdev.be\/wp-content\/uploads\/Compteur-gaz-anon-scaled.jpg 1601w\" sizes=\"auto, (max-width: 188px) 100vw, 188px\" \/><\/p>\n<p>Le compteur de gaz indique la consommation en m\u00b3. Il est reconnaissable parce que les tuyaux qui l\u2019entourent sont jaunes.<\/p>\n<p>&nbsp;<\/p>\n<h2><strong>Compteurs d\u2019\u00e9lectricit\u00e9 <\/strong><\/h2>\n<p>Les compteurs d\u2019\u00e9lectricit\u00e9 indiquent la consommation en kWh (voir explications dans \u00ab\u00a0Unit\u00e9s de mesure\u00a0\u00bb).<\/p>\n<p>L&rsquo;index\u00a0d&rsquo;un compteur d\u2019\u00e9lectricit\u00e9 se compose g\u00e9n\u00e9ralement de 6 chiffres avant et d\u20191 chiffre apr\u00e8s la virgule. Le chiffre apr\u00e8s la virgule ne doit pas \u00eatre relev\u00e9.<\/p>\n<h3><strong>Compteur mono-horaire <\/strong><\/h3>\n<h3><strong><img loading=\"lazy\" decoding=\"async\" class=\"alignnone wp-image-12618 size-medium\" src=\"http:\/\/socialenergie.alysdev.be\/wp-content\/uploads\/Compteur-monohoraire-anon-228x300.jpg\" alt=\"\" width=\"228\" height=\"300\" srcset=\"https:\/\/socialenergie.alysdev.be\/wp-content\/uploads\/Compteur-monohoraire-anon-228x300.jpg 228w, https:\/\/socialenergie.alysdev.be\/wp-content\/uploads\/Compteur-monohoraire-anon-114x150.jpg 114w, https:\/\/socialenergie.alysdev.be\/wp-content\/uploads\/Compteur-monohoraire-anon.jpg 434w\" sizes=\"auto, (max-width: 228px) 100vw, 228px\" \/><\/strong><\/h3>\n<p>Ce compteur dispose d\u2019un seul cadran.<\/p>\n<p>Ce compteur oblige \u00e0 avoir une tarification monohoraire\u202f: toute l\u2019\u00e9nergie est factur\u00e9e au m\u00eame tarif, peu importe le moment o\u00f9 elle est consomm\u00e9e.<\/p>\n<h3><strong>Compteur bihoraire<\/strong><\/h3>\n<h3><strong><img loading=\"lazy\" decoding=\"async\" class=\"alignnone wp-image-12619 size-medium\" src=\"http:\/\/socialenergie.alysdev.be\/wp-content\/uploads\/Compteur-bi-horaire-anon-169x300.jpg\" alt=\"\" width=\"169\" height=\"300\" srcset=\"https:\/\/socialenergie.alysdev.be\/wp-content\/uploads\/Compteur-bi-horaire-anon-169x300.jpg 169w, https:\/\/socialenergie.alysdev.be\/wp-content\/uploads\/Compteur-bi-horaire-anon-576x1024.jpg 576w, https:\/\/socialenergie.alysdev.be\/wp-content\/uploads\/Compteur-bi-horaire-anon-84x150.jpg 84w, https:\/\/socialenergie.alysdev.be\/wp-content\/uploads\/Compteur-bi-horaire-anon-864x1536.jpg 864w, https:\/\/socialenergie.alysdev.be\/wp-content\/uploads\/Compteur-bi-horaire-anon.jpg 1134w\" sizes=\"auto, (max-width: 169px) 100vw, 169px\" \/><\/strong><\/h3>\n<p>Le compteur bihoraire comprend deux cadrans\u00a0: \u00ab\u00a0jour\u00a0\u00bb indiqu\u00e9 par un soleil et \u00ab\u00a0nuit\u00a0\u00bb indiqu\u00e9 par une lune.<\/p>\n<p>Ce compteur permet une tarification bihoraire\u202f: l\u2019\u00e9lectricit\u00e9 est factur\u00e9e diff\u00e9remment en fonction du moment o\u00f9 elle est consomm\u00e9e. Il y a deux tarifs\u202f: un tarif \u00ab\u202fheures pleines\u202f\u00bb (plus cher) et un tarif \u00ab\u202fheures creuses\u202f\u00bb (moins cher).<\/p>\n<p>A Bruxelles, les plages horaires des heures creuses du bihoraire s&rsquo;\u00e9tendent la nuit (<strong>de 22h \u00e0 7h le lendemain<\/strong>), les week-ends et les jours f\u00e9ri\u00e9s l\u00e9gaux.<\/p>\n<p class=\"attention\">Il ne suffit pas d\u2019avoir un compteur bihoraire pour que ce tarif soit appliqu\u00e9. Il est n\u00e9cessaire de souscrire un contrat \u00ab\u00a0bihoraire\u00a0\u00bb avec son fournisseur pour en b\u00e9n\u00e9ficier. A l\u2019inverse, si la consommation d\u2019\u00e9lectricit\u00e9 a lieu majoritairement en journ\u00e9e, on peut conclure un contrat avec un tarif \u00ab\u00a0mono horaire\u00a0\u00bb malgr\u00e9 la pr\u00e9sence d\u2019un compteur bihoraire.<\/p>\n<p class=\"info\"><strong>Quand choisir le tarif normal ou bi-horaire ?<br \/>\n<\/strong>Pour que la tarification bihoraire soit int\u00e9ressante, la consommation de nuit et de week-end doit d\u00e9passer 50% de la consommation totale.<\/p>\n<h3><strong>Compteur \u00ab\u00a0intelligent\u00a0\u00bb <\/strong>(nous pr\u00e9f\u00e9rons l\u2019appeler compteur \u00ab\u00a0digital\u00a0\u00bb)<\/h3>\n<h3><strong><a href=\"http:\/\/socialenergie.alysdev.be\/wp-content\/uploads\/Compteur-digital.jpg\" target=\"_blank\" rel=\"noopener noreferrer\"><img loading=\"lazy\" decoding=\"async\" class=\"alignnone wp-image-12516 size-medium\" src=\"http:\/\/socialenergie.alysdev.be\/wp-content\/uploads\/Compteur-digital-300x167.jpg\" alt=\"\" width=\"300\" height=\"167\" srcset=\"https:\/\/socialenergie.alysdev.be\/wp-content\/uploads\/Compteur-digital-300x167.jpg 300w, https:\/\/socialenergie.alysdev.be\/wp-content\/uploads\/Compteur-digital-150x83.jpg 150w, https:\/\/socialenergie.alysdev.be\/wp-content\/uploads\/Compteur-digital.jpg 960w\" sizes=\"auto, (max-width: 300px) 100vw, 300px\" \/><\/a><\/strong><\/h3>\n<p>Plusieurs mod\u00e8les de compteurs digitaux existent \u00e0 Bruxelles<a href=\"#_ftn1\" name=\"_ftnref1\">[1]<\/a>. Ils ont tous un \u00e9cran et un bouton qui permet de modifier les informations qui apparaissent \u00e0 l\u2019\u00e9cran.<\/p>\n<p>De nombreuses informations sont directement visibles sur l\u2019\u00e9cran LCD du compteur.<\/p>\n<p>Plus d\u2019informations <a href=\"https:\/\/socialenergie.alysdev.be\/publications\/tout-ce-quil-faut-savoir-sur-le-compteur-intelligent-sibelga\/\" target=\"_blank\" rel=\"noopener noreferrer\">dans cette brochure<\/a> et sur le site de Sibelga\u00a0:<\/p>\n<ul>\n<li><a href=\"https:\/\/www.sibelga.be\/fr\/raccordements-compteurs\/compteurs-intelligents\/quest-ce-quun-compteur-intelligent\" target=\"_blank\" rel=\"noopener noreferrer\">Qu\u2019est-ce qu\u2019un compteur intelligent\u00a0?<\/a><\/li>\n<li><a href=\"https:\/\/www.sibelga.be\/fr\/raccordements-compteurs\/compteurs-intelligents\/que-puis-je-faire-avec-le-compteur-intelligent\" target=\"_blank\" rel=\"noopener noreferrer\">Que puis-je faire avec le compteur intelligent\u00a0?<\/a><\/li>\n<li><a href=\"https:\/\/www.sibelga.be\/fr\/raccordements-compteurs\/compteurs-intelligents\/les-details-du-compteur-intelligent\" target=\"_blank\" rel=\"noopener noreferrer\">Le compteur intelligent en d\u00e9tails<\/a><\/li>\n<\/ul>\n<p class=\"cadre\"><strong>D\u00e9ploiement des compteurs digitaux<br \/>\n<\/strong>Progressivement, Sibelga proc\u00e8de au d\u00e9ploiement des compteurs \u201cintelligents\u201d. Cette d\u00e9marche est encadr\u00e9e.<br \/>\nL\u2019installation de ce type de compteur est obligatoire pour<a href=\"#_ftn2\" name=\"_ftnref1\">[2]<\/a>:<br \/>\n&#8211; le raccordement d\u2019un b\u00e2timent neuf ou faisant l&rsquo;objet d&rsquo;une r\u00e9novation importante<br \/>\n&#8211; le remplacement d\u2019un compteur en cas de v\u00e9tust\u00e9 ou de d\u00e9faillance technique<br \/>\n&#8211; la production d\u2019\u00e9nergie (par exemple via des panneaux solaires)<br \/>\n&#8211; l\u2019installation d\u2019une borne de recharge d\u2019un v\u00e9hicule \u00e9lectrique<br \/>\n&#8211; l\u2019installation d\u2019une batterie<br \/>\n&#8211; le partage d\u2019\u00e9nergie<br \/>\n&#8211; une consommation annuelle sup\u00e9rieure \u00e0 6.000 kWh<br \/>\n&#8211; une pompe \u00e0 chaleur.<br \/>\nEn dehors des cas de figures pr\u00e9vus par l\u2019Ordonnance, il est donc possible de s\u2019opposer au remplacement de son compteur par un compteur digital. Il faut n\u00e9anmoins signifier son refus \u00e0 Sibelga. L\u2019absence de r\u00e9ponse sera consid\u00e9r\u00e9e comme un accord tacite.<\/p>\n<p class=\"cadre\"><strong>Fonction communicante<a href=\"#_ftn3\" name=\"_ftnref2\">[3]<\/a>\u00a0?<\/strong><br \/>\nPar d\u00e9faut, lors de l\u2019installation du compteur, la lecture \u00e0 distance (ou la fonction communicante) est d\u00e9sactiv\u00e9e, sauf en cas de production et\/ou de partage d\u2019\u00e9nergie. Pour l\u2019activer, Sibelga devra recevoir le consentement de l\u2019utilisateur.<br \/>\nPlus d\u2019infos\u00a0: <a href=\"https:\/\/www.sibelga.be\/fr\/faq\/compteur-intelligent\/comment-activer-la-lecture-automatique-des-donnees-du-compteur-intelligent\" target=\"_blank\" rel=\"noopener noreferrer\">https:\/\/www.sibelga.be\/fr\/faq\/compteur-intelligent\/comment-activer-la-lecture-automatique-des-donnees-du-compteur-intelligent<\/a><\/p>\n<p class=\"greybg\"><a href=\"#_ftnref1\" name=\"_ftn1\">[1]<\/a> Ils sont appel\u00e9s \u201cintelligents\u201d par Sibelga mais ne montrent pas de signe d\u2019intelligence particulier.<\/p>\n<p class=\"greybg\"><a href=\"#_ftnref1\" name=\"_ftn1\">[2]<\/a> <a href=\"https:\/\/www.ejustice.just.fgov.be\/eli\/ordonnance\/2001\/07\/19\/2001031386\/justel#Art.26septies\" target=\"_blank\" rel=\"noopener noreferrer\">Art.<\/a> <a href=\"https:\/\/www.ejustice.just.fgov.be\/eli\/ordonnance\/2001\/07\/19\/2001031386\/justel#Art.26novies\" target=\"_blank\" rel=\"noopener noreferrer\">26octies<\/a>. \u00a72 de l\u2019Ordonnance du 19 juillet 2001 relative \u00e0 l\u2019organisation du march\u00e9 de l\u2019\u00e9lectricit\u00e9 en R\u00e9gion de Bruxelles-Capitale<br \/>\nVoir \u00e9galement l\u2019avis de Brugel\u00a0: <a href=\"https:\/\/brugel.brussels\/publication\/document\/avis\/2024\/fr\/AVIS-382-COMPTEURS-INTELLIGENTS.pdf\" target=\"_blank\" rel=\"noopener noreferrer\">https:\/\/brugel.brussels\/publication\/document\/avis\/2024\/fr\/AVIS-382-COMPTEURS-INTELLIGENTS.pdf<\/a><\/p>\n<p class=\"greybg\"><a href=\"#_ftnref3\" name=\"_ftn2\">[3]<\/a> <a href=\"https:\/\/www.ejustice.just.fgov.be\/eli\/ordonnance\/2001\/07\/19\/2001031386\/justel#Art.26septies\" target=\"_blank\" rel=\"noopener noreferrer\">Art.<\/a> <a href=\"https:\/\/www.ejustice.just.fgov.be\/eli\/ordonnance\/2001\/07\/19\/2001031386\/justel#Art.26novies\" target=\"_blank\" rel=\"noopener noreferrer\">26octies<\/a>. \u00a74 de l\u2019Ordonnance du 19 juillet 2001 relative \u00e0 l\u2019organisation du march\u00e9 de l\u2019\u00e9lectricit\u00e9 en R\u00e9gion de Bruxelles-Capitale<\/p>\n<h2>Unit\u00e9s de mesure<\/h2>\n<p>La consommation d\u2019\u00e9nergie des m\u00e9nages est exprim\u00e9e en kWh (kilowatt-heure), il s\u2019agit de l\u2019unit\u00e9 de base pour le calcul de la fourniture d\u2019\u00e9nergie en \u00e9lectricit\u00e9 et en gaz. Un kilowatt-heure correspond \u00e0 l&rsquo;\u00e9nergie consomm\u00e9e par un appareil de 1.000 watts (1kW) de puissance pendant une heure.<\/p>\n<h3><strong>Pour l&rsquo;\u00e9lectricit\u00e9<\/strong><\/h3>\n<p>La consommation d\u2019\u00e9lectricit\u00e9 est toujours exprim\u00e9e en kWh, tant sur le compteur que sur la facture.<\/p>\n<h3><strong>Pour le mazout<\/strong><\/h3>\n<p>La consommation de mazout est mesur\u00e9e en litres (unit\u00e9 de volume).<\/p>\n<h3><strong>Pour le gaz<\/strong><\/h3>\n<p>La consommation n&rsquo;est pas toujours exprim\u00e9e avec les m\u00eames unit\u00e9s de mesure :<\/p>\n<ul>\n<li><a href=\"http:\/\/www.sibelga.be\/fr\/raccordements-et-compteurs\/releve-des-compteurs\/comment-lire-les-index-de-mon-compteur\" target=\"_blank\" rel=\"noopener noreferrer\" target=\"_blank\" rel=\"noopener noreferrer\">Sur le compteur<\/a>, la consommation de gaz est mesur\u00e9e en m<sup>3<\/sup> (unit\u00e9 de volume).<\/li>\n<li><a href=\"https:\/\/socialenergie.alysdev.be\/factures\/types\/\" target=\"_blank\" rel=\"noopener noreferrer\" target=\"_blank\" rel=\"noopener noreferrer\">Sur la facture<\/a>, elle est toujours exprim\u00e9e en m<sup>3<\/sup> et est \u00e9galement exprim\u00e9e sous sa forme convertie en kWh.<\/li>\n<\/ul>\n<h2>Conversion et \u00e9quivalence\u00a0:<\/h2>\n<ul>\n<li>Un m\u00b3 de gaz contient une certaine quantit\u00e9 d\u2019\u00e9nergie (exprim\u00e9e en kWh) appel\u00e9e le pouvoir calorifique du gaz. Cela correspond \u00e0 la chaleur maximale que l&rsquo;on peut obtenir en br\u00fblant le gaz. Cette quantit\u00e9 n&rsquo;est pas constante: elle varie en fonction de plusieurs param\u00e8tres, dont la temp\u00e9rature et le type de gaz inject\u00e9 dans le r\u00e9seau. <strong>Le coefficient de conversion (ou coefficient thermique) tourne cependant autour de 10 kWh par m\u00b3 de gaz (plus pr\u00e9cis\u00e9ment entre 9,5 et 12,7 kWh).<\/strong><\/li>\n<li>La combustion d&rsquo;un litre de mazout permet de produire une quantit\u00e9 d\u2019\u00e9nergie appel\u00e9 pouvoir calorifique. Ce pouvoir calorifique est d\u2019\u00e0 peu pr\u00e8s 10kWh par litre de mazout.<br \/>\nSur cette base, on peut consid\u00e9rer que\u00a0<strong>1 m<span class=\"exposant\">3<\/span> de gaz = 1 litre de mazout = 10 kWh d\u2019\u00e9lectricit\u00e9<\/strong><\/li>\n<\/ul>\n","protected":false},"excerpt":{"rendered":"<p>Il existe plusieurs types de compteurs. Ils sont g\u00e9n\u00e9ralement install\u00e9s \u00e0 la cave. De nombreux mod\u00e8les existent. Les photos ci-dessous sont des exemples qui peuvent vous aider \u00e0 identifier les compteurs que vous rencontrerez dans la r\u00e9alit\u00e9. En r\u00e9gion Bruxelles-Capitale, tout logement doit \u00eatre \u00e9quip\u00e9 d\u2019un compteur d\u2019\u00e9lectricit\u00e9 individuel. Le gaz et l\u2019eau peuvent \u00eatre [&hellip;]<\/p>\n","protected":false},"author":1,"featured_media":0,"parent":251,"menu_order":459,"comment_status":"closed","ping_status":"closed","template":"","meta":{"_acf_changed":false,"footnotes":""},"class_list":["post-253","page","type-page","status-publish","hentry"],"acf":[],"_links":{"self":[{"href":"https:\/\/socialenergie.alysdev.be\/fr\/wp-json\/wp\/v2\/pages\/253","targetHints":{"allow":["GET"]}}],"collection":[{"href":"https:\/\/socialenergie.alysdev.be\/fr\/wp-json\/wp\/v2\/pages"}],"about":[{"href":"https:\/\/socialenergie.alysdev.be\/fr\/wp-json\/wp\/v2\/types\/page"}],"author":[{"embeddable":true,"href":"https:\/\/socialenergie.alysdev.be\/fr\/wp-json\/wp\/v2\/users\/1"}],"replies":[{"embeddable":true,"href":"https:\/\/socialenergie.alysdev.be\/fr\/wp-json\/wp\/v2\/comments?post=253"}],"version-history":[{"count":19,"href":"https:\/\/socialenergie.alysdev.be\/fr\/wp-json\/wp\/v2\/pages\/253\/revisions"}],"predecessor-version":[{"id":13193,"href":"https:\/\/socialenergie.alysdev.be\/fr\/wp-json\/wp\/v2\/pages\/253\/revisions\/13193"}],"up":[{"embeddable":true,"href":"https:\/\/socialenergie.alysdev.be\/fr\/wp-json\/wp\/v2\/pages\/251"}],"wp:attachment":[{"href":"https:\/\/socialenergie.alysdev.be\/fr\/wp-json\/wp\/v2\/media?parent=253"}],"curies":[{"name":"wp","href":"https:\/\/api.w.org\/{rel}","templated":true}]}}