{"id":258,"date":"2016-05-31T16:16:11","date_gmt":"2016-05-31T14:16:11","guid":{"rendered":"http:\/\/zl31wzsmw.preview.infomaniak.website\/_new2016\/fr\/?page_id=258"},"modified":"2025-12-23T11:58:41","modified_gmt":"2025-12-23T10:58:41","slug":"annualisation","status":"publish","type":"page","link":"https:\/\/socialenergie.alysdev.be\/fr\/consommation\/connaitre-la-consommation\/annualisation\/","title":{"rendered":"Annualisation de la consommation"},"content":{"rendered":"<p>Il est important de conna\u00eetre la consommation annuelle puisque c\u2019est cette p\u00e9riode de r\u00e9f\u00e9rence qui permettra d\u2019effectuer des comparaisons par rapport aux ann\u00e9es pr\u00e9c\u00e9dentes et par rapport \u00e0 la consommation moyenne des m\u00e9nages \u00e0 Bruxelles.<\/p>\n<p>Dans certaines situations, la facture de r\u00e9gularisation peut porter sur une p\u00e9riode sup\u00e9rieure ou inf\u00e9rieure \u00e0 un an (pour en savoir plus sur ces situations, <a href=\"https:\/\/socialenergie.alysdev.be\/factures\/types\/regularisation\/\" target=\"_blank\" rel=\"noopener noreferrer\">cliquez ici<\/a>). Dans ce cas, il vous faudra proc\u00e9der \u00e0 une annualisation de la consommation, c\u2019est-\u00e0-dire effectuer un calcul qui permettra d\u2019extrapoler les donn\u00e9es disponibles afin de se faire une id\u00e9e de la consommation annuelle. Cela restera cependant une estimation et non une valeur exacte. Ce processus comporte certaines limites (d\u00e9crites plus bas), en particulier pour le chauffage.<\/p>\n<p>Gr\u00e2ce au module ci-dessous, annualisez facilement la consommation d&rsquo;un m\u00e9nage.<\/p>\n<p><iframe loading=\"lazy\" src=\"https:\/\/socialenergie.alysdev.be\/calculs\/consommation_energie_new_FR.php\" width=\"100%\" height=\"530\"><\/iframe><\/p>\n<p>L&rsquo;annualisation peut \u00e9galement se faire sur base du calcul expliqu\u00e9 ci-dessous. Le r\u00e9sultat obtenu est moins pr\u00e9cis qu&rsquo;avec le module de calcul car il ne tient pas compte des degr\u00e9s-jours.<\/p>\n<ul>\n<li>Diviser le nombre de kWh consomm\u00e9s par le nombre de jours dans la p\u00e9riode de consommation<\/li>\n<li>Multiplier le r\u00e9sultat par 365<\/li>\n<\/ul>\n<div class=\"cadre\">\n<p>Par exemple\u00a0: si la facture annuelle mentionne une consommation de 966 kWh sur une p\u00e9riode de 175 jours, la consommation annualis\u00e9e sera :<\/p>\n<ul>\n<li>966 kWh \/ 175j = 5,52<\/li>\n<li>5,52 * 365j = 2014,8 kWh.consomm\u00e9s en une ann\u00e9e<\/li>\n<\/ul>\n<\/div>\n<h2>Limites de l&rsquo;annualisation de la consommation<\/h2>\n<ul>\n<li><strong><strong>L\u2019annualisation n\u2019est qu\u2019une estimation <\/strong><\/strong>C\u2019est un outil utile, mais le r\u00e9sultat n\u2019est qu\u2019indicatif. M\u00eame si cela n\u00e9cessite un d\u00e9lai plus long, il sera toujours beaucoup plus pr\u00e9cis de proc\u00e9der \u00e0 un relev\u00e9 des index r\u00e9els sur une p\u00e9riode relativement longue et couvrant \u00e0 la fois des mois d\u2019\u00e9t\u00e9 et d\u2019hiver.<\/li>\n<\/ul>\n<ul>\n<li><strong><strong>P\u00e9riode de r\u00e9gularisation inf\u00e9rieure \u00e0 une ann\u00e9e<\/strong><\/strong>Plus longue sera la p\u00e9riode de r\u00e9f\u00e9rence \u00e0 partir de laquelle vous extrapolerez la consommation annuelle,\u00a0plus votre estimation sera juste. Il peut donc \u00eatre int\u00e9ressant de demander \u00e0 votre usager, s\u2019il le peut, de proc\u00e9der \u00e0 un relev\u00e9 de ses index de consommation au moment o\u00f9 vous prenez connaissance de sa situation. Par exemple, si votre usager dispose d\u2019une facture de r\u00e9gularisation qui porte sur deux mois, mais qu\u2019il occupe son nouveau logement depuis quatre mois au moment o\u00f9 il vous contacte, disposer de sa consommation r\u00e9elle au cours des quatre mois fournira une base plus solide pour proc\u00e9der au calcul d\u2019annualisation.<\/li>\n<li><strong>P\u00e9riode de chauffe et biais possible<\/strong>Pour rester proche de la r\u00e9alit\u00e9, le calcul ne devrait s&rsquo;effectuer que lorsque la p\u00e9riode de r\u00e9f\u00e9rence pour laquelle on conna\u00eet les consommations r\u00e9elles couvre un nombre \u00e9gal de mois d\u2019hiver et d\u2019\u00e9t\u00e9. En effet, on consomme davantage durant la p\u00e9riode hivernale, dite \u00ab\u00a0de chauffe\u00a0\u00bb, qui s\u2019\u00e9tend d\u2019octobre \u00e0 mars, que durant la p\u00e9riode estivale, d\u2019avril \u00e0 septembre.De sorte que si la facture de r\u00e9gularisation dont vous disposez ne porte que sur des mois d\u2019hiver (ou au contraire des mois d\u2019\u00e9t\u00e9), il devient d\u00e9licat d\u2019en tirer des conclusions en ce qui concerne les consommations de toute l\u2019ann\u00e9e.<\/li>\n<\/ul>\n<p><strong>\u00a0<\/strong><\/p>\n","protected":false},"excerpt":{"rendered":"<p>Il est important de conna\u00eetre la consommation annuelle puisque c\u2019est cette p\u00e9riode de r\u00e9f\u00e9rence qui permettra d\u2019effectuer des comparaisons par rapport aux ann\u00e9es pr\u00e9c\u00e9dentes et par rapport \u00e0 la consommation moyenne des m\u00e9nages \u00e0 Bruxelles. Dans certaines situations, la facture de r\u00e9gularisation peut porter sur une p\u00e9riode sup\u00e9rieure ou inf\u00e9rieure \u00e0 un an (pour en [&hellip;]<\/p>\n","protected":false},"author":1,"featured_media":0,"parent":251,"menu_order":55,"comment_status":"closed","ping_status":"closed","template":"","meta":{"_acf_changed":false,"footnotes":""},"class_list":["post-258","page","type-page","status-publish","hentry"],"acf":[],"_links":{"self":[{"href":"https:\/\/socialenergie.alysdev.be\/fr\/wp-json\/wp\/v2\/pages\/258","targetHints":{"allow":["GET"]}}],"collection":[{"href":"https:\/\/socialenergie.alysdev.be\/fr\/wp-json\/wp\/v2\/pages"}],"about":[{"href":"https:\/\/socialenergie.alysdev.be\/fr\/wp-json\/wp\/v2\/types\/page"}],"author":[{"embeddable":true,"href":"https:\/\/socialenergie.alysdev.be\/fr\/wp-json\/wp\/v2\/users\/1"}],"replies":[{"embeddable":true,"href":"https:\/\/socialenergie.alysdev.be\/fr\/wp-json\/wp\/v2\/comments?post=258"}],"version-history":[{"count":24,"href":"https:\/\/socialenergie.alysdev.be\/fr\/wp-json\/wp\/v2\/pages\/258\/revisions"}],"predecessor-version":[{"id":12939,"href":"https:\/\/socialenergie.alysdev.be\/fr\/wp-json\/wp\/v2\/pages\/258\/revisions\/12939"}],"up":[{"embeddable":true,"href":"https:\/\/socialenergie.alysdev.be\/fr\/wp-json\/wp\/v2\/pages\/251"}],"wp:attachment":[{"href":"https:\/\/socialenergie.alysdev.be\/fr\/wp-json\/wp\/v2\/media?parent=258"}],"curies":[{"name":"wp","href":"https:\/\/api.w.org\/{rel}","templated":true}]}}