{"id":310,"date":"2022-03-01T10:37:17","date_gmt":"2022-03-01T09:37:17","guid":{"rendered":"http:\/\/zl31wzsmw.preview.infomaniak.website\/_new2016\/fr\/?page_id=310"},"modified":"2025-12-23T11:54:36","modified_gmt":"2025-12-23T10:54:36","slug":"choisir-laide-appropriee","status":"publish","type":"page","link":"https:\/\/socialenergie.alysdev.be\/fr\/aides-aux-investissements\/choisir-laide-appropriee\/","title":{"rendered":"Choisir l&rsquo;aide appropri\u00e9e"},"content":{"rendered":"<p class=\"info\"><strong>Accompagnement<br \/>\n<\/strong>Une s\u00e9rie d\u2019associations offrent un accompagnement aux personnes d\u00e9sirant se lancer dans des travaux li\u00e9s \u00e0 l\u2019\u00e9nergie et au logement (\u00e9tat des lieux de l\u2019habitation, priorisation des travaux \u00e0 effectuer, recherche des primes et des aides disponibles sur le march\u00e9, etc.).<\/p>\n<h2>Des aides disponibles avant ou apr\u00e8s l\u2019investissement\u00a0?<\/h2>\n<p><img loading=\"lazy\" decoding=\"async\" class=\"alignright size-full wp-image-311\" src=\"http:\/\/socialenergie.alysdev.be\/wp-content\/uploads\/Pret_argent.jpg\" alt=\"Pret_argent\" width=\"182\" height=\"207\" srcset=\"https:\/\/socialenergie.alysdev.be\/wp-content\/uploads\/Pret_argent.jpg 182w, https:\/\/socialenergie.alysdev.be\/wp-content\/uploads\/Pret_argent-132x150.jpg 132w\" sizes=\"auto, (max-width: 182px) 100vw, 182px\" \/>La plupart des aides financi\u00e8res interviennent apr\u00e8s les d\u00e9penses, sur base des factures. Cela signifie que le m\u00e9nage doit avancer les sommes n\u00e9cessaires aux travaux. C\u2019est le cas des primes \u00ab RENOLUTION \u00bb (depuis le 01\/01\/22, les primes \u00e9nergie, r\u00e9novation et embellissement des fa\u00e7ades ont \u00e9t\u00e9 fusionn\u00e9es et sont devenues les primes \u00ab RENOLUTION \u00bb).<\/p>\n<p>Le pr\u00eat vert doit par contre \u00eatre sollicit\u00e9 avant le d\u00e9but des travaux. Il s\u2019agit cependant seulement d\u2019une aide au pr\u00e9financement et non d\u2019une intervention financi\u00e8re dans les travaux.<\/p>\n<p class=\"info\"><strong>Impact des travaux sur la consommation<\/strong><br \/>\nLes travaux d\u2019am\u00e9lioration du logement vont avoir un impact sur la consommation du m\u00e9nage et sur le montant de ses factures. Il est possible, apr\u00e8s la r\u00e9alisation d\u2019investissements, de faire adapter en cons\u00e9quence le montant des provisions mensuelles. Le gain sur la facture doit id\u00e9alement permettre, \u00e0 moyen terme, le remboursement du pr\u00eat et, \u00e0 long terme, doit b\u00e9n\u00e9ficier directement au m\u00e9nage.<\/p>\n<h2>Cumul des aides et conditions<\/h2>\n<p>La plupart des aides sont cumulables.<\/p>\n<p>Attention cependant\u00a0:<\/p>\n<ul>\n<li>dans la plupart des cas, les investissements doivent r\u00e9pondre \u00e0 des sp\u00e9cificit\u00e9s techniques (ex. : une certaine \u00e9paisseur d\u2019isolant) qui peuvent varier selon le type d\u2019aide. Pour cumuler les aides, l\u2019investissement doit r\u00e9pondre aux conditions de l\u2019ensemble des dispositifs. Ces conditions techniques ne figurent pas ici. Pour chaque dispositif, vous trouverez un lien vers des informations plus pr\u00e9cises.<\/li>\n<\/ul>\n<p class=\"attention\"><strong>Entrepreneurs enregistr\u00e9s<br \/>\n<\/strong>De mani\u00e8re g\u00e9n\u00e9rale, pour donner droit \u00e0 des aides financi\u00e8res, les travaux doivent \u00eatre r\u00e9alis\u00e9s par des entrepreneurs enregistr\u00e9s. Pour savoir si un entrepreneur est enregistr\u00e9, vous pouvez consulter le centre de contact du SPF Finances au 02\/572 57 57, tous les jours ouvrables, de 8h \u00e0 17h. Veillez \u00e0 avoir sous la main le num\u00e9ro d&rsquo;entreprise de l&rsquo;entrepreneur concern\u00e9.<\/p>\n<ul>\n<li>L\u2019octroi des aides est parfois conditionn\u00e9 \u00e0 d\u2019autres facteurs. Par exemple\u00a0:\n<ul>\n<li style=\"list-style-type: none;\">\n<ul>\n<li>le demandeur doit \u00eatre propri\u00e9taire<\/li>\n<li>le demandeur doit occuper le logement (avant et\/ou apr\u00e8s les travaux)<\/li>\n<li>le logement doit avoir un certain \u00e2ge<\/li>\n<li>le logement doit se trouver dans une zone pr\u00e9cise<\/li>\n<li>etc.<\/li>\n<\/ul>\n<\/li>\n<\/ul>\n<\/li>\n<\/ul>\n<h2>Comment savoir quels investissements privil\u00e9gier\u00a0?<\/h2>\n<h3>L\u2019audit \u00e9nerg\u00e9tique<\/h3>\n<p>Si un usager envisage de r\u00e9aliser de gros investissements, il est pr\u00e9f\u00e9rable qu\u2019il fasse faire au pr\u00e9alable un <a class=\"lexique\">audit \u00e9nerg\u00e9tique<\/a> de son logement. L\u2019orientation des actions prioritaires \u00e0 entreprendre se d\u00e9termine sur base du constat dress\u00e9 \u00e0 cette occasion.<\/p>\n<p class=\"info\"><strong>Auditeurs agr\u00e9\u00e9s<br \/>\n<\/strong>Si la personne choisit un auditeur agr\u00e9\u00e9, elle peut b\u00e9n\u00e9ficier d\u2019une <a href=\"https:\/\/socialenergie.alysdev.be\/aides-aux-investissements\/primes\/primes-renolution\/\" target=\"_blank\" rel=\"noopener noreferrer\" target=\"_blank\" rel=\"noopener\">Prime RENOLUTION<\/a>. Vous trouverez plus d\u2019informations et la liste des auditeurs agr\u00e9\u00e9s <a href=\"http:\/\/socialenergie.alysdev.be\/wp-content\/uploads\/AI-Liste-des-auditeurs-agr\u00e9\u00e9s.pdf\" target=\"_blank\" rel=\"noopener noreferrer\">sur le site de Bruxelles Environnement <\/a><\/p>\n<h3><strong>Un ordre g\u00e9n\u00e9ral de priorit\u00e9s<\/strong><\/h3>\n<p>Ind\u00e9pendamment de la situation personnelle de l\u2019usager, il est possible de se r\u00e9f\u00e9rer \u00e0 un ordre g\u00e9n\u00e9ral de priorit\u00e9s dans la r\u00e9alisation d\u2019investissements\u00a0:<\/p>\n<ol start=\"1\">\n<li>si c\u2019est techniquement et l\u00e9galement faisable, remplacer l\u2019\u00e9lectricit\u00e9 par le gaz pour les gros postes de consommation (chauffage principal, eau chaude sanitaire et cuisson).<br \/>\nCes investissements ne r\u00e9duisent pas la consommation d\u2019\u00e9nergie mais bien son co\u00fbt. En effet, pour un m\u00eame r\u00e9sultat, <a href=\"https:\/\/socialenergie.alysdev.be\/factures\/prix-energie\/prix-de-reference\/\" target=\"_blank\" rel=\"noopener noreferrer\" target=\"_blank\" rel=\"noopener\">l\u2019\u00e9lectricit\u00e9 co\u00fbte 4 fois plus cher que le gaz<\/a>.<\/li>\n<\/ol>\n<p class=\"greybg\">Par exemple, la production d\u2019eau chaude pour 2 personnes, \u00e9valu\u00e9e \u00e0 1.600 kWh annuels, co\u00fbte (chiffres de juin 2022) :<\/p>\n<p>&#8211; en gaz : 1.600 kWh * 0,135 euros\/kWh (environ) = 216 euros<\/p>\n<p>&#8211; en \u00e9lectricit\u00e9 : 1.600 kWh * 0,40 euros\/kWh (environ) = 640 euros<\/p>\n<ol start=\"2\">\n<li>Le chauffage est le plus gros poste de consommation.<br \/>\nIl repr\u00e9sente 54% de la consommation \u00e9nerg\u00e9tique annuelle moyenne d\u2019un m\u00e9nage. En cons\u00e9quence, les investissements visant la diminution de la consommation d\u2019\u00e9nergie se centrent prioritairement sur ce poste.<\/li>\n<\/ol>\n<ul>\n<li style=\"list-style-type: none;\">\n<ul>\n<li style=\"list-style-type: none;\">\n<ul>\n<li>Premi\u00e8rement, la r\u00e9gulation\u00a0:<br \/>\nLe placement de vannes thermostatiques et d\u2019un thermostat, qui permettent une meilleure r\u00e9gulation de la temp\u00e9rature selon l\u2019occupation (pr\u00e9sence\/absence) et selon l\u2019alternance jour-nuit. Ils peuvent donc aider \u00e0 diminuer la consommation \u00e0 relativement faible co\u00fbt, au regard des autres formes d\u2019investissements possibles.<\/li>\n<\/ul>\n<\/li>\n<\/ul>\n<\/li>\n<\/ul>\n<ul>\n<li style=\"list-style-type: none;\">\n<ul>\n<li style=\"list-style-type: none;\">\n<ul>\n<li>Deuxi\u00e8mement, l\u2019isolation\u00a0:<br \/>\nL\u2019isolation permet de r\u00e9duire les pertes de chaleur (isolation de la toiture et des murs, double vitrage, etc.) mais les investissements sont plus co\u00fbteux.<\/li>\n<\/ul>\n<\/li>\n<\/ul>\n<\/li>\n<\/ul>\n<ul>\n<li style=\"list-style-type: none;\">\n<ul>\n<li style=\"list-style-type: none;\">\n<ul>\n<li>Troisi\u00e8mement, la production de chaleur\u00a0:<br \/>\nL\u2019action peut enfin se centrer sur les investissements qui visent \u00e0 am\u00e9liorer la production de chaleur (par exemple, l\u2019installation d\u2019une chaudi\u00e8re \u00e0 condensation \u00e0 puissance modulante).<\/li>\n<\/ul>\n<\/li>\n<\/ul>\n<\/li>\n<\/ul>\n<p class=\"info\"><strong>Adaptation de la puissance de la chaudi\u00e8re<\/strong><br \/>\nLa puissance de la chaudi\u00e8re doit \u00eatre adapt\u00e9e \u00e0 la taille du logement et \u00e0 son niveau de performance \u00e9nerg\u00e9tique. Il ne sert \u00e0 rien de placer une installation trop puissante, plus ch\u00e8re \u00e0 l\u2019achat et \u00e0 l\u2019usage.<\/p>\n<ol start=\"3\">\n<li>Les appareils \u00e9lectriques et l\u2019\u00e9clairage repr\u00e9sentent 26% de la consommation \u00e9nerg\u00e9tique moyenne d\u2019un m\u00e9nage en r\u00e9gion bruxelloise.<br \/>\nOn conseille, en cas d\u2019achat ou de remplacement d\u2019installations et\/ou d\u2019appareils \u00e9lectriques, de privil\u00e9gier des appareils \u00e9conomes en \u00e9nergie.<\/li>\n<\/ol>\n<p class=\"info\"><strong>Performance des appareils et des \u00e9quipements<\/strong><br \/>\nOn produit aujourd\u2019hui des appareils toujours plus performants au niveau \u00e9nerg\u00e9tique (classe A+++). Ce type d\u2019investissement ne se justifie pas n\u00e9cessairement, car le surco\u00fbt est g\u00e9n\u00e9ralement important pour un b\u00e9n\u00e9fice \u00e9nerg\u00e9tique r\u00e9duit.<\/p>\n","protected":false},"excerpt":{"rendered":"<p>Accompagnement Une s\u00e9rie d\u2019associations offrent un accompagnement aux personnes d\u00e9sirant se lancer dans des travaux li\u00e9s \u00e0 l\u2019\u00e9nergie et au logement (\u00e9tat des lieux de l\u2019habitation, priorisation des travaux \u00e0 effectuer, recherche des primes et des aides disponibles sur le march\u00e9, etc.). Des aides disponibles avant ou apr\u00e8s l\u2019investissement\u00a0? La plupart des aides financi\u00e8res interviennent [&hellip;]<\/p>\n","protected":false},"author":1,"featured_media":0,"parent":150,"menu_order":99,"comment_status":"closed","ping_status":"closed","template":"","meta":{"_acf_changed":false,"footnotes":""},"class_list":["post-310","page","type-page","status-publish","hentry"],"acf":[],"_links":{"self":[{"href":"https:\/\/socialenergie.alysdev.be\/fr\/wp-json\/wp\/v2\/pages\/310","targetHints":{"allow":["GET"]}}],"collection":[{"href":"https:\/\/socialenergie.alysdev.be\/fr\/wp-json\/wp\/v2\/pages"}],"about":[{"href":"https:\/\/socialenergie.alysdev.be\/fr\/wp-json\/wp\/v2\/types\/page"}],"author":[{"embeddable":true,"href":"https:\/\/socialenergie.alysdev.be\/fr\/wp-json\/wp\/v2\/users\/1"}],"replies":[{"embeddable":true,"href":"https:\/\/socialenergie.alysdev.be\/fr\/wp-json\/wp\/v2\/comments?post=310"}],"version-history":[{"count":11,"href":"https:\/\/socialenergie.alysdev.be\/fr\/wp-json\/wp\/v2\/pages\/310\/revisions"}],"predecessor-version":[{"id":12890,"href":"https:\/\/socialenergie.alysdev.be\/fr\/wp-json\/wp\/v2\/pages\/310\/revisions\/12890"}],"up":[{"embeddable":true,"href":"https:\/\/socialenergie.alysdev.be\/fr\/wp-json\/wp\/v2\/pages\/150"}],"wp:attachment":[{"href":"https:\/\/socialenergie.alysdev.be\/fr\/wp-json\/wp\/v2\/media?parent=310"}],"curies":[{"name":"wp","href":"https:\/\/api.w.org\/{rel}","templated":true}]}}