{"id":315,"date":"2022-06-02T10:40:00","date_gmt":"2022-06-02T08:40:00","guid":{"rendered":"http:\/\/zl31wzsmw.preview.infomaniak.website\/_new2016\/fr\/?page_id=315"},"modified":"2026-01-14T11:43:32","modified_gmt":"2026-01-14T10:43:32","slug":"le-credit-ecoreno","status":"publish","type":"page","link":"https:\/\/socialenergie.alysdev.be\/fr\/aides-aux-investissements\/prets\/le-credit-ecoreno\/","title":{"rendered":"Le cr\u00e9dit ECORENO"},"content":{"rendered":"<p>Depuis le 1er aout 2022, le cr\u00e9dit ECORENO est le syst\u00e8me de pr\u00e9financement couvrant les montants des travaux de r\u00e9novation et d\u2019am\u00e9lioration \u00e9nerg\u00e9tique, en lien avec les primes RENOLUTION et en remplacement de l\u2019ancien pr\u00eat vert bruxellois.<\/p>\n<h2><strong>Qu\u2019est-ce que le cr\u00e9dit ECORENO\u00a0?<\/strong><\/h2>\n<p>Le <a href=\"https:\/\/fonds.brussels\/fr\/credit-ecoreno\" target=\"_blank\" rel=\"noopener noreferrer\" target=\"_blank\" rel=\"noopener\">cr\u00e9dit ECORENO<\/a> apporte une solution de financement aux besoins de r\u00e9novation et d\u2019am\u00e9lioration \u00e9nerg\u00e9tique des logements bruxellois. Il propose une solution globale de financement \u00e0 taux pr\u00e9f\u00e9rentiel, quelle que soit la nature des travaux. Le cr\u00e9dit ECORENO est, en fonction de la situation du demandeur et des travaux \u00e0 faire, soit un cr\u00e9dit hypoth\u00e9caire soit un cr\u00e9dit \u00e0 la consommation.<\/p>\n<h2><strong>Quelles sont les conditions d\u2019octroi\u00a0?<\/strong><\/h2>\n<p>Le demandeur doit r\u00e9sider de fa\u00e7on permanente en Belgique et le bien doit se trouver dans l\u2019une des 19 communes de la R\u00e9gion de Bruxelles-Capitale.<\/p>\n<p>Le cr\u00e9dit ECORENO est destin\u00e9 aux propri\u00e9taires ainsi qu&rsquo;aux locataires.<\/p>\n<p>Ce cr\u00e9dit ne sera pas refus\u00e9 d&rsquo;office aux personnes endett\u00e9es.<\/p>\n<p>Pour pouvoir b\u00e9n\u00e9ficier du cr\u00e9dit ECORENO, les revenus imposables du m\u00e9nage ne doivent pas d\u00e9passer un certain plafond, d\u00e9fini en fonction de sa situation (personne isol\u00e9e, m\u00e9nage monoparental, tout autre m\u00e9nage ; nombre de personnes \u00e0 charge). Ces <a href=\"https:\/\/fonds.brussels\/fr\/emprunter\/credit-ecoreno\" target=\"_blank\" rel=\"noopener noreferrer\">plafonds sont disponibles ici<\/a>.<\/p>\n<h2><strong>Quel est le taux d\u2019int\u00e9r\u00eat\u00a0?<\/strong><\/h2>\n<p>En fonction des revenus du m\u00e9nage, le taux d\u2019int\u00e9r\u00eat du cr\u00e9dit ECORENO sera de 2,5% ou 3,5%.<\/p>\n<h2><strong>Comment en faire la demande\u00a0et obtenir plus d\u2019informations ?<\/strong><\/h2>\n<p>Les modalit\u00e9s pratiques pour introduire la demande sont disponibles sur le <a href=\"https:\/\/fonds.brussels\/fr\/emprunter\/credit-ecoreno\" target=\"_blank\" rel=\"noopener noreferrer\">site du Fonds du Logement<\/a>.<\/p>\n","protected":false},"excerpt":{"rendered":"<p>Depuis le 1er aout 2022, le cr\u00e9dit ECORENO est le syst\u00e8me de pr\u00e9financement couvrant les montants des travaux de r\u00e9novation et d\u2019am\u00e9lioration \u00e9nerg\u00e9tique, en lien avec les primes RENOLUTION et en remplacement de l\u2019ancien pr\u00eat vert bruxellois. Qu\u2019est-ce que le cr\u00e9dit ECORENO\u00a0? Le cr\u00e9dit ECORENO apporte une solution de financement aux besoins de r\u00e9novation et [&hellip;]<\/p>\n","protected":false},"author":1,"featured_media":0,"parent":313,"menu_order":257,"comment_status":"closed","ping_status":"closed","template":"","meta":{"_acf_changed":false,"footnotes":""},"class_list":["post-315","page","type-page","status-publish","hentry"],"acf":[],"_links":{"self":[{"href":"https:\/\/socialenergie.alysdev.be\/fr\/wp-json\/wp\/v2\/pages\/315","targetHints":{"allow":["GET"]}}],"collection":[{"href":"https:\/\/socialenergie.alysdev.be\/fr\/wp-json\/wp\/v2\/pages"}],"about":[{"href":"https:\/\/socialenergie.alysdev.be\/fr\/wp-json\/wp\/v2\/types\/page"}],"author":[{"embeddable":true,"href":"https:\/\/socialenergie.alysdev.be\/fr\/wp-json\/wp\/v2\/users\/1"}],"replies":[{"embeddable":true,"href":"https:\/\/socialenergie.alysdev.be\/fr\/wp-json\/wp\/v2\/comments?post=315"}],"version-history":[{"count":27,"href":"https:\/\/socialenergie.alysdev.be\/fr\/wp-json\/wp\/v2\/pages\/315\/revisions"}],"predecessor-version":[{"id":13266,"href":"https:\/\/socialenergie.alysdev.be\/fr\/wp-json\/wp\/v2\/pages\/315\/revisions\/13266"}],"up":[{"embeddable":true,"href":"https:\/\/socialenergie.alysdev.be\/fr\/wp-json\/wp\/v2\/pages\/313"}],"wp:attachment":[{"href":"https:\/\/socialenergie.alysdev.be\/fr\/wp-json\/wp\/v2\/media?parent=315"}],"curies":[{"name":"wp","href":"https:\/\/api.w.org\/{rel}","templated":true}]}}