{"id":3206,"date":"2016-10-04T10:25:20","date_gmt":"2016-10-04T08:25:20","guid":{"rendered":"http:\/\/zl31wzsmw.preview.infomaniak.website?page_id=3206"},"modified":"2025-10-28T13:51:27","modified_gmt":"2025-10-28T12:51:27","slug":"tribunal-du-commerce","status":"publish","type":"page","link":"https:\/\/socialenergie.alysdev.be\/fr\/recours-plaintes\/justice\/autres\/tribunal-du-commerce\/","title":{"rendered":"Le Tribunal du Commerce"},"content":{"rendered":"<p>Les tribunaux du commerce sont comp\u00e9tents pour trancher une contestation d\u2019un consommateur \u00e0 l\u2019encontre d\u2019une entreprise de fourniture d\u2019\u00e9nergie ou de gaz\u00b9.<\/p>\n<p>Le pr\u00e9sident du tribunal est comp\u00e9tent pour constater des manquements au Code de droit \u00e9conomique (Livre XVII, Titre 1<sup>er <\/sup>) et ordonner leur cessation. Ainsi, un usager pourrait introduire une action en cessation &#8211; contre un fournisseur &#8211; d\u2019une pratique commerciale d\u00e9loyale comme le d\u00e9marchage abusif (non respect des r\u00e8gles de vente hors \u00e9tablissement, par exemple).<\/p>\n<p>En cas d\u2019urgence, le pr\u00e9sident du tribunal du commerce peut \u00e9galement \u00eatre saisi dans les mati\u00e8res pour lesquelles il est comp\u00e9tent, par le consommateur d\u2019une action en r\u00e9f\u00e9r\u00e9 contre son fournisseur\u00b2 .<\/p>\n<p class=\"cadre small-font greybg\">[1] Art. 573 al.2 du Code judiciaire<br \/>\n[2] Art. 584 du Code judiciaire<\/p>\n","protected":false},"excerpt":{"rendered":"<p>Les tribunaux du commerce sont comp\u00e9tents pour trancher une contestation d\u2019un consommateur \u00e0 l\u2019encontre d\u2019une entreprise de fourniture d\u2019\u00e9nergie ou de gaz\u00b9. Le pr\u00e9sident du tribunal est comp\u00e9tent pour constater des manquements au Code de droit \u00e9conomique (Livre XVII, Titre 1er ) et ordonner leur cessation. Ainsi, un usager pourrait introduire une action en cessation [&hellip;]<\/p>\n","protected":false},"author":3,"featured_media":0,"parent":2001,"menu_order":276,"comment_status":"closed","ping_status":"closed","template":"","meta":{"_acf_changed":false,"footnotes":""},"class_list":["post-3206","page","type-page","status-publish","hentry"],"acf":[],"_links":{"self":[{"href":"https:\/\/socialenergie.alysdev.be\/fr\/wp-json\/wp\/v2\/pages\/3206","targetHints":{"allow":["GET"]}}],"collection":[{"href":"https:\/\/socialenergie.alysdev.be\/fr\/wp-json\/wp\/v2\/pages"}],"about":[{"href":"https:\/\/socialenergie.alysdev.be\/fr\/wp-json\/wp\/v2\/types\/page"}],"author":[{"embeddable":true,"href":"https:\/\/socialenergie.alysdev.be\/fr\/wp-json\/wp\/v2\/users\/3"}],"replies":[{"embeddable":true,"href":"https:\/\/socialenergie.alysdev.be\/fr\/wp-json\/wp\/v2\/comments?post=3206"}],"version-history":[{"count":1,"href":"https:\/\/socialenergie.alysdev.be\/fr\/wp-json\/wp\/v2\/pages\/3206\/revisions"}],"predecessor-version":[{"id":3207,"href":"https:\/\/socialenergie.alysdev.be\/fr\/wp-json\/wp\/v2\/pages\/3206\/revisions\/3207"}],"up":[{"embeddable":true,"href":"https:\/\/socialenergie.alysdev.be\/fr\/wp-json\/wp\/v2\/pages\/2001"}],"wp:attachment":[{"href":"https:\/\/socialenergie.alysdev.be\/fr\/wp-json\/wp\/v2\/media?parent=3206"}],"curies":[{"name":"wp","href":"https:\/\/api.w.org\/{rel}","templated":true}]}}