{"id":326,"date":"2016-06-02T10:56:23","date_gmt":"2016-06-02T08:56:23","guid":{"rendered":"http:\/\/zl31wzsmw.preview.infomaniak.website\/_new2016\/fr\/?page_id=326"},"modified":"2026-02-09T15:23:04","modified_gmt":"2026-02-09T14:23:04","slug":"primes-renolution","status":"publish","type":"page","link":"https:\/\/socialenergie.alysdev.be\/fr\/aides-aux-investissements\/primes\/primes-renolution\/","title":{"rendered":"Primes RENOLUTION"},"content":{"rendered":"<p class=\"cadre\"><strong><em><span style=\"color: #ff0000;\">Les primes renolution 2025 et 2026 ne sont pas encore connues. Une d\u00e9cision du gouvernement bruxellois est n\u00e9cessaire pour leur mise en \u0153uvre.<\/span><\/em><\/strong><\/p>\n<p><span style=\"color: #00849f;\">Depuis le 1<sup>er<\/sup> mars 2022, les <a href=\"https:\/\/renolution.brussels\/\" target=\"_blank\" rel=\"noopener noreferrer\" target=\"_blank\" rel=\"noopener\">Primes RENOLUTION<\/a> deviennent le nouveau dispositif de primes r\u00e9gionales, fusionnant les Primes \u00c9nergie et les Primes \u00e0 la r\u00e9novation de l\u2019habitat et \u00e0 l&#8217;embellissement des fa\u00e7ades. Au total, 45 Primes RENOLUTION sont disponibles tant pour des travaux de r\u00e9novation que des travaux \u00e9conomiseurs d\u2019\u00e9nergie.<\/span><\/p>\n<p>Le montant du budget d\u00e9gag\u00e9 pour ces primes en 2022 a \u00e9t\u00e9 port\u00e9 \u00e0<strong>\u00a053,6 millions d\u2019euros (et environ 350 millions sur toute la l\u00e9gislature)<\/strong>, afin de permettre le\u00a0<strong>financement d\u2019au moins 50 % du co\u00fbt des travaux\u00a0<\/strong>de r\u00e9novation \u00e9nerg\u00e9tique des groupes \u00e0 faibles revenus.<\/p>\n<p>L\u2019objectif de cette prime est d\u2019atteindre un niveau moyen de performance \u00e9nerg\u00e9tique de 100\u00a0kWh\/m\u00b2\/an, soit le niveau C sur l\u2019\u00e9chelle de la PEB (Performance \u00e9nerg\u00e9tique du b\u00e2timent), d\u2019ici 2050, pour le parc r\u00e9sidentiel bruxellois.<\/p>\n<div class=\"title_code\">Quels sont les objectifs des primes RENOLUTION ?<\/div>\n\n        <div class=\"content_code\">\n<div data-canvas-width=\"94.26\">\n<p>Dans le cadre de sa D\u00e9claration de politique r\u00e9gionale (DPR) 2019-2024, la R\u00e9gion bruxelloise avait en effet pr\u00e9cis\u00e9 que, durant cette l\u00e9gislature, elle r\u00e9viserait les primes au b\u00e2ti (R\u00e9novation ou Energie) afin de promouvoir et d\u2019encourager deux objectifs publics essentiels :<\/p>\n<ul>\n<li>R\u00e9nover le b\u00e2ti bruxellois pour le rendre attractif et confortable pour les occupants tout en r\u00e9duisant son co\u00fbt d\u2019occupation (permettre notamment la r\u00e9novation aux propri\u00e9taires, tout en veillant \u00e0 garantir des loyers mod\u00e9r\u00e9s)\u00a0;<\/li>\n<li>Am\u00e9liorer la performance \u00e9nerg\u00e9tique des b\u00e2timents pour r\u00e9pondre aux objectifs climatiques de la r\u00e9gion et r\u00e9duire la facture \u00e9nerg\u00e9tique des m\u00e9nages.<\/li>\n<\/ul>\n<p>Ces deux objectifs sont intrins\u00e8quement li\u00e9s : ils agissent tous les deux sur le b\u00e2timent et se r\u00e9pondent mutuellement. R\u00e9aliser un objectif permet en grande partie de r\u00e9aliser l\u2019autre.<\/p>\n<\/div>\n<p><\/div><div class=\"title_code\">Quel b\u00e2timent vise les primes ? Qui peut en \u00eatre b\u00e9n\u00e9ficiaire ?<\/div>\n\n        <div class=\"content_code\"><\/p>\n<p>Il existe des primes RENOLUTION pour tout type de b\u00e2timent situ\u00e9 en R\u00e9gion de Bruxelles-Capitale : logements unifamiliaux, immeubles \u00e0 appartements, h\u00f4pitaux, maisons de repos, \u00e9coles, bureaux, commerces, industries\u2026<\/p>\n<p>Et pour des profils de demandeurs vari\u00e9s : propri\u00e9taires et copropri\u00e9taires occupants bruxellois, bailleurs, locataires pour certaines primes, syndics, gestionnaires de b\u00e2timents\u2026 Parmi les bailleurs, ceux qui louent leurs logements via une AIS, ainsi que les AIS elles-m\u00eames, peuvent b\u00e9n\u00e9ficier d\u2019un acc\u00e8s \u00e9largi aux primes et aides r\u00e9gionales.<\/p>\n<p>Attention : en r\u00e8gle g\u00e9n\u00e9rale, les locataires pourront b\u00e9n\u00e9ficier des primes RENOLUTION \u00e0 condition d&rsquo;avoir obtenu l&rsquo;accord pr\u00e9alable du propri\u00e9taire. Si le locataire demande une prime pour financer des travaux dont la responsabilit\u00e9 incombe au propri\u00e9taire, le locataire pourra r\u00e9clamer au propri\u00e9taire la diff\u00e9rence entre le co\u00fbt des travaux et le montant de la prime.<\/p>\n<p><\/div><div class=\"title_code\">Quels travaux sont couverts par les primes ?<\/div>\n\n        <div class=\"content_code\"><\/p>\n<p>Rappelons tout d\u2019abord que les candidats \u00e0 la r\u00e9novation d\u2019un logement, lorsqu\u2019ils sont des particuliers, peuvent pr\u00e9alablement b\u00e9n\u00e9ficier de\u00a0<strong>conseils gratuits et personnalis\u00e9s\u00a0<\/strong>pour leur projet de r\u00e9novation. La R\u00e9gion a mis en place un dispositif d\u2019accompagnement, \u00ab\u00a0<a href=\"https:\/\/homegrade.brussels\/\" target=\"_blank\" rel=\"noopener noreferrer\" target=\"_blank\" rel=\"noopener\">Homegrade<\/a>\u00a0\u00bb, pour les particuliers.<\/p>\n<p>\u00ab\u00a0RENOLUTION\u00a0\u00bb regroupe\u00a0<strong>une s\u00e9rie de 45 primes class\u00e9es de \u00ab\u00a0A \u00e0 M<\/strong> \u00bb en fonction du type de travaux, dont la liste int\u00e9grale peut \u00eatre consult\u00e9e <a href=\"https:\/\/environnement.brussels\/sites\/default\/files\/primes-premies\/list_primes2022fr.pdf\" target=\"_blank\" rel=\"noopener noreferrer\" target=\"_blank\" rel=\"noopener\">ici<\/a>.<\/p>\n<p>Parmi les principales primes reprises dans RENOLUTION, nous recensons les suivantes :<\/p>\n<ul>\n<li>Le montant de la prime pour un\u00a0<strong>audit \u00e9nerg\u00e9tique <\/strong>est identique pour toutes les cat\u00e9gories de revenus. Il s\u2019\u00e9l\u00e8ve \u00e0 400 euros par maison unifamiliale ou 3.000 euros par b\u00e2timent (immeuble \u00e0 appartements ou non r\u00e9sidentiel)<a href=\"#_ftn1\" name=\"_ftnref1\">[1]<\/a>.<\/li>\n<li>Le maintien ou le renouvellement d\u2019un\u00a0<strong>syst\u00e8me de r\u00e9cup\u00e9ration d\u2019eau de pluie <\/strong>connect\u00e9 aux sanitaires et \u00e9lectrom\u00e9nagers b\u00e9n\u00e9ficie d\u2019une prime de 500 euros\/unit\u00e9 de logement (cat\u00e9gorie I), 750 euros\/unit\u00e9 de logement (cat\u00e9gorie II), 1.100 euros\/unit\u00e9 de logement (cat\u00e9gorie III).<\/li>\n<li>Pour la\u00a0<strong>salubrit\u00e9<\/strong>, il existe une prime relative aux probl\u00e8mes d\u2019humidit\u00e9 et une prime relative aux champignons, insectes et moisissures. Le montant est identique pour ces deux aides, il est calcul\u00e9 en fonction du pourcentage du co\u00fbt \u00e9ligible sur la facture. Pour la cat\u00e9gorie de revenus I, il s\u2019agit de 30% du co\u00fbt, 50% pour la cat\u00e9gorie II et 80% pour la cat\u00e9gorie III.<\/li>\n<li>La prime pour\u00a0<strong>l\u2019isolation thermique de la toiture <\/strong>est, elle, calcul\u00e9e par m\u00e8tre carr\u00e9 de surface isol\u00e9e : 35 euros\/m\u00b2 pour la cat\u00e9gorie I, 45 euros\/m\u00b2 pour la cat\u00e9gorie II et 55 euros\/m\u00b2 pour la cat\u00e9gorie III.<\/li>\n<li><strong>L\u2019isolation thermique des fa\u00e7ades <\/strong>est \u00e9galement subsidi\u00e9e, mais le montant, calcul\u00e9 par m\u00b2 de surface isol\u00e9e, d\u00e9pend de la \u00ab\u00a0technique\u00a0\u00bb d\u2019isolation, \u00e0 savoir si elle a \u00e9t\u00e9 r\u00e9alis\u00e9e par l\u2019int\u00e9rieur, par l\u2019ext\u00e9rieur ou en coulisse. L\u2019isolation par l\u2019ext\u00e9rieur b\u00e9n\u00e9ficie d\u2019une prime plus \u00e9lev\u00e9e\u00a0: 50 euros\/m\u00b2 pour la cat\u00e9gorie I, 70 euros\/m\u00b2 pour la cat\u00e9gorie II et 90 euros\/m\u00b2 pour la cat\u00e9gorie III.<\/li>\n<li>La prime au placement et remplacement des\u00a0<strong>portes et fen\u00eatres <\/strong>est, elle aussi, calcul\u00e9e par m\u00e8tre carr\u00e9 de portes ou fen\u00eatres et d\u00e9pend du mat\u00e9riau choisi. Si les nouvelles menuiseries ou portes sont en bois, la prime s\u2019\u00e9l\u00e8ve \u00e0 100 euros\/m\u00b2 pour la cat\u00e9gorie I , 120 euros\/m\u00b2 pour la cat\u00e9gorie II et 140 euros\/m\u00b2 pour la cat\u00e9gorie III. Si les menuiseries sont en PVC ou aluminium, le montant de la prime s\u2019\u00e9l\u00e8ve alors \u00e0 40 euros\/m\u00b2 (cat\u00e9gorie I), 50 euros\/m\u00b2 (cat\u00e9gorie II) ou 55 euros\/m\u00b2 (cat\u00e9gorie III).<\/li>\n<li>Le montant de la prime pour\u00a0<strong>l\u2019isolation thermique des sols <\/strong><strong>et des planchers<\/strong>\u00a0est \u00e9galement calcul\u00e9 sur la base des m\u00e8tres carr\u00e9s de sols isol\u00e9s\u00a0: 35 euros\/m\u00b2 (cat\u00e9gorie I), 40 euros\/m\u00b2 (cat\u00e9gorie II) et 45 euros\/m\u00b2 (cat\u00e9gorie III).<\/li>\n<li>L\u2019installation d\u2019une\u00a0<strong>pompe \u00e0 chaleur pour le chauffage<\/strong>, pour le b\u00e2ti r\u00e9sidentiel, est soutenue par la R\u00e9gion bruxelloise, qui octroie une prime allant de 4.250 euros \u00e0 4.750 euros par logement.<\/li>\n<li>L\u2019installation de la\u00a0<strong>ventilation double-flux<\/strong>, qui permet de transf\u00e9rer la chaleur de l\u2019air sortant \u00e0 l\u2019air entrant, b\u00e9n\u00e9ficie aussi d\u2019un soutien financier : de 3.000 euros \u00e0 4.300 euros par logement r\u00e9sidentiel.<\/li>\n<\/ul>\n<p class=\"small-font\"><a href=\"#_ftnref1\" name=\"_ftn1\">[1]<\/a> Voy. la prime \u00ab\u00a0A\u00a0\u00bb\u00a0 qui est subdivis\u00e9e en 4 primes, reprenant les frais relatifs aux services et \u00e9tudes (audit \u00e9nerg\u00e9tique, \u00e9tude acoustique, etc.).<\/p>\n<p><\/div><div class=\"title_code\">Quel est le montant des primes ?<\/div>\n\n        <div class=\"content_code\"><\/p>\n<p>Le montant des primes d\u00e9pend du type de travaux et des revenus du m\u00e9nage<strong>. <\/strong>Plus les revenus sont bas, plus le montant de la prime sera \u00e9lev\u00e9.<\/p>\n<p>Le montant des primes est variable selon<strong>\u00a0trois cat\u00e9gories de revenus\u00a0<\/strong>: I, II ou III.<\/p>\n<p>La\u00a0<strong>cat\u00e9gorie I\u00a0<\/strong>est la cat\u00e9gorie par d\u00e9faut. Elle couvre, par exemple, le propri\u00e9taire qui effectue des travaux, mais ne souhaite pas fournir les documents relatifs \u00e0 ses revenus, ou dont les revenus d\u00e9passent ceux du plafond de la cat\u00e9gorie II, ou encore si les travaux sont effectu\u00e9s au sein d\u2019un bien non r\u00e9sidentiel.<\/p>\n<p>La<strong>\u00a0cat\u00e9gorie II<\/strong>\u00a0regroupe les moyens revenus (<strong>entre 37.600 et 75.100 euros par an<\/strong>).<\/p>\n<p>La\u00a0<strong>cat\u00e9gorie III<\/strong>\u00a0les bas revenus (<strong>inf\u00e9rieurs \u00e0 37.600 euros par an) et certains statuts particuliers\u00a0:<\/strong><\/p>\n<ul>\n<li>B\u00e9n\u00e9ficiaires du revenu d\u2019int\u00e9gration sociale (RIS) du CPAS<\/li>\n<li>B\u00e9n\u00e9ficiaires de l\u2019intervention major\u00e9e pour les soins de sant\u00e9 (BIM)<\/li>\n<li>Clients prot\u00e9g\u00e9s de la R\u00e9gion de Bruxelles-Capitale<\/li>\n<li>Bailleurs ou locataires ayant conclu un contrat de location avec une AIS<\/li>\n<li>Bailleurs avec un bail enregistr\u00e9 d\u2019une dur\u00e9e d\u2019au moins 3 ans pour certains travaux (travaux correspondant au moins \u00e0 une des 3 premi\u00e8res recommandations du certificat PEB \u00e9mis avant travaux)<a href=\"#_ftn1\" name=\"_ftnref1\">[1]<\/a><\/li>\n<\/ul>\n<p>Les plafonds de revenus sont toutefois <strong>major\u00e9s de 5.000 euros\u00a0<\/strong>pour les m\u00e9nages dont les membres ont moins de 35 ans, major\u00e9s \u00e9galement de 5.000 euros par personne \u00e0 charge, et major\u00e9s de 15.000 euros si le m\u00e9nage est constitu\u00e9 d\u2019au moins deux personnes majeures ou d\u2019une personne isol\u00e9e avec au moins une personne \u00e0 charge.\u00a0<strong>La somme de toutes ces majorations est plafonn\u00e9e \u00e0 15.000 euros.<\/strong><\/p>\n<p>Par exemple, un couple avec quatre personnes \u00e0 charge entre dans la cat\u00e9gorie I si ses revenus sont sup\u00e9rieurs \u00e0 90.100 euros, dans la cat\u00e9gorie II s\u2019ils se situent entre 52.600 et 90.100 euros et dans la cat\u00e9gorie faibles revenus si ceux-ci sont inf\u00e9rieurs \u00e0 52.600 euros.<\/p>\n<p>Les montants des primes ont \u00e9t\u00e9 actualis\u00e9s. En effet, les primes \u00e0 la r\u00e9novation de l\u2019habitat et les primes \u00e0 l\u2019embellissement des fa\u00e7ades en vigueur actuellement sont sous-\u00e9valu\u00e9es par rapport aux prix actuels du march\u00e9.<\/p>\n<p>Enfin, il existe un plafond de prime par b\u00e2timent et par logement. Une fois le plafond atteint, il n\u2019est pas possible de b\u00e9n\u00e9ficier de prime pendant 10 ans.<\/p>\n<p class=\"small-font\"><a href=\"#_ftnref1\" name=\"_ftn1\">[1]<\/a> Le calcul des revenus du me\u0301nage est la somme des revenus imposables globalement (disponible sur le dernier Avertissement-Extrait de Ro\u0302le) de chaque personne majeure de la composition de me\u0301nage.<\/p>\n<p><\/div><div class=\"title_code\">Quelles sont les conditions d\u2019octroi des primes ?<\/div>\n\n        <div class=\"content_code\"><\/p>\n<p>Les deux principales conditions d\u2019octroi de cette nouvelle g\u00e9n\u00e9ration de primes restent inchang\u00e9es : elles ne sont accessibles que pour des travaux r\u00e9alis\u00e9s par des professionnels et ne s\u2019appliquent que pour des b\u00e2timents \u00e2g\u00e9s de plus de 10 ans.<\/p>\n<p>Pour obtenir une prime, il faut que le logement soit occup\u00e9.<\/p>\n<p><\/div><div class=\"title_code\">Concr\u00e8tement, comment proc\u00e9der pour obtenir les primes ?<\/div>\n\n        <div class=\"content_code\"><\/p>\n<p>La r\u00e9forme vise l\u2019optimalisation de l\u2019utilisation des primes et la r\u00e9alisation des objectifs d\u2019am\u00e9lioration de la PEB par les moyens suivants, ayant pour but d\u2019acc\u00e9l\u00e9rer la r\u00e9novation \u00e9nerg\u00e9tique du b\u00e2ti bruxellois :<\/p>\n<ul>\n<li>la cr\u00e9ation d\u2019une plateforme de demande informatis\u00e9e r\u00e9gionale commune \u00e0 l\u2019administration en charge de la r\u00e9novation urbaine (Urban) et l\u2019administration en charge de l\u2019\u00e9nergie\u00a0(Bruxelles Environnement) ;<\/li>\n<li>la mise en commun des conditions d\u2019octroi des primes entre Urban et Bruxelles Environnement\u00a0;<\/li>\n<\/ul>\n<p><a href=\"https:\/\/renolution.brussels\/\" target=\"_blank\" rel=\"noopener noreferrer\" target=\"_blank\" rel=\"noopener\">Renolution.brussels<\/a> est la plateforme de r\u00e9f\u00e9rence qui regroupe d\u00e9sormais toutes les informations utiles \u00e0 l\u2019obtention des primes et des diff\u00e9rents soutiens financiers r\u00e9gionaux en mati\u00e8re de r\u00e9novation<a href=\"#_ftn1\" name=\"_ftnref1\">[1]<\/a>.<\/p>\n<p>Une des grandes nouveaut\u00e9s de ce r\u00e9gime uniformis\u00e9 est que toutes les demandes de primes se font d\u00e9sormais apr\u00e8s travaux<a href=\"#_ftn2\" name=\"_ftnref2\">[2]<\/a>, dans un d\u00e9lai de 12 mois \u00e0 dater de la derni\u00e8re facture de solde de ces travaux. Le pr\u00e9financement (\u00e0 savoir, le r\u00e9gime d\u2019avance), possible avec l\u2019ancien r\u00e9gime des primes, est remplac\u00e9 en 2022 par un nouveau syst\u00e8me de cr\u00e9dit global via un pr\u00e9financement couvrant les montants des travaux de r\u00e9novation (\u00ab\u00a0<a href=\"https:\/\/socialenergie.alysdev.be\/aides-aux-investissements\/prets\/le-credit-ecoreno\/\" target=\"_blank\" rel=\"noopener noreferrer\" target=\"_blank\" rel=\"noopener\">cr\u00e9dit ECORENO<\/a>\u00a0\u00bb). Une collaboration sera \u00e9tablie entre Urban et le Fonds du Logement (FdL) afin d\u2019informer ce premier du montant estim\u00e9 de la prime RENOLUTION, et ce sur base du dossier introduit au FdL. Une plateforme documentaire commune sera consultable par les deux administrations.<\/p>\n<p>Lorsqu\u2019une personne souhaite effectuer une r\u00e9novation, elle peut soumettre une seule demande group\u00e9e pour toutes les primes auxquelles elle peut pr\u00e9tendre. Toute demande de primes se fait dor\u00e9navant au moyen d\u2019un <a href=\"https:\/\/irisbox.irisnet.be\/irisbox\/rep\/landing\" target=\"_blank\" rel=\"noopener noreferrer\" target=\"_blank\" rel=\"noopener\">guichet \u00e9lectronique de la R\u00e9gion bruxelloise<\/a><u>.<\/u><\/p>\n<p>Ce guichet unique est con\u00e7u pour uniformiser et simplifier les proc\u00e9dures administratives. Il permet notamment de g\u00e9n\u00e9rer automatiquement certains documents administratifs, de constituer un dossier, d\u2019effectuer des simulations de primes et d\u2019\u00e9changer ses documents avec les deux administrations comp\u00e9tentes, Urban et Bruxelles Environnement.<\/p>\n<p>Le d\u00e9lai de traitement de la demande de prime devrait \u00eatre de 90 jours (et le d\u00e9lai de compl\u00e9tude du dossier, de 90 jours \u00e9galement). Un recours contre un refus de prime devra \u00eatre port\u00e9 devant le Tribunal de Premi\u00e8re Instance.<\/p>\n<p class=\"small-font\"><a href=\"#_ftnref1\" name=\"_ftn1\">[1]<\/a> <a href=\"https:\/\/renolution.brussels\/\" target=\"_blank\" rel=\"noopener noreferrer\">https:\/\/renolution.brussels\/<\/a>. Le d\u00e9veloppement de cette plateforme est r\u00e9alis\u00e9 en conformit\u00e9 avec les objectifs de rationalisation, harmonisation et digitalisation centr\u00e9e sur l\u2019exp\u00e9rience usager des portails r\u00e9gionaux tel qu\u2019inscrit dans la strat\u00e9gie web r\u00e9gionale adopt\u00e9e par le Gouvernement le 1<sup>er<\/sup> avril 2021.<\/p>\n<p class=\"small-font\"><a href=\"#_ftnref2\" name=\"_ftn2\">[2]<\/a> Et ce afin que la constitution d\u2019un dossier pr\u00e9alable \u00e0 la r\u00e9alisation des travaux ne soit plus un frein pour le candidat r\u00e9novateur.<\/p>\n<p><\/div><\/p>\n<p><!-- Add code here that should appear in the content block of all new pages --><\/p>\n","protected":false},"excerpt":{"rendered":"<p>Les primes renolution 2025 et 2026 ne sont pas encore connues. Une d\u00e9cision du gouvernement bruxellois est n\u00e9cessaire pour leur mise en \u0153uvre. Depuis le 1er mars 2022, les Primes RENOLUTION deviennent le nouveau dispositif de primes r\u00e9gionales, fusionnant les Primes \u00c9nergie et les Primes \u00e0 la r\u00e9novation de l\u2019habitat et \u00e0 l&#8217;embellissement des fa\u00e7ades. [&hellip;]<\/p>\n","protected":false},"author":1,"featured_media":0,"parent":324,"menu_order":400,"comment_status":"closed","ping_status":"closed","template":"","meta":{"_acf_changed":false,"footnotes":""},"class_list":["post-326","page","type-page","status-publish","hentry"],"acf":[],"_links":{"self":[{"href":"https:\/\/socialenergie.alysdev.be\/fr\/wp-json\/wp\/v2\/pages\/326","targetHints":{"allow":["GET"]}}],"collection":[{"href":"https:\/\/socialenergie.alysdev.be\/fr\/wp-json\/wp\/v2\/pages"}],"about":[{"href":"https:\/\/socialenergie.alysdev.be\/fr\/wp-json\/wp\/v2\/types\/page"}],"author":[{"embeddable":true,"href":"https:\/\/socialenergie.alysdev.be\/fr\/wp-json\/wp\/v2\/users\/1"}],"replies":[{"embeddable":true,"href":"https:\/\/socialenergie.alysdev.be\/fr\/wp-json\/wp\/v2\/comments?post=326"}],"version-history":[{"count":21,"href":"https:\/\/socialenergie.alysdev.be\/fr\/wp-json\/wp\/v2\/pages\/326\/revisions"}],"predecessor-version":[{"id":13571,"href":"https:\/\/socialenergie.alysdev.be\/fr\/wp-json\/wp\/v2\/pages\/326\/revisions\/13571"}],"up":[{"embeddable":true,"href":"https:\/\/socialenergie.alysdev.be\/fr\/wp-json\/wp\/v2\/pages\/324"}],"wp:attachment":[{"href":"https:\/\/socialenergie.alysdev.be\/fr\/wp-json\/wp\/v2\/media?parent=326"}],"curies":[{"name":"wp","href":"https:\/\/api.w.org\/{rel}","templated":true}]}}