{"id":361,"date":"2016-06-02T11:19:19","date_gmt":"2016-06-02T09:19:19","guid":{"rendered":"http:\/\/zl31wzsmw.preview.infomaniak.website\/_new2016\/fr\/?page_id=361"},"modified":"2025-10-01T11:08:54","modified_gmt":"2025-10-01T09:08:54","slug":"types","status":"publish","type":"page","link":"https:\/\/socialenergie.alysdev.be\/fr\/eau\/factures\/types\/","title":{"rendered":"Types de facture"},"content":{"rendered":"<p>Depuis le 01\/09\/2020, les clients de Vivaqua re\u00e7oivent, en plus la facture annuelle, des factures d\u2019acompte trimestrielles.<\/p>\n<p style=\"text-align: justify;\"><span style=\"color: #00849f;\"><strong>Vivaqua envoie donc \u00e0 l&rsquo;usager au minimum 4 factures par an<sup>[1]<\/sup><\/strong><\/span> :<\/p>\n<ul style=\"text-align: justify;\">\n<li>Une facture de r\u00e9gularisation envoy\u00e9e apr\u00e8s le relev\u00e9 du compteur et<\/li>\n<li>Trois factures interm\u00e9diaires (aussi appel\u00e9es factures d&rsquo;acomptes ou provisions).<\/li>\n<\/ul>\n<p>Une facturation mensuelle peut \u00e9galement \u00eatre sollicit\u00e9e via la plate-forme \u00ab Doccle \u00bb. Vivaqua accepte aussi d\u2019envoyer des factures mensuelles au format papier aux clients qui en font la demande.<\/p>\n<p>Ces factures d\u2019acompte permettent d\u2019\u00e9taler le paiement sur une plus longue p\u00e9riode. En cas d\u2019impay\u00e9s, elles ne feront pas l\u2019objet d\u2019une proc\u00e9dure de recouvrement, contrairement \u00e0 la facture annuelle.<\/p>\n<p style=\"text-align: justify;\"><div class=\"title_code\"> Facture annuelle (ou 'de r\u00e9gularisation' ou 'int\u00e9grale')<\/div>\n\n        <div class=\"content_code\"><\/p>\n<p style=\"text-align: justify;\">La facture annuelle (ou \u00ab de r\u00e9gularisation \u00bb ou \u00ab int\u00e9grale \u00bb) est envoy\u00e9e au moins une fois par an (avec un d\u00e9lai de maximum quinze mois entre les deux relev\u00e9s). Le moment du <a href=\"https:\/\/socialenergie.alysdev.be\/eau\/consommation\/comprendre\/\" target=\"_blank\" rel=\"noopener noreferrer\" target=\"_blank\" rel=\"noopener\">relev\u00e9<\/a> d\u00e9pend du planning pr\u00e9\u00e9tabli par Vivaqua.<\/p>\n<p style=\"text-align: justify;\">La facture annuelle permet :<\/p>\n<ul style=\"text-align: justify;\">\n<li>de d\u00e9terminer la consommation annuelle sur base du relev\u00e9 d\u2019index du compteur d\u2019eau ou sur base d\u2019une estimation,<\/li>\n<li>d\u2019\u00e9tablir la diff\u00e9rence entre les montants d\u00e9j\u00e0 pay\u00e9s via les factures interm\u00e9diaires pr\u00e9c\u00e9dentes et le montant total r\u00e9ellement d\u00fb sur base de la consommation effective annuelle. Selon le d\u00e9compte, la personne devra payer le solde ou recevra un remboursement de la part de Vivaqua,<\/li>\n<li>de calculer le montant des factures interm\u00e9diaires pour l\u2019ann\u00e9e qui suit.<\/li>\n<\/ul>\n<p style=\"text-align: justify;\">Il est possible de recevoir une facture annuelle qui ne couvre pas une ann\u00e9e enti\u00e8re. Si, par exemple, une personne a emm\u00e9nag\u00e9 dans son logement en mars et que le relev\u00e9 d\u2019index pr\u00e9vu dans sa commune se r\u00e9alise en septembre, elle recevra une facture annuelle couvrant seulement 7 mois.<\/p>\n<p>En cas de forte consommation, une facturation sur base d\u2019un index relev\u00e9 ou estim\u00e9 peut \u00eatre plus fr\u00e9quente qu\u2019une fois par an. Vivaqua proc\u00e8dera \u00e0 une facturation trimestrielle si la consommation moyenne exc\u00e8de 3 m3\/jour et \u00e0 une facturation mensuelle si elle d\u00e9passe 20 m3\/jour.<\/p>\n<p class=\"info\" style=\"text-align: justify;\"><strong>Relever et comparer les index<br \/>\n<\/strong>Conseillez si possible \u00e0 vos usagers de relever l\u2019index de leur compteur d\u2019eau d\u00e8s r\u00e9ception de la facture annuelle et de le comparer ensuite avec l\u2019index figurant sur la facture. Si on constate une augmentation importante de l\u2019index entre le jour du relev\u00e9 de l\u2019index par Vivaqua (et indiqu\u00e9 sur la facture) et celui effectu\u00e9 le jour de la r\u00e9ception de la facture, il convient de s\u2019interroger : cette diff\u00e9rence peut-elle s\u2019expliquer par une consommation personnelle r\u00e9ellement plus importante (par exemple, une ou plusieurs personnes en plus dans le m\u00e9nage) ? Si ce n\u2019est pas le cas, il convient de contacter Vivaqua.<br \/>\nEn cas d&rsquo;erreur dans le relev\u00e9 d\u2019index, il faut veiller \u00e0 transmettre les index rectifi\u00e9s \u00e0 Vivaqua pour que la facture puisse \u00eatre corrig\u00e9e. Cette demande de rectification doit avoir lieu dans un d\u00e9lai de 12 mois et ne peut porter que sur 2 ans maximum.<\/p>\n<h3 style=\"text-align: justify;\">Liste des informations essentielles se retrouvant sur une facture annuelle<\/h3>\n<ul>\n<li>Le nom et l\u2019adresse du destinataire et, le cas \u00e9ch\u00e9ant, s\u2019il b\u00e9n\u00e9ficie de l\u2019intervention sociale<\/li>\n<li>L\u2019adresse de fourniture<\/li>\n<li>La date de la facture<\/li>\n<li>L\u2019identification du(des) compteurs(s)<\/li>\n<li>La p\u00e9riode de consommation<\/li>\n<li>L\u2019ancien et le nouvel index de relev\u00e9 (ou index estim\u00e9) avec la consommation totale en m\u00b3<\/li>\n<li>Le montant total (hors TVA), la TVA, le montant total (TVA incluse)<\/li>\n<li>La date ultime de paiement<\/li>\n<li>Les informations en cas de paiement en retard<\/li>\n<li>Les coordonn\u00e9es du service \u00e0 la client\u00e8le de VIVAQUA \u2013 un point de contact<\/li>\n<li>Le cas \u00e9ch\u00e9ant,\n<ul>\n<li>L\u2019historique des consommations avec un histogramme<\/li>\n<li>Les provisions des factures interm\u00e9diaires, avec les dates et les montants<\/li>\n<li>Une r\u00e9partition du co\u00fbt des missions de service public sur les activit\u00e9s.<\/li>\n<\/ul>\n<\/li>\n<\/ul>\n<p style=\"text-align: justify;\"><\/div><\/p>\n<p style=\"text-align: justify;\"><div class=\"title_code\">Facture interm\u00e9diaire ou d\u2019acompte<\/div>\n\n        <div class=\"content_code\"><\/p>\n<p style=\"text-align: justify;\">Les factures interm\u00e9diaires (aussi appel\u00e9es factures d\u2019acompte) permettent d&rsquo;\u00e9taler le paiement de la consommation annuelle. Le montant est calcul\u00e9 sur base des consommations r\u00e9elles enregistr\u00e9es l\u2019ann\u00e9e pr\u00e9c\u00e9dente. Chaque usager en re\u00e7oit minimum 3 sur l&rsquo;ann\u00e9e, en plus de sa facture annuelle.<\/p>\n<p style=\"text-align: justify;\"><strong>En pratique :<\/strong> L&rsquo;usager re\u00e7oit la facture annuelle. Le montant de ses 3 prochaines factures interm\u00e9diaires sera calcul\u00e9 sur base du volume de sa consommation :<\/p>\n<p style=\"text-align: justify;\"><a href=\"http:\/\/socialenergie.alysdev.be\/wp-content\/uploads\/Screenshot-2020-10-14-115152.png\" target=\"_blank\" rel=\"noopener noreferrer\"><img loading=\"lazy\" decoding=\"async\" class=\"aligncenter size-full wp-image-6247\" src=\"http:\/\/socialenergie.alysdev.be\/wp-content\/uploads\/Screenshot-2020-10-14-115152.png\" alt=\"\" width=\"457\" height=\"108\" srcset=\"https:\/\/socialenergie.alysdev.be\/wp-content\/uploads\/Screenshot-2020-10-14-115152.png 457w, https:\/\/socialenergie.alysdev.be\/wp-content\/uploads\/Screenshot-2020-10-14-115152-150x35.png 150w, https:\/\/socialenergie.alysdev.be\/wp-content\/uploads\/Screenshot-2020-10-14-115152-300x71.png 300w\" sizes=\"auto, (max-width: 457px) 100vw, 457px\" \/><\/a><\/p>\n<p style=\"text-align: justify;\">Pour chacune des 3 factures interm\u00e9diaires, l&rsquo;usager paiera donc 1\/4 du montant estim\u00e9 de sa prochaine facture. Ce montant est calcul\u00e9 sur base de sa consommation de l&rsquo;ann\u00e9e pr\u00e9c\u00e9dente, du nombre de personnes domicili\u00e9es \u00e0 son adresse et des derniers tarifs en vigueur.<\/p>\n<p style=\"text-align: justify;\">Lors de son prochain relev\u00e9 d&rsquo;index, une nouvelle facture de r\u00e9gularisation lui sera envoy\u00e9e et <strong>les acomptes d\u00e9j\u00e0 pay\u00e9s via les factures interm\u00e9diaires seront d\u00e9duits de son montant.<\/strong><\/p>\n<p class=\"info\" style=\"text-align: justify;\"><strong>Frais suppl\u00e9mentaires si non-paiement des factures :<br \/>\n<\/strong>Si un usager ne paye pas ses factures interm\u00e9diaires, il ne risque pas de frais suppl\u00e9mentaires de rappel ou mise en demeure.<\/p>\n<p style=\"text-align: justify;\"><\/div><div class=\"title_code\">Facture de cl\u00f4ture<\/div>\n\n        <div class=\"content_code\"><\/p>\n<p style=\"text-align: justify;\">Les factures de cl\u00f4ture mettent fin \u00e0 une p\u00e9riode de consommation en raison d\u2019un <a href=\"https:\/\/socialenergie.alysdev.be\/eau\/demenagement-emmenagement\/\" target=\"_blank\" rel=\"noopener noreferrer\">d\u00e9m\u00e9nagement<\/a>. Elles permettent de calculer et facturer la consommation entre la derni\u00e8re facture annuelle\/de r\u00e9gularisation ou interm\u00e9diaire et le moment de la cl\u00f4ture.<\/p>\n<p style=\"text-align: justify;\">La facture de cl\u00f4ture est envoy\u00e9e \u00e0 l\u2019adresse renseign\u00e9e dans le <a href=\"https:\/\/clients.vivaqua.be\/demenagement-formulaire-a-telecharger\/\" target=\"_blank\" rel=\"noopener noreferrer\" target=\"_blank\" rel=\"noopener\">document de relev\u00e9 contradictoire de cl\u00f4ture de compte.<\/a>)<\/p>\n<p style=\"text-align: justify;\">Plus d\u2019infos pratiques disponibles dans la partie consacr\u00e9e au <a href=\"https:\/\/socialenergie.alysdev.be\/eau\/demenagement-emmenagement\/\" target=\"_blank\" rel=\"noopener noreferrer\">d\u00e9m\u00e9nagement.<\/a><\/p>\n<p style=\"text-align: justify;\"><\/div><\/p>\n","protected":false},"excerpt":{"rendered":"<p>Depuis le 01\/09\/2020, les clients de Vivaqua re\u00e7oivent, en plus la facture annuelle, des factures d\u2019acompte trimestrielles. Vivaqua envoie donc \u00e0 l&rsquo;usager au minimum 4 factures par an[1] : Une facture de r\u00e9gularisation envoy\u00e9e apr\u00e8s le relev\u00e9 du compteur et Trois factures interm\u00e9diaires (aussi appel\u00e9es factures d&rsquo;acomptes ou provisions). Une facturation mensuelle peut \u00e9galement \u00eatre [&hellip;]<\/p>\n","protected":false},"author":1,"featured_media":0,"parent":359,"menu_order":452,"comment_status":"closed","ping_status":"closed","template":"","meta":{"_acf_changed":false,"footnotes":""},"class_list":["post-361","page","type-page","status-publish","hentry"],"acf":[],"_links":{"self":[{"href":"https:\/\/socialenergie.alysdev.be\/fr\/wp-json\/wp\/v2\/pages\/361","targetHints":{"allow":["GET"]}}],"collection":[{"href":"https:\/\/socialenergie.alysdev.be\/fr\/wp-json\/wp\/v2\/pages"}],"about":[{"href":"https:\/\/socialenergie.alysdev.be\/fr\/wp-json\/wp\/v2\/types\/page"}],"author":[{"embeddable":true,"href":"https:\/\/socialenergie.alysdev.be\/fr\/wp-json\/wp\/v2\/users\/1"}],"replies":[{"embeddable":true,"href":"https:\/\/socialenergie.alysdev.be\/fr\/wp-json\/wp\/v2\/comments?post=361"}],"version-history":[{"count":28,"href":"https:\/\/socialenergie.alysdev.be\/fr\/wp-json\/wp\/v2\/pages\/361\/revisions"}],"predecessor-version":[{"id":13480,"href":"https:\/\/socialenergie.alysdev.be\/fr\/wp-json\/wp\/v2\/pages\/361\/revisions\/13480"}],"up":[{"embeddable":true,"href":"https:\/\/socialenergie.alysdev.be\/fr\/wp-json\/wp\/v2\/pages\/359"}],"wp:attachment":[{"href":"https:\/\/socialenergie.alysdev.be\/fr\/wp-json\/wp\/v2\/media?parent=361"}],"curies":[{"name":"wp","href":"https:\/\/api.w.org\/{rel}","templated":true}]}}