{"id":377,"date":"2016-06-02T11:24:49","date_gmt":"2016-06-02T09:24:49","guid":{"rendered":"http:\/\/zl31wzsmw.preview.infomaniak.website\/_new2016\/fr\/?page_id=377"},"modified":"2026-01-22T11:25:49","modified_gmt":"2026-01-22T10:25:49","slug":"mesures-sociales","status":"publish","type":"page","link":"https:\/\/socialenergie.alysdev.be\/fr\/eau\/mesures-sociales\/","title":{"rendered":"Mesures et protections sociales concernant l&rsquo;eau"},"content":{"rendered":"<p class=\"cadre\"><span style=\"color: #00849f;\"><strong>Publication<\/strong><\/span><br \/>\n<a href=\"https:\/\/socialenergie.alysdev.be\/publications\/mesures-sociales-eau\/\" target=\"_blank\" rel=\"noopener noreferrer\" target=\"_blank\" rel=\"noopener\">Guide pratique mesures sociales EAU (mise \u00e0 jour 2023)<\/a><br \/>\nCe guide d\u00e9taille les mesures sociales telles que les aides du CPAS, l\u2019intervention sociale de l\u2019eau, l&rsquo;interdiction des coupures etc. Au-del\u00e0 des explications et des r\u00e9f\u00e9rences juridiques, il contient des d\u00e9cisions de jurisprudence, des conseils pratiques et une marche \u00e0 suivre pour activer efficacement ces droits.<\/p>\n<ul>\n<li><a href=\"https:\/\/socialenergie.alysdev.be\/eau\/mesures-sociales\/interdiction-coupure\/\" target=\"_blank\" rel=\"noopener noreferrer\" target=\"_blank\" rel=\"noopener\">Interdiction des coupures d&rsquo;eau<\/a><\/li>\n<li><a href=\"https:\/\/socialenergie.alysdev.be\/eau\/mesures-sociales\/intervention-sociale\/\" target=\"_blank\" rel=\"noopener noreferrer\" target=\"_blank\" rel=\"noopener\">Intervention sociale<\/a><\/li>\n<li><a href=\"https:\/\/socialenergie.alysdev.be\/eau\/mesures-sociales\/fonds-social-de-leau\/\" target=\"_blank\" rel=\"noopener noreferrer\" target=\"_blank\" rel=\"noopener\">Fonds social de l&rsquo;eau<\/a><\/li>\n<\/ul>\n","protected":false},"excerpt":{"rendered":"<p>Publication Guide pratique mesures sociales EAU (mise \u00e0 jour 2023) Ce guide d\u00e9taille les mesures sociales telles que les aides du CPAS, l\u2019intervention sociale de l\u2019eau, l&rsquo;interdiction des coupures etc. Au-del\u00e0 des explications et des r\u00e9f\u00e9rences juridiques, il contient des d\u00e9cisions de jurisprudence, des conseils pratiques et une marche \u00e0 suivre pour activer efficacement ces [&hellip;]<\/p>\n","protected":false},"author":1,"featured_media":0,"parent":152,"menu_order":304,"comment_status":"closed","ping_status":"closed","template":"","meta":{"_acf_changed":false,"footnotes":""},"class_list":["post-377","page","type-page","status-publish","hentry"],"acf":[],"_links":{"self":[{"href":"https:\/\/socialenergie.alysdev.be\/fr\/wp-json\/wp\/v2\/pages\/377","targetHints":{"allow":["GET"]}}],"collection":[{"href":"https:\/\/socialenergie.alysdev.be\/fr\/wp-json\/wp\/v2\/pages"}],"about":[{"href":"https:\/\/socialenergie.alysdev.be\/fr\/wp-json\/wp\/v2\/types\/page"}],"author":[{"embeddable":true,"href":"https:\/\/socialenergie.alysdev.be\/fr\/wp-json\/wp\/v2\/users\/1"}],"replies":[{"embeddable":true,"href":"https:\/\/socialenergie.alysdev.be\/fr\/wp-json\/wp\/v2\/comments?post=377"}],"version-history":[{"count":18,"href":"https:\/\/socialenergie.alysdev.be\/fr\/wp-json\/wp\/v2\/pages\/377\/revisions"}],"predecessor-version":[{"id":13406,"href":"https:\/\/socialenergie.alysdev.be\/fr\/wp-json\/wp\/v2\/pages\/377\/revisions\/13406"}],"up":[{"embeddable":true,"href":"https:\/\/socialenergie.alysdev.be\/fr\/wp-json\/wp\/v2\/pages\/152"}],"wp:attachment":[{"href":"https:\/\/socialenergie.alysdev.be\/fr\/wp-json\/wp\/v2\/media?parent=377"}],"curies":[{"name":"wp","href":"https:\/\/api.w.org\/{rel}","templated":true}]}}