{"id":383,"date":"2016-06-02T11:26:06","date_gmt":"2016-06-02T09:26:06","guid":{"rendered":"http:\/\/zl31wzsmw.preview.infomaniak.website\/_new2016\/fr\/?page_id=383"},"modified":"2025-10-01T11:00:58","modified_gmt":"2025-10-01T09:00:58","slug":"aides-a-linvestissement","status":"publish","type":"page","link":"https:\/\/socialenergie.alysdev.be\/fr\/eau\/aides-a-linvestissement\/","title":{"rendered":"Aides \u00e0 l&rsquo;investissement"},"content":{"rendered":"<p>Il existe diverses aides pour faciliter la r\u00e9paration ou l\u2019achat de syst\u00e8mes consommant peu ou moins d\u2019eau.<\/p>\n<h2>Prime pour la r\u00e9cup\u00e9ration d\u2019eau de pluie<\/h2>\n<p>Plusieurs communes octroient des primes pour la mise en place, le remplacement ou la r\u00e9paration d\u2019un syst\u00e8me de r\u00e9cup\u00e9ration d\u2019eau de pluie (cela peut \u00eatre un simple tonneau). Le montant attribue\u0301 par certaines communes peut atteindre 500 \u20ac, et est rembourse\u0301 au ma\u00eetre de l\u2019ouvrage sur la base de factures et preuves de paiement. Voir <a href=\"https:\/\/www.ecoconso.be\/fr\/content\/citerne-eau-de-pluie-une-prime-disponible\" target=\"_blank\" rel=\"noopener noreferrer\" target=\"_blank\" rel=\"noopener noreferrer\">ici<\/a>.<\/p>\n<p>Sous certaines conditions, il est \u00e9galement possible de b\u00e9n\u00e9ficier d\u2019une prime de la R\u00e9gion de Bruxelles-Capitale pour effectuer des travaux de r\u00e9novation ; parmi les travaux subsidiables figurent la r\u00e9paration, le remplacement et le placement d\u2019une citerne \u00e0 eau de pluie : <a href=\"https:\/\/renolution.brussels\/fr\/aidesfinancieres\/c3-gros-oeuvre-et-gestion-de-leau-recuperation-deau-de-pluie\" target=\"_blank\" rel=\"noopener noreferrer\" target=\"_blank\" rel=\"noopener noreferrer\">plus de d\u00e9tails.<\/a><\/p>\n<p><span style=\"color: #ff0000;\"><strong><em>Les primes Renolution 2025 ne sont pas encore connues. Une d\u00e9cision du gouvernement bruxellois est n\u00e9cessaire pour leur mise en \u0153uvre.<\/em><\/strong><\/span><\/p>\n","protected":false},"excerpt":{"rendered":"<p>Il existe diverses aides pour faciliter la r\u00e9paration ou l\u2019achat de syst\u00e8mes consommant peu ou moins d\u2019eau. Prime pour la r\u00e9cup\u00e9ration d\u2019eau de pluie Plusieurs communes octroient des primes pour la mise en place, le remplacement ou la r\u00e9paration d\u2019un syst\u00e8me de r\u00e9cup\u00e9ration d\u2019eau de pluie (cela peut \u00eatre un simple tonneau). Le montant attribue\u0301 [&hellip;]<\/p>\n","protected":false},"author":1,"featured_media":0,"parent":152,"menu_order":31,"comment_status":"closed","ping_status":"closed","template":"","meta":{"_acf_changed":false,"footnotes":""},"class_list":["post-383","page","type-page","status-publish","hentry"],"acf":[],"_links":{"self":[{"href":"https:\/\/socialenergie.alysdev.be\/fr\/wp-json\/wp\/v2\/pages\/383","targetHints":{"allow":["GET"]}}],"collection":[{"href":"https:\/\/socialenergie.alysdev.be\/fr\/wp-json\/wp\/v2\/pages"}],"about":[{"href":"https:\/\/socialenergie.alysdev.be\/fr\/wp-json\/wp\/v2\/types\/page"}],"author":[{"embeddable":true,"href":"https:\/\/socialenergie.alysdev.be\/fr\/wp-json\/wp\/v2\/users\/1"}],"replies":[{"embeddable":true,"href":"https:\/\/socialenergie.alysdev.be\/fr\/wp-json\/wp\/v2\/comments?post=383"}],"version-history":[{"count":10,"href":"https:\/\/socialenergie.alysdev.be\/fr\/wp-json\/wp\/v2\/pages\/383\/revisions"}],"predecessor-version":[{"id":11866,"href":"https:\/\/socialenergie.alysdev.be\/fr\/wp-json\/wp\/v2\/pages\/383\/revisions\/11866"}],"up":[{"embeddable":true,"href":"https:\/\/socialenergie.alysdev.be\/fr\/wp-json\/wp\/v2\/pages\/152"}],"wp:attachment":[{"href":"https:\/\/socialenergie.alysdev.be\/fr\/wp-json\/wp\/v2\/media?parent=383"}],"curies":[{"name":"wp","href":"https:\/\/api.w.org\/{rel}","templated":true}]}}