{"id":403,"date":"2025-01-15T12:17:11","date_gmt":"2025-01-15T11:17:11","guid":{"rendered":"http:\/\/zl31wzsmw.preview.infomaniak.website\/_new2016\/fr\/?page_id=403"},"modified":"2025-10-28T11:24:04","modified_gmt":"2025-10-28T10:24:04","slug":"cloture","status":"publish","type":"page","link":"https:\/\/socialenergie.alysdev.be\/fr\/factures\/types\/cloture\/","title":{"rendered":"Les factures de cl\u00f4ture"},"content":{"rendered":"<p>Les factures de cl\u00f4ture mettent fin \u00e0 une p\u00e9riode de consommation. Elles permettent de calculer et de facturer la consommation entre la derni\u00e8re facture de r\u00e9gularisation et le moment qui cl\u00f4t la p\u00e9riode de consommation.<\/p>\n<p>Une p\u00e9riode de consommation se termine dans les situations suivantes :<\/p>\n<ul>\n<li>un changement de contrat ou de fournisseur<\/li>\n<li>une r\u00e9siliation de contrat<\/li>\n<li>un d\u00e9m\u00e9nagement<\/li>\n<li>le passage au statut de client prot\u00e9g\u00e9<\/li>\n<\/ul>\n<p>Comme les factures de r\u00e9gularisation, les factures de cl\u00f4ture sont calcul\u00e9es sur base d\u2019index r\u00e9els, ou, \u00e0 d\u00e9faut, sur base d\u2019index estim\u00e9s par Sibelga.<\/p>\n<p class=\"attention\"><strong>Se pr\u00e9munir d\u2019erreurs<\/strong><br \/>\n<strong>1. Lors de la r\u00e9ception d\u2019une facture de cl\u00f4ture:<br \/>\n<\/strong>il est conseill\u00e9 de relever <a href=\"http:\/\/www.sibelga.be\/fr\/raccordements-et-compteurs\/releve-des-compteurs\/comment-lire-les-index-de-mon-compteur\" target=\"_blank\" rel=\"noopener noreferrer\" target=\"_blank\" rel=\"noopener\">les index sur le compteur<\/a> et de les comparer avec les index figurant sur la facture de cl\u00f4ture. En cas d\u2019erreur manifeste, il convient de r\u00e9agir au plus vite et de transmettre les index r\u00e9els au fournisseur pour obtenir une nouvelle facture.<br \/>\n<strong>2. Dans le cas d\u2019un d\u00e9m\u00e9nagement:<br \/>\n<\/strong>il est conseill\u00e9 de suivre une proc\u00e9dure bien particuli\u00e8re pour \u00e9viter toute mauvaise surprise. Plus d\u2019infos \u00e0 ce propos <a href=\"https:\/\/socialenergie.alysdev.be\/eau\/demenagement-emmenagement\/\" target=\"_blank\" rel=\"noopener noreferrer\">ici<\/a>.<\/p>\n<p class=\"greybg\"><strong>Exemples de factures de cl\u00f4ture (cliquez sur l&rsquo;image pour agrandir) :<\/strong><br \/>\n<strong>Sibelga:<a href=\"http:\/\/socialenergie.alysdev.be\/wp-content\/uploads\/A4_Facture_cloture_Sibelga.pdf\" target=\"_blank\" rel=\"noopener noreferrer\"><img loading=\"lazy\" decoding=\"async\" class=\"aligncenter size-medium wp-image-404\" src=\"http:\/\/socialenergie.alysdev.be\/wp-content\/uploads\/Facture_cloture_Sibelga-267x300.jpg\" alt=\"Facture_cloture_Sibelga\" width=\"267\" height=\"300\" srcset=\"https:\/\/socialenergie.alysdev.be\/wp-content\/uploads\/Facture_cloture_Sibelga-267x300.jpg 267w, https:\/\/socialenergie.alysdev.be\/wp-content\/uploads\/Facture_cloture_Sibelga-133x150.jpg 133w, https:\/\/socialenergie.alysdev.be\/wp-content\/uploads\/Facture_cloture_Sibelga.jpg 538w\" sizes=\"auto, (max-width: 267px) 100vw, 267px\" \/><\/a><\/strong><\/p>\n","protected":false},"excerpt":{"rendered":"<p>Les factures de cl\u00f4ture mettent fin \u00e0 une p\u00e9riode de consommation. Elles permettent de calculer et de facturer la consommation entre la derni\u00e8re facture de r\u00e9gularisation et le moment qui cl\u00f4t la p\u00e9riode de consommation. Une p\u00e9riode de consommation se termine dans les situations suivantes : un changement de contrat ou de fournisseur une r\u00e9siliation [&hellip;]<\/p>\n","protected":false},"author":1,"featured_media":0,"parent":20,"menu_order":286,"comment_status":"closed","ping_status":"closed","template":"","meta":{"_acf_changed":false,"footnotes":""},"class_list":["post-403","page","type-page","status-publish","hentry"],"acf":[],"_links":{"self":[{"href":"https:\/\/socialenergie.alysdev.be\/fr\/wp-json\/wp\/v2\/pages\/403","targetHints":{"allow":["GET"]}}],"collection":[{"href":"https:\/\/socialenergie.alysdev.be\/fr\/wp-json\/wp\/v2\/pages"}],"about":[{"href":"https:\/\/socialenergie.alysdev.be\/fr\/wp-json\/wp\/v2\/types\/page"}],"author":[{"embeddable":true,"href":"https:\/\/socialenergie.alysdev.be\/fr\/wp-json\/wp\/v2\/users\/1"}],"replies":[{"embeddable":true,"href":"https:\/\/socialenergie.alysdev.be\/fr\/wp-json\/wp\/v2\/comments?post=403"}],"version-history":[{"count":8,"href":"https:\/\/socialenergie.alysdev.be\/fr\/wp-json\/wp\/v2\/pages\/403\/revisions"}],"predecessor-version":[{"id":11418,"href":"https:\/\/socialenergie.alysdev.be\/fr\/wp-json\/wp\/v2\/pages\/403\/revisions\/11418"}],"up":[{"embeddable":true,"href":"https:\/\/socialenergie.alysdev.be\/fr\/wp-json\/wp\/v2\/pages\/20"}],"wp:attachment":[{"href":"https:\/\/socialenergie.alysdev.be\/fr\/wp-json\/wp\/v2\/media?parent=403"}],"curies":[{"name":"wp","href":"https:\/\/api.w.org\/{rel}","templated":true}]}}