{"id":407,"date":"2016-06-02T12:18:55","date_gmt":"2016-06-02T10:18:55","guid":{"rendered":"http:\/\/zl31wzsmw.preview.infomaniak.website\/_new2016\/fr\/?page_id=407"},"modified":"2025-12-23T11:52:57","modified_gmt":"2025-12-23T10:52:57","slug":"composantes-prix","status":"publish","type":"page","link":"https:\/\/socialenergie.alysdev.be\/fr\/factures\/prix-energie\/composantes-prix\/","title":{"rendered":"Composantes du prix"},"content":{"rendered":"<p>Les factures d\u2019\u00e9lectricit\u00e9 et de gaz sont constitu\u00e9es de plusieurs postes financiers qui d\u00e9terminent le prix final de l\u2019\u00e9nergie pay\u00e9 par le client. Le montant factur\u00e9 r\u00e9tribue les divers acteurs intervenant sur le march\u00e9 de l\u2019\u00e9nergie :<\/p>\n<ul>\n<li>fournisseurs d\u2019\u00e9nergie,<\/li>\n<li>gestionnaires des r\u00e9seaux (transport et distribution),<\/li>\n<li>producteurs,<\/li>\n<li>ainsi que pouvoirs publics.<\/li>\n<\/ul>\n<p>Le prix de l\u2019\u00e9lectricit\u00e9 et du gaz n&rsquo;est donc d\u00e9termin\u00e9 qu&rsquo;en partie par le fournisseur. C\u2019est ce dernier qui centralise via la facture les diff\u00e9rents pr\u00e9l\u00e8vements et les redistribue aux autres acteurs.<\/p>\n<p>Les diff\u00e9rents postes factur\u00e9s sont les suivants :<\/p>\n<ul>\n<li>le prix de l\u2019\u00e9nergie consomm\u00e9e (pour le fournisseur d\u2019\u00e9nergie et le producteur)<em><br \/>\n<\/em><\/li>\n<li>les frais de transport et de distribution du gaz et de l\u2019\u00e9lectricit\u00e9 (pour les gestionnaires de r\u00e9seaux)<\/li>\n<li>les contributions et taxes (pour les pouvoirs publics)<em><br \/>\n<\/em><\/li>\n<\/ul>\n<p>Chaque poste correspond \u00e0 un pourcentage du montant total de la facture.<\/p>\n<p><a href=\"http:\/\/socialenergie.alysdev.be\/wp-content\/uploads\/facture-elec-fr-202303.jpg\" target=\"_blank\" rel=\"noopener noreferrer\"><img loading=\"lazy\" decoding=\"async\" class=\"aligncenter wp-image-10406 \" src=\"http:\/\/socialenergie.alysdev.be\/wp-content\/uploads\/facture-elec-fr-202303-1024x629.jpg\" alt=\"\" width=\"659\" height=\"405\" srcset=\"https:\/\/socialenergie.alysdev.be\/wp-content\/uploads\/facture-elec-fr-202303-1024x629.jpg 1024w, https:\/\/socialenergie.alysdev.be\/wp-content\/uploads\/facture-elec-fr-202303-300x184.jpg 300w, https:\/\/socialenergie.alysdev.be\/wp-content\/uploads\/facture-elec-fr-202303-150x92.jpg 150w, https:\/\/socialenergie.alysdev.be\/wp-content\/uploads\/facture-elec-fr-202303.jpg 1200w\" sizes=\"auto, (max-width: 659px) 100vw, 659px\" \/><\/a><\/p>\n<p class=\"attention\"><strong>Valeurs approximatives :<\/strong><br \/>\nL\u2019ensemble des pourcentages ci-dessous sont approximatifs et fournis \u00e0 titre indicatif. En effet, les co\u00fbts mentionn\u00e9s sont soumis \u00e0 des variations r\u00e9guli\u00e8res (mesures gouvernementales, prix du march\u00e9, etc.) ou contractuelles (formule tarifaire choisie).<\/p>\n<p>Le montant factur\u00e9 est fonction de plusieurs param\u00e8tres : le type de contrat conclu (formule tarifaire), la quantit\u00e9 d\u2019\u00e9nergie consomm\u00e9e du <a href=\"http:\/\/www.sibelga.be\/fr\/raccordements-et-compteurs\/releve-des-compteurs\/comment-lire-les-index-de-mon-compteur\" target=\"_blank\" rel=\"noopener noreferrer\" target=\"_blank\" rel=\"noopener\">type de compteur<\/a>.<\/p>\n<div class=\"title_code\">Prix de l\u2019\u00e9nergie consomm\u00e9e<\/div>\n\n        <div class=\"content_code\">\n<p>Le prix de l\u2019\u00e9nergie consomm\u00e9e est fix\u00e9 librement par le fournisseur. C\u2019est au niveau de ce poste que les diff\u00e9rents fournisseurs peuvent se concurrencer sur le march\u00e9 lib\u00e9ralis\u00e9.<\/p>\n<p>Le tarif fix\u00e9 par le fournisseur, variant selon le type de contrat choisi, comprend :<\/p>\n<ul>\n<li>l\u2019abonnement (redevance annuelle fixe en euros\/an)<\/li>\n<li>et un prix par kilowatt\/heure (kWh) consomm\u00e9<\/li>\n<\/ul>\n<p>Le prix fix\u00e9 par le fournisseur pour l\u2019\u00e9nergie consomm\u00e9e repr\u00e9sente approximativement 64% de la facture d\u2019\u00e9lectricit\u00e9 et 77,2% de la facture de gaz. (Source: Sibelga)<\/p>\n<p><\/div><div class=\"title_code\">Co\u00fbts de gestion de r\u00e9seau : les frais de transport et de distribution<\/div>\n\n        <div class=\"content_code\"><\/p>\n<p>Ces postes repr\u00e9sentent approximativement 25% % de la facture d\u2019\u00e9lectricit\u00e9 et 15% de la facture de gaz. Ils couvrent les co\u00fbts relatifs \u00e0 l\u2019acheminement de l\u2019\u00e9nergie. Ils sont d\u00e9termin\u00e9s par les gestionnaires des r\u00e9seaux de transport et de distribution, sous le contr\u00f4le de la CREG et de Brugel.<\/p>\n<h3>L\u2019\u00e9lectricit\u00e9<em><br \/>\n<\/em><\/h3>\n<p>Pour l\u2019\u00e9lectricit\u00e9, les frais de transport et de distribution sont s\u00e9par\u00e9s en deux cat\u00e9gories.<\/p>\n<ul>\n<li>Les frais de transport repr\u00e9sentent 3% du montant de la facture : le gestionnaire du r\u00e9seau de transport, Elia, facture un prix par kWh pour le transport de l\u2019\u00e9lectricit\u00e9 depuis les lieux de production jusqu\u2019aux r\u00e9seaux de distribution locaux (Sibelga pour la r\u00e9gion bruxelloise).<\/li>\n<\/ul>\n<ul>\n<li>Les frais de distribution repr\u00e9sentent 22 % du montant de la facture : le gestionnaire du r\u00e9seau de distribution, Sibelga, facture un prix par kWh (kilowattheure) pour l\u2019utilisation et l\u2019entretien de l\u2019infrastructure du r\u00e9seau de transport local jusqu\u2019au compteur d\u2019\u00e9lectricit\u00e9 du consommateur. Ce prix inclut \u00e9galement le relev\u00e9 annuel du compteur.<\/li>\n<\/ul>\n<h3>Le gaz<\/h3>\n<p>Pour le gaz, les frais de transport repr\u00e9sentent 1,3% du montant de la facture. Ils servent \u00e0 couvrir les frais de Fluxys (le gestionnaire de transport).<\/p>\n<p>Les frais de distribution factur\u00e9s par Sibelga repr\u00e9sentent, quant \u00e0 eux, 13,7% de la facture.<\/p>\n<p>Ce prix inclut \u00e9galement le relev\u00e9 annuel du compteur.<\/p>\n<p><\/div><div class=\"title_code\">Contributions et taxes<\/div>\n\n        <div class=\"content_code\"><\/p>\n<h3>D\u00e9tails des contributions et taxes<\/h3>\n<p>Les contributions et taxes repr\u00e9sentent 7 % du montant de la facture de gaz et 9% de la facture d\u2019\u00e9lectricit\u00e9. Ces frais comprennent :<\/p>\n<ul>\n<li>la TVA qui s\u2019\u00e9l\u00e8ve \u00e0 6% pour le gaz et pour l\u2019\u00e9lectricit\u00e9. Elle s\u2019applique \u00e0 tous les postes de la facture, y compris les pr\u00e9l\u00e8vements f\u00e9d\u00e9raux et r\u00e9gionaux, except\u00e9 sur le poste surcharge <a href=\"https:\/\/socialenergie.alysdev.be\/mesures-sociales\/gaz-elec\/client-protege\/\" target=\"_blank\" rel=\"noopener noreferrer\">clients prot\u00e9g\u00e9s <\/a>en gaz.<\/li>\n<li>les accises f\u00e9d\u00e9rales sur l\u2019\u00e9nergie, dont :\n<ul>\n<li>la cotisation sur l\u2019\u00e9nergie ;<\/li>\n<li>l\u2019accise f\u00e9d\u00e9rale applicable \u00e0 partir du 01.01.2022 en remplacement des cotisations pour les obligations f\u00e9d\u00e9rales de service public et la cotisation f\u00e9d\u00e9rale.<\/li>\n<\/ul>\n<\/li>\n<li>d\u2019autres pr\u00e9l\u00e8vements r\u00e9gionaux qui permettent de financer les obligations de service public et les redevances pour l\u2019occupation du domaine public.<\/li>\n<\/ul>\n<p>Les contributions sont pr\u00e9lev\u00e9es par l\u2019Etat f\u00e9d\u00e9ral et par la R\u00e9gion bruxelloise pour financer des mesures de nature sociale, environnementale ou li\u00e9es \u00e0 la r\u00e9gulation du march\u00e9.<\/p>\n<p><\/div><\/p>\n<p><!-- Add code here that should appear in the content block of all new pages --><\/p>\n","protected":false},"excerpt":{"rendered":"<p>Les factures d\u2019\u00e9lectricit\u00e9 et de gaz sont constitu\u00e9es de plusieurs postes financiers qui d\u00e9terminent le prix final de l\u2019\u00e9nergie pay\u00e9 par le client. Le montant factur\u00e9 r\u00e9tribue les divers acteurs intervenant sur le march\u00e9 de l\u2019\u00e9nergie : fournisseurs d\u2019\u00e9nergie, gestionnaires des r\u00e9seaux (transport et distribution), producteurs, ainsi que pouvoirs publics. Le prix de l\u2019\u00e9lectricit\u00e9 et [&hellip;]<\/p>\n","protected":false},"author":1,"featured_media":0,"parent":64,"menu_order":118,"comment_status":"closed","ping_status":"closed","template":"","meta":{"_acf_changed":false,"footnotes":""},"class_list":["post-407","page","type-page","status-publish","hentry"],"acf":[],"_links":{"self":[{"href":"https:\/\/socialenergie.alysdev.be\/fr\/wp-json\/wp\/v2\/pages\/407","targetHints":{"allow":["GET"]}}],"collection":[{"href":"https:\/\/socialenergie.alysdev.be\/fr\/wp-json\/wp\/v2\/pages"}],"about":[{"href":"https:\/\/socialenergie.alysdev.be\/fr\/wp-json\/wp\/v2\/types\/page"}],"author":[{"embeddable":true,"href":"https:\/\/socialenergie.alysdev.be\/fr\/wp-json\/wp\/v2\/users\/1"}],"replies":[{"embeddable":true,"href":"https:\/\/socialenergie.alysdev.be\/fr\/wp-json\/wp\/v2\/comments?post=407"}],"version-history":[{"count":12,"href":"https:\/\/socialenergie.alysdev.be\/fr\/wp-json\/wp\/v2\/pages\/407\/revisions"}],"predecessor-version":[{"id":12842,"href":"https:\/\/socialenergie.alysdev.be\/fr\/wp-json\/wp\/v2\/pages\/407\/revisions\/12842"}],"up":[{"embeddable":true,"href":"https:\/\/socialenergie.alysdev.be\/fr\/wp-json\/wp\/v2\/pages\/64"}],"wp:attachment":[{"href":"https:\/\/socialenergie.alysdev.be\/fr\/wp-json\/wp\/v2\/media?parent=407"}],"curies":[{"name":"wp","href":"https:\/\/api.w.org\/{rel}","templated":true}]}}