{"id":411,"date":"2016-06-02T12:27:10","date_gmt":"2016-06-02T10:27:10","guid":{"rendered":"http:\/\/zl31wzsmw.preview.infomaniak.website\/_new2016\/fr\/?page_id=411"},"modified":"2025-12-23T11:52:58","modified_gmt":"2025-12-23T10:52:58","slug":"non-paiement","status":"publish","type":"page","link":"https:\/\/socialenergie.alysdev.be\/fr\/factures\/non-paiement\/","title":{"rendered":"Proc\u00e9dure en cas de non-paiement"},"content":{"rendered":"<p>En R\u00e9gion bruxelloise, un fournisseur de gaz ou d\u2019\u00e9lectricit\u00e9 ne peut mettre fin \u00e0 un contrat avec un client qu\u2019au terme d\u2019une succession d\u2019\u00e9tapes d\u00e9finies par la loi. La derni\u00e8re \u00e9tape,<a class=\"lexique\" title=\"R\u00e9soudre un contrat, c'est faire en sorte qu'il n'ait jamais exist\u00e9. Cela implique que des dommages et int\u00e9r\u00eats peuvent \u00eatre demand\u00e9s. Ainsi les prestations non effectu\u00e9es ne doivent pas \u00eatre effectu\u00e9es et les prestations d\u00e9j\u00e0 effectu\u00e9es doivent \u00eatre restitu\u00e9es lorsque c'est possible. &lt;br\/&gt;Attention, il ne faut pas confondre r\u00e9solution d\u2019un contrat avec la r\u00e9siliation d\u2019un contrat. Si la r\u00e9siliation met un terme au contrat (r\u00e9silier un bail \u00e0 loyer) pour le futur, la r\u00e9solution a pour effet qu'on consid\u00e8re le contrat comme inexistant et n'ayant jamais exist\u00e9!&lt;br\/&gt;R\u00e9silier un contrat, c\u2019est d\u00e9cider d\u2019y mettre fin. Il peut s'agir d'un abonnement \u00e0 un magazine, d'un contrat de bail, d'un contrat de mandat, d'un contrat de service ou autre. Le contrat cesse de d\u00e9ployer des effets et lib\u00e8re les parties de leur lien juridique, ainsi que de leurs obligations.\"> la r\u00e9solution effective du contrat<\/a>, ne peut \u00eatre prononc\u00e9e que par un juge de paix. Cette proc\u00e9dure vise \u00e0 prot\u00e9ger les m\u00e9nages contre les r\u00e9siliations arbitraires ou trop rapides de leur contrat.<\/p>\n<ol>\n<li>La proc\u00e9dure est <strong>interrompue<\/strong> :\n<ul>\n<li>si le m\u00e9nage respecte un plan de paiement n\u00e9goci\u00e9 avec le fournisseur<\/li>\n<li>si, en cours de proc\u00e9dure, le m\u00e9nage est reconnu <a href=\"https:\/\/socialenergie.alysdev.be\/mesures-sociales\/gaz-elec\/client-protege\/\" target=\"_blank\" rel=\"noopener noreferrer\">client prot\u00e9g\u00e9<\/a><\/li>\n<\/ul>\n<p>La proc\u00e9dure peut cependant reprendre cours si la personne cesse de respecter son plan de paiement ou si elle perd son droit au statut de client prot\u00e9g\u00e9.<\/li>\n<li>La proc\u00e9dure <strong>prend fin<\/strong> lorsque le m\u00e9nage a apur\u00e9 l\u2019ensemble de ses dettes.<\/li>\n<\/ol>\n","protected":false},"excerpt":{"rendered":"<p>En R\u00e9gion bruxelloise, un fournisseur de gaz ou d\u2019\u00e9lectricit\u00e9 ne peut mettre fin \u00e0 un contrat avec un client qu\u2019au terme d\u2019une succession d\u2019\u00e9tapes d\u00e9finies par la loi. La derni\u00e8re \u00e9tape, la r\u00e9solution effective du contrat, ne peut \u00eatre prononc\u00e9e que par un juge de paix. Cette proc\u00e9dure vise \u00e0 prot\u00e9ger les m\u00e9nages contre les [&hellip;]<\/p>\n","protected":false},"author":1,"featured_media":0,"parent":18,"menu_order":410,"comment_status":"closed","ping_status":"closed","template":"","meta":{"_acf_changed":false,"footnotes":""},"class_list":["post-411","page","type-page","status-publish","hentry"],"acf":[],"_links":{"self":[{"href":"https:\/\/socialenergie.alysdev.be\/fr\/wp-json\/wp\/v2\/pages\/411","targetHints":{"allow":["GET"]}}],"collection":[{"href":"https:\/\/socialenergie.alysdev.be\/fr\/wp-json\/wp\/v2\/pages"}],"about":[{"href":"https:\/\/socialenergie.alysdev.be\/fr\/wp-json\/wp\/v2\/types\/page"}],"author":[{"embeddable":true,"href":"https:\/\/socialenergie.alysdev.be\/fr\/wp-json\/wp\/v2\/users\/1"}],"replies":[{"embeddable":true,"href":"https:\/\/socialenergie.alysdev.be\/fr\/wp-json\/wp\/v2\/comments?post=411"}],"version-history":[{"count":7,"href":"https:\/\/socialenergie.alysdev.be\/fr\/wp-json\/wp\/v2\/pages\/411\/revisions"}],"predecessor-version":[{"id":12845,"href":"https:\/\/socialenergie.alysdev.be\/fr\/wp-json\/wp\/v2\/pages\/411\/revisions\/12845"}],"up":[{"embeddable":true,"href":"https:\/\/socialenergie.alysdev.be\/fr\/wp-json\/wp\/v2\/pages\/18"}],"wp:attachment":[{"href":"https:\/\/socialenergie.alysdev.be\/fr\/wp-json\/wp\/v2\/media?parent=411"}],"curies":[{"name":"wp","href":"https:\/\/api.w.org\/{rel}","templated":true}]}}