{"id":42,"date":"2016-05-24T09:34:06","date_gmt":"2016-05-24T07:34:06","guid":{"rendered":"http:\/\/zl31wzsmw.preview.infomaniak.website\/_new2016\/?page_id=42"},"modified":"2026-01-21T12:12:08","modified_gmt":"2026-01-21T11:12:08","slug":"contrats","status":"publish","type":"page","link":"https:\/\/socialenergie.alysdev.be\/fr\/contrats\/","title":{"rendered":"Contrats"},"content":{"rendered":"<p>La relation commerciale entre un fournisseur d\u2019\u00e9nergie et un consommateur se base sur le contrat de fourniture. A travers ce site, vous pourrez puiser une s\u00e9rie d\u2019informations relatives au choix d\u2019un contrat de fourniture, aux diff\u00e9rences entre les <a href=\"https:\/\/socialenergie.alysdev.be\/contrats\/types\/\" target=\"_blank\" rel=\"noopener noreferrer\">types de contrats<\/a> qui existent, \u00e0 leur <a href=\"https:\/\/socialenergie.alysdev.be\/contrats\/duree-et-fin\/duree\/\" target=\"_blank\" rel=\"noopener noreferrer\">dur\u00e9e<\/a> ainsi qu\u2019\u00e0 leurs modalit\u00e9s de changement et de <a href=\"https:\/\/socialenergie.alysdev.be\/contrats\/duree-et-fin\/resilier\/\" target=\"_blank\" rel=\"noopener noreferrer\">r\u00e9siliation<\/a>.<\/p>\n<p>Vous trouverez aussi des informations concernant :<\/p>\n<ul>\n<li>les <a href=\"https:\/\/socialenergie.alysdev.be\/contrats\/demenagement\/\" target=\"_blank\" rel=\"noopener noreferrer\">d\u00e9marches \u00e0 entreprendre lors d\u2019un d\u00e9m\u00e9nagement<\/a> ou d\u2019un emm\u00e9nagement.<\/li>\n<li>les situations de <a href=\"https:\/\/socialenergie.alysdev.be\/contrats\/consommation-hors-contrat\/\" target=\"_blank\" rel=\"noopener noreferrer\">consommation hors-contrat<\/a><\/li>\n<li>les <a href=\"https:\/\/socialenergie.alysdev.be\/contrats\/protection\/\" target=\"_blank\" rel=\"noopener noreferrer\">mesures de protection du consommateur<\/a> face au fournisseur, en ce qui concerne la conclusion d\u2019un contrat de fourniture d\u2019\u00e9nergie.<\/li>\n<\/ul>\n","protected":false},"excerpt":{"rendered":"<p>La relation commerciale entre un fournisseur d\u2019\u00e9nergie et un consommateur se base sur le contrat de fourniture. A travers ce site, vous pourrez puiser une s\u00e9rie d\u2019informations relatives au choix d\u2019un contrat de fourniture, aux diff\u00e9rences entre les types de contrats qui existent, \u00e0 leur dur\u00e9e ainsi qu\u2019\u00e0 leurs modalit\u00e9s de changement et de r\u00e9siliation. [&hellip;]<\/p>\n","protected":false},"author":1,"featured_media":0,"parent":0,"menu_order":165,"comment_status":"closed","ping_status":"closed","template":"temp_fullcontent.php","meta":{"_acf_changed":false,"footnotes":""},"class_list":["post-42","page","type-page","status-publish","hentry"],"acf":[],"_links":{"self":[{"href":"https:\/\/socialenergie.alysdev.be\/fr\/wp-json\/wp\/v2\/pages\/42","targetHints":{"allow":["GET"]}}],"collection":[{"href":"https:\/\/socialenergie.alysdev.be\/fr\/wp-json\/wp\/v2\/pages"}],"about":[{"href":"https:\/\/socialenergie.alysdev.be\/fr\/wp-json\/wp\/v2\/types\/page"}],"author":[{"embeddable":true,"href":"https:\/\/socialenergie.alysdev.be\/fr\/wp-json\/wp\/v2\/users\/1"}],"replies":[{"embeddable":true,"href":"https:\/\/socialenergie.alysdev.be\/fr\/wp-json\/wp\/v2\/comments?post=42"}],"version-history":[{"count":3,"href":"https:\/\/socialenergie.alysdev.be\/fr\/wp-json\/wp\/v2\/pages\/42\/revisions"}],"predecessor-version":[{"id":13337,"href":"https:\/\/socialenergie.alysdev.be\/fr\/wp-json\/wp\/v2\/pages\/42\/revisions\/13337"}],"wp:attachment":[{"href":"https:\/\/socialenergie.alysdev.be\/fr\/wp-json\/wp\/v2\/media?parent=42"}],"curies":[{"name":"wp","href":"https:\/\/api.w.org\/{rel}","templated":true}]}}